{"id":9667,"date":"2021-11-10T20:40:01","date_gmt":"2021-11-10T19:40:01","guid":{"rendered":"https:\/\/primed-miur.it\/high-training-course-for-social-assistant-operators\/"},"modified":"2021-11-10T20:40:24","modified_gmt":"2021-11-10T19:40:24","slug":"high-training-course-for-social-assistant-operators","status":"publish","type":"page","link":"https:\/\/primed-miur.it\/en\/high-training-course-for-social-assistant-operators\/","title":{"rendered":"HIGH TRAINING COURSE FOR SOCIAL ASSISTANT OPERATORS"},"content":{"rendered":"<section class=\"wpb-content-wrapper\"><p>[vc_row full_width=&#8221;stretch_row_content_no_spaces&#8221; css=&#8221;.vc_custom_1568279189416{margin-top: -50px !important;}&#8221;][vc_column][rev_slider_vc alias=&#8221;sanitario-en&#8221;][\/vc_column][\/vc_row][vc_row][vc_column width=&#8221;3\/4&#8243;][vc_row_inner][vc_column_inner width=&#8221;5\/6&#8243;][vc_empty_space height=&#8221;12px&#8221;][vc_custom_heading text=&#8221;Advanced training courses for&#8221; font_container=&#8221;tag:h2|text_align:left|color:%23f79d1c&#8221; use_theme_fonts=&#8221;yes&#8221;][vc_custom_heading text=&#8221;<strong>SOCIAL ASSISTANT OPERATORS<\/strong>&#8221; font_container=&#8221;tag:h1|text_align:left|color:%23233255&#8243; use_theme_fonts=&#8221;yes&#8221;][vc_column_text]<\/p>\n<div class=\"page\" title=\"Page 1\">\n<div class=\"layoutArea\">\n<div class=\"column\">\n<p>University of Turin<\/p>\n<\/div>\n<\/div>\n<\/div>\n<p>[\/vc_column_text][vc_empty_space height=&#8221;12px&#8221;][vc_column_text]<\/p>\n<div class=\"page\" title=\"Page 1\">\n<div class=\"section\">\n<div class=\"layoutArea\">\n<div class=\"column\">\n<p style=\"text-align: justify;\">The course (May-July 2019) aims at the acquisition of fundamental notions on the religious aspects and socio-cultural dynamics that contradidi- stinguish the population of Islamic faith in Italy and the most widespread needs.<\/p>\n<p style=\"text-align: left;\">The main objective is the analysis of the interactions between socio- demographic characteristics, religiously based needs and access to social welfare services. A basic introduction to Islam will allow for a consideration of the main features of the religion &#8211; religious belief and practice, the sacred text, the Sunna, the five pillars and their functions.<\/p>\n<\/div>\n<\/div>\n<\/div>\n<div class=\"layoutArea\">\n<div class=\"column\">\n<p style=\"text-align: justify;\">La discussione degli stereotipi pi\u00f9 diffusi consentir\u00e0 di decostruire i pregiudizi e chiarire gli aspetti meno noti, fornendo una corretta informazione sulla religione islamica e il suo rapporto con il genere, la violenza, il fondamentalismo, l\u2019integra- lismo e la radicalizzazione, le forme di organizzazione religiosa in Italia, il rap- porto tra luoghi di culto e assistenza spirituale e sociale (mediazione famigliare, educazione, povert\u00e0 e abitare).<\/p>\n<p style=\"text-align: justify;\">L\u2019analisi dell\u2019emersione dell\u2019islam in Italia, delle forme di insediamento e di orga- nizzazione socio-religiosa sar\u00e0 condotta alla luce dei processi migratori e demogra- fici, cos\u00ec da fornire gli strumenti essenziali per un inquadramento della religione nella societ\u00e0 italiana contemporanea. Dalla conoscenza dei principi fondamentali si passer\u00e0, cos\u00ec, all\u2019acquisizione di saperi e competenze sugli effetti della religione nei rapporti sociali e nella vita quotidiana del credente. Un focus sulla dicotomia halal\/haram e il tema della purezza permetter\u00e0 di considerare criticamente le di- mensioni pi\u00f9 pragmatiche della condotta di vita islamica e le ricadute concrete sui bisogni individuali e famigliari, dalle esigenze alimentari alla farmacologia halal, dalla cura della salute a quella della persona, tra infanzia, et\u00e0 adulta e anzianit\u00e0.<\/p>\n<\/div>\n<\/div>\n<\/div>\n<p>[\/vc_column_text][\/vc_column_inner][vc_column_inner width=&#8221;1\/6&#8243;][\/vc_column_inner][\/vc_row_inner][\/vc_column][vc_column width=&#8221;1\/4&#8243;][vc_widget_sidebar sidebar_id=&#8221;blog-sidebar&#8221;][\/vc_column][\/vc_row]<\/p>\n<\/section>","protected":false},"excerpt":{"rendered":"<p>[vc_row full_width=&#8221;stretch_row_content_no_spaces&#8221; css=&#8221;.vc_custom_1568279189416{margin-top: -50px !important;}&#8221;][vc_column][rev_slider_vc alias=&#8221;sanitario-en&#8221;][\/vc_column][\/vc_row][vc_row][vc_column width=&#8221;3\/4&#8243;][vc_row_inner][vc_column_inner width=&#8221;5\/6&#8243;][vc_empty_space height=&#8221;12px&#8221;][vc_custom_heading text=&#8221;Advanced training courses for&#8221; font_container=&#8221;tag:h2|text_align:left|color:%23f79d1c&#8221; use_theme_fonts=&#8221;yes&#8221;][vc_custom_heading text=&#8221;SOCIAL ASSISTANT OPERATORS&#8221; font_container=&#8221;tag:h1|text_align:left|color:%23233255&#8243; use_theme_fonts=&#8221;yes&#8221;][vc_column_text] University of Turin [\/vc_column_text][vc_empty_space height=&#8221;12px&#8221;][vc_column_text] The course (May-July 2019) aims at the acquisition of fundamental notions on the religious aspects and socio-cultural dynamics that contradidi- stinguish the population of Islamic faith in Italy and the [&hellip;]<\/p>\n","protected":false},"author":2,"featured_media":0,"parent":0,"menu_order":0,"comment_status":"closed","ping_status":"closed","template":"","meta":{"inline_featured_image":false,"footnotes":""},"yst_prominent_words":[234,456,1066,105,111,153,1284,798,1061,2564,230,1202,455,1799,1065],"class_list":["post-9667","page","type-page","status-publish","hentry"],"yoast_head":"<!-- This site is optimized with the Yoast SEO Premium plugin v14.1 - https:\/\/yoast.com\/wordpress\/plugins\/seo\/ -->\n<title>HIGH TRAINING COURSE FOR SOCIAL ASSISTANT OPERATORS<\/title>\n<meta name=\"robots\" content=\"index, follow\" \/>\n<meta name=\"googlebot\" content=\"index, follow, max-snippet:-1, max-image-preview:large, max-video-preview:-1\" \/>\n<meta name=\"bingbot\" content=\"index, follow, max-snippet:-1, max-image-preview:large, max-video-preview:-1\" \/>\n<link rel=\"canonical\" href=\"https:\/\/primed-miur.it\/en\/high-training-course-for-social-assistant-operators\/\" \/>\n<meta property=\"og:locale\" content=\"en_US\" \/>\n<meta property=\"og:type\" content=\"article\" \/>\n<meta property=\"og:title\" content=\"HIGH TRAINING COURSE FOR SOCIAL ASSISTANT OPERATORS\" \/>\n<meta property=\"og:description\" content=\"[vc_row full_width=&#8221;stretch_row_content_no_spaces&#8221; css=&#8221;.vc_custom_1568279189416{margin-top: -50px !important;}&#8221;][vc_column][rev_slider_vc alias=&#8221;sanitario-en&#8221;][\/vc_column][\/vc_row][vc_row][vc_column width=&#8221;3\/4&#8243;][vc_row_inner][vc_column_inner width=&#8221;5\/6&#8243;][vc_empty_space height=&#8221;12px&#8221;][vc_custom_heading text=&#8221;Advanced training courses for&#8221; font_container=&#8221;tag:h2|text_align:left|color:%23f79d1c&#8221; use_theme_fonts=&#8221;yes&#8221;][vc_custom_heading text=&#8221;SOCIAL ASSISTANT OPERATORS&#8221; font_container=&#8221;tag:h1|text_align:left|color:%23233255&#8243; use_theme_fonts=&#8221;yes&#8221;][vc_column_text] University of Turin [\/vc_column_text][vc_empty_space height=&#8221;12px&#8221;][vc_column_text] The course (May-July 2019) aims at the acquisition of fundamental notions on the religious aspects and socio-cultural dynamics that contradidi- stinguish the population of Islamic faith in Italy and the [&hellip;]\" \/>\n<meta property=\"og:url\" content=\"https:\/\/primed-miur.it\/en\/high-training-course-for-social-assistant-operators\/\" \/>\n<meta property=\"og:site_name\" content=\"PriMED\" \/>\n<meta property=\"article:publisher\" content=\"https:\/\/www.facebook.com\/fidr.primed\" \/>\n<meta property=\"article:modified_time\" content=\"2021-11-10T19:40:24+00:00\" \/>\n<meta property=\"og:image\" content=\"https:\/\/primed-miur.it\/wp-content\/uploads\/2017\/11\/logo_video_primed.png\" \/>\n\t<meta property=\"og:image:width\" content=\"300\" \/>\n\t<meta property=\"og:image:height\" content=\"188\" \/>\n<meta name=\"twitter:card\" content=\"summary_large_image\" \/>\n<script type=\"application\/ld+json\" class=\"yoast-schema-graph\">{\"@context\":\"https:\/\/schema.org\",\"@graph\":[{\"@type\":\"Organization\",\"@id\":\"https:\/\/primed-miur.it\/en\/#organization\",\"name\":\"PriMED\",\"url\":\"https:\/\/primed-miur.it\/en\/\",\"sameAs\":[\"https:\/\/www.facebook.com\/fidr.primed\",\"https:\/\/instagram.com\/primed2019?igshid=1piy2qg58ea5g\"],\"logo\":{\"@type\":\"ImageObject\",\"@id\":\"https:\/\/primed-miur.it\/en\/#logo\",\"inLanguage\":\"en-US\",\"url\":\"https:\/\/primed-miur.it\/wp-content\/uploads\/2017\/11\/testata-Header-PRIMED-1-2.png\",\"width\":876,\"height\":250,\"caption\":\"PriMED\"},\"image\":{\"@id\":\"https:\/\/primed-miur.it\/en\/#logo\"}},{\"@type\":\"WebSite\",\"@id\":\"https:\/\/primed-miur.it\/en\/#website\",\"url\":\"https:\/\/primed-miur.it\/en\/\",\"name\":\"PriMED\",\"description\":\"PriMED - Prevenzione e interazione nello spazio Trans-Mediterraneo\",\"publisher\":{\"@id\":\"https:\/\/primed-miur.it\/en\/#organization\"},\"potentialAction\":[{\"@type\":\"SearchAction\",\"target\":\"https:\/\/primed-miur.it\/en\/?s={search_term_string}\",\"query-input\":\"required name=search_term_string\"}],\"inLanguage\":\"en-US\"},{\"@type\":\"WebPage\",\"@id\":\"https:\/\/primed-miur.it\/en\/high-training-course-for-social-assistant-operators\/#webpage\",\"url\":\"https:\/\/primed-miur.it\/en\/high-training-course-for-social-assistant-operators\/\",\"name\":\"HIGH TRAINING COURSE FOR SOCIAL ASSISTANT OPERATORS\",\"isPartOf\":{\"@id\":\"https:\/\/primed-miur.it\/en\/#website\"},\"datePublished\":\"2021-11-10T19:40:01+00:00\",\"dateModified\":\"2021-11-10T19:40:24+00:00\",\"inLanguage\":\"en-US\",\"potentialAction\":[{\"@type\":\"ReadAction\",\"target\":[\"https:\/\/primed-miur.it\/en\/high-training-course-for-social-assistant-operators\/\"]}]}]}<\/script>\n<!-- \/ Yoast SEO Premium plugin. -->","_links":{"self":[{"href":"https:\/\/primed-miur.it\/en\/wp-json\/wp\/v2\/pages\/9667","targetHints":{"allow":["GET"]}}],"collection":[{"href":"https:\/\/primed-miur.it\/en\/wp-json\/wp\/v2\/pages"}],"about":[{"href":"https:\/\/primed-miur.it\/en\/wp-json\/wp\/v2\/types\/page"}],"author":[{"embeddable":true,"href":"https:\/\/primed-miur.it\/en\/wp-json\/wp\/v2\/users\/2"}],"replies":[{"embeddable":true,"href":"https:\/\/primed-miur.it\/en\/wp-json\/wp\/v2\/comments?post=9667"}],"version-history":[{"count":2,"href":"https:\/\/primed-miur.it\/en\/wp-json\/wp\/v2\/pages\/9667\/revisions"}],"predecessor-version":[{"id":9669,"href":"https:\/\/primed-miur.it\/en\/wp-json\/wp\/v2\/pages\/9667\/revisions\/9669"}],"wp:attachment":[{"href":"https:\/\/primed-miur.it\/en\/wp-json\/wp\/v2\/media?parent=9667"}],"wp:term":[{"taxonomy":"yst_prominent_words","embeddable":true,"href":"https:\/\/primed-miur.it\/en\/wp-json\/wp\/v2\/yst_prominent_words?post=9667"}],"curies":[{"name":"wp","href":"https:\/\/api.w.org\/{rel}","templated":true}]}}