{"id":7567,"date":"2021-03-17T00:00:47","date_gmt":"2021-03-16T23:00:47","guid":{"rendered":"https:\/\/primed-miur.it\/quest-ce-quest-primed\/"},"modified":"2021-03-17T00:55:39","modified_gmt":"2021-03-16T23:55:39","slug":"quest-ce-quest-primed","status":"publish","type":"page","link":"https:\/\/primed-miur.it\/fr\/quest-ce-quest-primed\/","title":{"rendered":"QU\u2019EST-CE QU\u2019EST PriMED ?"},"content":{"rendered":"<section class=\"wpb-content-wrapper\"><p>[vc_row full_width=\u00a0\u00bbstretch_row_content_no_spaces\u00a0\u00bb css=\u00a0\u00bb.vc_custom_1568224669370{margin-top: -50px !important;}\u00a0\u00bb][vc_column][rev_slider_vc alias=\u00a0\u00bbcose\u00a0\u00bb][\/vc_column][\/vc_row][vc_row][vc_column width=\u00a0\u00bb3\/4&Prime;][vc_row_inner][vc_column_inner width=\u00a0\u00bb5\/6&Prime;][vc_empty_space height=\u00a0\u00bb12px\u00a0\u00bb][vc_column_text]<\/p>\n<div class=\"intro-box1 text-center\">\n<h2 class=\"title30 font-bold rale-font text-uppercase\" style=\"text-align: left;\"><span style=\"color: #f79d1c;\">QU\u2019EST-CE QU\u2019EST PriMED?<\/span><\/h2>\n<\/div>\n<p>[\/vc_column_text][vc_column_text css=\u00a0\u00bb.vc_custom_1615936456718{margin-top: -30px !important;}\u00a0\u00bb]<\/p>\n<h3>Le PriMED est le premier projet pertinent pour la pr\u00e9vention de la radicalisation religieuse lanc\u00e9 par le gouvernement italien et, en fait, le premier investissement important de l\u2019\u00c9tat italien dans ce domaine.<\/h3>\n<h3><img loading=\"lazy\" decoding=\"async\" class=\"wp-image-3644 size-large alignright\" src=\"https:\/\/primed-miur.it\/wp-content\/uploads\/2019\/10\/mappaPRIMED-1024x807.jpg\" alt=\"\" width=\"640\" height=\"504\" \/><\/h3>\n<h3>\nLanc\u00e9 par le minist\u00e8re de l\u2019\u00e9ducation, de l\u2019universit\u00e9 et de la recherche scientifique \u00e0 travers l\u2019appel MIUR: \u00ab\u00a0Cr\u00e9ation de r\u00e9seaux universitaires italiens pour la mise en \u0153uvre des accords de coop\u00e9ration entre les universit\u00e9s italiennes et celles des \u00c9tats participant \u00e0 l\u2019Organisation de la coop\u00e9ration islamique\u00a0\u00bb (d\u00e9cret directeur n \u00b0 3089 du 16\/11\/2018 &#8211; ID 82382), d\u2019une dur\u00e9e de trois ans, a \u00e9t\u00e9 remport\u00e9 avec la note 96\/100 par un grand groupe d\u2019universit\u00e9s italiennes (douze) et appartenant aux pays de l\u2019OCI &#8211; Organisation de la Conf\u00e9rence (dix ), coordonn\u00e9 par l&rsquo;Universit\u00e9 du Pi\u00e9mont oriental.<br \/>\nLa force intrins\u00e8que du projet PriMED r\u00e9side dans le fait d\u2019avoir partag\u00e9 et converg\u00e9 vers un point strat\u00e9gique unique, celui qui inspire l\u2019action du r\u00e9seau articul\u00e9 des universit\u00e9s impliqu\u00e9es, les comp\u00e9tences scientifiques diff\u00e9rentes et multiples qui animent le projet.<\/h3>\n<p>[\/vc_column_text][\/vc_column_inner][vc_column_inner width=\u00a0\u00bb1\/6&Prime;][\/vc_column_inner][\/vc_row_inner][\/vc_column][vc_column width=\u00a0\u00bb1\/4&Prime;][vc_widget_sidebar sidebar_id=\u00a0\u00bbblog-sidebar\u00a0\u00bb][\/vc_column][\/vc_row]<\/p>\n<\/section>","protected":false},"excerpt":{"rendered":"<p>[vc_row full_width=\u00a0\u00bbstretch_row_content_no_spaces\u00a0\u00bb css=\u00a0\u00bb.vc_custom_1568224669370{margin-top: -50px !important;}\u00a0\u00bb][vc_column][rev_slider_vc alias=\u00a0\u00bbcose\u00a0\u00bb][\/vc_column][\/vc_row][vc_row][vc_column width=\u00a0\u00bb3\/4&Prime;][vc_row_inner][vc_column_inner width=\u00a0\u00bb5\/6&Prime;][vc_empty_space height=\u00a0\u00bb12px\u00a0\u00bb][vc_column_text] QU\u2019EST-CE QU\u2019EST PriMED? [\/vc_column_text][vc_column_text css=\u00a0\u00bb.vc_custom_1615936456718{margin-top: -30px !important;}\u00a0\u00bb] Le PriMED est le premier projet pertinent pour la pr\u00e9vention de la radicalisation religieuse lanc\u00e9 par le gouvernement italien et, en fait, le premier investissement important de l\u2019\u00c9tat italien dans ce domaine. Lanc\u00e9 par le minist\u00e8re de l\u2019\u00e9ducation, de [&hellip;]<\/p>\n","protected":false},"author":2,"featured_media":0,"parent":0,"menu_order":0,"comment_status":"closed","ping_status":"closed","template":"","meta":{"inline_featured_image":false,"footnotes":""},"yst_prominent_words":[234,456,1066,535,503,533,502,452,182,504,230,1202,455,1065],"class_list":["post-7567","page","type-page","status-publish","hentry"],"yoast_head":"<!-- This site is optimized with the Yoast SEO Premium plugin v14.1 - https:\/\/yoast.com\/wordpress\/plugins\/seo\/ -->\n<title>QU\u2019EST-CE QU\u2019EST PriMED ?<\/title>\n<meta name=\"robots\" content=\"noindex, nofollow\" \/>\n<meta property=\"og:locale\" content=\"fr_FR\" \/>\n<meta property=\"og:type\" content=\"article\" \/>\n<meta property=\"og:title\" content=\"QU\u2019EST-CE QU\u2019EST PriMED ?\" \/>\n<meta property=\"og:description\" content=\"[vc_row full_width=\u00a0\u00bbstretch_row_content_no_spaces\u00a0\u00bb css=\u00a0\u00bb.vc_custom_1568224669370{margin-top: -50px !important;}\u00a0\u00bb][vc_column][rev_slider_vc alias=\u00a0\u00bbcose\u00a0\u00bb][\/vc_column][\/vc_row][vc_row][vc_column width=\u00a0\u00bb3\/4&Prime;][vc_row_inner][vc_column_inner width=\u00a0\u00bb5\/6&Prime;][vc_empty_space height=\u00a0\u00bb12px\u00a0\u00bb][vc_column_text] QU\u2019EST-CE QU\u2019EST PriMED? [\/vc_column_text][vc_column_text css=\u00a0\u00bb.vc_custom_1615936456718{margin-top: -30px !important;}\u00a0\u00bb] Le PriMED est le premier projet pertinent pour la pr\u00e9vention de la radicalisation religieuse lanc\u00e9 par le gouvernement italien et, en fait, le premier investissement important de l\u2019\u00c9tat italien dans ce domaine. Lanc\u00e9 par le minist\u00e8re de l\u2019\u00e9ducation, de [&hellip;]\" \/>\n<meta property=\"og:url\" content=\"https:\/\/primed-miur.it\/fr\/quest-ce-quest-primed\/\" \/>\n<meta property=\"og:site_name\" content=\"PriMED\" \/>\n<meta property=\"article:publisher\" content=\"https:\/\/www.facebook.com\/fidr.primed\" \/>\n<meta property=\"article:modified_time\" content=\"2021-03-16T23:55:39+00:00\" \/>\n<meta property=\"og:image\" content=\"https:\/\/primed-miur.it\/wp-content\/uploads\/2019\/10\/mappaPRIMED-1024x807.jpg\" \/>\n<meta name=\"twitter:card\" content=\"summary_large_image\" \/>\n<script type=\"application\/ld+json\" class=\"yoast-schema-graph\">{\"@context\":\"https:\/\/schema.org\",\"@graph\":[{\"@type\":\"Organization\",\"@id\":\"https:\/\/primed-miur.it\/fr\/#organization\",\"name\":\"PriMED\",\"url\":\"https:\/\/primed-miur.it\/fr\/\",\"sameAs\":[\"https:\/\/www.facebook.com\/fidr.primed\",\"https:\/\/instagram.com\/primed2019?igshid=1piy2qg58ea5g\"],\"logo\":{\"@type\":\"ImageObject\",\"@id\":\"https:\/\/primed-miur.it\/fr\/#logo\",\"inLanguage\":\"fr-FR\",\"url\":\"https:\/\/primed-miur.it\/wp-content\/uploads\/2017\/11\/testata-Header-PRIMED-1-2.png\",\"width\":876,\"height\":250,\"caption\":\"PriMED\"},\"image\":{\"@id\":\"https:\/\/primed-miur.it\/fr\/#logo\"}},{\"@type\":\"WebSite\",\"@id\":\"https:\/\/primed-miur.it\/fr\/#website\",\"url\":\"https:\/\/primed-miur.it\/fr\/\",\"name\":\"PriMED\",\"description\":\"PriMED - Prevenzione e interazione nello spazio Trans-Mediterraneo\",\"publisher\":{\"@id\":\"https:\/\/primed-miur.it\/fr\/#organization\"},\"potentialAction\":[{\"@type\":\"SearchAction\",\"target\":\"https:\/\/primed-miur.it\/fr\/?s={search_term_string}\",\"query-input\":\"required name=search_term_string\"}],\"inLanguage\":\"fr-FR\"},{\"@type\":\"ImageObject\",\"@id\":\"https:\/\/primed-miur.it\/fr\/quest-ce-quest-primed\/#primaryimage\",\"inLanguage\":\"fr-FR\",\"url\":\"https:\/\/primed-miur.it\/wp-content\/uploads\/2019\/10\/mappaPRIMED.jpg\",\"width\":1366,\"height\":1076},{\"@type\":\"WebPage\",\"@id\":\"https:\/\/primed-miur.it\/fr\/quest-ce-quest-primed\/#webpage\",\"url\":\"https:\/\/primed-miur.it\/fr\/quest-ce-quest-primed\/\",\"name\":\"QU\\u2019EST-CE QU\\u2019EST PriMED ?\",\"isPartOf\":{\"@id\":\"https:\/\/primed-miur.it\/fr\/#website\"},\"primaryImageOfPage\":{\"@id\":\"https:\/\/primed-miur.it\/fr\/quest-ce-quest-primed\/#primaryimage\"},\"datePublished\":\"2021-03-16T23:00:47+00:00\",\"dateModified\":\"2021-03-16T23:55:39+00:00\",\"inLanguage\":\"fr-FR\",\"potentialAction\":[{\"@type\":\"ReadAction\",\"target\":[\"https:\/\/primed-miur.it\/fr\/quest-ce-quest-primed\/\"]}]}]}<\/script>\n<!-- \/ Yoast SEO Premium plugin. -->","_links":{"self":[{"href":"https:\/\/primed-miur.it\/fr\/wp-json\/wp\/v2\/pages\/7567","targetHints":{"allow":["GET"]}}],"collection":[{"href":"https:\/\/primed-miur.it\/fr\/wp-json\/wp\/v2\/pages"}],"about":[{"href":"https:\/\/primed-miur.it\/fr\/wp-json\/wp\/v2\/types\/page"}],"author":[{"embeddable":true,"href":"https:\/\/primed-miur.it\/fr\/wp-json\/wp\/v2\/users\/2"}],"replies":[{"embeddable":true,"href":"https:\/\/primed-miur.it\/fr\/wp-json\/wp\/v2\/comments?post=7567"}],"version-history":[{"count":0,"href":"https:\/\/primed-miur.it\/fr\/wp-json\/wp\/v2\/pages\/7567\/revisions"}],"wp:attachment":[{"href":"https:\/\/primed-miur.it\/fr\/wp-json\/wp\/v2\/media?parent=7567"}],"wp:term":[{"taxonomy":"yst_prominent_words","embeddable":true,"href":"https:\/\/primed-miur.it\/fr\/wp-json\/wp\/v2\/yst_prominent_words?post=7567"}],"curies":[{"name":"wp","href":"https:\/\/api.w.org\/{rel}","templated":true}]}}