{"id":7582,"date":"2021-03-17T01:49:54","date_gmt":"2021-03-17T00:49:54","guid":{"rendered":"https:\/\/primed-miur.it\/objectifs-generaux\/"},"modified":"2021-03-17T01:49:54","modified_gmt":"2021-03-17T00:49:54","slug":"objectifs-generaux","status":"publish","type":"page","link":"https:\/\/primed-miur.it\/fr\/objectifs-generaux\/","title":{"rendered":"OBJECTIFS G\u00c9N\u00c9RAUX"},"content":{"rendered":"<section class=\"wpb-content-wrapper\"><p>[vc_row full_width=\u00a0\u00bbstretch_row_content_no_spaces\u00a0\u00bb css=\u00a0\u00bb.vc_custom_1568226243653{margin-top: -50px !important;}\u00a0\u00bb][vc_column][rev_slider_vc alias=\u00a0\u00bbobbiettivo\u00a0\u00bb][\/vc_column][\/vc_row][vc_row][vc_column width=\u00a0\u00bb3\/4&Prime;][vc_row_inner][vc_column_inner width=\u00a0\u00bb5\/6&Prime;][vc_empty_space height=\u00a0\u00bb12px\u00a0\u00bb][vc_column_text]<\/p>\n<div class=\"intro-box1 text-center\">\n<h2 class=\"title30 font-bold rale-font text-uppercase\" style=\"text-align: left;\"><span style=\"color: #f79d1c;\">OBJECTIFS G\u00c9N\u00c9RAUX<\/span><\/h2>\n<\/div>\n<p>[\/vc_column_text][vc_column_text css=\u00a0\u00bb.vc_custom_1568326505397{margin-top: -30px !important;}\u00a0\u00bb]<\/p>\n<div class=\"page\" title=\"Page 1\">\n<div class=\"layoutArea\">\n<div class=\"column\">\n<h3>Le projet PriMED r\u00e9pond, de mani\u00e8re interdisciplinaire, aux besoins cognitifs et op\u00e9rationnels li\u00e9s aux processus d&rsquo;int\u00e9gration en Italie et \u00e0 la lutte contre la radicalisation autour de trois axes :<\/h3>\n<h3>1)\u00a0 Coop\u00e9ration scientifique entre l&rsquo;Italie et les pays de l\u2019OCI sur les questions d\u2019int\u00e9gration et de radicalisation \u00e0 travers la mise en place d\u2019un r\u00e9seau interuniversitaire d\u2019\u00e9tudiants, de chercheurs et d\u2019enseignants inspir\u00e9 par l\u2019apprentissage par le partage.<\/h3>\n<\/div>\n<\/div>\n<div class=\"section\">\n<div class=\"layoutArea\">\n<div class=\"column\">\n<h3>2)\u00a0 Former les acteurs des politiques d\u2019int\u00e9gration et de lutte contre la radicalisation : collectivit\u00e9s locales, pr\u00e9fectures, administration p\u00e9nitentiaire (Italiennes et pays OCI) et s\u00e9curit\u00e9 publique, \u00e9coles, structures sociales et sanitaires, op\u00e9rateurs \u00e9conomiques;<\/h3>\n<h3>3)\u00a0 Formation des managers et du personnel religieux pour l\u2019int\u00e9gration de leurs fonctions en Italie.<\/h3>\n<\/div>\n<\/div>\n<\/div>\n<\/div>\n<p>[\/vc_column_text][\/vc_column_inner][vc_column_inner width=\u00a0\u00bb1\/6&Prime;][\/vc_column_inner][\/vc_row_inner][\/vc_column][vc_column width=\u00a0\u00bb1\/4&Prime;][vc_widget_sidebar sidebar_id=\u00a0\u00bbblog-sidebar\u00a0\u00bb][\/vc_column][\/vc_row]<\/p>\n<\/section>","protected":false},"excerpt":{"rendered":"<p>[vc_row full_width=\u00a0\u00bbstretch_row_content_no_spaces\u00a0\u00bb css=\u00a0\u00bb.vc_custom_1568226243653{margin-top: -50px !important;}\u00a0\u00bb][vc_column][rev_slider_vc alias=\u00a0\u00bbobbiettivo\u00a0\u00bb][\/vc_column][\/vc_row][vc_row][vc_column width=\u00a0\u00bb3\/4&Prime;][vc_row_inner][vc_column_inner width=\u00a0\u00bb5\/6&Prime;][vc_empty_space height=\u00a0\u00bb12px\u00a0\u00bb][vc_column_text] OBJECTIFS G\u00c9N\u00c9RAUX [\/vc_column_text][vc_column_text css=\u00a0\u00bb.vc_custom_1568326505397{margin-top: -30px !important;}\u00a0\u00bb] Le projet PriMED r\u00e9pond, de mani\u00e8re interdisciplinaire, aux besoins cognitifs et op\u00e9rationnels li\u00e9s aux processus d&rsquo;int\u00e9gration en Italie et \u00e0 la lutte contre la radicalisation autour de trois axes : 1)\u00a0 Coop\u00e9ration scientifique entre l&rsquo;Italie et les pays de l\u2019OCI [&hellip;]<\/p>\n","protected":false},"author":2,"featured_media":0,"parent":0,"menu_order":0,"comment_status":"closed","ping_status":"closed","template":"","meta":{"inline_featured_image":false,"footnotes":""},"yst_prominent_words":[],"class_list":["post-7582","page","type-page","status-publish","hentry"],"yoast_head":"<!-- This site is optimized with the Yoast SEO Premium plugin v14.1 - https:\/\/yoast.com\/wordpress\/plugins\/seo\/ -->\n<title>OBJECTIFS G\u00c9N\u00c9RAUX<\/title>\n<meta name=\"robots\" content=\"index, follow\" \/>\n<meta name=\"googlebot\" content=\"index, follow, max-snippet:-1, max-image-preview:large, max-video-preview:-1\" \/>\n<meta name=\"bingbot\" content=\"index, follow, max-snippet:-1, max-image-preview:large, max-video-preview:-1\" \/>\n<link rel=\"canonical\" href=\"https:\/\/primed-miur.it\/fr\/objectifs-generaux\/\" \/>\n<meta property=\"og:locale\" content=\"fr_FR\" \/>\n<meta property=\"og:type\" content=\"article\" \/>\n<meta property=\"og:title\" content=\"OBJECTIFS G\u00c9N\u00c9RAUX\" \/>\n<meta property=\"og:description\" content=\"[vc_row full_width=\u00a0\u00bbstretch_row_content_no_spaces\u00a0\u00bb css=\u00a0\u00bb.vc_custom_1568226243653{margin-top: -50px !important;}\u00a0\u00bb][vc_column][rev_slider_vc alias=\u00a0\u00bbobbiettivo\u00a0\u00bb][\/vc_column][\/vc_row][vc_row][vc_column width=\u00a0\u00bb3\/4&Prime;][vc_row_inner][vc_column_inner width=\u00a0\u00bb5\/6&Prime;][vc_empty_space height=\u00a0\u00bb12px\u00a0\u00bb][vc_column_text] OBJECTIFS G\u00c9N\u00c9RAUX [\/vc_column_text][vc_column_text css=\u00a0\u00bb.vc_custom_1568326505397{margin-top: -30px !important;}\u00a0\u00bb] Le projet PriMED r\u00e9pond, de mani\u00e8re interdisciplinaire, aux besoins cognitifs et op\u00e9rationnels li\u00e9s aux processus d&rsquo;int\u00e9gration en Italie et \u00e0 la lutte contre la radicalisation autour de trois axes : 1)\u00a0 Coop\u00e9ration scientifique entre l&rsquo;Italie et les pays de l\u2019OCI [&hellip;]\" \/>\n<meta property=\"og:url\" content=\"https:\/\/primed-miur.it\/fr\/objectifs-generaux\/\" \/>\n<meta property=\"og:site_name\" content=\"PriMED\" \/>\n<meta property=\"article:publisher\" content=\"https:\/\/www.facebook.com\/fidr.primed\" \/>\n<meta property=\"og:image\" content=\"https:\/\/primed-miur.it\/wp-content\/uploads\/2017\/11\/logo_video_primed.png\" \/>\n\t<meta property=\"og:image:width\" content=\"300\" \/>\n\t<meta property=\"og:image:height\" content=\"188\" \/>\n<meta name=\"twitter:card\" content=\"summary_large_image\" \/>\n<script type=\"application\/ld+json\" class=\"yoast-schema-graph\">{\"@context\":\"https:\/\/schema.org\",\"@graph\":[{\"@type\":\"Organization\",\"@id\":\"https:\/\/primed-miur.it\/fr\/#organization\",\"name\":\"PriMED\",\"url\":\"https:\/\/primed-miur.it\/fr\/\",\"sameAs\":[\"https:\/\/www.facebook.com\/fidr.primed\",\"https:\/\/instagram.com\/primed2019?igshid=1piy2qg58ea5g\"],\"logo\":{\"@type\":\"ImageObject\",\"@id\":\"https:\/\/primed-miur.it\/fr\/#logo\",\"inLanguage\":\"fr-FR\",\"url\":\"https:\/\/primed-miur.it\/wp-content\/uploads\/2017\/11\/testata-Header-PRIMED-1-2.png\",\"width\":876,\"height\":250,\"caption\":\"PriMED\"},\"image\":{\"@id\":\"https:\/\/primed-miur.it\/fr\/#logo\"}},{\"@type\":\"WebSite\",\"@id\":\"https:\/\/primed-miur.it\/fr\/#website\",\"url\":\"https:\/\/primed-miur.it\/fr\/\",\"name\":\"PriMED\",\"description\":\"PriMED - Prevenzione e interazione nello spazio Trans-Mediterraneo\",\"publisher\":{\"@id\":\"https:\/\/primed-miur.it\/fr\/#organization\"},\"potentialAction\":[{\"@type\":\"SearchAction\",\"target\":\"https:\/\/primed-miur.it\/fr\/?s={search_term_string}\",\"query-input\":\"required name=search_term_string\"}],\"inLanguage\":\"fr-FR\"},{\"@type\":\"WebPage\",\"@id\":\"https:\/\/primed-miur.it\/fr\/objectifs-generaux\/#webpage\",\"url\":\"https:\/\/primed-miur.it\/fr\/objectifs-generaux\/\",\"name\":\"OBJECTIFS G\\u00c9N\\u00c9RAUX\",\"isPartOf\":{\"@id\":\"https:\/\/primed-miur.it\/fr\/#website\"},\"datePublished\":\"2021-03-17T00:49:54+00:00\",\"dateModified\":\"2021-03-17T00:49:54+00:00\",\"inLanguage\":\"fr-FR\",\"potentialAction\":[{\"@type\":\"ReadAction\",\"target\":[\"https:\/\/primed-miur.it\/fr\/objectifs-generaux\/\"]}]}]}<\/script>\n<!-- \/ Yoast SEO Premium plugin. -->","_links":{"self":[{"href":"https:\/\/primed-miur.it\/fr\/wp-json\/wp\/v2\/pages\/7582","targetHints":{"allow":["GET"]}}],"collection":[{"href":"https:\/\/primed-miur.it\/fr\/wp-json\/wp\/v2\/pages"}],"about":[{"href":"https:\/\/primed-miur.it\/fr\/wp-json\/wp\/v2\/types\/page"}],"author":[{"embeddable":true,"href":"https:\/\/primed-miur.it\/fr\/wp-json\/wp\/v2\/users\/2"}],"replies":[{"embeddable":true,"href":"https:\/\/primed-miur.it\/fr\/wp-json\/wp\/v2\/comments?post=7582"}],"version-history":[{"count":0,"href":"https:\/\/primed-miur.it\/fr\/wp-json\/wp\/v2\/pages\/7582\/revisions"}],"wp:attachment":[{"href":"https:\/\/primed-miur.it\/fr\/wp-json\/wp\/v2\/media?parent=7582"}],"wp:term":[{"taxonomy":"yst_prominent_words","embeddable":true,"href":"https:\/\/primed-miur.it\/fr\/wp-json\/wp\/v2\/yst_prominent_words?post=7582"}],"curies":[{"name":"wp","href":"https:\/\/api.w.org\/{rel}","templated":true}]}}