{"id":7602,"date":"2021-03-17T13:49:39","date_gmt":"2021-03-17T12:49:39","guid":{"rendered":"https:\/\/primed-miur.it\/responsables-scientifiques-locaux\/"},"modified":"2021-03-17T13:52:29","modified_gmt":"2021-03-17T12:52:29","slug":"responsables-scientifiques-locaux","status":"publish","type":"page","link":"https:\/\/primed-miur.it\/fr\/responsables-scientifiques-locaux\/","title":{"rendered":"RESPONSABLES SCIENTIFIQUES LOCAUX"},"content":{"rendered":"<section class=\"wpb-content-wrapper\"><p>[vc_row css=\u00a0\u00bb.vc_custom_1568310842167{margin-bottom: -10px !important;}\u00a0\u00bb][vc_column][vc_column_text css=\u00a0\u00bb.vc_custom_1568554658720{margin-bottom: 0px !important;}\u00a0\u00bb]<\/p>\n<div class=\"intro-box1 text-center\" style=\"padding-left: 80px;\">\n<h2 class=\"title30 font-bold rale-font text-uppercase\" style=\"text-align: left;\"><span style=\"color: #f79d1c;\">Responsables Scientifique Locaux<\/span><\/h2>\n<\/div>\n<p>[\/vc_column_text][\/vc_column][\/vc_row][vc_row el_class=\u00a0\u00bblist-instructor\u00a0\u00bb css=\u00a0\u00bb.vc_custom_1568554480686{margin-top: -30px !important;}\u00a0\u00bb][vc_column offset=\u00a0\u00bbvc_col-md-6&Prime;][vc_column_text]<\/p>\n<h3 class=\"title14 font-bold\" style=\"padding-left: 80px;\"><a class=\"color\" href=\"https:\/\/www.uniupo.it\" target=\"_blank\" rel=\"noopener noreferrer\">Universit\u00e9 du Pi\u00e9mont oriental<\/a><\/h3>\n<h4 style=\"padding-left: 80px;\"><span style=\"color: #000000;\"><a class=\"color\" style=\"color: #000000;\" href=\"https:\/\/primed-miur.it\/resume\/roberto-mazzola\/\">Prof. Roberto Mazzola <\/a><\/span><\/h4>\n<h4 style=\"padding-left: 80px;\"><span style=\"color: #000000;\"><a class=\"color\" style=\"color: #000000;\" href=\"#\">Prof. Antonio Angelucci<\/a><\/span><\/h4>\n<p>[\/vc_column_text][vc_column_text]<\/p>\n<h3 class=\"title14 font-bold\" style=\"padding-left: 80px;\"><a class=\"color\" href=\"https:\/\/www.unilink.it\/\">Universit\u00e9 CAMPUS<\/a><\/h3>\n<h4 style=\"padding-left: 80px;\"><span style=\"color: #000000;\"><a class=\"color\" style=\"color: #000000;\" href=\"#\">Prof. Maurizio Zandri<\/a><\/span><\/h4>\n<p>[\/vc_column_text][vc_column_text]<\/p>\n<h3 class=\"title14 font-bold\" style=\"padding-left: 80px;\"><a class=\"color\" href=\"https:\/\/www.lum.it\" target=\"_blank\" rel=\"noopener noreferrer\">Universit\u00e9 LUM \u00ab\u00a0Jean Monnet\u00a0\u00bb<\/a><\/h3>\n<h4 style=\"padding-left: 80px;\"><span style=\"color: #000000;\"><a class=\"color\" style=\"color: #000000;\" href=\"https:\/\/primed-miur.it\/fr\/resume\/francesco-alicino\/\">Prof. Francesco Alicino<\/a><\/span><\/h4>\n<p>[\/vc_column_text][vc_column_text]<\/p>\n<h3 class=\"title14 font-bold\" style=\"padding-left: 80px;\"><a class=\"color\" href=\"https:\/\/www.unicatt.it\" target=\"_blank\" rel=\"noopener noreferrer\">Universit\u00e9 catholique du Sacr\u00e9-C\u0153ur de Milan<\/a><\/h3>\n<h4 style=\"padding-left: 80px;\"><span style=\"color: #000000;\"><a class=\"color\" style=\"color: #000000;\" href=\"#\">Prof. Paolo Branca <\/a><\/span><\/h4>\n<h4 style=\"padding-left: 80px;\"><span style=\"color: #000000;\"><a class=\"color\" style=\"color: #000000;\" href=\"#\">Prof. Milena Santerini <\/a><\/span><\/h4>\n<h4 style=\"padding-left: 80px;\"><span style=\"color: #000000;\"><a class=\"color\" style=\"color: #000000;\" href=\"#\">Prof. Romeo Astorri<\/a><\/span><\/h4>\n<p>[\/vc_column_text][vc_column_text]<\/p>\n<h3 class=\"title14 font-bold\" style=\"padding-left: 80px;\"><a class=\"color\" href=\"https:\/\/www.uniba.it\" target=\"_blank\" rel=\"noopener noreferrer\">Universit\u00e9 de BARI ALDO MORO<\/a><\/h3>\n<h4 style=\"padding-left: 80px;\"><span style=\"color: #000000;\"><a class=\"color\" style=\"color: #000000;\" href=\"https:\/\/primed-miur.it\/resume\/laura-sabrina-martucci\/\">Prof. Sabrina Martucci<\/a><\/span><\/h4>\n<p>[\/vc_column_text][vc_column_text]<\/p>\n<h3 class=\"title14 font-bold\" style=\"padding-left: 80px;\"><a class=\"color\" href=\"https:\/\/www.unife.it\" target=\"_blank\" rel=\"noopener noreferrer\">Universit\u00e9 de FERRARE<\/a><\/h3>\n<h4 style=\"padding-left: 80px;\"><span style=\"color: #000000;\"><a class=\"color\" style=\"color: #000000;\" href=\"https:\/\/primed-miur.it\/resume\/enrica-martinelli\/\">Prof. Enrica Martinelli<\/a><\/span><\/h4>\n<p>[\/vc_column_text][vc_column_text]<\/p>\n<h3 class=\"title14 font-bold\" style=\"padding-left: 80px;\"><a class=\"color\" href=\"https:\/\/www.uninsubria.it\/\" target=\"_blank\" rel=\"noopener noreferrer\">Universit\u00e9 Varese-Como d&rsquo;Insubria<\/a><\/h3>\n<h4 style=\"padding-left: 80px;\"><span style=\"color: #000000;\"><a class=\"color\" style=\"color: #000000;\" href=\"https:\/\/primed-miur.it\/resume\/alessandro-ferrari\/\">Prof. Alessandro Ferrari<\/a><\/span><\/h4>\n<h4 style=\"padding-left: 80px;\"><span style=\"color: #000000;\"><a class=\"color\" style=\"color: #000000;\" href=\"#\">Prof.ssa Flavia Cortellezzi<\/a><\/span><\/h4>\n<p>[\/vc_column_text][vc_column_text]<\/p>\n<h3 class=\"title14 font-bold\" style=\"padding-left: 80px;\"><a class=\"color\" href=\"https:\/\/www.unimib.it\" target=\"_blank\" rel=\"noopener noreferrer\">Universit\u00e9 de MILAN-BICOCCA<\/a><\/h3>\n<h4 style=\"padding-left: 80px;\"><span style=\"color: #000000;\"><a class=\"color\" style=\"color: #000000;\" href=\"#\">Prof.ssa Natascia Marchei<\/a><\/span><\/h4>\n<p>[\/vc_column_text][vc_column_text]<\/p>\n<h3 class=\"title14 font-bold\" style=\"padding-left: 80px;\"><a class=\"color\" href=\"https:\/\/unimi.it\" target=\"_blank\" rel=\"noopener noreferrer\">Universit\u00e9 des \u00e9tudes de Milan<\/a><\/h3>\n<h4 style=\"padding-left: 80px;\"><span style=\"color: #000000;\"><a class=\"color\" style=\"color: #000000;\" href=\"https:\/\/primed-miur.it\/resume\/daniela-milani\/\">Prof. Daniela Milani<\/a><\/span><\/h4>\n<h4 style=\"padding-left: 80px;\"><span style=\"color: #000000;\"><a class=\"color\" style=\"color: #000000;\" href=\"#\">Prof. Cristiana Cianitto<\/a><\/span><\/h4>\n<p>[\/vc_column_text][vc_column_text]<\/p>\n<h3 class=\"title14 font-bold\" style=\"padding-left: 80px;\"><a class=\"color\" href=\"https:\/\/unipd.it\" target=\"_blank\" rel=\"noopener noreferrer\">Universit\u00e9 de Padoue<\/a><\/h3>\n<h4 style=\"padding-left: 80px;\"><span style=\"color: #000000;\"><a class=\"color\" style=\"color: #000000;\" href=\"#\">Prof. Stefano Allievi<\/a><\/span><\/h4>\n<h4 style=\"padding-left: 80px;\"><span style=\"color: #000000;\"><a class=\"color\" style=\"color: #000000;\" href=\"https:\/\/primed-miur.it\/resume\/mohammed-khalid-rhazzali\/\">Prof. Mohammed Khalid Rhazzali<\/a><\/span><\/h4>\n<p>[\/vc_column_text][vc_column_text]<\/p>\n<h3 class=\"title14 font-bold\" style=\"padding-left: 80px;\"><a class=\"color\" href=\"https:\/\/uniroma3.it\" target=\"_blank\" rel=\"noopener noreferrer\">Universit\u00e9 ROME TRE<\/a><\/h3>\n<h4 style=\"padding-left: 80px;\"><span style=\"color: #000000;\"><a class=\"color\" style=\"color: #000000;\" href=\"#\">Prof. Mariachiara Giorda<\/a><\/span><\/h4>\n<p>[\/vc_column_text][\/vc_column][vc_column offset=\u00a0\u00bbvc_col-md-6&Prime;][vc_column_text]<\/p>\n<h3 class=\"title14 font-bold\" style=\"padding-left: 80px;\"><a class=\"color\" href=\"https:\/\/www.unito.it\/\" target=\"_blank\" rel=\"noopener noreferrer\">Universit\u00e9 de Turin<\/a><\/h3>\n<h4 style=\"padding-left: 80px;\"><span style=\"color: #000000;\"><a class=\"color\" style=\"color: #000000;\" href=\"https:\/\/primed-miur.it\/fr\/resume\/roberta-ricucci\/\">Prof. Roberta Ricucci<\/a><\/span><\/h4>\n<h4 style=\"padding-left: 80px;\"><span style=\"color: #000000;\"><a class=\"color\" style=\"color: #000000;\" href=\"https:\/\/primed-miur.it\/resume\/roberta-aluffi\/\">Prof. Roberta Aluffi<\/a><\/span><\/h4>\n<p>[\/vc_column_text][vc_column_text]<\/p>\n<h3 class=\"title14 font-bold\" style=\"padding-left: 80px;\"><a class=\"color\" href=\"http:\/\/www.ucar.rnu.tn\" target=\"_blank\" rel=\"noopener noreferrer\">Universit\u00e9 de TUNIS-CARTHAGE<\/a><\/h3>\n<h4 style=\"padding-left: 80px;\"><span style=\"color: #000000;\"><a class=\"color\" style=\"color: #000000;\" href=\"#\">Prof. Olfa Benouda Sioud<\/a><\/span><\/h4>\n<p>[\/vc_column_text][vc_column_text]<\/p>\n<h3 class=\"title14 font-bold\" style=\"padding-left: 80px;\"><a class=\"color\" href=\"#\" target=\"_blank\" rel=\"noopener noreferrer\">Universit\u00e9 INTERNATIONALE DE RABAT<\/a><\/h3>\n<h4 style=\"padding-left: 80px;\"><span style=\"color: #000000;\"><a class=\"color\" style=\"color: #000000;\" href=\"#\">Prof. Farid El Asri<\/a><\/span><\/h4>\n<p>[\/vc_column_text][vc_column_text]<\/p>\n<h3 class=\"title14 font-bold\" style=\"padding-left: 80px;\"><a class=\"color\" href=\"#\" target=\"_blank\" rel=\"noopener noreferrer\">Universit\u00e9 HASSAN II DE CASABLANCA<\/a><\/h3>\n<h4 style=\"padding-left: 80px;\"><span style=\"color: #000000;\"><a class=\"color\" style=\"color: #000000;\" href=\"#\">Prof. Mohammed Mouaqit<\/a><\/span><\/h4>\n<p>[\/vc_column_text][vc_column_text]<\/p>\n<h3 class=\"title14 font-bold\" style=\"padding-left: 80px;\"><a class=\"color\" href=\"#\" target=\"_blank\" rel=\"noopener noreferrer\">Universit\u00e9 SULTAN M. SLIMANE-BENI MELLAL<\/a><\/h3>\n<h4 style=\"padding-left: 80px;\"><span style=\"color: #000000;\"><a class=\"color\" style=\"color: #000000;\" href=\"#\">Prof. Ali Bajja<\/a><\/span><\/h4>\n<p>[\/vc_column_text][vc_column_text]<\/p>\n<h3 class=\"title14 font-bold\" style=\"padding-left: 80px;\"><a class=\"color\" href=\"#\">Universit\u00e9 SAINT-JOSEPH DE BEIRUT<\/a><\/h3>\n<h4 style=\"padding-left: 80px;\"><span style=\"color: #000000;\"><a class=\"color\" style=\"color: #000000;\" href=\"#\">Prof. Roula Talhouk<\/a><\/span><\/h4>\n<p>[\/vc_column_text][vc_column_text]<\/p>\n<h3 class=\"title14 font-bold\" style=\"padding-left: 80px;\"><a class=\"color\" href=\"#\">Universit\u00e9 d\u2019ABECHE<\/a><\/h3>\n<h4 style=\"padding-left: 80px;\"><span style=\"color: #000000;\"><a class=\"color\" style=\"color: #000000;\" href=\"#\">Prof. Soultan Malloum<\/a><\/span><\/h4>\n<p>[\/vc_column_text][vc_column_text]<\/p>\n<h3 class=\"title14 font-bold\" style=\"padding-left: 80px;\"><a class=\"color\" href=\"#\">Universit\u00e9 ZIANE ACHOUR DE DJELFA<\/a><\/h3>\n<h4 style=\"padding-left: 80px;\"><span style=\"color: #000000;\"><a class=\"color\" style=\"color: #000000;\" href=\"#\">Prof. Berrezoug Belgoumane<\/a><\/span><\/h4>\n<p>[\/vc_column_text][vc_column_text]<\/p>\n<h3 class=\"title14 font-bold\" style=\"padding-left: 80px;\"><a class=\"color\" href=\"#\">Universit\u00e9 ABDOU MOUMOUNI DE NIAMEY<\/a><\/h3>\n<h4 style=\"padding-left: 80px;\"><span style=\"color: #000000;\"><a class=\"color\" style=\"color: #000000;\" href=\"#\">Prof. Malam Mahamadou Chaibou<\/a><\/span><\/h4>\n<p>[\/vc_column_text][vc_column_text]<\/p>\n<h3 class=\"title14 font-bold\" style=\"padding-left: 80px;\"><a class=\"color\" href=\"#\">Universit\u00e9 du CAIRE<\/a><\/h3>\n<h4 style=\"padding-left: 80px;\"><span style=\"color: #000000;\"><a class=\"color\" style=\"color: #000000;\" href=\"#\">Prof. Abdelrazek Eido<\/a><\/span><\/h4>\n<p>[\/vc_column_text][vc_column_text]<\/p>\n<h3 class=\"title14 font-bold\" style=\"padding-left: 80px;\"><a class=\"color\" href=\"#\">Universit\u00e9 MOHAMMED V de RABAT<\/a><\/h3>\n<h4 style=\"padding-left: 80px;\"><span style=\"color: #000000;\"><a class=\"color\" style=\"color: #000000;\" href=\"#\">Prof. Abdellatif Kidai<\/a><\/span><\/h4>\n<h4 style=\"padding-left: 80px;\"><span style=\"color: #000000;\"><a class=\"color\" style=\"color: #000000;\" href=\"#\">Prof. Zakaria Boudhim<\/a><\/span><\/h4>\n<p>[\/vc_column_text][\/vc_column][vc_column offset=\u00a0\u00bbvc_col-md-6&Prime;][\/vc_column][vc_column offset=\u00a0\u00bbvc_col-md-6&Prime;][\/vc_column][\/vc_row]<\/p>\n<\/section>","protected":false},"excerpt":{"rendered":"<p>[vc_row css=\u00a0\u00bb.vc_custom_1568310842167{margin-bottom: -10px !important;}\u00a0\u00bb][vc_column][vc_column_text css=\u00a0\u00bb.vc_custom_1568554658720{margin-bottom: 0px !important;}\u00a0\u00bb] Responsables Scientifique Locaux [\/vc_column_text][\/vc_column][\/vc_row][vc_row el_class=\u00a0\u00bblist-instructor\u00a0\u00bb css=\u00a0\u00bb.vc_custom_1568554480686{margin-top: -30px !important;}\u00a0\u00bb][vc_column offset=\u00a0\u00bbvc_col-md-6&Prime;][vc_column_text] Universit\u00e9 du Pi\u00e9mont oriental Prof. Roberto Mazzola Prof. Antonio Angelucci [\/vc_column_text][vc_column_text] Universit\u00e9 CAMPUS Prof. Maurizio Zandri [\/vc_column_text][vc_column_text] Universit\u00e9 LUM \u00ab\u00a0Jean Monnet\u00a0\u00bb Prof. Francesco Alicino [\/vc_column_text][vc_column_text] Universit\u00e9 catholique du Sacr\u00e9-C\u0153ur de Milan Prof. Paolo Branca Prof. Milena Santerini Prof. Romeo [&hellip;]<\/p>\n","protected":false},"author":2,"featured_media":0,"parent":0,"menu_order":0,"comment_status":"closed","ping_status":"closed","template":"","meta":{"inline_featured_image":false,"footnotes":""},"yst_prominent_words":[371,373,503,329,374,856,370,480],"class_list":["post-7602","page","type-page","status-publish","hentry"],"yoast_head":"<!-- This site is optimized with the Yoast SEO Premium plugin v14.1 - https:\/\/yoast.com\/wordpress\/plugins\/seo\/ -->\n<title>RESPONSABLES SCIENTIFIQUES LOCAUX<\/title>\n<meta name=\"robots\" content=\"index, follow\" \/>\n<meta name=\"googlebot\" content=\"index, follow, max-snippet:-1, max-image-preview:large, max-video-preview:-1\" \/>\n<meta name=\"bingbot\" content=\"index, follow, max-snippet:-1, max-image-preview:large, max-video-preview:-1\" \/>\n<link rel=\"canonical\" href=\"https:\/\/primed-miur.it\/fr\/responsables-scientifiques-locaux\/\" \/>\n<meta property=\"og:locale\" content=\"fr_FR\" \/>\n<meta property=\"og:type\" content=\"article\" \/>\n<meta property=\"og:title\" content=\"RESPONSABLES SCIENTIFIQUES LOCAUX\" \/>\n<meta property=\"og:description\" content=\"[vc_row css=\u00a0\u00bb.vc_custom_1568310842167{margin-bottom: -10px !important;}\u00a0\u00bb][vc_column][vc_column_text css=\u00a0\u00bb.vc_custom_1568554658720{margin-bottom: 0px !important;}\u00a0\u00bb] Responsables Scientifique Locaux [\/vc_column_text][\/vc_column][\/vc_row][vc_row el_class=\u00a0\u00bblist-instructor\u00a0\u00bb css=\u00a0\u00bb.vc_custom_1568554480686{margin-top: -30px !important;}\u00a0\u00bb][vc_column offset=\u00a0\u00bbvc_col-md-6&Prime;][vc_column_text] Universit\u00e9 du Pi\u00e9mont oriental Prof. Roberto Mazzola Prof. Antonio Angelucci [\/vc_column_text][vc_column_text] Universit\u00e9 CAMPUS Prof. Maurizio Zandri [\/vc_column_text][vc_column_text] Universit\u00e9 LUM \u00ab\u00a0Jean Monnet\u00a0\u00bb Prof. Francesco Alicino [\/vc_column_text][vc_column_text] Universit\u00e9 catholique du Sacr\u00e9-C\u0153ur de Milan Prof. Paolo Branca Prof. Milena Santerini Prof. Romeo [&hellip;]\" \/>\n<meta property=\"og:url\" content=\"https:\/\/primed-miur.it\/fr\/responsables-scientifiques-locaux\/\" \/>\n<meta property=\"og:site_name\" content=\"PriMED\" \/>\n<meta property=\"article:publisher\" content=\"https:\/\/www.facebook.com\/fidr.primed\" \/>\n<meta property=\"article:modified_time\" content=\"2021-03-17T12:52:29+00:00\" \/>\n<meta property=\"og:image\" content=\"https:\/\/primed-miur.it\/wp-content\/uploads\/2017\/11\/logo_video_primed.png\" \/>\n\t<meta property=\"og:image:width\" content=\"300\" \/>\n\t<meta property=\"og:image:height\" content=\"188\" \/>\n<meta name=\"twitter:card\" content=\"summary_large_image\" \/>\n<script type=\"application\/ld+json\" class=\"yoast-schema-graph\">{\"@context\":\"https:\/\/schema.org\",\"@graph\":[{\"@type\":\"Organization\",\"@id\":\"https:\/\/primed-miur.it\/fr\/#organization\",\"name\":\"PriMED\",\"url\":\"https:\/\/primed-miur.it\/fr\/\",\"sameAs\":[\"https:\/\/www.facebook.com\/fidr.primed\",\"https:\/\/instagram.com\/primed2019?igshid=1piy2qg58ea5g\"],\"logo\":{\"@type\":\"ImageObject\",\"@id\":\"https:\/\/primed-miur.it\/fr\/#logo\",\"inLanguage\":\"fr-FR\",\"url\":\"https:\/\/primed-miur.it\/wp-content\/uploads\/2017\/11\/testata-Header-PRIMED-1-2.png\",\"width\":876,\"height\":250,\"caption\":\"PriMED\"},\"image\":{\"@id\":\"https:\/\/primed-miur.it\/fr\/#logo\"}},{\"@type\":\"WebSite\",\"@id\":\"https:\/\/primed-miur.it\/fr\/#website\",\"url\":\"https:\/\/primed-miur.it\/fr\/\",\"name\":\"PriMED\",\"description\":\"PriMED - Prevenzione e interazione nello spazio Trans-Mediterraneo\",\"publisher\":{\"@id\":\"https:\/\/primed-miur.it\/fr\/#organization\"},\"potentialAction\":[{\"@type\":\"SearchAction\",\"target\":\"https:\/\/primed-miur.it\/fr\/?s={search_term_string}\",\"query-input\":\"required name=search_term_string\"}],\"inLanguage\":\"fr-FR\"},{\"@type\":\"WebPage\",\"@id\":\"https:\/\/primed-miur.it\/fr\/responsables-scientifiques-locaux\/#webpage\",\"url\":\"https:\/\/primed-miur.it\/fr\/responsables-scientifiques-locaux\/\",\"name\":\"RESPONSABLES SCIENTIFIQUES LOCAUX\",\"isPartOf\":{\"@id\":\"https:\/\/primed-miur.it\/fr\/#website\"},\"datePublished\":\"2021-03-17T12:49:39+00:00\",\"dateModified\":\"2021-03-17T12:52:29+00:00\",\"inLanguage\":\"fr-FR\",\"potentialAction\":[{\"@type\":\"ReadAction\",\"target\":[\"https:\/\/primed-miur.it\/fr\/responsables-scientifiques-locaux\/\"]}]}]}<\/script>\n<!-- \/ Yoast SEO Premium plugin. -->","_links":{"self":[{"href":"https:\/\/primed-miur.it\/fr\/wp-json\/wp\/v2\/pages\/7602","targetHints":{"allow":["GET"]}}],"collection":[{"href":"https:\/\/primed-miur.it\/fr\/wp-json\/wp\/v2\/pages"}],"about":[{"href":"https:\/\/primed-miur.it\/fr\/wp-json\/wp\/v2\/types\/page"}],"author":[{"embeddable":true,"href":"https:\/\/primed-miur.it\/fr\/wp-json\/wp\/v2\/users\/2"}],"replies":[{"embeddable":true,"href":"https:\/\/primed-miur.it\/fr\/wp-json\/wp\/v2\/comments?post=7602"}],"version-history":[{"count":0,"href":"https:\/\/primed-miur.it\/fr\/wp-json\/wp\/v2\/pages\/7602\/revisions"}],"wp:attachment":[{"href":"https:\/\/primed-miur.it\/fr\/wp-json\/wp\/v2\/media?parent=7602"}],"wp:term":[{"taxonomy":"yst_prominent_words","embeddable":true,"href":"https:\/\/primed-miur.it\/fr\/wp-json\/wp\/v2\/yst_prominent_words?post=7602"}],"curies":[{"name":"wp","href":"https:\/\/api.w.org\/{rel}","templated":true}]}}