{"id":7616,"date":"2021-03-17T20:20:46","date_gmt":"2021-03-17T19:20:46","guid":{"rendered":"https:\/\/primed-miur.it\/cours-conjoints-destines-aux-etudiants-mais-aussi-ouverts-a-la-societe-civile-italienne\/"},"modified":"2021-03-17T20:21:48","modified_gmt":"2021-03-17T19:21:48","slug":"cours-conjoints-destines-aux-etudiants-mais-aussi-ouverts-a-la-societe-civile-italienne","status":"publish","type":"page","link":"https:\/\/primed-miur.it\/fr\/cours-conjoints-destines-aux-etudiants-mais-aussi-ouverts-a-la-societe-civile-italienne\/","title":{"rendered":"COURS CONJOINTS D\u00c9STIN\u00c9S  AUX \u00c9TUDIANTS, MAIS AUSSI OUVERTS \u00c0 LA SOCI\u00c9T\u00c9 CIVILE ITALIENNE"},"content":{"rendered":"<section class=\"wpb-content-wrapper\"><p>[vc_row full_width=\u00a0\u00bbstretch_row_content_no_spaces\u00a0\u00bb css=\u00a0\u00bb.vc_custom_1568279189416{margin-top: -50px !important;}\u00a0\u00bb][vc_column][rev_slider_vc alias=\u00a0\u00bbcorsi_congiunti-fr\u00a0\u00bb][\/vc_column][\/vc_row][vc_row][vc_column width=\u00a0\u00bb3\/4&Prime;][vc_row_inner el_class=\u00a0\u00bbmore-detail-intro fix-row-bg\u00a0\u00bb][vc_column_inner el_class=\u00a0\u00bbmore-detail-intro fix-row-bg\u00a0\u00bb width=\u00a0\u00bb5\/6&Prime;][vc_empty_space height=\u00a0\u00bb12px\u00a0\u00bb][vc_custom_heading text=\u00a0\u00bbCOURS CONJOINTS D\u00c9STIN\u00c9S  AUX \u00c9TUDIANTS, MAIS AUSSI OUVERTS \u00c0 LA SOCI\u00c9T\u00c9 CIVILE ITALIENNE\u00a0\u00bb font_container=\u00a0\u00bbtag:h2|text_align:left|color:%23f79d1c\u00a0\u00bb use_theme_fonts=\u00a0\u00bbyes\u00a0\u00bb][vc_empty_space height=\u00a0\u00bb12px\u00a0\u00bb][vc_column_text]<span style=\"color: #223255;\"><strong>Mobilit\u00e9, religions et inclusion (TURIN &#8211; Universit\u00e9 de Turin, Universit\u00e9 PriMED-OCI)<\/strong><\/span><\/p>\n<p style=\"padding-left: 40px;\">Le cours, qui alternera des enseignants de diff\u00e9rentes disciplines et universit\u00e9s, ainsi que des parties prenantes, vise \u00e0 fournir les outils th\u00e9oriques et analytiques pour comprendre les processus, la dynamique et les questions li\u00e9es \u00e0 la mobilit\u00e9 internationale ou \u00e0 la migration (structurelle et d&rsquo;urgence).<br \/>\nPlus pr\u00e9cis\u00e9ment, le cours vise \u00e0 promouvoir l\u2019apprentissage des connaissances et des comp\u00e9tences interpr\u00e9tatives li\u00e9es aux dynamiques migratoires et en particulier \u00e0 la consolidation des communaut\u00e9s musulmanes. Les \u00e9tudiants \/ participants se familiariseront avec certaines questions cl\u00e9s li\u00e9es aux processus de mobilit\u00e9 affectant le sc\u00e9nario euro-m\u00e9diterran\u00e9en.<br \/>\nCes questions seront examin\u00e9es \u00e0 la fois d&rsquo;un point de vue empirique, en r\u00e9f\u00e9rence aux recherches et \u00e9tudes sur des cas sp\u00e9cifiques, et d\u2019un point de vue r\u00e9glementaire, en r\u00e9f\u00e9rence au d\u00e9bat sur les politiques d\u2019inclusion et de coh\u00e9sion et la gestion du pluralisme culturel.<\/p>\n<p><span style=\"color: #223255;\"><strong>Diversit\u00e9 religieuse et villes : mouvements et parcours de citoyennet\u00e9 (ROME, Universit\u00e9 Roma Trois &#038; Universit\u00e9 Link Campus &#8211; Universit\u00e9 PriMED-OCI)<\/strong><\/span><\/p>\n<p style=\"padding-left: 40px;\">L\u2019objectif est d\u2019analyser de nouvelles fa\u00e7ons d\u2019interagir et de rencontrer les religions dans les espaces urbains, des mod\u00e8les de participation, d\u2019inclusion sociale et d\u2019acc\u00e8s aux services.<br \/>\nLes r\u00e9sultats concernent l\u2019acquisition d&rsquo;outils utiles pour les comp\u00e9tences th\u00e9oriques et pratiques li\u00e9es \u00e0 la connaissance de nouveaux parcours de citoyennet\u00e9.<br \/>\n<a href=\"https:\/\/primed-miur.it\/corsi-e-materiali-roma\/\"><span style=\"color: #f79d1c;\"><b>Cours et mat\u00e9riels<\/b><\/span><\/a><\/p>\n<p><span style=\"color: #223255;\"><strong>Agenda 2030 des Nations Unies : les traditions religieuses m\u00e9diterran\u00e9ennes face au d\u00e9fi de la durabilit\u00e9 (Come &#8211; Universit\u00e9 d&rsquo;Insubrie &#8211; Universit\u00e9 PriMED-OCI)<\/strong><\/span><\/p>\n<p style=\"padding-left: 40px;\">Le cours, qui alternera des enseignants de diff\u00e9rentes disciplines et universit\u00e9s, ainsi que des parties prenantes, vise \u00e0 fournir les outils th\u00e9oriques et analytiques pour comprendre les processus, la dynamique et les probl\u00e8mes inh\u00e9rents \u00e0 la mise en \u0153uvre du Programme des Nations Unies 2030 dans le contexte de la coop\u00e9ration m\u00e9diterran\u00e9enne et de la comparaison entre les traditions musulmanes et chr\u00e9tiennes des deux rives de la M\u00e9diterran\u00e9e.<br \/>\nLe cours visera \u00e0 analyser les conditions de construction de soci\u00e9t\u00e9s diff\u00e9renci\u00e9es, durables et inclusives \u00e0 travers l\u2019examen de trois angles de perspective particuliers : le juridique, l&rsquo;\u00e9conomique et celui li\u00e9 au r\u00f4le des traditions religieuses. Le cours permettra donc d\u2019\u00e9valuer, pour chacun de ces trois th\u00e8mes principaux, les intersections possibles (avec leurs difficult\u00e9s et leur potentiel) entre les approches s\u00e9culi\u00e8res et religieuses.<br \/>\n<a href=\"https:\/\/primed-miur.it\/agenda-onu-2030-materiale\/\"><span style=\"color: #f79d1c;\"><b>Cours et mat\u00e9riels<\/b><\/span><\/a><br \/>\n<a href=\"https:\/\/primed-miur.it\/como\/Webinar_Series_LAST_VERSION_2.pdf\"><span style=\"color: #f79d1c;\">&gt; Webinar Series: Religion, Law and Economy in the Mediterranean Area<\/span><\/a><\/p>\n<p><span style=\"color: #223255;\"><strong>M\u00e9diation interculturelle et religieuse et pr\u00e9vention de la radicalisation (BARI &#8211; Universit\u00e9 de Bari \u00ab\u00a0Aldo Moro\u00a0\u00bb &#038; Universit\u00e9 LUM Jean Monnet &#8211; Universit\u00e9 PriMED-OCI)<\/strong><\/span><\/p>\n<p style=\"padding-left: 40px;\">L\u2019objectif est de promouvoir l\u2019int\u00e9gration interculturelle et interreligieuse, \u00e9galement ouverte aux dirigeants des communaut\u00e9s religieuses, tout en favorisant la connaissance des outils et mesures de pr\u00e9vention et de lutte contre la radicalisation et le recrutement par les organisations terroristes.<br \/>\nUne attention particuli\u00e8re sera port\u00e9e aux programmes de d\u00e9-radicalisation adopt\u00e9s \u00e9galement devant les tribunaux et avec la participation d&rsquo;experts et de partenaires sociaux. <a href=\"https:\/\/primed-miur.it\/corso-congiunto-bari-lum\/\"><b><span style=\"color: #f79d1c;\">Cours et mat\u00e9riels<\/span><\/b><\/a><\/p>\n<p>[\/vc_column_text][vc_empty_space height=\u00a0\u00bb12px\u00a0\u00bb][\/vc_column_inner][vc_column_inner width=\u00a0\u00bb1\/6&Prime;][\/vc_column_inner][\/vc_row_inner][\/vc_column][vc_column width=\u00a0\u00bb1\/4&Prime;][vc_widget_sidebar sidebar_id=\u00a0\u00bbblog-sidebar\u00a0\u00bb][\/vc_column][\/vc_row]<\/p>\n<\/section>","protected":false},"excerpt":{"rendered":"<p>[vc_row full_width=\u00a0\u00bbstretch_row_content_no_spaces\u00a0\u00bb css=\u00a0\u00bb.vc_custom_1568279189416{margin-top: -50px !important;}\u00a0\u00bb][vc_column][rev_slider_vc alias=\u00a0\u00bbcorsi_congiunti-fr\u00a0\u00bb][\/vc_column][\/vc_row][vc_row][vc_column width=\u00a0\u00bb3\/4&Prime;][vc_row_inner el_class=\u00a0\u00bbmore-detail-intro fix-row-bg\u00a0\u00bb][vc_column_inner el_class=\u00a0\u00bbmore-detail-intro fix-row-bg\u00a0\u00bb width=\u00a0\u00bb5\/6&Prime;][vc_empty_space height=\u00a0\u00bb12px\u00a0\u00bb][vc_custom_heading text=\u00a0\u00bbCOURS CONJOINTS D\u00c9STIN\u00c9S AUX \u00c9TUDIANTS, MAIS AUSSI OUVERTS \u00c0 LA SOCI\u00c9T\u00c9 CIVILE ITALIENNE\u00a0\u00bb font_container=\u00a0\u00bbtag:h2|text_align:left|color:%23f79d1c\u00a0\u00bb use_theme_fonts=\u00a0\u00bbyes\u00a0\u00bb][vc_empty_space height=\u00a0\u00bb12px\u00a0\u00bb][vc_column_text]Mobilit\u00e9, religions et inclusion (TURIN &#8211; Universit\u00e9 de Turin, Universit\u00e9 PriMED-OCI) Le cours, qui alternera des enseignants de diff\u00e9rentes disciplines et universit\u00e9s, ainsi que des parties prenantes, [&hellip;]<\/p>\n","protected":false},"author":2,"featured_media":0,"parent":0,"menu_order":0,"comment_status":"closed","ping_status":"closed","template":"","meta":{"inline_featured_image":false,"footnotes":""},"yst_prominent_words":[],"class_list":["post-7616","page","type-page","status-publish","hentry"],"yoast_head":"<!-- This site is optimized with the Yoast SEO Premium plugin v14.1 - https:\/\/yoast.com\/wordpress\/plugins\/seo\/ -->\n<title>COURS CONJOINTS D\u00c9STIN\u00c9S AUX \u00c9TUDIANTS, MAIS AUSSI OUVERTS \u00c0 LA SOCI\u00c9T\u00c9 CIVILE ITALIENNE<\/title>\n<meta name=\"robots\" content=\"index, follow\" \/>\n<meta name=\"googlebot\" content=\"index, follow, max-snippet:-1, max-image-preview:large, max-video-preview:-1\" \/>\n<meta name=\"bingbot\" content=\"index, follow, max-snippet:-1, max-image-preview:large, max-video-preview:-1\" \/>\n<link rel=\"canonical\" href=\"https:\/\/primed-miur.it\/fr\/cours-conjoints-destines-aux-etudiants-mais-aussi-ouverts-a-la-societe-civile-italienne\/\" \/>\n<meta property=\"og:locale\" content=\"fr_FR\" \/>\n<meta property=\"og:type\" content=\"article\" \/>\n<meta property=\"og:title\" content=\"COURS CONJOINTS D\u00c9STIN\u00c9S AUX \u00c9TUDIANTS, MAIS AUSSI OUVERTS \u00c0 LA SOCI\u00c9T\u00c9 CIVILE ITALIENNE\" \/>\n<meta property=\"og:description\" content=\"[vc_row full_width=\u00a0\u00bbstretch_row_content_no_spaces\u00a0\u00bb css=\u00a0\u00bb.vc_custom_1568279189416{margin-top: -50px !important;}\u00a0\u00bb][vc_column][rev_slider_vc alias=\u00a0\u00bbcorsi_congiunti-fr\u00a0\u00bb][\/vc_column][\/vc_row][vc_row][vc_column width=\u00a0\u00bb3\/4&Prime;][vc_row_inner el_class=\u00a0\u00bbmore-detail-intro fix-row-bg\u00a0\u00bb][vc_column_inner el_class=\u00a0\u00bbmore-detail-intro fix-row-bg\u00a0\u00bb width=\u00a0\u00bb5\/6&Prime;][vc_empty_space height=\u00a0\u00bb12px\u00a0\u00bb][vc_custom_heading text=\u00a0\u00bbCOURS CONJOINTS D\u00c9STIN\u00c9S AUX \u00c9TUDIANTS, MAIS AUSSI OUVERTS \u00c0 LA SOCI\u00c9T\u00c9 CIVILE ITALIENNE\u00a0\u00bb font_container=\u00a0\u00bbtag:h2|text_align:left|color:%23f79d1c\u00a0\u00bb use_theme_fonts=\u00a0\u00bbyes\u00a0\u00bb][vc_empty_space height=\u00a0\u00bb12px\u00a0\u00bb][vc_column_text]Mobilit\u00e9, religions et inclusion (TURIN &#8211; Universit\u00e9 de Turin, Universit\u00e9 PriMED-OCI) Le cours, qui alternera des enseignants de diff\u00e9rentes disciplines et universit\u00e9s, ainsi que des parties prenantes, [&hellip;]\" \/>\n<meta property=\"og:url\" content=\"https:\/\/primed-miur.it\/fr\/cours-conjoints-destines-aux-etudiants-mais-aussi-ouverts-a-la-societe-civile-italienne\/\" \/>\n<meta property=\"og:site_name\" content=\"PriMED\" \/>\n<meta property=\"article:publisher\" content=\"https:\/\/www.facebook.com\/fidr.primed\" \/>\n<meta property=\"article:modified_time\" content=\"2021-03-17T19:21:48+00:00\" \/>\n<meta property=\"og:image\" content=\"https:\/\/primed-miur.it\/wp-content\/uploads\/2017\/11\/logo_video_primed.png\" \/>\n\t<meta property=\"og:image:width\" content=\"300\" \/>\n\t<meta property=\"og:image:height\" content=\"188\" \/>\n<meta name=\"twitter:card\" content=\"summary_large_image\" \/>\n<script type=\"application\/ld+json\" class=\"yoast-schema-graph\">{\"@context\":\"https:\/\/schema.org\",\"@graph\":[{\"@type\":\"Organization\",\"@id\":\"https:\/\/primed-miur.it\/fr\/#organization\",\"name\":\"PriMED\",\"url\":\"https:\/\/primed-miur.it\/fr\/\",\"sameAs\":[\"https:\/\/www.facebook.com\/fidr.primed\",\"https:\/\/instagram.com\/primed2019?igshid=1piy2qg58ea5g\"],\"logo\":{\"@type\":\"ImageObject\",\"@id\":\"https:\/\/primed-miur.it\/fr\/#logo\",\"inLanguage\":\"fr-FR\",\"url\":\"https:\/\/primed-miur.it\/wp-content\/uploads\/2017\/11\/testata-Header-PRIMED-1-2.png\",\"width\":876,\"height\":250,\"caption\":\"PriMED\"},\"image\":{\"@id\":\"https:\/\/primed-miur.it\/fr\/#logo\"}},{\"@type\":\"WebSite\",\"@id\":\"https:\/\/primed-miur.it\/fr\/#website\",\"url\":\"https:\/\/primed-miur.it\/fr\/\",\"name\":\"PriMED\",\"description\":\"PriMED - Prevenzione e interazione nello spazio Trans-Mediterraneo\",\"publisher\":{\"@id\":\"https:\/\/primed-miur.it\/fr\/#organization\"},\"potentialAction\":[{\"@type\":\"SearchAction\",\"target\":\"https:\/\/primed-miur.it\/fr\/?s={search_term_string}\",\"query-input\":\"required name=search_term_string\"}],\"inLanguage\":\"fr-FR\"},{\"@type\":\"WebPage\",\"@id\":\"https:\/\/primed-miur.it\/fr\/cours-conjoints-destines-aux-etudiants-mais-aussi-ouverts-a-la-societe-civile-italienne\/#webpage\",\"url\":\"https:\/\/primed-miur.it\/fr\/cours-conjoints-destines-aux-etudiants-mais-aussi-ouverts-a-la-societe-civile-italienne\/\",\"name\":\"COURS CONJOINTS D\\u00c9STIN\\u00c9S AUX \\u00c9TUDIANTS, MAIS AUSSI OUVERTS \\u00c0 LA SOCI\\u00c9T\\u00c9 CIVILE ITALIENNE\",\"isPartOf\":{\"@id\":\"https:\/\/primed-miur.it\/fr\/#website\"},\"datePublished\":\"2021-03-17T19:20:46+00:00\",\"dateModified\":\"2021-03-17T19:21:48+00:00\",\"inLanguage\":\"fr-FR\",\"potentialAction\":[{\"@type\":\"ReadAction\",\"target\":[\"https:\/\/primed-miur.it\/fr\/cours-conjoints-destines-aux-etudiants-mais-aussi-ouverts-a-la-societe-civile-italienne\/\"]}]}]}<\/script>\n<!-- \/ Yoast SEO Premium plugin. -->","_links":{"self":[{"href":"https:\/\/primed-miur.it\/fr\/wp-json\/wp\/v2\/pages\/7616","targetHints":{"allow":["GET"]}}],"collection":[{"href":"https:\/\/primed-miur.it\/fr\/wp-json\/wp\/v2\/pages"}],"about":[{"href":"https:\/\/primed-miur.it\/fr\/wp-json\/wp\/v2\/types\/page"}],"author":[{"embeddable":true,"href":"https:\/\/primed-miur.it\/fr\/wp-json\/wp\/v2\/users\/2"}],"replies":[{"embeddable":true,"href":"https:\/\/primed-miur.it\/fr\/wp-json\/wp\/v2\/comments?post=7616"}],"version-history":[{"count":0,"href":"https:\/\/primed-miur.it\/fr\/wp-json\/wp\/v2\/pages\/7616\/revisions"}],"wp:attachment":[{"href":"https:\/\/primed-miur.it\/fr\/wp-json\/wp\/v2\/media?parent=7616"}],"wp:term":[{"taxonomy":"yst_prominent_words","embeddable":true,"href":"https:\/\/primed-miur.it\/fr\/wp-json\/wp\/v2\/yst_prominent_words?post=7616"}],"curies":[{"name":"wp","href":"https:\/\/api.w.org\/{rel}","templated":true}]}}