{"id":7622,"date":"2021-03-17T20:40:41","date_gmt":"2021-03-17T19:40:41","guid":{"rendered":"https:\/\/primed-miur.it\/voyage-detude-dans-les-pays-oci-et-le-maroc\/"},"modified":"2021-03-17T20:43:26","modified_gmt":"2021-03-17T19:43:26","slug":"voyage-detude-dans-les-pays-oci-et-le-maroc","status":"publish","type":"page","link":"https:\/\/primed-miur.it\/fr\/voyage-detude-dans-les-pays-oci-et-le-maroc\/","title":{"rendered":"VOYAGE D\u2019\u00c9TUDE DANS LES PAYS OCI ET LE MAROC"},"content":{"rendered":"<section class=\"wpb-content-wrapper\"><p>[vc_row full_width=\u00a0\u00bbstretch_row_content_no_spaces\u00a0\u00bb css=\u00a0\u00bb.vc_custom_1568143905836{margin-top: -50px !important;}\u00a0\u00bb][vc_column][rev_slider_vc alias=\u00a0\u00bbbeirut-fr\u00a0\u00bb][\/vc_column][\/vc_row][vc_row][vc_column width=\u00a0\u00bb3\/4&Prime;][vc_row_inner][vc_column_inner][vc_custom_heading text=\u00a0\u00bbVOYAGE D\u2019\u00c9TUDE DANS LES PAYS OCI ET LE MAROC\u00a0\u00bb font_container=\u00a0\u00bbtag:h3|text_align:left|color:%23f79d1c\u00a0\u00bb use_theme_fonts=\u00a0\u00bbyes\u00a0\u00bb][vc_empty_space height=\u00a0\u00bb22px\u00a0\u00bb][\/vc_column_inner][\/vc_row_inner][vc_row_inner el_class=\u00a0\u00bbmore-detail-intro fix-row-bg\u00a0\u00bb][vc_column_inner width=\u00a0\u00bb1\/2&Prime;][vc_column_text]<\/p>\n<p style=\"text-align: justify;\">L\u2019activit\u00e9 est organis\u00e9e en coop\u00e9ration avec les <strong>universit\u00e9s marocaines du r\u00e9seau PriMED<\/strong>, et pr\u00e9voit le transfert d\u2019une vingtaine d\u2019\u00e9tudiants des universit\u00e9s PriMED au Maroc.<\/p>\n<p style=\"text-align: justify;\">Durant cette phase du projet les vingt \u00e9tudiants italiens, accompagn\u00e9s d&rsquo;enseignants du r\u00e9seau PriMED, travailleront avec vingt autres \u00e9tudiants du consortium OCI PRIMED.<\/p>\n<p style=\"text-align: justify;\">La mobilit\u00e9 se d\u00e9roulera en avril 2020 et sera organis\u00e9e sur trois axes principaux :<\/p>\n<p style=\"text-align: justify;\"><strong>1)<\/strong> Des moments d\u2019\u00e9tude et de discussion sur les th\u00e8mes de la coexistence intercommunautaire et sur la gestion des conflits dans des environnements caract\u00e9ris\u00e9s par un fort taux de diversit\u00e9 religieuse et culturelle (ces moments d\u2019\u00e9tude et de d\u00e9bat b\u00e9n\u00e9ficieront \u00e0 la fois de l\u2019apport des enseignants des universit\u00e9s marocaines PriMED et repr\u00e9sentants des communaut\u00e9s religieuses locales et de la soci\u00e9t\u00e9 civile);<\/p>\n<p>[\/vc_column_text][\/vc_column_inner][vc_column_inner width=\u00a0\u00bb1\/2&Prime;][vc_column_text]<\/p>\n<p style=\"text-align: justify;\"><strong>2)<\/strong> Des moments de visite aux communaut\u00e9s religieuses et aux exp\u00e9riences sociales les plus significatives, afin d&rsquo;entrer en contact direct avec des t\u00e9moins qui, sur le terrain, tentent d\u2019op\u00e9rer en poursuivant l\u2019objectif d\u2019inclusion sociale et d\u2019ouverture et d\u2019accueil interculturel ;<\/p>\n<p style=\"text-align: justify;\"><strong>3)<\/strong> Des moments de tourisme et de loisirs, afin de constituer un groupe d&rsquo;\u00e9tudiants solidaires, attentifs \u00e0 la d\u00e9couverte des tr\u00e9sors culturels et traditionnels du lieu.<br \/>\nUne fois la disponibilit\u00e9 du budget v\u00e9rifi\u00e9e \u00e0 la lumi\u00e8re des frais de voyage et de pension en 2020, le voyage durera de 5 \u00e0 7 jours<\/p>\n<p>[\/vc_column_text][\/vc_column_inner][\/vc_row_inner][vc_row_inner][vc_column_inner][vc_message message_box_color=\u00a0\u00bbwarning\u00a0\u00bb]Note : \u00e0 cause de l\u2019urgence Covid 19 cette activit\u00e9 du projet PriMED est report\u00e9 \u00e0 la prochaine ann\u00e9e.[\/vc_message][\/vc_column_inner][\/vc_row_inner][vc_row_inner][vc_column_inner width=\u00a0\u00bb1\/6&Prime;][vc_single_image image=\u00a0\u00bb2147&Prime; img_size=\u00a0\u00bb170&#215;120&Prime;][\/vc_column_inner][vc_column_inner width=\u00a0\u00bb1\/6&Prime;][vc_single_image image=\u00a0\u00bb2218&Prime; img_size=\u00a0\u00bb170&#215;120&Prime;][\/vc_column_inner][\/vc_row_inner][\/vc_column][vc_column width=\u00a0\u00bb1\/4&Prime;][vc_widget_sidebar sidebar_id=\u00a0\u00bbblog-sidebar\u00a0\u00bb][\/vc_column][\/vc_row]<\/p>\n<\/section>","protected":false},"excerpt":{"rendered":"<p>[vc_row full_width=\u00a0\u00bbstretch_row_content_no_spaces\u00a0\u00bb css=\u00a0\u00bb.vc_custom_1568143905836{margin-top: -50px !important;}\u00a0\u00bb][vc_column][rev_slider_vc alias=\u00a0\u00bbbeirut-fr\u00a0\u00bb][\/vc_column][\/vc_row][vc_row][vc_column width=\u00a0\u00bb3\/4&Prime;][vc_row_inner][vc_column_inner][vc_custom_heading text=\u00a0\u00bbVOYAGE D\u2019\u00c9TUDE DANS LES PAYS OCI ET LE MAROC\u00a0\u00bb font_container=\u00a0\u00bbtag:h3|text_align:left|color:%23f79d1c\u00a0\u00bb use_theme_fonts=\u00a0\u00bbyes\u00a0\u00bb][vc_empty_space height=\u00a0\u00bb22px\u00a0\u00bb][\/vc_column_inner][\/vc_row_inner][vc_row_inner el_class=\u00a0\u00bbmore-detail-intro fix-row-bg\u00a0\u00bb][vc_column_inner width=\u00a0\u00bb1\/2&Prime;][vc_column_text] L\u2019activit\u00e9 est organis\u00e9e en coop\u00e9ration avec les universit\u00e9s marocaines du r\u00e9seau PriMED, et pr\u00e9voit le transfert d\u2019une vingtaine d\u2019\u00e9tudiants des universit\u00e9s PriMED au Maroc. Durant cette phase du projet les vingt \u00e9tudiants italiens, [&hellip;]<\/p>\n","protected":false},"author":2,"featured_media":0,"parent":0,"menu_order":0,"comment_status":"closed","ping_status":"closed","template":"","meta":{"inline_featured_image":false,"footnotes":""},"yst_prominent_words":[533,493,1971,182],"class_list":["post-7622","page","type-page","status-publish","hentry"],"yoast_head":"<!-- This site is optimized with the Yoast SEO Premium plugin v14.1 - https:\/\/yoast.com\/wordpress\/plugins\/seo\/ -->\n<title>VOYAGE D\u2019\u00c9TUDE DANS LES PAYS OCI ET LE MAROC<\/title>\n<meta name=\"robots\" content=\"index, follow\" \/>\n<meta name=\"googlebot\" content=\"index, follow, max-snippet:-1, max-image-preview:large, max-video-preview:-1\" \/>\n<meta name=\"bingbot\" content=\"index, follow, max-snippet:-1, max-image-preview:large, max-video-preview:-1\" \/>\n<link rel=\"canonical\" href=\"https:\/\/primed-miur.it\/fr\/voyage-detude-dans-les-pays-oci-et-le-maroc\/\" \/>\n<meta property=\"og:locale\" content=\"fr_FR\" \/>\n<meta property=\"og:type\" content=\"article\" \/>\n<meta property=\"og:title\" content=\"VOYAGE D\u2019\u00c9TUDE DANS LES PAYS OCI ET LE MAROC\" \/>\n<meta property=\"og:description\" content=\"[vc_row full_width=\u00a0\u00bbstretch_row_content_no_spaces\u00a0\u00bb css=\u00a0\u00bb.vc_custom_1568143905836{margin-top: -50px !important;}\u00a0\u00bb][vc_column][rev_slider_vc alias=\u00a0\u00bbbeirut-fr\u00a0\u00bb][\/vc_column][\/vc_row][vc_row][vc_column width=\u00a0\u00bb3\/4&Prime;][vc_row_inner][vc_column_inner][vc_custom_heading text=\u00a0\u00bbVOYAGE D\u2019\u00c9TUDE DANS LES PAYS OCI ET LE MAROC\u00a0\u00bb font_container=\u00a0\u00bbtag:h3|text_align:left|color:%23f79d1c\u00a0\u00bb use_theme_fonts=\u00a0\u00bbyes\u00a0\u00bb][vc_empty_space height=\u00a0\u00bb22px\u00a0\u00bb][\/vc_column_inner][\/vc_row_inner][vc_row_inner el_class=\u00a0\u00bbmore-detail-intro fix-row-bg\u00a0\u00bb][vc_column_inner width=\u00a0\u00bb1\/2&Prime;][vc_column_text] L\u2019activit\u00e9 est organis\u00e9e en coop\u00e9ration avec les universit\u00e9s marocaines du r\u00e9seau PriMED, et pr\u00e9voit le transfert d\u2019une vingtaine d\u2019\u00e9tudiants des universit\u00e9s PriMED au Maroc. Durant cette phase du projet les vingt \u00e9tudiants italiens, [&hellip;]\" \/>\n<meta property=\"og:url\" content=\"https:\/\/primed-miur.it\/fr\/voyage-detude-dans-les-pays-oci-et-le-maroc\/\" \/>\n<meta property=\"og:site_name\" content=\"PriMED\" \/>\n<meta property=\"article:publisher\" content=\"https:\/\/www.facebook.com\/fidr.primed\" \/>\n<meta property=\"article:modified_time\" content=\"2021-03-17T19:43:26+00:00\" \/>\n<meta property=\"og:image\" content=\"https:\/\/primed-miur.it\/wp-content\/uploads\/2017\/11\/logo_video_primed.png\" \/>\n\t<meta property=\"og:image:width\" content=\"300\" \/>\n\t<meta property=\"og:image:height\" content=\"188\" \/>\n<meta name=\"twitter:card\" content=\"summary_large_image\" \/>\n<script type=\"application\/ld+json\" class=\"yoast-schema-graph\">{\"@context\":\"https:\/\/schema.org\",\"@graph\":[{\"@type\":\"Organization\",\"@id\":\"https:\/\/primed-miur.it\/fr\/#organization\",\"name\":\"PriMED\",\"url\":\"https:\/\/primed-miur.it\/fr\/\",\"sameAs\":[\"https:\/\/www.facebook.com\/fidr.primed\",\"https:\/\/instagram.com\/primed2019?igshid=1piy2qg58ea5g\"],\"logo\":{\"@type\":\"ImageObject\",\"@id\":\"https:\/\/primed-miur.it\/fr\/#logo\",\"inLanguage\":\"fr-FR\",\"url\":\"https:\/\/primed-miur.it\/wp-content\/uploads\/2017\/11\/testata-Header-PRIMED-1-2.png\",\"width\":876,\"height\":250,\"caption\":\"PriMED\"},\"image\":{\"@id\":\"https:\/\/primed-miur.it\/fr\/#logo\"}},{\"@type\":\"WebSite\",\"@id\":\"https:\/\/primed-miur.it\/fr\/#website\",\"url\":\"https:\/\/primed-miur.it\/fr\/\",\"name\":\"PriMED\",\"description\":\"PriMED - Prevenzione e interazione nello spazio Trans-Mediterraneo\",\"publisher\":{\"@id\":\"https:\/\/primed-miur.it\/fr\/#organization\"},\"potentialAction\":[{\"@type\":\"SearchAction\",\"target\":\"https:\/\/primed-miur.it\/fr\/?s={search_term_string}\",\"query-input\":\"required name=search_term_string\"}],\"inLanguage\":\"fr-FR\"},{\"@type\":\"WebPage\",\"@id\":\"https:\/\/primed-miur.it\/fr\/voyage-detude-dans-les-pays-oci-et-le-maroc\/#webpage\",\"url\":\"https:\/\/primed-miur.it\/fr\/voyage-detude-dans-les-pays-oci-et-le-maroc\/\",\"name\":\"VOYAGE D\\u2019\\u00c9TUDE DANS LES PAYS OCI ET LE MAROC\",\"isPartOf\":{\"@id\":\"https:\/\/primed-miur.it\/fr\/#website\"},\"datePublished\":\"2021-03-17T19:40:41+00:00\",\"dateModified\":\"2021-03-17T19:43:26+00:00\",\"inLanguage\":\"fr-FR\",\"potentialAction\":[{\"@type\":\"ReadAction\",\"target\":[\"https:\/\/primed-miur.it\/fr\/voyage-detude-dans-les-pays-oci-et-le-maroc\/\"]}]}]}<\/script>\n<!-- \/ Yoast SEO Premium plugin. -->","_links":{"self":[{"href":"https:\/\/primed-miur.it\/fr\/wp-json\/wp\/v2\/pages\/7622","targetHints":{"allow":["GET"]}}],"collection":[{"href":"https:\/\/primed-miur.it\/fr\/wp-json\/wp\/v2\/pages"}],"about":[{"href":"https:\/\/primed-miur.it\/fr\/wp-json\/wp\/v2\/types\/page"}],"author":[{"embeddable":true,"href":"https:\/\/primed-miur.it\/fr\/wp-json\/wp\/v2\/users\/2"}],"replies":[{"embeddable":true,"href":"https:\/\/primed-miur.it\/fr\/wp-json\/wp\/v2\/comments?post=7622"}],"version-history":[{"count":0,"href":"https:\/\/primed-miur.it\/fr\/wp-json\/wp\/v2\/pages\/7622\/revisions"}],"wp:attachment":[{"href":"https:\/\/primed-miur.it\/fr\/wp-json\/wp\/v2\/media?parent=7622"}],"wp:term":[{"taxonomy":"yst_prominent_words","embeddable":true,"href":"https:\/\/primed-miur.it\/fr\/wp-json\/wp\/v2\/yst_prominent_words?post=7622"}],"curies":[{"name":"wp","href":"https:\/\/api.w.org\/{rel}","templated":true}]}}