{"id":7631,"date":"2021-03-17T21:16:57","date_gmt":"2021-03-17T20:16:57","guid":{"rendered":"https:\/\/primed-miur.it\/voyage-educatif-rome\/"},"modified":"2021-03-17T21:21:30","modified_gmt":"2021-03-17T20:21:30","slug":"voyage-educatif-rome","status":"publish","type":"page","link":"https:\/\/primed-miur.it\/fr\/voyage-educatif-rome\/","title":{"rendered":"VOYAGE \u00c9DUCATIF ROME"},"content":{"rendered":"<section class=\"wpb-content-wrapper\"><p>[vc_row full_width=\u00a0\u00bbstretch_row_content_no_spaces\u00a0\u00bb css=\u00a0\u00bb.vc_custom_1567517133828{margin-top: -50px !important;}\u00a0\u00bb][vc_column css=\u00a0\u00bb.vc_custom_1567517041501{margin-top: 0px !important;}\u00a0\u00bb][rev_slider_vc alias=\u00a0\u00bbroma-fr\u00a0\u00bb][\/vc_column][\/vc_row][vc_row][vc_column width=\u00a0\u00bb3\/4&Prime; el_class=\u00a0\u00bbmore-detail-intro fix-row-bg\u00a0\u00bb][vc_row_inner][vc_column_inner css=\u00a0\u00bb.vc_custom_1602271289947{padding-top: 10px !important;padding-left: 20px !important;background-color: #233255 !important;}\u00a0\u00bb][vc_custom_heading text=\u00a0\u00bbAPPLICATION DU 12\/10\/2020 AU 19\/10\/2020&Prime; font_container=\u00a0\u00bbtag:p|text_align:left|color:%23f79d1c\u00a0\u00bb use_theme_fonts=\u00a0\u00bbyes\u00a0\u00bb link=\u00a0\u00bburl:https%3A%2F%2Fprimed-miur.it%2Fevents%2Flo-spazio-trans-mediterraneo-e-il-mondo-islamico%2F|title:L%27ESPACE%20TRANS-M%C3%89DITERRAN%C3%89EN%20ET%20LE%20MONDE%20ISLAMIQUE|\u00a0\u00bb][vc_custom_heading text=\u00a0\u00bb<b>TRANS-MED FALL SCHOOL: NEW NARRATIONS ABOUT DIVERSITY<\/b>22 OTTOBRE 2020 AL 20 NOVEMBRE 2020&Prime; font_container=\u00a0\u00bbtag:h4|text_align:left|color:%23ffffff\u00a0\u00bb use_theme_fonts=\u00a0\u00bbyes\u00a0\u00bb link=\u00a0\u00bburl:https%3A%2F%2Fprimed-miur.it%2Flo-spazio-trans-mediterraneo-e-il-mondo-islamico%2F|title:L%27ESPACE%20TRANS-M%C3%89DITERRAN%C3%89EN%20ET%20LE%20MONDE%20ISLAMIQUE|\u00a0\u00bb][vc_btn title=\u00a0\u00bbAFFICHE\u00a0\u00bb style=\u00a0\u00bbflat\u00a0\u00bb shape=\u00a0\u00bbsquare\u00a0\u00bb color=\u00a0\u00bbprimary\u00a0\u00bb size=\u00a0\u00bbsm\u00a0\u00bb i_icon_fontawesome=\u00a0\u00bbfar fa-file-image\u00a0\u00bb add_icon=\u00a0\u00bbtrue\u00a0\u00bb link=\u00a0\u00bburl:https%3A%2F%2Fprimed-miur.it%2Ffiles%2Froma%2FTans-Med%20Fall%20School_2020_flyer.pdf|title:AFFICHE|target:%20_blank|\u00a0\u00bb css=\u00a0\u00bb.vc_custom_1602271802095{margin-right: 15px !important;}\u00a0\u00bb][vc_btn title=\u00a0\u00bbTans-Med Fall School ENG\u00a0\u00bb style=\u00a0\u00bbflat\u00a0\u00bb shape=\u00a0\u00bbsquare\u00a0\u00bb color=\u00a0\u00bbprimary\u00a0\u00bb size=\u00a0\u00bbsm\u00a0\u00bb i_icon_fontawesome=\u00a0\u00bbfar fa-file-image\u00a0\u00bb add_icon=\u00a0\u00bbtrue\u00a0\u00bb link=\u00a0\u00bburl:https%3A%2F%2Fprimed-miur.it%2Ffiles%2Froma%2FCALL%20Trans-Med_Fall_School_2020.pdf|title:information|target:%20_blank|\u00a0\u00bb css=\u00a0\u00bb.vc_custom_1602272339695{margin-right: 15px !important;}\u00a0\u00bb][vc_btn title=\u00a0\u00bbTrans-Med Fall School FR\u00a0\u00bb style=\u00a0\u00bbflat\u00a0\u00bb shape=\u00a0\u00bbsquare\u00a0\u00bb color=\u00a0\u00bbprimary\u00a0\u00bb size=\u00a0\u00bbsm\u00a0\u00bb i_icon_fontawesome=\u00a0\u00bbfar fa-file-image\u00a0\u00bb add_icon=\u00a0\u00bbtrue\u00a0\u00bb link=\u00a0\u00bburl:https%3A%2F%2Fprimed-miur.it%2Ffiles%2Froma%2FCALL%20Trans-Med_Fall_School_FR.pdf|title:Tans-Med%20Fall%20School|target:%20_blank|\u00a0\u00bb][\/vc_column_inner][\/vc_row_inner][vc_column_text]<\/p>\n<h3><span style=\"color: #f79d1c;\">Universit\u00e9 Roma Trois \u2013 Universit\u00e9 Link Campus<\/span><br \/>\n<span style=\"color: #f79d1c;\">29 settembre &#8211; 4 octobre 2019<\/span><br \/>\n<span style=\"color: #f79d1c;\">Rome, Italie<\/span><\/h3>\n<p>[\/vc_column_text][vc_column_text]Du 29 septembre au 4 octobre, dans le cadre des activit\u00e9s du projet international Primed &#8211; Pr\u00e9vention et interaction dans l&rsquo;espace trans-m\u00e9diterran\u00e9en -, l&rsquo;Universit\u00e9 de Roma Trois en collaboration avec l&rsquo;Universit\u00e9 Link Campus a organis\u00e9 un voyage d&rsquo;\u00e9tude \u00e0 Rome, qui a vu la participation d&rsquo;une quarantaine d&rsquo;\u00e9tudiants s\u00e9lectionn\u00e9s dans les universit\u00e9s partenaires du projet.<br \/>\nLes \u00e9tudiants ont \u00e9t\u00e9 amen\u00e9s \u00e0 d\u00e9couvrir les lieux de la diversit\u00e9 religieuse pr\u00e9sents \u00e0 Rome, dans un voyage qui les a vus participer personnellement \u00e0 la dynamique \u00e0 travers laquelle se d\u00e9roulent les processus d&rsquo;interaction et d&rsquo;int\u00e9gration.<br \/>\nSept pays repr\u00e9sent\u00e9s par les participants : outre l&rsquo;Italie, il y avait des \u00e9tudiants du<br \/>\nMaroc, Alg\u00e9rie, Liban, Tchad, de Tunisie et d&rsquo;Egypte.[\/vc_column_text][vc_empty_space height=\u00a0\u00bb15px\u00a0\u00bb][vc_video link=\u00a0\u00bbhttps:\/\/youtu.be\/msUV9biIK1k\u00a0\u00bb el_width=\u00a0\u00bb70&Prime; align=\u00a0\u00bbcenter\u00a0\u00bb][vc_empty_space height=\u00a0\u00bb15px\u00a0\u00bb][vc_custom_heading text=\u00a0\u00bbPROGRAMME\u00a0\u00bb font_container=\u00a0\u00bbtag:h3|text_align:left|color:%23ec9101&Prime; use_theme_fonts=\u00a0\u00bbyes\u00a0\u00bb][vc_empty_space height=\u00a0\u00bb15px\u00a0\u00bb][vc_btn title=\u00a0\u00bbProgramme PDF\u00a0\u00bb style=\u00a0\u00bbclassic\u00a0\u00bb shape=\u00a0\u00bbsquare\u00a0\u00bb color=\u00a0\u00bbprimary\u00a0\u00bb size=\u00a0\u00bbsm\u00a0\u00bb i_icon_fontawesome=\u00a0\u00bbfar fa-file-pdf\u00a0\u00bb add_icon=\u00a0\u00bbtrue\u00a0\u00bb link=\u00a0\u00bburl:https%3A%2F%2Fprimed-miur.it%2Ffiles%2FPROGRAMMA_roma3.pdf|title:programme%20de%20voyage%20%C3%A0%20Rome%20PriMed|target:%20_blank|\u00a0\u00bb][vc_empty_space height=\u00a0\u00bb15px\u00a0\u00bb][vc_custom_heading text=\u00a0\u00bbAFFICHE\u00a0\u00bb font_container=\u00a0\u00bbtag:h3|text_align:left|color:%23ec9101&Prime; use_theme_fonts=\u00a0\u00bbyes\u00a0\u00bb][vc_column_text]<\/p>\n<p style=\"text-align: left;\">\u201c\u00c0 la fin du voyage d&rsquo;\u00e9tude, les participants ont r\u00e9dig\u00e9 un manifeste qui commence par quelques mots cl\u00e9s pour d\u00e9crire leur exp\u00e9rience et leurs id\u00e9es sur le multiculturalisme et la diversit\u00e9 religieuse.\u201d.<\/p>\n<p>[\/vc_column_text][vc_btn title=\u00a0\u00bbAffiche PDF\u00a0\u00bb style=\u00a0\u00bbclassic\u00a0\u00bb shape=\u00a0\u00bbsquare\u00a0\u00bb color=\u00a0\u00bbprimary\u00a0\u00bb size=\u00a0\u00bbsm\u00a0\u00bb i_icon_fontawesome=\u00a0\u00bbfar fa-file-pdf\u00a0\u00bb add_icon=\u00a0\u00bbtrue\u00a0\u00bb link=\u00a0\u00bburl:https%3A%2F%2FPRIMED-MIUR.IT%2Ffiles%2Froma%2FManifesto.pdf|target:%20_blank|\u00a0\u00bb][vc_custom_heading text=\u00a0\u00bbVoyage \u00e0 Rome par Paolo Pascucci\u00a0\u00bb font_container=\u00a0\u00bbtag:h3|text_align:left|color:%23db8a00&Prime; use_theme_fonts=\u00a0\u00bbyes\u00a0\u00bb link=\u00a0\u00bbtarget:%20_blank|\u00a0\u00bb][vc_column_text]<\/p>\n<p style=\"text-align: left;\">Article qui reconte le voyage d&rsquo;\u00e9tude publi\u00e9 dans le num\u00e9ro de d\u00e9cembre 2019 du magazine Confronti, a magazine mensuel qui traite du pluralisme religieux, de la politique et de la culture<\/p>\n<p>[\/vc_column_text][vc_btn title=\u00a0\u00bbPaolo Pascucci\u00a0\u00bb style=\u00a0\u00bbclassic\u00a0\u00bb shape=\u00a0\u00bbsquare\u00a0\u00bb color=\u00a0\u00bbprimary\u00a0\u00bb size=\u00a0\u00bbsm\u00a0\u00bb i_icon_fontawesome=\u00a0\u00bbfar fa-file-pdf\u00a0\u00bb add_icon=\u00a0\u00bbtrue\u00a0\u00bb link=\u00a0\u00bburl:https%3A%2F%2Fprimed-miur.it%2Fwp-content%2Fuploads%2F2017%2F12%2FViaggio_a_roma_Pascucci-PriMED.pdf|title:Voyage%20%C3%A0%20Rome|target:%20_blank|\u00a0\u00bb][vc_custom_heading text=\u00a0\u00bbRAPPORT\u00a0\u00bb font_container=\u00a0\u00bbtag:h3|text_align:left|color:%23EC9101&Prime; use_theme_fonts=\u00a0\u00bbyes\u00a0\u00bb][vc_column_text]<br \/>\nRapport \u00e9motionnel des journ\u00e9es de voyage d&rsquo;\u00e9tude r\u00e9dig\u00e9 par les \u00e9tudiants.<br \/>\n[\/vc_column_text][vc_btn title=\u00a0\u00bbRapport Eng\u00a0\u00bb style=\u00a0\u00bbclassic\u00a0\u00bb shape=\u00a0\u00bbsquare\u00a0\u00bb color=\u00a0\u00bbprimary\u00a0\u00bb size=\u00a0\u00bbsm\u00a0\u00bb i_icon_fontawesome=\u00a0\u00bbfar fa-file-pdf\u00a0\u00bb add_icon=\u00a0\u00bbtrue\u00a0\u00bb link=\u00a0\u00bburl:https%3A%2F%2FPRIMED-MIUR.IT%2Ffiles%2Froma%2FRelazione_ENG.pdf|target:%20_blank|\u00a0\u00bb][vc_btn title=\u00a0\u00bbRapport Fr\u00a0\u00bb style=\u00a0\u00bbclassic\u00a0\u00bb shape=\u00a0\u00bbsquare\u00a0\u00bb color=\u00a0\u00bbprimary\u00a0\u00bb size=\u00a0\u00bbsm\u00a0\u00bb i_icon_fontawesome=\u00a0\u00bbfar fa-file-pdf\u00a0\u00bb add_icon=\u00a0\u00bbtrue\u00a0\u00bb link=\u00a0\u00bburl:https%3A%2F%2FPRIMED-MIUR.IT%2Ffiles%2Froma%2FRelazione_FR.pdf|target:%20_blank|\u00a0\u00bb][vc_btn title=\u00a0\u00bbRapport Ita\u00a0\u00bb style=\u00a0\u00bbclassic\u00a0\u00bb shape=\u00a0\u00bbsquare\u00a0\u00bb color=\u00a0\u00bbprimary\u00a0\u00bb size=\u00a0\u00bbsm\u00a0\u00bb i_icon_fontawesome=\u00a0\u00bbfar fa-file-pdf\u00a0\u00bb add_icon=\u00a0\u00bbtrue\u00a0\u00bb link=\u00a0\u00bburl:https%3A%2F%2FPRIMED-MIUR.IT%2Ffiles%2Froma%2FRelazione_ITA.pdf|target:%20_blank|\u00a0\u00bb][vc_empty_space height=\u00a0\u00bb15px\u00a0\u00bb][vc_custom_heading text=\u00a0\u00bbGALLERY\u00a0\u00bb font_container=\u00a0\u00bbtag:h3|text_align:left|color:%23db8a00&Prime; use_theme_fonts=\u00a0\u00bbyes\u00a0\u00bb][vc_tta_tour][vc_tta_section title=\u00a0\u00bb29 Septembre\u00a0\u00bb tab_id=\u00a0\u00bb29_Settembre\u00a0\u00bb][vc_gallery type=\u00a0\u00bbimage_grid\u00a0\u00bb images=\u00a0\u00bb4454,4458,4462,4466,4470,4474,4478,4482,4486&Prime;][\/vc_tta_section][vc_tta_section title=\u00a0\u00bb30 Septembre\u00a0\u00bb tab_id=\u00a0\u00bb30_Settembre\u00a0\u00bb][vc_gallery type=\u00a0\u00bbimage_grid\u00a0\u00bb images=\u00a0\u00bb4535,4539,4547,4551,4559,4563,4567,4571,4575,4579,4583,4587,4591&Prime;][\/vc_tta_section][vc_tta_section title=\u00a0\u00bb1 Octobre\u00a0\u00bb tab_id=\u00a0\u00bb1_Ottobre\u00a0\u00bb][vc_gallery type=\u00a0\u00bbimage_grid\u00a0\u00bb images=\u00a0\u00bb4595,4599,4603&Prime;][\/vc_tta_section][vc_tta_section title=\u00a0\u00bb2 Octobre\u00a0\u00bb tab_id=\u00a0\u00bb2_Ottobre\u00a0\u00bb][vc_gallery type=\u00a0\u00bbimage_grid\u00a0\u00bb images=\u00a0\u00bb4607,4611,4619,4623,4627,4631,4635,4639,4643&Prime;][\/vc_tta_section][vc_tta_section title=\u00a0\u00bb3 Octobre\u00a0\u00bb tab_id=\u00a0\u00bb3_Ottobre\u00a0\u00bb][vc_gallery type=\u00a0\u00bbimage_grid\u00a0\u00bb images=\u00a0\u00bb4647,4651,4655,4663,4667,4671,4675,4683,4687,4691,4695,4699,4703,4707,4711,4715,4719,4723,4727,4735,4739,4743,4747,4751,4755,4759&Prime;][\/vc_tta_section][\/vc_tta_tour][\/vc_column][vc_column width=\u00a0\u00bb1\/4&Prime;][vc_widget_sidebar sidebar_id=\u00a0\u00bbblog-sidebar\u00a0\u00bb][\/vc_column][\/vc_row]<\/p>\n<\/section>","protected":false},"excerpt":{"rendered":"<p>[vc_row full_width=\u00a0\u00bbstretch_row_content_no_spaces\u00a0\u00bb css=\u00a0\u00bb.vc_custom_1567517133828{margin-top: -50px !important;}\u00a0\u00bb][vc_column css=\u00a0\u00bb.vc_custom_1567517041501{margin-top: 0px !important;}\u00a0\u00bb][rev_slider_vc alias=\u00a0\u00bbroma-fr\u00a0\u00bb][\/vc_column][\/vc_row][vc_row][vc_column width=\u00a0\u00bb3\/4&Prime; el_class=\u00a0\u00bbmore-detail-intro fix-row-bg\u00a0\u00bb][vc_row_inner][vc_column_inner css=\u00a0\u00bb.vc_custom_1602271289947{padding-top: 10px !important;padding-left: 20px !important;background-color: #233255 !important;}\u00a0\u00bb][vc_custom_heading text=\u00a0\u00bbAPPLICATION DU 12\/10\/2020 AU 19\/10\/2020&Prime; font_container=\u00a0\u00bbtag:p|text_align:left|color:%23f79d1c\u00a0\u00bb use_theme_fonts=\u00a0\u00bbyes\u00a0\u00bb link=\u00a0\u00bburl:https%3A%2F%2Fprimed-miur.it%2Fevents%2Flo-spazio-trans-mediterraneo-e-il-mondo-islamico%2F|title:L%27ESPACE%20TRANS-M%C3%89DITERRAN%C3%89EN%20ET%20LE%20MONDE%20ISLAMIQUE|\u00a0\u00bb][vc_custom_heading text=\u00a0\u00bbTRANS-MED FALL SCHOOL: NEW NARRATIONS ABOUT DIVERSITY22 OTTOBRE 2020 AL 20 NOVEMBRE 2020&Prime; font_container=\u00a0\u00bbtag:h4|text_align:left|color:%23ffffff\u00a0\u00bb use_theme_fonts=\u00a0\u00bbyes\u00a0\u00bb link=\u00a0\u00bburl:https%3A%2F%2Fprimed-miur.it%2Flo-spazio-trans-mediterraneo-e-il-mondo-islamico%2F|title:L%27ESPACE%20TRANS-M%C3%89DITERRAN%C3%89EN%20ET%20LE%20MONDE%20ISLAMIQUE|\u00a0\u00bb][vc_btn title=\u00a0\u00bbAFFICHE\u00a0\u00bb style=\u00a0\u00bbflat\u00a0\u00bb shape=\u00a0\u00bbsquare\u00a0\u00bb color=\u00a0\u00bbprimary\u00a0\u00bb size=\u00a0\u00bbsm\u00a0\u00bb i_icon_fontawesome=\u00a0\u00bbfar fa-file-image\u00a0\u00bb add_icon=\u00a0\u00bbtrue\u00a0\u00bb link=\u00a0\u00bburl:https%3A%2F%2Fprimed-miur.it%2Ffiles%2Froma%2FTans-Med%20Fall%20School_2020_flyer.pdf|title:AFFICHE|target:%20_blank|\u00a0\u00bb css=\u00a0\u00bb.vc_custom_1602271802095{margin-right: 15px !important;}\u00a0\u00bb][vc_btn [&hellip;]<\/p>\n","protected":false},"author":2,"featured_media":5815,"parent":0,"menu_order":0,"comment_status":"closed","ping_status":"closed","template":"","meta":{"inline_featured_image":false,"footnotes":""},"yst_prominent_words":[592,1778,501,535,492,500,370],"class_list":["post-7631","page","type-page","status-publish","has-post-thumbnail","hentry"],"yoast_head":"<!-- This site is optimized with the Yoast SEO Premium plugin v14.1 - https:\/\/yoast.com\/wordpress\/plugins\/seo\/ -->\n<title>VOYAGE \u00c9DUCATIF ROME<\/title>\n<meta name=\"robots\" content=\"index, follow\" \/>\n<meta name=\"googlebot\" content=\"index, follow, max-snippet:-1, max-image-preview:large, max-video-preview:-1\" \/>\n<meta name=\"bingbot\" content=\"index, follow, max-snippet:-1, max-image-preview:large, max-video-preview:-1\" \/>\n<link rel=\"canonical\" href=\"https:\/\/primed-miur.it\/fr\/voyage-educatif-rome\/\" \/>\n<meta property=\"og:locale\" content=\"fr_FR\" \/>\n<meta property=\"og:type\" content=\"article\" \/>\n<meta property=\"og:title\" content=\"VOYAGE \u00c9DUCATIF ROME\" \/>\n<meta property=\"og:description\" content=\"[vc_row full_width=\u00a0\u00bbstretch_row_content_no_spaces\u00a0\u00bb css=\u00a0\u00bb.vc_custom_1567517133828{margin-top: -50px !important;}\u00a0\u00bb][vc_column css=\u00a0\u00bb.vc_custom_1567517041501{margin-top: 0px !important;}\u00a0\u00bb][rev_slider_vc alias=\u00a0\u00bbroma-fr\u00a0\u00bb][\/vc_column][\/vc_row][vc_row][vc_column width=\u00a0\u00bb3\/4&Prime; el_class=\u00a0\u00bbmore-detail-intro fix-row-bg\u00a0\u00bb][vc_row_inner][vc_column_inner css=\u00a0\u00bb.vc_custom_1602271289947{padding-top: 10px !important;padding-left: 20px !important;background-color: #233255 !important;}\u00a0\u00bb][vc_custom_heading text=\u00a0\u00bbAPPLICATION DU 12\/10\/2020 AU 19\/10\/2020&Prime; font_container=\u00a0\u00bbtag:p|text_align:left|color:%23f79d1c\u00a0\u00bb use_theme_fonts=\u00a0\u00bbyes\u00a0\u00bb link=\u00a0\u00bburl:https%3A%2F%2Fprimed-miur.it%2Fevents%2Flo-spazio-trans-mediterraneo-e-il-mondo-islamico%2F|title:L%27ESPACE%20TRANS-M%C3%89DITERRAN%C3%89EN%20ET%20LE%20MONDE%20ISLAMIQUE|\u00a0\u00bb][vc_custom_heading text=\u00a0\u00bbTRANS-MED FALL SCHOOL: NEW NARRATIONS ABOUT DIVERSITY22 OTTOBRE 2020 AL 20 NOVEMBRE 2020&Prime; font_container=\u00a0\u00bbtag:h4|text_align:left|color:%23ffffff\u00a0\u00bb use_theme_fonts=\u00a0\u00bbyes\u00a0\u00bb link=\u00a0\u00bburl:https%3A%2F%2Fprimed-miur.it%2Flo-spazio-trans-mediterraneo-e-il-mondo-islamico%2F|title:L%27ESPACE%20TRANS-M%C3%89DITERRAN%C3%89EN%20ET%20LE%20MONDE%20ISLAMIQUE|\u00a0\u00bb][vc_btn title=\u00a0\u00bbAFFICHE\u00a0\u00bb style=\u00a0\u00bbflat\u00a0\u00bb shape=\u00a0\u00bbsquare\u00a0\u00bb color=\u00a0\u00bbprimary\u00a0\u00bb size=\u00a0\u00bbsm\u00a0\u00bb i_icon_fontawesome=\u00a0\u00bbfar fa-file-image\u00a0\u00bb add_icon=\u00a0\u00bbtrue\u00a0\u00bb link=\u00a0\u00bburl:https%3A%2F%2Fprimed-miur.it%2Ffiles%2Froma%2FTans-Med%20Fall%20School_2020_flyer.pdf|title:AFFICHE|target:%20_blank|\u00a0\u00bb css=\u00a0\u00bb.vc_custom_1602271802095{margin-right: 15px !important;}\u00a0\u00bb][vc_btn [&hellip;]\" \/>\n<meta property=\"og:url\" content=\"https:\/\/primed-miur.it\/fr\/voyage-educatif-rome\/\" \/>\n<meta property=\"og:site_name\" content=\"PriMED\" \/>\n<meta property=\"article:publisher\" content=\"https:\/\/www.facebook.com\/fidr.primed\" \/>\n<meta property=\"article:modified_time\" content=\"2021-03-17T20:21:30+00:00\" \/>\n<meta property=\"og:image\" content=\"https:\/\/primed-miur.it\/wp-content\/uploads\/2019\/07\/presentazione_roma3.jpg\" \/>\n\t<meta property=\"og:image:width\" content=\"1160\" \/>\n\t<meta property=\"og:image:height\" content=\"551\" \/>\n<meta name=\"twitter:card\" content=\"summary_large_image\" \/>\n<script type=\"application\/ld+json\" class=\"yoast-schema-graph\">{\"@context\":\"https:\/\/schema.org\",\"@graph\":[{\"@type\":\"Organization\",\"@id\":\"https:\/\/primed-miur.it\/fr\/#organization\",\"name\":\"PriMED\",\"url\":\"https:\/\/primed-miur.it\/fr\/\",\"sameAs\":[\"https:\/\/www.facebook.com\/fidr.primed\",\"https:\/\/instagram.com\/primed2019?igshid=1piy2qg58ea5g\"],\"logo\":{\"@type\":\"ImageObject\",\"@id\":\"https:\/\/primed-miur.it\/fr\/#logo\",\"inLanguage\":\"fr-FR\",\"url\":\"https:\/\/primed-miur.it\/wp-content\/uploads\/2017\/11\/testata-Header-PRIMED-1-2.png\",\"width\":876,\"height\":250,\"caption\":\"PriMED\"},\"image\":{\"@id\":\"https:\/\/primed-miur.it\/fr\/#logo\"}},{\"@type\":\"WebSite\",\"@id\":\"https:\/\/primed-miur.it\/fr\/#website\",\"url\":\"https:\/\/primed-miur.it\/fr\/\",\"name\":\"PriMED\",\"description\":\"PriMED - Prevenzione e interazione nello spazio Trans-Mediterraneo\",\"publisher\":{\"@id\":\"https:\/\/primed-miur.it\/fr\/#organization\"},\"potentialAction\":[{\"@type\":\"SearchAction\",\"target\":\"https:\/\/primed-miur.it\/fr\/?s={search_term_string}\",\"query-input\":\"required name=search_term_string\"}],\"inLanguage\":\"fr-FR\"},{\"@type\":\"ImageObject\",\"@id\":\"https:\/\/primed-miur.it\/fr\/voyage-educatif-rome\/#primaryimage\",\"inLanguage\":\"fr-FR\",\"url\":\"https:\/\/primed-miur.it\/wp-content\/uploads\/2019\/07\/presentazione_roma3.jpg\",\"width\":1160,\"height\":551},{\"@type\":\"WebPage\",\"@id\":\"https:\/\/primed-miur.it\/fr\/voyage-educatif-rome\/#webpage\",\"url\":\"https:\/\/primed-miur.it\/fr\/voyage-educatif-rome\/\",\"name\":\"VOYAGE \\u00c9DUCATIF ROME\",\"isPartOf\":{\"@id\":\"https:\/\/primed-miur.it\/fr\/#website\"},\"primaryImageOfPage\":{\"@id\":\"https:\/\/primed-miur.it\/fr\/voyage-educatif-rome\/#primaryimage\"},\"datePublished\":\"2021-03-17T20:16:57+00:00\",\"dateModified\":\"2021-03-17T20:21:30+00:00\",\"inLanguage\":\"fr-FR\",\"potentialAction\":[{\"@type\":\"ReadAction\",\"target\":[\"https:\/\/primed-miur.it\/fr\/voyage-educatif-rome\/\"]}]}]}<\/script>\n<!-- \/ Yoast SEO Premium plugin. -->","_links":{"self":[{"href":"https:\/\/primed-miur.it\/fr\/wp-json\/wp\/v2\/pages\/7631","targetHints":{"allow":["GET"]}}],"collection":[{"href":"https:\/\/primed-miur.it\/fr\/wp-json\/wp\/v2\/pages"}],"about":[{"href":"https:\/\/primed-miur.it\/fr\/wp-json\/wp\/v2\/types\/page"}],"author":[{"embeddable":true,"href":"https:\/\/primed-miur.it\/fr\/wp-json\/wp\/v2\/users\/2"}],"replies":[{"embeddable":true,"href":"https:\/\/primed-miur.it\/fr\/wp-json\/wp\/v2\/comments?post=7631"}],"version-history":[{"count":0,"href":"https:\/\/primed-miur.it\/fr\/wp-json\/wp\/v2\/pages\/7631\/revisions"}],"wp:featuredmedia":[{"embeddable":true,"href":"https:\/\/primed-miur.it\/fr\/wp-json\/wp\/v2\/media\/5815"}],"wp:attachment":[{"href":"https:\/\/primed-miur.it\/fr\/wp-json\/wp\/v2\/media?parent=7631"}],"wp:term":[{"taxonomy":"yst_prominent_words","embeddable":true,"href":"https:\/\/primed-miur.it\/fr\/wp-json\/wp\/v2\/yst_prominent_words?post=7631"}],"curies":[{"name":"wp","href":"https:\/\/api.w.org\/{rel}","templated":true}]}}