{"id":7648,"date":"2021-03-20T20:36:53","date_gmt":"2021-03-20T19:36:53","guid":{"rendered":"https:\/\/primed-miur.it\/universite-dautomne-rabat\/"},"modified":"2021-11-11T12:09:28","modified_gmt":"2021-11-11T11:09:28","slug":"universite-dautomne-rabat","status":"publish","type":"page","link":"https:\/\/primed-miur.it\/fr\/universite-dautomne-rabat\/","title":{"rendered":"UNIVERSIT\u00c9 D&rsquo;AUTOMNE &#8211; RABAT"},"content":{"rendered":"<section class=\"wpb-content-wrapper\"><p>[vc_row full_width=\u00a0\u00bbstretch_row_content_no_spaces\u00a0\u00bb css=\u00a0\u00bb.vc_custom_1568279189416{margin-top: -50px !important;}\u00a0\u00bb][vc_column][rev_slider_vc alias=\u00a0\u00bbWINTER-2020-FR\u00a0\u00bb][\/vc_column][\/vc_row][vc_row][vc_column width=\u00a0\u00bb3\/4&Prime;][vc_row_inner][vc_column_inner width=\u00a0\u00bb5\/6&Prime;][vc_empty_space height=\u00a0\u00bb12px\u00a0\u00bb][vc_custom_heading text=\u00a0\u00bbUNIVERSIT\u00c9 D&rsquo;AUTOMNE &#8211; RABAT\u00a0\u00bb font_container=\u00a0\u00bbtag:h1|text_align:left|color:%23233255&Prime; use_theme_fonts=\u00a0\u00bbyes\u00a0\u00bb][vc_column_text]<\/p>\n<div class=\"page\" title=\"Page 1\">\n<p>&nbsp;<\/p>\n<div class=\"layoutArea\">\n<div class=\"column\">\n<h3><span style=\"color: #ff9d03;\"><strong>POUR LES DIRIGEANTS DU SYST\u00c8ME P\u00c9NITENTIEL<\/strong><\/span><\/h3>\n<h6>Universit\u00e9 de Padoue &#8211; Link Campus Universit\u00e9 de Rome &#8211; Universit\u00e9 Internationale de Rabat<\/h6>\n<\/div>\n<\/div>\n<\/div>\n<p>[\/vc_column_text][vc_empty_space height=\u00a0\u00bb12px\u00a0\u00bb][vc_single_image image=\u00a0\u00bb3135&Prime; img_size=\u00a0\u00bblarge\u00a0\u00bb][vc_empty_space height=\u00a0\u00bb12px\u00a0\u00bb][vc_column_text]<\/p>\n<div class=\"page\" title=\"Page 1\">\n<div class=\"section\">\n<div class=\"layoutArea\">\n<div class=\"column\">\n<p style=\"text-align: justify;\">L\u2019universit\u00e9 d\u2019automne est organis\u00e9e en coop\u00e9ration avec l&rsquo;Universit\u00e9 Internationale de Rabat (UIR) du 9 au 13 novembre 2020 et pr\u00e9voit le transfert de 10 dirigeants du syst\u00e8me p\u00e9nitentiaire italien au si\u00e8ge de l&rsquo;Universit\u00e9 marocaine, o\u00f9 ils seront impliqu\u00e9s, avec 10 dirigeants du syst\u00e8me p\u00e9nitentiaire marocain, dans un programme de conf\u00e9rences, s\u00e9minaires et ateliers sur les th\u00e8mes de la pr\u00e9vention et du contraste de la radicalisation et le pros\u00e9lytisme djihadiste dans l&rsquo;espace carc\u00e9ral des deux pays.<\/p>\n<\/div>\n<\/div>\n<\/div>\n<\/div>\n<p>[\/vc_column_text][\/vc_column_inner][vc_column_inner width=\u00a0\u00bb1\/6&Prime;][\/vc_column_inner][\/vc_row_inner][\/vc_column][vc_column width=\u00a0\u00bb1\/4&Prime;][vc_widget_sidebar sidebar_id=\u00a0\u00bbblog-sidebar\u00a0\u00bb][\/vc_column][\/vc_row][vc_row][vc_column][vc_column_text]<\/p>\n<p>[\/vc_column_text][\/vc_column][\/vc_row]<\/p>\n<\/section>","protected":false},"excerpt":{"rendered":"<p>[vc_row full_width=\u00a0\u00bbstretch_row_content_no_spaces\u00a0\u00bb css=\u00a0\u00bb.vc_custom_1568279189416{margin-top: -50px !important;}\u00a0\u00bb][vc_column][rev_slider_vc alias=\u00a0\u00bbWINTER-2020-FR\u00a0\u00bb][\/vc_column][\/vc_row][vc_row][vc_column width=\u00a0\u00bb3\/4&Prime;][vc_row_inner][vc_column_inner width=\u00a0\u00bb5\/6&Prime;][vc_empty_space height=\u00a0\u00bb12px\u00a0\u00bb][vc_custom_heading text=\u00a0\u00bbUNIVERSIT\u00c9 D&rsquo;AUTOMNE &#8211; RABAT\u00a0\u00bb font_container=\u00a0\u00bbtag:h1|text_align:left|color:%23233255&Prime; use_theme_fonts=\u00a0\u00bbyes\u00a0\u00bb][vc_column_text] &nbsp; POUR LES DIRIGEANTS DU SYST\u00c8ME P\u00c9NITENTIEL Universit\u00e9 de Padoue &#8211; Link Campus Universit\u00e9 de Rome &#8211; Universit\u00e9 Internationale de Rabat [\/vc_column_text][vc_empty_space height=\u00a0\u00bb12px\u00a0\u00bb][vc_single_image image=\u00a0\u00bb3135&Prime; img_size=\u00a0\u00bblarge\u00a0\u00bb][vc_empty_space height=\u00a0\u00bb12px\u00a0\u00bb][vc_column_text] L\u2019universit\u00e9 d\u2019automne est organis\u00e9e en coop\u00e9ration avec l&rsquo;Universit\u00e9 Internationale de Rabat (UIR) du 9 [&hellip;]<\/p>\n","protected":false},"author":2,"featured_media":0,"parent":0,"menu_order":0,"comment_status":"closed","ping_status":"closed","template":"","meta":{"inline_featured_image":false,"footnotes":""},"yst_prominent_words":[371,373,503,502,1548,370,480],"class_list":["post-7648","page","type-page","status-publish","hentry"],"yoast_head":"<!-- This site is optimized with the Yoast SEO Premium plugin v14.1 - https:\/\/yoast.com\/wordpress\/plugins\/seo\/ -->\n<title>UNIVERSIT\u00c9 D&#039;AUTOMNE - RABAT<\/title>\n<meta name=\"robots\" content=\"index, follow\" \/>\n<meta name=\"googlebot\" content=\"index, follow, max-snippet:-1, max-image-preview:large, max-video-preview:-1\" \/>\n<meta name=\"bingbot\" content=\"index, follow, max-snippet:-1, max-image-preview:large, max-video-preview:-1\" \/>\n<link rel=\"canonical\" href=\"https:\/\/primed-miur.it\/fr\/universite-dautomne-rabat\/\" \/>\n<meta property=\"og:locale\" content=\"fr_FR\" \/>\n<meta property=\"og:type\" content=\"article\" \/>\n<meta property=\"og:title\" content=\"UNIVERSIT\u00c9 D&#039;AUTOMNE - RABAT\" \/>\n<meta property=\"og:description\" content=\"[vc_row full_width=\u00a0\u00bbstretch_row_content_no_spaces\u00a0\u00bb css=\u00a0\u00bb.vc_custom_1568279189416{margin-top: -50px !important;}\u00a0\u00bb][vc_column][rev_slider_vc alias=\u00a0\u00bbWINTER-2020-FR\u00a0\u00bb][\/vc_column][\/vc_row][vc_row][vc_column width=\u00a0\u00bb3\/4&Prime;][vc_row_inner][vc_column_inner width=\u00a0\u00bb5\/6&Prime;][vc_empty_space height=\u00a0\u00bb12px\u00a0\u00bb][vc_custom_heading text=\u00a0\u00bbUNIVERSIT\u00c9 D&rsquo;AUTOMNE &#8211; RABAT\u00a0\u00bb font_container=\u00a0\u00bbtag:h1|text_align:left|color:%23233255&Prime; use_theme_fonts=\u00a0\u00bbyes\u00a0\u00bb][vc_column_text] &nbsp; POUR LES DIRIGEANTS DU SYST\u00c8ME P\u00c9NITENTIEL Universit\u00e9 de Padoue &#8211; Link Campus Universit\u00e9 de Rome &#8211; Universit\u00e9 Internationale de Rabat [\/vc_column_text][vc_empty_space height=\u00a0\u00bb12px\u00a0\u00bb][vc_single_image image=\u00a0\u00bb3135&Prime; img_size=\u00a0\u00bblarge\u00a0\u00bb][vc_empty_space height=\u00a0\u00bb12px\u00a0\u00bb][vc_column_text] L\u2019universit\u00e9 d\u2019automne est organis\u00e9e en coop\u00e9ration avec l&rsquo;Universit\u00e9 Internationale de Rabat (UIR) du 9 [&hellip;]\" \/>\n<meta property=\"og:url\" content=\"https:\/\/primed-miur.it\/fr\/universite-dautomne-rabat\/\" \/>\n<meta property=\"og:site_name\" content=\"PriMED\" \/>\n<meta property=\"article:publisher\" content=\"https:\/\/www.facebook.com\/fidr.primed\" \/>\n<meta property=\"article:modified_time\" content=\"2021-11-11T11:09:28+00:00\" \/>\n<meta property=\"og:image\" content=\"https:\/\/primed-miur.it\/wp-content\/uploads\/2017\/11\/logo_video_primed.png\" \/>\n\t<meta property=\"og:image:width\" content=\"300\" \/>\n\t<meta property=\"og:image:height\" content=\"188\" \/>\n<meta name=\"twitter:card\" content=\"summary_large_image\" \/>\n<script type=\"application\/ld+json\" class=\"yoast-schema-graph\">{\"@context\":\"https:\/\/schema.org\",\"@graph\":[{\"@type\":\"Organization\",\"@id\":\"https:\/\/primed-miur.it\/fr\/#organization\",\"name\":\"PriMED\",\"url\":\"https:\/\/primed-miur.it\/fr\/\",\"sameAs\":[\"https:\/\/www.facebook.com\/fidr.primed\",\"https:\/\/instagram.com\/primed2019?igshid=1piy2qg58ea5g\"],\"logo\":{\"@type\":\"ImageObject\",\"@id\":\"https:\/\/primed-miur.it\/fr\/#logo\",\"inLanguage\":\"fr-FR\",\"url\":\"https:\/\/primed-miur.it\/wp-content\/uploads\/2017\/11\/testata-Header-PRIMED-1-2.png\",\"width\":876,\"height\":250,\"caption\":\"PriMED\"},\"image\":{\"@id\":\"https:\/\/primed-miur.it\/fr\/#logo\"}},{\"@type\":\"WebSite\",\"@id\":\"https:\/\/primed-miur.it\/fr\/#website\",\"url\":\"https:\/\/primed-miur.it\/fr\/\",\"name\":\"PriMED\",\"description\":\"PriMED - Prevenzione e interazione nello spazio Trans-Mediterraneo\",\"publisher\":{\"@id\":\"https:\/\/primed-miur.it\/fr\/#organization\"},\"potentialAction\":[{\"@type\":\"SearchAction\",\"target\":\"https:\/\/primed-miur.it\/fr\/?s={search_term_string}\",\"query-input\":\"required name=search_term_string\"}],\"inLanguage\":\"fr-FR\"},{\"@type\":\"WebPage\",\"@id\":\"https:\/\/primed-miur.it\/fr\/universite-dautomne-rabat\/#webpage\",\"url\":\"https:\/\/primed-miur.it\/fr\/universite-dautomne-rabat\/\",\"name\":\"UNIVERSIT\\u00c9 D'AUTOMNE - RABAT\",\"isPartOf\":{\"@id\":\"https:\/\/primed-miur.it\/fr\/#website\"},\"datePublished\":\"2021-03-20T19:36:53+00:00\",\"dateModified\":\"2021-11-11T11:09:28+00:00\",\"inLanguage\":\"fr-FR\",\"potentialAction\":[{\"@type\":\"ReadAction\",\"target\":[\"https:\/\/primed-miur.it\/fr\/universite-dautomne-rabat\/\"]}]}]}<\/script>\n<!-- \/ Yoast SEO Premium plugin. -->","_links":{"self":[{"href":"https:\/\/primed-miur.it\/fr\/wp-json\/wp\/v2\/pages\/7648","targetHints":{"allow":["GET"]}}],"collection":[{"href":"https:\/\/primed-miur.it\/fr\/wp-json\/wp\/v2\/pages"}],"about":[{"href":"https:\/\/primed-miur.it\/fr\/wp-json\/wp\/v2\/types\/page"}],"author":[{"embeddable":true,"href":"https:\/\/primed-miur.it\/fr\/wp-json\/wp\/v2\/users\/2"}],"replies":[{"embeddable":true,"href":"https:\/\/primed-miur.it\/fr\/wp-json\/wp\/v2\/comments?post=7648"}],"version-history":[{"count":2,"href":"https:\/\/primed-miur.it\/fr\/wp-json\/wp\/v2\/pages\/7648\/revisions"}],"predecessor-version":[{"id":9761,"href":"https:\/\/primed-miur.it\/fr\/wp-json\/wp\/v2\/pages\/7648\/revisions\/9761"}],"wp:attachment":[{"href":"https:\/\/primed-miur.it\/fr\/wp-json\/wp\/v2\/media?parent=7648"}],"wp:term":[{"taxonomy":"yst_prominent_words","embeddable":true,"href":"https:\/\/primed-miur.it\/fr\/wp-json\/wp\/v2\/yst_prominent_words?post=7648"}],"curies":[{"name":"wp","href":"https:\/\/api.w.org\/{rel}","templated":true}]}}