{"id":7656,"date":"2021-03-30T14:04:27","date_gmt":"2021-03-30T13:04:27","guid":{"rendered":"https:\/\/primed-miur.it\/constitution-dun-reseau-interuniversitaire-et-cooperation\/"},"modified":"2021-03-30T14:06:24","modified_gmt":"2021-03-30T13:06:24","slug":"constitution-dun-reseau-interuniversitaire-et-cooperation","status":"publish","type":"page","link":"https:\/\/primed-miur.it\/fr\/constitution-dun-reseau-interuniversitaire-et-cooperation\/","title":{"rendered":"CONSTITUTION D&rsquo;UN R\u00c9SEAU INTERUNIVERSITAIRE ET COOP\u00c9RATION"},"content":{"rendered":"<section class=\"wpb-content-wrapper\"><p>[vc_row full_width=\u00a0\u00bbstretch_row_content_no_spaces\u00a0\u00bb css=\u00a0\u00bb.vc_custom_1568279189416{margin-top: -50px !important;}\u00a0\u00bb][vc_column][rev_slider_vc alias=\u00a0\u00bbcooperazione-fr\u00a0\u00bb][\/vc_column][\/vc_row][vc_row][vc_column width=\u00a0\u00bb3\/4&Prime;][vc_row_inner][vc_column_inner width=\u00a0\u00bb5\/6&Prime;][vc_empty_space height=\u00a0\u00bb12px\u00a0\u00bb][vc_custom_heading text=\u00a0\u00bbCONSTITUTION D&rsquo;UN R\u00c9SEAU INTERUNIVERSITAIRE ET COOP\u00c9RATION\u00a0\u00bb font_container=\u00a0\u00bbtag:h2|text_align:left|color:%23f79d1c\u00a0\u00bb use_theme_fonts=\u00a0\u00bbyes\u00a0\u00bb][vc_empty_space height=\u00a0\u00bb12px\u00a0\u00bb][vc_column_text]<\/p>\n<div class=\"page\" title=\"Page 1\">\n<div class=\"section\">\n<div class=\"layoutArea\">\n<div class=\"column\">\nLe projet PriMED vise \u00e0 fournir un espace pour mieux d\u00e9velopper la coop\u00e9ration scientifique entre l&rsquo;Italie et les pays de l&rsquo;OCI sur les questions d&rsquo;int\u00e9gration et de la radicalisation \u00e0 travers la mise en place d&rsquo;un r\u00e9seau interuniversitaire d&rsquo;\u00e9tudiants, de chercheurs et d&rsquo;enseignants inspir\u00e9 par l&rsquo;apprentissage par le partage.<br \/>\nA cet effet, les actions de collaboration suivantes de toutes les unit\u00e9s du r\u00e9seau PriMED sont indispensables \u00e0 la r\u00e9alisation des actions de recherche envisag\u00e9es par le projet<\/p>\n<hr \/>\n<p>Le projet PriMED vise \u00e0 d\u00e9velopper la participation de l&rsquo;ensemble du r\u00e9seau \u00e0 l&rsquo;\u00e9laboration des cours communs dispens\u00e9s par le projet<\/p>\n<\/div>\n<\/div>\n<\/div>\n<\/div>\n<p>[\/vc_column_text][vc_empty_space height=\u00a0\u00bb12px\u00a0\u00bb][vc_single_image image=\u00a0\u00bb3330&Prime; img_size=\u00a0\u00bbfull\u00a0\u00bb][\/vc_column_inner][vc_column_inner width=\u00a0\u00bb1\/6&Prime;][\/vc_column_inner][\/vc_row_inner][\/vc_column][vc_column width=\u00a0\u00bb1\/4&Prime;][vc_widget_sidebar sidebar_id=\u00a0\u00bbblog-sidebar\u00a0\u00bb][\/vc_column][\/vc_row]<\/p>\n<\/section>","protected":false},"excerpt":{"rendered":"<p>[vc_row full_width=\u00a0\u00bbstretch_row_content_no_spaces\u00a0\u00bb css=\u00a0\u00bb.vc_custom_1568279189416{margin-top: -50px !important;}\u00a0\u00bb][vc_column][rev_slider_vc alias=\u00a0\u00bbcooperazione-fr\u00a0\u00bb][\/vc_column][\/vc_row][vc_row][vc_column width=\u00a0\u00bb3\/4&Prime;][vc_row_inner][vc_column_inner width=\u00a0\u00bb5\/6&Prime;][vc_empty_space height=\u00a0\u00bb12px\u00a0\u00bb][vc_custom_heading text=\u00a0\u00bbCONSTITUTION D&rsquo;UN R\u00c9SEAU INTERUNIVERSITAIRE ET COOP\u00c9RATION\u00a0\u00bb font_container=\u00a0\u00bbtag:h2|text_align:left|color:%23f79d1c\u00a0\u00bb use_theme_fonts=\u00a0\u00bbyes\u00a0\u00bb][vc_empty_space height=\u00a0\u00bb12px\u00a0\u00bb][vc_column_text] Le projet PriMED vise \u00e0 fournir un espace pour mieux d\u00e9velopper la coop\u00e9ration scientifique entre l&rsquo;Italie et les pays de l&rsquo;OCI sur les questions d&rsquo;int\u00e9gration et de la radicalisation \u00e0 travers la mise en place d&rsquo;un r\u00e9seau [&hellip;]<\/p>\n","protected":false},"author":2,"featured_media":0,"parent":0,"menu_order":0,"comment_status":"closed","ping_status":"closed","template":"","meta":{"inline_featured_image":false,"footnotes":""},"yst_prominent_words":[],"class_list":["post-7656","page","type-page","status-publish","hentry"],"yoast_head":"<!-- This site is optimized with the Yoast SEO Premium plugin v14.1 - https:\/\/yoast.com\/wordpress\/plugins\/seo\/ -->\n<title>CONSTITUTION D&#039;UN R\u00c9SEAU INTERUNIVERSITAIRE ET COOP\u00c9RATION<\/title>\n<meta name=\"robots\" content=\"index, follow\" \/>\n<meta name=\"googlebot\" content=\"index, follow, max-snippet:-1, max-image-preview:large, max-video-preview:-1\" \/>\n<meta name=\"bingbot\" content=\"index, follow, max-snippet:-1, max-image-preview:large, max-video-preview:-1\" \/>\n<link rel=\"canonical\" href=\"https:\/\/primed-miur.it\/fr\/constitution-dun-reseau-interuniversitaire-et-cooperation\/\" \/>\n<meta property=\"og:locale\" content=\"fr_FR\" \/>\n<meta property=\"og:type\" content=\"article\" \/>\n<meta property=\"og:title\" content=\"CONSTITUTION D&#039;UN R\u00c9SEAU INTERUNIVERSITAIRE ET COOP\u00c9RATION\" \/>\n<meta property=\"og:description\" content=\"[vc_row full_width=\u00a0\u00bbstretch_row_content_no_spaces\u00a0\u00bb css=\u00a0\u00bb.vc_custom_1568279189416{margin-top: -50px !important;}\u00a0\u00bb][vc_column][rev_slider_vc alias=\u00a0\u00bbcooperazione-fr\u00a0\u00bb][\/vc_column][\/vc_row][vc_row][vc_column width=\u00a0\u00bb3\/4&Prime;][vc_row_inner][vc_column_inner width=\u00a0\u00bb5\/6&Prime;][vc_empty_space height=\u00a0\u00bb12px\u00a0\u00bb][vc_custom_heading text=\u00a0\u00bbCONSTITUTION D&rsquo;UN R\u00c9SEAU INTERUNIVERSITAIRE ET COOP\u00c9RATION\u00a0\u00bb font_container=\u00a0\u00bbtag:h2|text_align:left|color:%23f79d1c\u00a0\u00bb use_theme_fonts=\u00a0\u00bbyes\u00a0\u00bb][vc_empty_space height=\u00a0\u00bb12px\u00a0\u00bb][vc_column_text] Le projet PriMED vise \u00e0 fournir un espace pour mieux d\u00e9velopper la coop\u00e9ration scientifique entre l&rsquo;Italie et les pays de l&rsquo;OCI sur les questions d&rsquo;int\u00e9gration et de la radicalisation \u00e0 travers la mise en place d&rsquo;un r\u00e9seau [&hellip;]\" \/>\n<meta property=\"og:url\" content=\"https:\/\/primed-miur.it\/fr\/constitution-dun-reseau-interuniversitaire-et-cooperation\/\" \/>\n<meta property=\"og:site_name\" content=\"PriMED\" \/>\n<meta property=\"article:publisher\" content=\"https:\/\/www.facebook.com\/fidr.primed\" \/>\n<meta property=\"article:modified_time\" content=\"2021-03-30T13:06:24+00:00\" \/>\n<meta property=\"og:image\" content=\"https:\/\/primed-miur.it\/wp-content\/uploads\/2017\/11\/logo_video_primed.png\" \/>\n\t<meta property=\"og:image:width\" content=\"300\" \/>\n\t<meta property=\"og:image:height\" content=\"188\" \/>\n<meta name=\"twitter:card\" content=\"summary_large_image\" \/>\n<script type=\"application\/ld+json\" class=\"yoast-schema-graph\">{\"@context\":\"https:\/\/schema.org\",\"@graph\":[{\"@type\":\"Organization\",\"@id\":\"https:\/\/primed-miur.it\/fr\/#organization\",\"name\":\"PriMED\",\"url\":\"https:\/\/primed-miur.it\/fr\/\",\"sameAs\":[\"https:\/\/www.facebook.com\/fidr.primed\",\"https:\/\/instagram.com\/primed2019?igshid=1piy2qg58ea5g\"],\"logo\":{\"@type\":\"ImageObject\",\"@id\":\"https:\/\/primed-miur.it\/fr\/#logo\",\"inLanguage\":\"fr-FR\",\"url\":\"https:\/\/primed-miur.it\/wp-content\/uploads\/2017\/11\/testata-Header-PRIMED-1-2.png\",\"width\":876,\"height\":250,\"caption\":\"PriMED\"},\"image\":{\"@id\":\"https:\/\/primed-miur.it\/fr\/#logo\"}},{\"@type\":\"WebSite\",\"@id\":\"https:\/\/primed-miur.it\/fr\/#website\",\"url\":\"https:\/\/primed-miur.it\/fr\/\",\"name\":\"PriMED\",\"description\":\"PriMED - Prevenzione e interazione nello spazio Trans-Mediterraneo\",\"publisher\":{\"@id\":\"https:\/\/primed-miur.it\/fr\/#organization\"},\"potentialAction\":[{\"@type\":\"SearchAction\",\"target\":\"https:\/\/primed-miur.it\/fr\/?s={search_term_string}\",\"query-input\":\"required name=search_term_string\"}],\"inLanguage\":\"fr-FR\"},{\"@type\":\"WebPage\",\"@id\":\"https:\/\/primed-miur.it\/fr\/constitution-dun-reseau-interuniversitaire-et-cooperation\/#webpage\",\"url\":\"https:\/\/primed-miur.it\/fr\/constitution-dun-reseau-interuniversitaire-et-cooperation\/\",\"name\":\"CONSTITUTION D'UN R\\u00c9SEAU INTERUNIVERSITAIRE ET COOP\\u00c9RATION\",\"isPartOf\":{\"@id\":\"https:\/\/primed-miur.it\/fr\/#website\"},\"datePublished\":\"2021-03-30T13:04:27+00:00\",\"dateModified\":\"2021-03-30T13:06:24+00:00\",\"inLanguage\":\"fr-FR\",\"potentialAction\":[{\"@type\":\"ReadAction\",\"target\":[\"https:\/\/primed-miur.it\/fr\/constitution-dun-reseau-interuniversitaire-et-cooperation\/\"]}]}]}<\/script>\n<!-- \/ Yoast SEO Premium plugin. -->","_links":{"self":[{"href":"https:\/\/primed-miur.it\/fr\/wp-json\/wp\/v2\/pages\/7656","targetHints":{"allow":["GET"]}}],"collection":[{"href":"https:\/\/primed-miur.it\/fr\/wp-json\/wp\/v2\/pages"}],"about":[{"href":"https:\/\/primed-miur.it\/fr\/wp-json\/wp\/v2\/types\/page"}],"author":[{"embeddable":true,"href":"https:\/\/primed-miur.it\/fr\/wp-json\/wp\/v2\/users\/2"}],"replies":[{"embeddable":true,"href":"https:\/\/primed-miur.it\/fr\/wp-json\/wp\/v2\/comments?post=7656"}],"version-history":[{"count":0,"href":"https:\/\/primed-miur.it\/fr\/wp-json\/wp\/v2\/pages\/7656\/revisions"}],"wp:attachment":[{"href":"https:\/\/primed-miur.it\/fr\/wp-json\/wp\/v2\/media?parent=7656"}],"wp:term":[{"taxonomy":"yst_prominent_words","embeddable":true,"href":"https:\/\/primed-miur.it\/fr\/wp-json\/wp\/v2\/yst_prominent_words?post=7656"}],"curies":[{"name":"wp","href":"https:\/\/api.w.org\/{rel}","templated":true}]}}