{"id":7663,"date":"2021-03-30T14:17:55","date_gmt":"2021-03-30T13:17:55","guid":{"rendered":"https:\/\/primed-miur.it\/echange-denseignants-dans-les-differents-sieges-du-reseau-primed\/"},"modified":"2021-03-30T14:18:38","modified_gmt":"2021-03-30T13:18:38","slug":"echange-denseignants-dans-les-differents-sieges-du-reseau-primed","status":"publish","type":"page","link":"https:\/\/primed-miur.it\/fr\/echange-denseignants-dans-les-differents-sieges-du-reseau-primed\/","title":{"rendered":"\u00c9CHANGE D&rsquo;ENSEIGNANTS DANS LES DIFF\u00c9RENTS SI\u00c8GES DU R\u00c9SEAU PriMED"},"content":{"rendered":"<section class=\"wpb-content-wrapper\"><p>[vc_row full_width=\u00a0\u00bbstretch_row_content_no_spaces\u00a0\u00bb css=\u00a0\u00bb.vc_custom_1568279189416{margin-top: -50px !important;}\u00a0\u00bb][vc_column][rev_slider_vc alias=\u00a0\u00bbscambio-fr\u00a0\u00bb][\/vc_column][\/vc_row][vc_row][vc_column width=\u00a0\u00bb3\/4&Prime;][vc_row_inner][vc_column_inner width=\u00a0\u00bb5\/6&Prime;][vc_empty_space height=\u00a0\u00bb12px\u00a0\u00bb][vc_custom_heading text=\u00a0\u00bb\u00c9CHANGE D&rsquo;ENSEIGNANTS DANS LES DIFF\u00c9RENTS SI\u00c8GES DU R\u00c9SEAU PriMED\u00a0\u00bb font_container=\u00a0\u00bbtag:h2|text_align:left|color:%23f79d1c\u00a0\u00bb use_theme_fonts=\u00a0\u00bbyes\u00a0\u00bb][vc_empty_space height=\u00a0\u00bb12px\u00a0\u00bb][vc_column_text]<strong>Une partie des ressources du projet PriMED est affect\u00e9e \u00e0 chaque partenaire du consortium PrIMED pour permettre:<\/strong><\/p>\n<p style=\"padding-left: 40px;\">a) Le transfert des enseignants de chaque lieu vers les lieux o\u00f9 seront programm\u00e9s les r\u00e9unions d&rsquo;organisation ;<\/p>\n<p style=\"padding-left: 40px;\">b) Le transfert des enseignants vers les lieux o\u00f9 se d\u00e9roulent les activit\u00e9s du projet par rapport \u00e0 des activit\u00e9s o\u00f9 leur participation directe n&rsquo;est pas pr\u00e9vue;<\/p>\n<p style=\"padding-left: 40px;\">c) c) Le transfert d&rsquo;enseignants d&rsquo;italiens vers les universit\u00e9s des pays OCI associ\u00e9s;<\/p>\n<p>[\/vc_column_text][vc_empty_space height=\u00a0\u00bb12px\u00a0\u00bb][\/vc_column_inner][vc_column_inner width=\u00a0\u00bb1\/6&Prime;][\/vc_column_inner][\/vc_row_inner][vc_single_image image=\u00a0\u00bb3342&Prime; img_size=\u00a0\u00bbfull\u00a0\u00bb][\/vc_column][vc_column width=\u00a0\u00bb1\/4&Prime;][vc_widget_sidebar sidebar_id=\u00a0\u00bbblog-sidebar\u00a0\u00bb][\/vc_column][\/vc_row]<\/p>\n<\/section>","protected":false},"excerpt":{"rendered":"<p>[vc_row full_width=\u00a0\u00bbstretch_row_content_no_spaces\u00a0\u00bb css=\u00a0\u00bb.vc_custom_1568279189416{margin-top: -50px !important;}\u00a0\u00bb][vc_column][rev_slider_vc alias=\u00a0\u00bbscambio-fr\u00a0\u00bb][\/vc_column][\/vc_row][vc_row][vc_column width=\u00a0\u00bb3\/4&Prime;][vc_row_inner][vc_column_inner width=\u00a0\u00bb5\/6&Prime;][vc_empty_space height=\u00a0\u00bb12px\u00a0\u00bb][vc_custom_heading text=\u00a0\u00bb\u00c9CHANGE D&rsquo;ENSEIGNANTS DANS LES DIFF\u00c9RENTS SI\u00c8GES DU R\u00c9SEAU PriMED\u00a0\u00bb font_container=\u00a0\u00bbtag:h2|text_align:left|color:%23f79d1c\u00a0\u00bb use_theme_fonts=\u00a0\u00bbyes\u00a0\u00bb][vc_empty_space height=\u00a0\u00bb12px\u00a0\u00bb][vc_column_text]Une partie des ressources du projet PriMED est affect\u00e9e \u00e0 chaque partenaire du consortium PrIMED pour permettre: a) Le transfert des enseignants de chaque lieu vers les lieux o\u00f9 seront programm\u00e9s les r\u00e9unions d&rsquo;organisation ; [&hellip;]<\/p>\n","protected":false},"author":2,"featured_media":0,"parent":0,"menu_order":0,"comment_status":"closed","ping_status":"closed","template":"","meta":{"inline_featured_image":false,"footnotes":""},"yst_prominent_words":[535,503,1971,182,504],"class_list":["post-7663","page","type-page","status-publish","hentry"],"yoast_head":"<!-- This site is optimized with the Yoast SEO Premium plugin v14.1 - https:\/\/yoast.com\/wordpress\/plugins\/seo\/ -->\n<title>\u00c9CHANGE D&#039;ENSEIGNANTS DANS LES DIFF\u00c9RENTS SI\u00c8GES DU R\u00c9SEAU PriMED<\/title>\n<meta name=\"robots\" content=\"index, follow\" \/>\n<meta name=\"googlebot\" content=\"index, follow, max-snippet:-1, max-image-preview:large, max-video-preview:-1\" \/>\n<meta name=\"bingbot\" content=\"index, follow, max-snippet:-1, max-image-preview:large, max-video-preview:-1\" \/>\n<link rel=\"canonical\" href=\"https:\/\/primed-miur.it\/fr\/echange-denseignants-dans-les-differents-sieges-du-reseau-primed\/\" \/>\n<meta property=\"og:locale\" content=\"fr_FR\" \/>\n<meta property=\"og:type\" content=\"article\" \/>\n<meta property=\"og:title\" content=\"\u00c9CHANGE D&#039;ENSEIGNANTS DANS LES DIFF\u00c9RENTS SI\u00c8GES DU R\u00c9SEAU PriMED\" \/>\n<meta property=\"og:description\" content=\"[vc_row full_width=\u00a0\u00bbstretch_row_content_no_spaces\u00a0\u00bb css=\u00a0\u00bb.vc_custom_1568279189416{margin-top: -50px !important;}\u00a0\u00bb][vc_column][rev_slider_vc alias=\u00a0\u00bbscambio-fr\u00a0\u00bb][\/vc_column][\/vc_row][vc_row][vc_column width=\u00a0\u00bb3\/4&Prime;][vc_row_inner][vc_column_inner width=\u00a0\u00bb5\/6&Prime;][vc_empty_space height=\u00a0\u00bb12px\u00a0\u00bb][vc_custom_heading text=\u00a0\u00bb\u00c9CHANGE D&rsquo;ENSEIGNANTS DANS LES DIFF\u00c9RENTS SI\u00c8GES DU R\u00c9SEAU PriMED\u00a0\u00bb font_container=\u00a0\u00bbtag:h2|text_align:left|color:%23f79d1c\u00a0\u00bb use_theme_fonts=\u00a0\u00bbyes\u00a0\u00bb][vc_empty_space height=\u00a0\u00bb12px\u00a0\u00bb][vc_column_text]Une partie des ressources du projet PriMED est affect\u00e9e \u00e0 chaque partenaire du consortium PrIMED pour permettre: a) Le transfert des enseignants de chaque lieu vers les lieux o\u00f9 seront programm\u00e9s les r\u00e9unions d&rsquo;organisation ; [&hellip;]\" \/>\n<meta property=\"og:url\" content=\"https:\/\/primed-miur.it\/fr\/echange-denseignants-dans-les-differents-sieges-du-reseau-primed\/\" \/>\n<meta property=\"og:site_name\" content=\"PriMED\" \/>\n<meta property=\"article:publisher\" content=\"https:\/\/www.facebook.com\/fidr.primed\" \/>\n<meta property=\"article:modified_time\" content=\"2021-03-30T13:18:38+00:00\" \/>\n<meta property=\"og:image\" content=\"https:\/\/primed-miur.it\/wp-content\/uploads\/2017\/11\/logo_video_primed.png\" \/>\n\t<meta property=\"og:image:width\" content=\"300\" \/>\n\t<meta property=\"og:image:height\" content=\"188\" \/>\n<meta name=\"twitter:card\" content=\"summary_large_image\" \/>\n<script type=\"application\/ld+json\" class=\"yoast-schema-graph\">{\"@context\":\"https:\/\/schema.org\",\"@graph\":[{\"@type\":\"Organization\",\"@id\":\"https:\/\/primed-miur.it\/fr\/#organization\",\"name\":\"PriMED\",\"url\":\"https:\/\/primed-miur.it\/fr\/\",\"sameAs\":[\"https:\/\/www.facebook.com\/fidr.primed\",\"https:\/\/instagram.com\/primed2019?igshid=1piy2qg58ea5g\"],\"logo\":{\"@type\":\"ImageObject\",\"@id\":\"https:\/\/primed-miur.it\/fr\/#logo\",\"inLanguage\":\"fr-FR\",\"url\":\"https:\/\/primed-miur.it\/wp-content\/uploads\/2017\/11\/testata-Header-PRIMED-1-2.png\",\"width\":876,\"height\":250,\"caption\":\"PriMED\"},\"image\":{\"@id\":\"https:\/\/primed-miur.it\/fr\/#logo\"}},{\"@type\":\"WebSite\",\"@id\":\"https:\/\/primed-miur.it\/fr\/#website\",\"url\":\"https:\/\/primed-miur.it\/fr\/\",\"name\":\"PriMED\",\"description\":\"PriMED - Prevenzione e interazione nello spazio Trans-Mediterraneo\",\"publisher\":{\"@id\":\"https:\/\/primed-miur.it\/fr\/#organization\"},\"potentialAction\":[{\"@type\":\"SearchAction\",\"target\":\"https:\/\/primed-miur.it\/fr\/?s={search_term_string}\",\"query-input\":\"required name=search_term_string\"}],\"inLanguage\":\"fr-FR\"},{\"@type\":\"WebPage\",\"@id\":\"https:\/\/primed-miur.it\/fr\/echange-denseignants-dans-les-differents-sieges-du-reseau-primed\/#webpage\",\"url\":\"https:\/\/primed-miur.it\/fr\/echange-denseignants-dans-les-differents-sieges-du-reseau-primed\/\",\"name\":\"\\u00c9CHANGE D'ENSEIGNANTS DANS LES DIFF\\u00c9RENTS SI\\u00c8GES DU R\\u00c9SEAU PriMED\",\"isPartOf\":{\"@id\":\"https:\/\/primed-miur.it\/fr\/#website\"},\"datePublished\":\"2021-03-30T13:17:55+00:00\",\"dateModified\":\"2021-03-30T13:18:38+00:00\",\"inLanguage\":\"fr-FR\",\"potentialAction\":[{\"@type\":\"ReadAction\",\"target\":[\"https:\/\/primed-miur.it\/fr\/echange-denseignants-dans-les-differents-sieges-du-reseau-primed\/\"]}]}]}<\/script>\n<!-- \/ Yoast SEO Premium plugin. -->","_links":{"self":[{"href":"https:\/\/primed-miur.it\/fr\/wp-json\/wp\/v2\/pages\/7663","targetHints":{"allow":["GET"]}}],"collection":[{"href":"https:\/\/primed-miur.it\/fr\/wp-json\/wp\/v2\/pages"}],"about":[{"href":"https:\/\/primed-miur.it\/fr\/wp-json\/wp\/v2\/types\/page"}],"author":[{"embeddable":true,"href":"https:\/\/primed-miur.it\/fr\/wp-json\/wp\/v2\/users\/2"}],"replies":[{"embeddable":true,"href":"https:\/\/primed-miur.it\/fr\/wp-json\/wp\/v2\/comments?post=7663"}],"version-history":[{"count":0,"href":"https:\/\/primed-miur.it\/fr\/wp-json\/wp\/v2\/pages\/7663\/revisions"}],"wp:attachment":[{"href":"https:\/\/primed-miur.it\/fr\/wp-json\/wp\/v2\/media?parent=7663"}],"wp:term":[{"taxonomy":"yst_prominent_words","embeddable":true,"href":"https:\/\/primed-miur.it\/fr\/wp-json\/wp\/v2\/yst_prominent_words?post=7663"}],"curies":[{"name":"wp","href":"https:\/\/api.w.org\/{rel}","templated":true}]}}