{"id":7666,"date":"2021-03-30T15:11:32","date_gmt":"2021-03-30T14:11:32","guid":{"rendered":"https:\/\/primed-miur.it\/ecole-dhiver-como\/"},"modified":"2021-03-30T15:11:43","modified_gmt":"2021-03-30T14:11:43","slug":"ecole-dhiver-como","status":"publish","type":"page","link":"https:\/\/primed-miur.it\/fr\/ecole-dhiver-como\/","title":{"rendered":"\u00c9COLE D&rsquo;HIVER &#8211; COMO"},"content":{"rendered":"<section class=\"wpb-content-wrapper\"><p>[vc_row full_width=\u00a0\u00bbstretch_row_content_no_spaces\u00a0\u00bb css=\u00a0\u00bb.vc_custom_1568279189416{margin-top: -50px !important;}\u00a0\u00bb][vc_column][rev_slider_vc alias=\u00a0\u00bbSUMMER-fr\u00a0\u00bb][\/vc_column][\/vc_row][vc_row][vc_column width=\u00a0\u00bb3\/4&Prime;][vc_row_inner][vc_column_inner][vc_empty_space height=\u00a0\u00bb12px\u00a0\u00bb][vc_custom_heading text=\u00a0\u00bb\u00c9COLE D&rsquo;HIVER &#8211; COMO\u00a0\u00bb font_container=\u00a0\u00bbtag:h1|text_align:left|color:%23233255&Prime; use_theme_fonts=\u00a0\u00bbyes\u00a0\u00bb][vc_column_text]<\/p>\n<div class=\"page\" title=\"Page 1\">\n<div class=\"layoutArea\">\n<div class=\"column\">\n<h3><span style=\"color: #ff9d03;\"><strong>LA MONDIALISATION ET LES RELIGIONS DANS LES VILLES MULTICULTURELLES<\/strong><\/span><\/h3>\n<p>Universit\u00e9 d&rsquo;Insubrie\n<\/p><\/div>\n<\/div>\n<\/div>\n<p>[\/vc_column_text][vc_empty_space height=\u00a0\u00bb12px\u00a0\u00bb][vc_column_text]<\/p>\n<div style=\"width: 640px;\" class=\"wp-video\"><!--[if lt IE 9]><script>document.createElement('video');<\/script><![endif]-->\n<video class=\"wp-video-shortcode\" id=\"video-7666-1\" width=\"640\" height=\"360\" preload=\"metadata\" controls=\"controls\"><source type=\"video\/mp4\" src=\"https:\/\/PRIMED-MIUR.IT\/files\/como\/winter_school_como.mp4?_=1\" \/><a href=\"https:\/\/PRIMED-MIUR.IT\/files\/como\/winter_school_como.mp4\">https:\/\/PRIMED-MIUR.IT\/files\/como\/winter_school_como.mp4<\/a><\/video><\/div>\n<p>[\/vc_column_text][\/vc_column_inner][\/vc_row_inner][vc_row_inner][vc_column_inner width=\u00a0\u00bb1\/4&Prime;][vc_btn title=\u00a0\u00bbPROGRAMME\u00a0\u00bb style=\u00a0\u00bbclassic\u00a0\u00bb shape=\u00a0\u00bbsquare\u00a0\u00bb color=\u00a0\u00bbprimary\u00a0\u00bb i_icon_fontawesome=\u00a0\u00bbfar fa-file-pdf\u00a0\u00bb add_icon=\u00a0\u00bbtrue\u00a0\u00bb link=\u00a0\u00bburl:https%3A%2F%2Fprimed-miur.it%2Ffiles%2FWinter-School-como.pdf|target:%20_blank|\u00a0\u00bb][vc_btn title=\u00a0\u00bbAFFICHE\u00a0\u00bb style=\u00a0\u00bbclassic\u00a0\u00bb shape=\u00a0\u00bbsquare\u00a0\u00bb color=\u00a0\u00bbprimary\u00a0\u00bb size=\u00a0\u00bbsm\u00a0\u00bb i_icon_fontawesome=\u00a0\u00bbfar fa-file-pdf\u00a0\u00bb add_icon=\u00a0\u00bbtrue\u00a0\u00bb link=\u00a0\u00bburl:https%3A%2F%2Fprimed-miur.it%2Ffiles%2FLocandina_Corso_Winter_School_ENG_08_10_2019.pdf|target:%20_blank|\u00a0\u00bb][\/vc_column_inner][vc_column_inner width=\u00a0\u00bb1\/4&Prime;][vc_btn title=\u00a0\u00bbWEBINAR 2020&Prime; style=\u00a0\u00bbclassic\u00a0\u00bb shape=\u00a0\u00bbsquare\u00a0\u00bb color=\u00a0\u00bbprimary\u00a0\u00bb size=\u00a0\u00bbsm\u00a0\u00bb i_icon_fontawesome=\u00a0\u00bbfar fa-file-pdf\u00a0\u00bb add_icon=\u00a0\u00bbtrue\u00a0\u00bb link=\u00a0\u00bburl:https%3A%2F%2Fprimed-miur.it%2Ffiles%2Fcomo%2FWebinar_Series_LAST_VERSION_2.pdf|target:%20_blank|\u00a0\u00bb][vc_btn title=\u00a0\u00bbRAPPORT\u00a0\u00bb style=\u00a0\u00bbclassic\u00a0\u00bb shape=\u00a0\u00bbsquare\u00a0\u00bb color=\u00a0\u00bbprimary\u00a0\u00bb size=\u00a0\u00bbsm\u00a0\u00bb i_icon_fontawesome=\u00a0\u00bbfar fa-file-pdf\u00a0\u00bb add_icon=\u00a0\u00bbtrue\u00a0\u00bb link=\u00a0\u00bburl:https%3A%2F%2Fprimed-miur.it%2Ffiles%2FRelazione_PriMED_WINTER_Como.pdf|target:%20_blank|\u00a0\u00bb][\/vc_column_inner][vc_column_inner width=\u00a0\u00bb1\/4&Prime;][vc_btn title=\u00a0\u00bbINTRODUCTION\u00a0\u00bb style=\u00a0\u00bbclassic\u00a0\u00bb shape=\u00a0\u00bbsquare\u00a0\u00bb color=\u00a0\u00bbprimary\u00a0\u00bb size=\u00a0\u00bbsm\u00a0\u00bb i_icon_fontawesome=\u00a0\u00bbfar fa-file-pdf\u00a0\u00bb add_icon=\u00a0\u00bbtrue\u00a0\u00bb link=\u00a0\u00bburl:https%3A%2F%2Fprimed-miur.it%2Ffiles%2Fcomo%2Fintroduzione.pdf|target:%20_blank|\u00a0\u00bb][vc_btn title=\u00a0\u00bbCOURS\u00a0\u00bb style=\u00a0\u00bbclassic\u00a0\u00bb shape=\u00a0\u00bbsquare\u00a0\u00bb color=\u00a0\u00bbprimary\u00a0\u00bb size=\u00a0\u00bbsm\u00a0\u00bb i_icon_fontawesome=\u00a0\u00bbfar fa-file-pdf\u00a0\u00bb add_icon=\u00a0\u00bbtrue\u00a0\u00bb link=\u00a0\u00bburl:https%3A%2F%2Fprimed-miur.it%2Fcorsi-e-materiali-winter-school-como%2F|\u00a0\u00bb][\/vc_column_inner][vc_column_inner width=\u00a0\u00bb1\/4&Prime;][\/vc_column_inner][\/vc_row_inner][vc_row_inner][vc_column_inner width=\u00a0\u00bb1\/3&Prime;][vc_btn title=\u00a0\u00bbPROGRAMME DE COURS\u00a0\u00bb style=\u00a0\u00bbclassic\u00a0\u00bb shape=\u00a0\u00bbsquare\u00a0\u00bb color=\u00a0\u00bbprimary\u00a0\u00bb i_icon_fontawesome=\u00a0\u00bbfar fa-file-pdf\u00a0\u00bb add_icon=\u00a0\u00bbtrue\u00a0\u00bb link=\u00a0\u00bburl:https%3A%2F%2Fprimed-miur.it%2Fwp-content%2Fuploads%2F2017%2F12%2Fprogramma_definitivo_con-loghi.pdf|target:%20_blank|\u00a0\u00bb][\/vc_column_inner][vc_column_inner width=\u00a0\u00bb1\/3&Prime;][\/vc_column_inner][vc_column_inner width=\u00a0\u00bb1\/3&Prime;][\/vc_column_inner][\/vc_row_inner][vc_empty_space height=\u00a0\u00bb22px\u00a0\u00bb][vc_row_inner el_class=\u00a0\u00bbmore-detail-intro fix-row-bg\u00a0\u00bb][vc_column_inner width=\u00a0\u00bb1\/2&Prime;][vc_column_text]<\/p>\n<p style=\"text-align: justify;\">L&rsquo;\u00e9cole d&rsquo;hiver, mondialisation et religions dans les villes multiculturelles, a pris comme objectif concret le transfert \u00e0 l&rsquo;Universit\u00e9 d&rsquo;Insubrie de vingt-quatre \u00e9tudiants des universit\u00e9s italiennes PRIMED (s\u00e9lectionn\u00e9s sur appel sp\u00e9cifique) et de vingt-quatre \u00e9tudiants s\u00e9lectionn\u00e9s avec un appel \u00e0 participation au consortium OCI Universities.<br \/>\nL&rsquo;\u00e9cole d&rsquo;hiver s&rsquo;est tenue du 11 au 15 novembre 2019 et s&rsquo;est concentr\u00e9e sur les th\u00e8mes des droits fondamentaux et de la construction de soci\u00e9t\u00e9s inclusives fond\u00e9es sur une citoyennet\u00e9 d\u00e9mocratique et constitutionnelle.<br \/>\nAu centre de la Winter School, une place a donc \u00e9t\u00e9 donn\u00e9e au d\u00e9bat sur les enjeux qui en d\u00e9coulent, tant au niveau de la participation politique, qu&rsquo;au niveau des espaces d&rsquo;action pour les soci\u00e9t\u00e9s civiles et les communaut\u00e9s religieuses, aussi bien dans les pays du Nord. littoral et dans les pays de la rive sud de la M\u00e9diterran\u00e9e.<\/p>\n<p>[\/vc_column_text][\/vc_column_inner][vc_column_inner width=\u00a0\u00bb1\/2&Prime;][vc_column_text]<\/p>\n<p style=\"text-align: justify;\">L&rsquo;\u00e9cole d&rsquo;hiver a profit\u00e9 de la contribution des enseignants du r\u00e9seau PriMED et s&rsquo;est divis\u00e9e en trois moments principaux:<\/p>\n<p style=\"text-align: justify;\"><strong>1)<\/strong> Moments d&rsquo;\u00e9tude et de discussion sur les enjeux de la coexistence civique et sur la gestion des conflits dans des soci\u00e9t\u00e9s caract\u00e9ris\u00e9es par un taux \u00e9lev\u00e9 de diversit\u00e9 religieuse et culturelle (ces moments d&rsquo;\u00e9tude et de d\u00e9bat b\u00e9n\u00e9ficieront \u00e0 la fois de la contribution des enseignants et des repr\u00e9sentants des communaut\u00e9s religieuses et soci\u00e9t\u00e9 civile locale);<\/p>\n<p style=\"text-align: justify;\"><strong>2)<\/strong> Moments de visites aux communaut\u00e9s religieuses et exp\u00e9riences sociales les plus significatives, afin d&rsquo;entrer en contact direct avec des t\u00e9moins qui, sur le terrain, tente d&rsquo;op\u00e9rer dans un but d&rsquo;inclusion sociale et d&rsquo;ouverture et d&rsquo;accueil interculturel;<\/p>\n<p style=\"text-align: justify;\"><strong>3)<\/strong> Moments de tourisme et de loisirs, dans le but de constituer un groupe d&rsquo;\u00e9tudiants coh\u00e9sif, attentif \u00e0 la d\u00e9couverte des tr\u00e9sors culturels et traditionnels du lieu.<\/p>\n<p>[\/vc_column_text][\/vc_column_inner][\/vc_row_inner][vc_row_inner][vc_column_inner][vc_empty_space height=\u00a0\u00bb12px\u00a0\u00bb][vc_single_image image=\u00a0\u00bb2147&Prime; img_size=\u00a0\u00bb170X120&Prime;][vc_empty_space height=\u00a0\u00bb12px\u00a0\u00bb][vc_custom_heading text=\u00a0\u00bbGalerie\u00a0\u00bb font_container=\u00a0\u00bbtag:h3|text_align:left|color:%23f79d1c\u00a0\u00bb use_theme_fonts=\u00a0\u00bbyes\u00a0\u00bb][vc_gallery type=\u00a0\u00bbimage_grid\u00a0\u00bb images=\u00a0\u00bb7505,2754,2758,2762&Prime;][vc_gallery type=\u00a0\u00bbimage_grid\u00a0\u00bb images=\u00a0\u00bb4869,4865,4861,4857,4853,4849,4845,4841,4837,4833,4829,4825,4817,4813,4809,4805,4801,4797,4793,6176,6172,6168,6164,6160,6156,6152,6148,6144,6181,6185&Prime;][\/vc_column_inner][\/vc_row_inner][vc_row_inner disable_element=\u00a0\u00bbyes\u00a0\u00bb][vc_column_inner][vc_gallery type=\u00a0\u00bbimage_grid\u00a0\u00bb images=\u00a0\u00bb4821&Prime;][\/vc_column_inner][\/vc_row_inner][\/vc_column][vc_column width=\u00a0\u00bb1\/4&Prime;][vc_widget_sidebar sidebar_id=\u00a0\u00bbblog-sidebar\u00a0\u00bb][\/vc_column][\/vc_row]<\/p>\n<\/section>","protected":false},"excerpt":{"rendered":"<p>[vc_row full_width=\u00a0\u00bbstretch_row_content_no_spaces\u00a0\u00bb css=\u00a0\u00bb.vc_custom_1568279189416{margin-top: -50px !important;}\u00a0\u00bb][vc_column][rev_slider_vc alias=\u00a0\u00bbSUMMER-fr\u00a0\u00bb][\/vc_column][\/vc_row][vc_row][vc_column width=\u00a0\u00bb3\/4&Prime;][vc_row_inner][vc_column_inner][vc_empty_space height=\u00a0\u00bb12px\u00a0\u00bb][vc_custom_heading text=\u00a0\u00bb\u00c9COLE D&rsquo;HIVER &#8211; COMO\u00a0\u00bb font_container=\u00a0\u00bbtag:h1|text_align:left|color:%23233255&Prime; use_theme_fonts=\u00a0\u00bbyes\u00a0\u00bb][vc_column_text] LA MONDIALISATION ET LES RELIGIONS DANS LES VILLES MULTICULTURELLES Universit\u00e9 d&rsquo;Insubrie [\/vc_column_text][vc_empty_space height=\u00a0\u00bb12px\u00a0\u00bb][vc_column_text] [\/vc_column_text][\/vc_column_inner][\/vc_row_inner][vc_row_inner][vc_column_inner width=\u00a0\u00bb1\/4&Prime;][vc_btn title=\u00a0\u00bbPROGRAMME\u00a0\u00bb style=\u00a0\u00bbclassic\u00a0\u00bb shape=\u00a0\u00bbsquare\u00a0\u00bb color=\u00a0\u00bbprimary\u00a0\u00bb i_icon_fontawesome=\u00a0\u00bbfar fa-file-pdf\u00a0\u00bb add_icon=\u00a0\u00bbtrue\u00a0\u00bb link=\u00a0\u00bburl:https%3A%2F%2Fprimed-miur.it%2Ffiles%2FWinter-School-como.pdf|target:%20_blank|\u00a0\u00bb][vc_btn title=\u00a0\u00bbAFFICHE\u00a0\u00bb style=\u00a0\u00bbclassic\u00a0\u00bb shape=\u00a0\u00bbsquare\u00a0\u00bb color=\u00a0\u00bbprimary\u00a0\u00bb size=\u00a0\u00bbsm\u00a0\u00bb i_icon_fontawesome=\u00a0\u00bbfar fa-file-pdf\u00a0\u00bb add_icon=\u00a0\u00bbtrue\u00a0\u00bb link=\u00a0\u00bburl:https%3A%2F%2Fprimed-miur.it%2Ffiles%2FLocandina_Corso_Winter_School_ENG_08_10_2019.pdf|target:%20_blank|\u00a0\u00bb][\/vc_column_inner][vc_column_inner width=\u00a0\u00bb1\/4&Prime;][vc_btn title=\u00a0\u00bbWEBINAR 2020&Prime; style=\u00a0\u00bbclassic\u00a0\u00bb shape=\u00a0\u00bbsquare\u00a0\u00bb color=\u00a0\u00bbprimary\u00a0\u00bb size=\u00a0\u00bbsm\u00a0\u00bb i_icon_fontawesome=\u00a0\u00bbfar fa-file-pdf\u00a0\u00bb [&hellip;]<\/p>\n","protected":false},"author":2,"featured_media":0,"parent":0,"menu_order":0,"comment_status":"closed","ping_status":"closed","template":"","meta":{"inline_featured_image":false,"footnotes":""},"yst_prominent_words":[493],"class_list":["post-7666","page","type-page","status-publish","hentry"],"yoast_head":"<!-- This site is optimized with the Yoast SEO Premium plugin v14.1 - https:\/\/yoast.com\/wordpress\/plugins\/seo\/ -->\n<title>\u00c9COLE D&#039;HIVER - COMO<\/title>\n<meta name=\"description\" content=\"L&#039;\u00e9cole d&#039;hiver pr\u00e9voit le transfert \u00e0 l&#039;Universit\u00e9 d&#039;Insubrie de vingt \u00e9tudiants des universit\u00e9s italiennes PRIMED (s\u00e9lectionn\u00e9s via un appel sp\u00e9cifique)\" \/>\n<meta name=\"robots\" content=\"index, follow\" \/>\n<meta name=\"googlebot\" content=\"index, follow, max-snippet:-1, max-image-preview:large, max-video-preview:-1\" \/>\n<meta name=\"bingbot\" content=\"index, follow, max-snippet:-1, max-image-preview:large, max-video-preview:-1\" \/>\n<link rel=\"canonical\" href=\"https:\/\/primed-miur.it\/fr\/ecole-dhiver-como\/\" \/>\n<meta property=\"og:locale\" content=\"fr_FR\" \/>\n<meta property=\"og:type\" content=\"article\" \/>\n<meta property=\"og:title\" content=\"\u00c9COLE D&#039;HIVER - COMO\" \/>\n<meta property=\"og:description\" content=\"L&#039;\u00e9cole d&#039;hiver pr\u00e9voit le transfert \u00e0 l&#039;Universit\u00e9 d&#039;Insubrie de vingt \u00e9tudiants des universit\u00e9s italiennes PRIMED (s\u00e9lectionn\u00e9s via un appel sp\u00e9cifique)\" \/>\n<meta property=\"og:url\" content=\"https:\/\/primed-miur.it\/fr\/ecole-dhiver-como\/\" \/>\n<meta property=\"og:site_name\" content=\"PriMED\" \/>\n<meta property=\"article:publisher\" content=\"https:\/\/www.facebook.com\/fidr.primed\" \/>\n<meta property=\"article:modified_time\" content=\"2021-03-30T14:11:43+00:00\" \/>\n<meta property=\"og:image\" content=\"https:\/\/primed-miur.it\/wp-content\/uploads\/2017\/11\/logo_video_primed.png\" \/>\n\t<meta property=\"og:image:width\" content=\"300\" \/>\n\t<meta property=\"og:image:height\" content=\"188\" \/>\n<meta name=\"twitter:card\" content=\"summary_large_image\" \/>\n<script type=\"application\/ld+json\" class=\"yoast-schema-graph\">{\"@context\":\"https:\/\/schema.org\",\"@graph\":[{\"@type\":\"Organization\",\"@id\":\"https:\/\/primed-miur.it\/fr\/#organization\",\"name\":\"PriMED\",\"url\":\"https:\/\/primed-miur.it\/fr\/\",\"sameAs\":[\"https:\/\/www.facebook.com\/fidr.primed\",\"https:\/\/instagram.com\/primed2019?igshid=1piy2qg58ea5g\"],\"logo\":{\"@type\":\"ImageObject\",\"@id\":\"https:\/\/primed-miur.it\/fr\/#logo\",\"inLanguage\":\"fr-FR\",\"url\":\"https:\/\/primed-miur.it\/wp-content\/uploads\/2017\/11\/testata-Header-PRIMED-1-2.png\",\"width\":876,\"height\":250,\"caption\":\"PriMED\"},\"image\":{\"@id\":\"https:\/\/primed-miur.it\/fr\/#logo\"}},{\"@type\":\"WebSite\",\"@id\":\"https:\/\/primed-miur.it\/fr\/#website\",\"url\":\"https:\/\/primed-miur.it\/fr\/\",\"name\":\"PriMED\",\"description\":\"PriMED - Prevenzione e interazione nello spazio Trans-Mediterraneo\",\"publisher\":{\"@id\":\"https:\/\/primed-miur.it\/fr\/#organization\"},\"potentialAction\":[{\"@type\":\"SearchAction\",\"target\":\"https:\/\/primed-miur.it\/fr\/?s={search_term_string}\",\"query-input\":\"required name=search_term_string\"}],\"inLanguage\":\"fr-FR\"},{\"@type\":\"WebPage\",\"@id\":\"https:\/\/primed-miur.it\/fr\/ecole-dhiver-como\/#webpage\",\"url\":\"https:\/\/primed-miur.it\/fr\/ecole-dhiver-como\/\",\"name\":\"\\u00c9COLE D'HIVER - COMO\",\"isPartOf\":{\"@id\":\"https:\/\/primed-miur.it\/fr\/#website\"},\"datePublished\":\"2021-03-30T14:11:32+00:00\",\"dateModified\":\"2021-03-30T14:11:43+00:00\",\"description\":\"L'\\u00e9cole d'hiver pr\\u00e9voit le transfert \\u00e0 l'Universit\\u00e9 d'Insubrie de vingt \\u00e9tudiants des universit\\u00e9s italiennes PRIMED (s\\u00e9lectionn\\u00e9s via un appel sp\\u00e9cifique)\",\"inLanguage\":\"fr-FR\",\"potentialAction\":[{\"@type\":\"ReadAction\",\"target\":[\"https:\/\/primed-miur.it\/fr\/ecole-dhiver-como\/\"]}]}]}<\/script>\n<!-- \/ Yoast SEO Premium plugin. -->","_links":{"self":[{"href":"https:\/\/primed-miur.it\/fr\/wp-json\/wp\/v2\/pages\/7666","targetHints":{"allow":["GET"]}}],"collection":[{"href":"https:\/\/primed-miur.it\/fr\/wp-json\/wp\/v2\/pages"}],"about":[{"href":"https:\/\/primed-miur.it\/fr\/wp-json\/wp\/v2\/types\/page"}],"author":[{"embeddable":true,"href":"https:\/\/primed-miur.it\/fr\/wp-json\/wp\/v2\/users\/2"}],"replies":[{"embeddable":true,"href":"https:\/\/primed-miur.it\/fr\/wp-json\/wp\/v2\/comments?post=7666"}],"version-history":[{"count":1,"href":"https:\/\/primed-miur.it\/fr\/wp-json\/wp\/v2\/pages\/7666\/revisions"}],"predecessor-version":[{"id":9744,"href":"https:\/\/primed-miur.it\/fr\/wp-json\/wp\/v2\/pages\/7666\/revisions\/9744"}],"wp:attachment":[{"href":"https:\/\/primed-miur.it\/fr\/wp-json\/wp\/v2\/media?parent=7666"}],"wp:term":[{"taxonomy":"yst_prominent_words","embeddable":true,"href":"https:\/\/primed-miur.it\/fr\/wp-json\/wp\/v2\/yst_prominent_words?post=7666"}],"curies":[{"name":"wp","href":"https:\/\/api.w.org\/{rel}","templated":true}]}}