{"id":7673,"date":"2021-04-01T12:45:51","date_gmt":"2021-04-01T11:45:51","guid":{"rendered":"https:\/\/primed-miur.it\/cours-de-formation-avancee-pour-operateurs-socio-economiques\/"},"modified":"2021-11-11T12:06:26","modified_gmt":"2021-11-11T11:06:26","slug":"cours-de-formation-avancee-pour-operateurs-socio-economiques","status":"publish","type":"page","link":"https:\/\/primed-miur.it\/fr\/cours-de-formation-avancee-pour-operateurs-socio-economiques\/","title":{"rendered":"COURS DE FORMATION AVANC\u00c9E POUR OP\u00c9RATEURS SOCIO-\u00c9CONOMIQUES"},"content":{"rendered":"<section class=\"wpb-content-wrapper\"><p>[vc_row full_width=\u00a0\u00bbstretch_row_content_no_spaces\u00a0\u00bb css=\u00a0\u00bb.vc_custom_1568279189416{margin-top: -50px !important;}\u00a0\u00bb][vc_column][rev_slider_vc alias=\u00a0\u00bbECONOMICO-2020-FR\u00a0\u00bb][\/vc_column][\/vc_row][vc_row][vc_column width=\u00a0\u00bb3\/4&Prime;][vc_row_inner][vc_column_inner width=\u00a0\u00bb5\/6&Prime;][vc_empty_space height=\u00a0\u00bb12px\u00a0\u00bb][vc_custom_heading text=\u00a0\u00bbCours de formation avanc\u00e9e pour\u00a0\u00bb font_container=\u00a0\u00bbtag:h2|text_align:left|color:%23f79d1c\u00a0\u00bb use_theme_fonts=\u00a0\u00bbyes\u00a0\u00bb][vc_custom_heading text=\u00a0\u00bbOP\u00c9RATEURS SOCIO-\u00c9CONOMIQUES\u00a0\u00bb font_container=\u00a0\u00bbtag:h1|text_align:left|color:%23233255&Prime; use_theme_fonts=\u00a0\u00bbyes\u00a0\u00bb][vc_column_text]<\/p>\n<div class=\"page\" title=\"Page 1\">\n<div class=\"layoutArea\">\n<div class=\"column\">\n<p><span style=\"color: #233255;\"><strong>COURS 1<\/strong><\/span><\/p>\n<p><strong><span style=\"color: #f79d1c;\">OP\u00c9RATEURS SOCIO-\u00c9CONOMIQUES<\/span><\/strong><\/p>\n<p>Universit\u00e9 de Turin<\/p>\n<p><a href=\"https:\/\/primed-miur.it\/operatori-socio-economici-corso-insubria\/\"><span style=\"color: #233255;\"><strong>COURS 2<\/strong><\/span><\/a><\/p>\n<p><a href=\"https:\/\/primed-miur.it\/operatori-socio-economici-corso-insubria\/\"><strong><span style=\"color: #f79d1c;\">OP\u00c9RATEURS SOCIO-\u00c9CONOMIQUES<\/span><\/strong><\/a><\/p>\n<p>Universit\u00e9 d&rsquo;Insubrie &#8211; Universit\u00e9s OCI<\/p><\/div>\n<\/div>\n<\/div>\n<p>[\/vc_column_text][vc_empty_space height=\u00a0\u00bb12px\u00a0\u00bb][vc_column_text]<\/p>\n<p>Activit\u00e9s de formation avanc\u00e9e pour les op\u00e9rateurs socio-\u00e9conomiques, dans le but d&rsquo;expliquer les enjeux de l&rsquo;\u00e9conomie et de la finance islamiques. La formation sera dispens\u00e9e \u00e0 partir de juin 2019 (Universit\u00e9 de Turin) et octobre 2019 (Universit\u00e9 d&rsquo;Insubrie).<\/p>\n<p>Les sujets seront les suivants : introduction \u00e0 la finance islamique, aux march\u00e9s et aux \u00e9conomies des pays \u00e0 majorit\u00e9 musulmane, \u00e0 l&rsquo;infrastructure du syst\u00e8me islamique, aux contrats participatifs islamiques, aux contrats islamiques non participatifs, aux banques islamiques, au conseil de surveillance de la charia, les \u00ab Sukuk \u00bb, les \u00ab Takaful \u00bb, les indices islamiques, les aspects \u00ab halal \u00bb et \u00ab haram \u00bb de l&rsquo;\u00e9conomie, la mode modeste, le tourisme musulman et les certifications \u00ab halal \u00bb.<br \/>\nLe cours vise donc \u00e0 fournir les outils essentiels pour analyser le syst\u00e8me financier islamique. En particulier, \u00e0 la fin du cours, il sera possible : de comprendre les principales diff\u00e9rences entre les syst\u00e8mes financiers conventionnels et le syst\u00e8me financier islamique, de conna\u00eetre les principales institutions et infrastructures du syst\u00e8me financier islamique pour savoir comment distinguer les op\u00e9rations des banques conventionnelles et islamiques, de conna\u00eetre les principaux contrats et instruments bancaires utilis\u00e9s et appliqu\u00e9s.<\/p>\n<p>[\/vc_column_text][vc_btn title=\u00a0\u00bbLE GIORNALE\u00a0\u00bb style=\u00a0\u00bbclassic\u00a0\u00bb shape=\u00a0\u00bbsquare\u00a0\u00bb color=\u00a0\u00bbprimary\u00a0\u00bb align=\u00a0\u00bbleft\u00a0\u00bb i_icon_fontawesome=\u00a0\u00bbfas fa-external-link-alt\u00a0\u00bb add_icon=\u00a0\u00bbtrue\u00a0\u00bb link=\u00a0\u00bburl:https%3A%2F%2Fwww.varesenews.it%2F2019%2F07%2Fcorso-alta-formazione-investire-nei-mercati-arabi%2F836368%2F|target:%20_blank|\u00a0\u00bb][\/vc_column_inner][vc_column_inner width=\u00a0\u00bb1\/6&Prime;][\/vc_column_inner][\/vc_row_inner][\/vc_column][vc_column width=\u00a0\u00bb1\/4&Prime;][vc_widget_sidebar sidebar_id=\u00a0\u00bbblog-sidebar\u00a0\u00bb][\/vc_column][\/vc_row]<\/p>\n<\/section>","protected":false},"excerpt":{"rendered":"<p>[vc_row full_width=\u00a0\u00bbstretch_row_content_no_spaces\u00a0\u00bb css=\u00a0\u00bb.vc_custom_1568279189416{margin-top: -50px !important;}\u00a0\u00bb][vc_column][rev_slider_vc alias=\u00a0\u00bbECONOMICO-2020-FR\u00a0\u00bb][\/vc_column][\/vc_row][vc_row][vc_column width=\u00a0\u00bb3\/4&Prime;][vc_row_inner][vc_column_inner width=\u00a0\u00bb5\/6&Prime;][vc_empty_space height=\u00a0\u00bb12px\u00a0\u00bb][vc_custom_heading text=\u00a0\u00bbCours de formation avanc\u00e9e pour\u00a0\u00bb font_container=\u00a0\u00bbtag:h2|text_align:left|color:%23f79d1c\u00a0\u00bb use_theme_fonts=\u00a0\u00bbyes\u00a0\u00bb][vc_custom_heading text=\u00a0\u00bbOP\u00c9RATEURS SOCIO-\u00c9CONOMIQUES\u00a0\u00bb font_container=\u00a0\u00bbtag:h1|text_align:left|color:%23233255&Prime; use_theme_fonts=\u00a0\u00bbyes\u00a0\u00bb][vc_column_text] COURS 1 OP\u00c9RATEURS SOCIO-\u00c9CONOMIQUES Universit\u00e9 de Turin COURS 2 OP\u00c9RATEURS SOCIO-\u00c9CONOMIQUES Universit\u00e9 d&rsquo;Insubrie &#8211; Universit\u00e9s OCI [\/vc_column_text][vc_empty_space height=\u00a0\u00bb12px\u00a0\u00bb][vc_column_text] Activit\u00e9s de formation avanc\u00e9e pour les op\u00e9rateurs socio-\u00e9conomiques, dans le but d&rsquo;expliquer les enjeux de l&rsquo;\u00e9conomie et [&hellip;]<\/p>\n","protected":false},"author":2,"featured_media":0,"parent":0,"menu_order":0,"comment_status":"closed","ping_status":"closed","template":"","meta":{"inline_featured_image":false,"footnotes":""},"yst_prominent_words":[371,502,1971,480],"class_list":["post-7673","page","type-page","status-publish","hentry"],"yoast_head":"<!-- This site is optimized with the Yoast SEO Premium plugin v14.1 - https:\/\/yoast.com\/wordpress\/plugins\/seo\/ -->\n<title>COURS DE FORMATION AVANC\u00c9E POUR OP\u00c9RATEURS SOCIO-\u00c9CONOMIQUES<\/title>\n<meta name=\"robots\" content=\"index, follow\" \/>\n<meta name=\"googlebot\" content=\"index, follow, max-snippet:-1, max-image-preview:large, max-video-preview:-1\" \/>\n<meta name=\"bingbot\" content=\"index, follow, max-snippet:-1, max-image-preview:large, max-video-preview:-1\" \/>\n<link rel=\"canonical\" href=\"https:\/\/primed-miur.it\/fr\/cours-de-formation-avancee-pour-operateurs-socio-economiques\/\" \/>\n<meta property=\"og:locale\" content=\"fr_FR\" \/>\n<meta property=\"og:type\" content=\"article\" \/>\n<meta property=\"og:title\" content=\"COURS DE FORMATION AVANC\u00c9E POUR OP\u00c9RATEURS SOCIO-\u00c9CONOMIQUES\" \/>\n<meta property=\"og:description\" content=\"[vc_row full_width=\u00a0\u00bbstretch_row_content_no_spaces\u00a0\u00bb css=\u00a0\u00bb.vc_custom_1568279189416{margin-top: -50px !important;}\u00a0\u00bb][vc_column][rev_slider_vc alias=\u00a0\u00bbECONOMICO-2020-FR\u00a0\u00bb][\/vc_column][\/vc_row][vc_row][vc_column width=\u00a0\u00bb3\/4&Prime;][vc_row_inner][vc_column_inner width=\u00a0\u00bb5\/6&Prime;][vc_empty_space height=\u00a0\u00bb12px\u00a0\u00bb][vc_custom_heading text=\u00a0\u00bbCours de formation avanc\u00e9e pour\u00a0\u00bb font_container=\u00a0\u00bbtag:h2|text_align:left|color:%23f79d1c\u00a0\u00bb use_theme_fonts=\u00a0\u00bbyes\u00a0\u00bb][vc_custom_heading text=\u00a0\u00bbOP\u00c9RATEURS SOCIO-\u00c9CONOMIQUES\u00a0\u00bb font_container=\u00a0\u00bbtag:h1|text_align:left|color:%23233255&Prime; use_theme_fonts=\u00a0\u00bbyes\u00a0\u00bb][vc_column_text] COURS 1 OP\u00c9RATEURS SOCIO-\u00c9CONOMIQUES Universit\u00e9 de Turin COURS 2 OP\u00c9RATEURS SOCIO-\u00c9CONOMIQUES Universit\u00e9 d&rsquo;Insubrie &#8211; Universit\u00e9s OCI [\/vc_column_text][vc_empty_space height=\u00a0\u00bb12px\u00a0\u00bb][vc_column_text] Activit\u00e9s de formation avanc\u00e9e pour les op\u00e9rateurs socio-\u00e9conomiques, dans le but d&rsquo;expliquer les enjeux de l&rsquo;\u00e9conomie et [&hellip;]\" \/>\n<meta property=\"og:url\" content=\"https:\/\/primed-miur.it\/fr\/cours-de-formation-avancee-pour-operateurs-socio-economiques\/\" \/>\n<meta property=\"og:site_name\" content=\"PriMED\" \/>\n<meta property=\"article:publisher\" content=\"https:\/\/www.facebook.com\/fidr.primed\" \/>\n<meta property=\"article:modified_time\" content=\"2021-11-11T11:06:26+00:00\" \/>\n<meta property=\"og:image\" content=\"https:\/\/primed-miur.it\/wp-content\/uploads\/2017\/11\/logo_video_primed.png\" \/>\n\t<meta property=\"og:image:width\" content=\"300\" \/>\n\t<meta property=\"og:image:height\" content=\"188\" \/>\n<meta name=\"twitter:card\" content=\"summary_large_image\" \/>\n<script type=\"application\/ld+json\" class=\"yoast-schema-graph\">{\"@context\":\"https:\/\/schema.org\",\"@graph\":[{\"@type\":\"Organization\",\"@id\":\"https:\/\/primed-miur.it\/fr\/#organization\",\"name\":\"PriMED\",\"url\":\"https:\/\/primed-miur.it\/fr\/\",\"sameAs\":[\"https:\/\/www.facebook.com\/fidr.primed\",\"https:\/\/instagram.com\/primed2019?igshid=1piy2qg58ea5g\"],\"logo\":{\"@type\":\"ImageObject\",\"@id\":\"https:\/\/primed-miur.it\/fr\/#logo\",\"inLanguage\":\"fr-FR\",\"url\":\"https:\/\/primed-miur.it\/wp-content\/uploads\/2017\/11\/testata-Header-PRIMED-1-2.png\",\"width\":876,\"height\":250,\"caption\":\"PriMED\"},\"image\":{\"@id\":\"https:\/\/primed-miur.it\/fr\/#logo\"}},{\"@type\":\"WebSite\",\"@id\":\"https:\/\/primed-miur.it\/fr\/#website\",\"url\":\"https:\/\/primed-miur.it\/fr\/\",\"name\":\"PriMED\",\"description\":\"PriMED - Prevenzione e interazione nello spazio Trans-Mediterraneo\",\"publisher\":{\"@id\":\"https:\/\/primed-miur.it\/fr\/#organization\"},\"potentialAction\":[{\"@type\":\"SearchAction\",\"target\":\"https:\/\/primed-miur.it\/fr\/?s={search_term_string}\",\"query-input\":\"required name=search_term_string\"}],\"inLanguage\":\"fr-FR\"},{\"@type\":\"WebPage\",\"@id\":\"https:\/\/primed-miur.it\/fr\/cours-de-formation-avancee-pour-operateurs-socio-economiques\/#webpage\",\"url\":\"https:\/\/primed-miur.it\/fr\/cours-de-formation-avancee-pour-operateurs-socio-economiques\/\",\"name\":\"COURS DE FORMATION AVANC\\u00c9E POUR OP\\u00c9RATEURS SOCIO-\\u00c9CONOMIQUES\",\"isPartOf\":{\"@id\":\"https:\/\/primed-miur.it\/fr\/#website\"},\"datePublished\":\"2021-04-01T11:45:51+00:00\",\"dateModified\":\"2021-11-11T11:06:26+00:00\",\"inLanguage\":\"fr-FR\",\"potentialAction\":[{\"@type\":\"ReadAction\",\"target\":[\"https:\/\/primed-miur.it\/fr\/cours-de-formation-avancee-pour-operateurs-socio-economiques\/\"]}]}]}<\/script>\n<!-- \/ Yoast SEO Premium plugin. -->","_links":{"self":[{"href":"https:\/\/primed-miur.it\/fr\/wp-json\/wp\/v2\/pages\/7673","targetHints":{"allow":["GET"]}}],"collection":[{"href":"https:\/\/primed-miur.it\/fr\/wp-json\/wp\/v2\/pages"}],"about":[{"href":"https:\/\/primed-miur.it\/fr\/wp-json\/wp\/v2\/types\/page"}],"author":[{"embeddable":true,"href":"https:\/\/primed-miur.it\/fr\/wp-json\/wp\/v2\/users\/2"}],"replies":[{"embeddable":true,"href":"https:\/\/primed-miur.it\/fr\/wp-json\/wp\/v2\/comments?post=7673"}],"version-history":[{"count":2,"href":"https:\/\/primed-miur.it\/fr\/wp-json\/wp\/v2\/pages\/7673\/revisions"}],"predecessor-version":[{"id":9759,"href":"https:\/\/primed-miur.it\/fr\/wp-json\/wp\/v2\/pages\/7673\/revisions\/9759"}],"wp:attachment":[{"href":"https:\/\/primed-miur.it\/fr\/wp-json\/wp\/v2\/media?parent=7673"}],"wp:term":[{"taxonomy":"yst_prominent_words","embeddable":true,"href":"https:\/\/primed-miur.it\/fr\/wp-json\/wp\/v2\/yst_prominent_words?post=7673"}],"curies":[{"name":"wp","href":"https:\/\/api.w.org\/{rel}","templated":true}]}}