{"id":7677,"date":"2021-04-04T11:45:02","date_gmt":"2021-04-04T10:45:02","guid":{"rendered":"https:\/\/primed-miur.it\/cours-de-formation-avancee-pour-operateurs-de-ladministration-publique\/"},"modified":"2021-11-11T12:12:20","modified_gmt":"2021-11-11T11:12:20","slug":"cours-de-formation-avancee-pour-operateurs-de-ladministration-publique","status":"publish","type":"page","link":"https:\/\/primed-miur.it\/fr\/cours-de-formation-avancee-pour-operateurs-de-ladministration-publique\/","title":{"rendered":"COURS DE FORMATION AVANC\u00c9E POUR  OP\u00c9RATEURS DE L&rsquo;ADMINISTRATION PUBLIQUE"},"content":{"rendered":"<section class=\"wpb-content-wrapper\"><p>[vc_row full_width=\u00a0\u00bbstretch_row_content_no_spaces\u00a0\u00bb css=\u00a0\u00bb.vc_custom_1568279189416{margin-top: -50px !important;}\u00a0\u00bb][vc_column][rev_slider_vc alias=\u00a0\u00bbAMMINISTRAZIONE-2020-FR\u00a0\u00bb][\/vc_column][\/vc_row][vc_row][vc_column width=\u00a0\u00bb3\/4&Prime;][vc_row_inner][vc_column_inner width=\u00a0\u00bb5\/6&Prime;][vc_empty_space height=\u00a0\u00bb12px\u00a0\u00bb][vc_custom_heading text=\u00a0\u00bbCours de formation avanc\u00e9e pour\u00a0\u00bb font_container=\u00a0\u00bbtag:h2|text_align:left|color:%23f79d1c\u00a0\u00bb use_theme_fonts=\u00a0\u00bbyes\u00a0\u00bb][vc_custom_heading text=\u00a0\u00bbOP\u00c9RATEURS DE L&rsquo;ADMINISTRATION PUBLIQUE\u00a0\u00bb font_container=\u00a0\u00bbtag:h1|text_align:left|color:%23233255&Prime; use_theme_fonts=\u00a0\u00bbyes\u00a0\u00bb][vc_column_text]<\/p>\n<p>COURS 1<br \/>\nADMINISTRATION PUBLIQUEE<br \/>\nUniversit\u00e9 d&rsquo;\u00c9tat de Milan ; Universit\u00e9 Bicocca de Milan<\/p>\n<p>[\/vc_column_text][\/vc_column_inner][vc_column_inner width=\u00a0\u00bb1\/6&Prime;][\/vc_column_inner][\/vc_row_inner][vc_row_inner content_placement=\u00a0\u00bbmiddle\u00a0\u00bb css=\u00a0\u00bb.vc_custom_1581595387454{background-color: #233255 !important;}\u00a0\u00bb][vc_column_inner width=\u00a0\u00bb5\/6&Prime;][vc_custom_heading text=\u00a0\u00bb<b>02\/11\/2020<\/b>\u00a0\u00bb font_container=\u00a0\u00bbtag:p|text_align:left|color:%23f79d1c\u00a0\u00bb use_theme_fonts=\u00a0\u00bbyes\u00a0\u00bb link=\u00a0\u00bburl:%23|\u00a0\u00bb][vc_custom_heading text=\u00a0\u00bb<b> Rapport d&rsquo;\u00e9valuation du cours de formation de base PriMED (\u00c9ditions 1 et 2) <\/b>\u00a0\u00bb font_container=\u00a0\u00bbtag:h4|text_align:left|color:%23ffffff\u00a0\u00bb use_theme_fonts=\u00a0\u00bbyes\u00a0\u00bb link=\u00a0\u00bb|||\u00a0\u00bb][vc_btn title=\u00a0\u00bbRapport d&rsquo;\u00e9valuation impact factor\u00a0\u00bb style=\u00a0\u00bbflat\u00a0\u00bb shape=\u00a0\u00bbsquare\u00a0\u00bb color=\u00a0\u00bbprimary\u00a0\u00bb size=\u00a0\u00bbsm\u00a0\u00bb i_icon_fontawesome=\u00a0\u00bbfar fa-file-pdf\u00a0\u00bb add_icon=\u00a0\u00bbtrue\u00a0\u00bb link=\u00a0\u00bburl:https%3A%2F%2Fprimed-miur.it%2Ffiles%2FReport_di_Valutazione_del_Corso_base_PriMED_UniMi-Prima%20Edizione-2.pdf|title:rapport|target:%20_blank|\u00a0\u00bb css=\u00a0\u00bb.vc_custom_1611679255100{margin-right: 15px !important;}\u00a0\u00bb][\/vc_column_inner][vc_column_inner width=\u00a0\u00bb1\/6&Prime;][\/vc_column_inner][\/vc_row_inner][vc_row_inner css=\u00a0\u00bb.vc_custom_1604524936660{margin-top: 10px !important;}\u00a0\u00bb][vc_column_inner width=\u00a0\u00bb5\/6&Prime;][vc_btn title=\u00a0\u00bbAFFICHE 1&Prime; style=\u00a0\u00bbflat\u00a0\u00bb shape=\u00a0\u00bbsquare\u00a0\u00bb color=\u00a0\u00bbprimary\u00a0\u00bb size=\u00a0\u00bbxs\u00a0\u00bb i_icon_fontawesome=\u00a0\u00bbfar fa-file-pdf\u00a0\u00bb add_icon=\u00a0\u00bbtrue\u00a0\u00bb link=\u00a0\u00bburl:https%3A%2F%2Fprimed-miur.it%2Ffiles%2FPieghevole_Corso_progredito.pdf|target:%20_blank|\u00a0\u00bb css=\u00a0\u00bb.vc_custom_1604525768735{margin-right: 10px !important;}\u00a0\u00bb][vc_btn title=\u00a0\u00bbAFFICHE 2&Prime; style=\u00a0\u00bbflat\u00a0\u00bb shape=\u00a0\u00bbsquare\u00a0\u00bb color=\u00a0\u00bbprimary\u00a0\u00bb size=\u00a0\u00bbxs\u00a0\u00bb i_icon_fontawesome=\u00a0\u00bbfar fa-file-pdf\u00a0\u00bb add_icon=\u00a0\u00bbtrue\u00a0\u00bb link=\u00a0\u00bburl:https%3A%2F%2Fprimed-miur.it%2Ffiles%2FPieg_Comune_Questura.pdf|target:%20_blank|\u00a0\u00bb][vc_column_text]<span style=\"color: #263960;\">COURS 2<\/span><br \/>\n<span style=\"color: #f79d1c;\">ADMINISTRATION PUBLIQUE<\/span><br \/>\nUniversit\u00e9 de Bari \u00ab\u00a0Aldo Moro\u201d; Universit\u00e9 LUM &#8211; Jean Monnet \u2013 Universit\u00e9 OCI<\/p>\n<p>[\/vc_column_text][\/vc_column_inner][vc_column_inner width=\u00a0\u00bb1\/6&Prime;][\/vc_column_inner][\/vc_row_inner][vc_row_inner content_placement=\u00a0\u00bbmiddle\u00a0\u00bb css=\u00a0\u00bb.vc_custom_1581595387454{background-color: #233255 !important;}\u00a0\u00bb][vc_column_inner width=\u00a0\u00bb5\/6&Prime;][vc_custom_heading text=\u00a0\u00bb<b>\u00c9V\u00c9NEMENT DE 21\/02\/2020<\/b>\u00a0\u00bb font_container=\u00a0\u00bbtag:p|text_align:left|color:%23f79d1c\u00a0\u00bb use_theme_fonts=\u00a0\u00bbyes\u00a0\u00bb link=\u00a0\u00bburl:https%3A%2F%2Fprimed-miur.it%2Fevents%2Flo-spazio-trans-mediterraneo-e-il-mondo-islamico%2F|title:L%27ESPACE%20TRANS-M%C3%89DITERRAN%C3%89EN%20ET%20LE%20MONDE%20ISLAMIQUE|\u00a0\u00bb][vc_custom_heading text=\u00a0\u00bb<b> L&rsquo;ESPACE TRANSM\u00c9DITERRAN\u00c9EN ET LE MONDE ISLAMIQUE:<br \/>\nINT\u00c9GRATION DANS LES ESPACES PUBLICS ET DANS LE CONTEXTE SCOLAIRE<br \/>\nS\u00e9minaire d&rsquo;initiation des cours de l&rsquo;enseignement sup\u00e9rieur du PriMED <\/b>\u00a0\u00bb font_container=\u00a0\u00bbtag:h4|text_align:left|color:%23ffffff\u00a0\u00bb use_theme_fonts=\u00a0\u00bbyes\u00a0\u00bb link=\u00a0\u00bburl:https%3A%2F%2Fprimed-miur.it%2Flo-spazio-trans-mediterraneo-e-il-mondo-islamico%2F|title:L%27ESPACE%20TRANS-M%C3%89DITERRAN%C3%89EN%20ET%20LE%20MONDE%20ISLAMIQUE|\u00a0\u00bb][vc_btn title=\u00a0\u00bbAFFICHE\u00a0\u00bb style=\u00a0\u00bbflat\u00a0\u00bb shape=\u00a0\u00bbsquare\u00a0\u00bb color=\u00a0\u00bbprimary\u00a0\u00bb size=\u00a0\u00bbsm\u00a0\u00bb i_icon_fontawesome=\u00a0\u00bbfar fa-file-image\u00a0\u00bb add_icon=\u00a0\u00bbtrue\u00a0\u00bb link=\u00a0\u00bburl:https%3A%2F%2Fprimed-miur.it%2Ffiles%2Flocandina_roma_3_dirigenti_scolastici_28_02_2020.pdf|title:affiche|target:%20_blank|\u00a0\u00bb css=\u00a0\u00bb.vc_custom_1599649851235{margin-right: 15px !important;}\u00a0\u00bb][vc_btn title=\u00a0\u00bbS\u00c9MINAIRE\u00a0\u00bb style=\u00a0\u00bbflat\u00a0\u00bb shape=\u00a0\u00bbsquare\u00a0\u00bb color=\u00a0\u00bbprimary\u00a0\u00bb size=\u00a0\u00bbsm\u00a0\u00bb i_icon_fontawesome=\u00a0\u00bbfar fa-file-image\u00a0\u00bb add_icon=\u00a0\u00bbtrue\u00a0\u00bb link=\u00a0\u00bburl:https%3A%2F%2Fprimed-miur.it%2Ffiles%2FSEMINARIO_DIRIGENTI_SCOLASTICI_15-05-2020.pdf|title:s%C3%A9minaire|target:%20_blank|\u00a0\u00bb][\/vc_column_inner][vc_column_inner width=\u00a0\u00bb1\/6&Prime;][\/vc_column_inner][\/vc_row_inner][vc_row_inner][vc_column_inner width=\u00a0\u00bb5\/6&Prime;][vc_column_text]<span style=\"color: #263960;\">COURS 3<\/span><br \/>\n<span style=\"color: #f79d1c;\">ADMINISTRATION PUBLIQUE<\/span><br \/>\nUniversit\u00e9 de Bari \u00ab\u00a0Aldo Moro\u201d ;<br \/>\nUniversit\u00e9 LUM &#8211; Jean Monnet \u2013 Universit\u00e9 OCI[\/vc_column_text][vc_btn title=\u00a0\u00bbCours &amp; Mat\u00e9riaux\u00a0\u00bb style=\u00a0\u00bbclassic\u00a0\u00bb shape=\u00a0\u00bbsquare\u00a0\u00bb color=\u00a0\u00bbprimary\u00a0\u00bb i_icon_fontawesome=\u00a0\u00bbfas fa-link\u00a0\u00bb add_icon=\u00a0\u00bbtrue\u00a0\u00bb link=\u00a0\u00bburl:https%3A%2F%2Fprimed-miur.it%2Falta-formazione-pubblica-amministrazione-bari-lum%2F|title:corso%20%26%20materiale|\u00a0\u00bb][vc_empty_space height=\u00a0\u00bb12px\u00a0\u00bb][vc_column_text]<\/p>\n<p>Le cours s\u2019adresse aux fonctionnaires des collectivit\u00e9s territoriales locales et r\u00e9gionales; fonctionnaires de la pr\u00e9fecture; le personnel des administrations scolaires et universitaires. Sur chaque site, l\u2019activit\u00e9 Enseignement sup\u00e9rieur entend fournir au personnel administratif impliqu\u00e9 les outils analytiques et op\u00e9rationnels n\u00e9cessaires \u00e0 une action administrative efficace et inclusive dans les soci\u00e9t\u00e9s multiculturelles et multi-religieuses. Le cours sera effectu\u00e9 durant le troisi\u00e8me trimestre de septembre \u00e0 novembre 2019.<br \/>\nLes th\u00e8mes abord\u00e9s seront les suivants: identification g\u00e9n\u00e9rale des besoins religieux<br \/>\nreligieux individuel et collectif \u00e9galement par la comparaison avec les exp\u00e9riences europ\u00e9ennes; l&rsquo;analyse des comp\u00e9tences et des relations institutionnelles entre les diff\u00e9rentes administrations publiques territoriales et le r\u00f4le de l\u2019administration centrale de l\u2019\u00c9tat avec les questions connexes li\u00e9es \u00e0 l&rsquo;am\u00e9lioration de la coordination entre les diff\u00e9rents niveaux et la pr\u00e9paration de niveaux de performance ad\u00e9quats; la question des \u00e9difices religieux et des cimeti\u00e8res; les questions li\u00e9es \u00e0 la gestion administrative des besoins religieux dans les \u00e9coles; les questions li\u00e9es aux besoins alimentaires religieux; la question des associations religieuses et des partenariats avec les administrations publiques; la question des familles mixte.<\/p>\n<p>La discussion des st\u00e9r\u00e9otypes les plus courants permettra de d\u00e9construire les pr\u00e9 jugements et de clarifier les aspects les moins connus, en fournissant des informations correctes sur la religion islamique et sa relation avec le genre, la violence, le fondamentalisme et la radicalisation, les formes de l&rsquo;organisation religieuse en Italie, la relation entre les lieux de culte et l&rsquo;assistance spirituelle et sociale (m\u00e9diation familiale, \u00e9ducation, pauvret\u00e9 et vie).<\/p>\n<p>L&rsquo;analyse de l&rsquo;\u00e9mergence de l&rsquo;islam en Italie, des formes d&rsquo;\u00e9tablissement et d&rsquo;organisation socio religieuse sera conduite \u00e0 la lumi\u00e8re des processus migratoires et d\u00e9mographiques, afin de fournir les outils essentiels pour un cadre de la religion dans la soci\u00e9t\u00e9 italienne. Contemporain. De la connaissance des principes fondamentaux on passera \u00e0 l&rsquo;acquisition de connaissances et de comp\u00e9tences sur les effets de la religion dans les relations sociales et dans la vie quotidienne du croyant.<\/p>\n<p>Une concentration sur la dichotomie halal \/ haram et le th\u00e8me de la puret\u00e9 permettra de consid\u00e9rer de mani\u00e8re critique les dimensions les plus pragmatiques de la conduite de la vie islamique et les effets concrets sur les besoins individuels et familiaux, des besoins alimentaires \u00e0 la pharmacologie halal, des soins de sant\u00e9 aux de la personne, entre l&rsquo;enfance, l&rsquo;\u00e2ge adulte et l&rsquo;anciennet\u00e9.<\/p>\n<p>[\/vc_column_text][vc_custom_heading text=\u00a0\u00bbGALLERY\u00a0\u00bb font_container=\u00a0\u00bbtag:h3|text_align:left|color:%23f79d1c\u00a0\u00bb use_theme_fonts=\u00a0\u00bbyes\u00a0\u00bb link=\u00a0\u00bburl:https%3A%2F%2Fprimed-miur.it%2Fevents%2Flo-spazio-trans-mediterraneo-e-il-mondo-islamico%2F|title:L%27ESPACE%20TRANS-M%C3%89DITERRAN%C3%89EN%20ET%20LE%20MONDE%20ISLAMIQUE|\u00a0\u00bb][vc_gallery type=\u00a0\u00bbimage_grid\u00a0\u00bb images=\u00a0\u00bb7240,7237,7236,7239,7235,7234,7233,7231,7230,7229&Prime;][\/vc_column_inner][vc_column_inner width=\u00a0\u00bb1\/6&Prime;][\/vc_column_inner][\/vc_row_inner][\/vc_column][vc_column width=\u00a0\u00bb1\/4&Prime;][vc_widget_sidebar sidebar_id=\u00a0\u00bbblog-sidebar\u00a0\u00bb][\/vc_column][\/vc_row]<\/p>\n<\/section>","protected":false},"excerpt":{"rendered":"<p>[vc_row full_width=\u00a0\u00bbstretch_row_content_no_spaces\u00a0\u00bb css=\u00a0\u00bb.vc_custom_1568279189416{margin-top: -50px !important;}\u00a0\u00bb][vc_column][rev_slider_vc alias=\u00a0\u00bbAMMINISTRAZIONE-2020-FR\u00a0\u00bb][\/vc_column][\/vc_row][vc_row][vc_column width=\u00a0\u00bb3\/4&Prime;][vc_row_inner][vc_column_inner width=\u00a0\u00bb5\/6&Prime;][vc_empty_space height=\u00a0\u00bb12px\u00a0\u00bb][vc_custom_heading text=\u00a0\u00bbCours de formation avanc\u00e9e pour\u00a0\u00bb font_container=\u00a0\u00bbtag:h2|text_align:left|color:%23f79d1c\u00a0\u00bb use_theme_fonts=\u00a0\u00bbyes\u00a0\u00bb][vc_custom_heading text=\u00a0\u00bbOP\u00c9RATEURS DE L&rsquo;ADMINISTRATION PUBLIQUE\u00a0\u00bb font_container=\u00a0\u00bbtag:h1|text_align:left|color:%23233255&Prime; use_theme_fonts=\u00a0\u00bbyes\u00a0\u00bb][vc_column_text] COURS 1 ADMINISTRATION PUBLIQUEE Universit\u00e9 d&rsquo;\u00c9tat de Milan ; Universit\u00e9 Bicocca de Milan [\/vc_column_text][\/vc_column_inner][vc_column_inner width=\u00a0\u00bb1\/6&Prime;][\/vc_column_inner][\/vc_row_inner][vc_row_inner content_placement=\u00a0\u00bbmiddle\u00a0\u00bb css=\u00a0\u00bb.vc_custom_1581595387454{background-color: #233255 !important;}\u00a0\u00bb][vc_column_inner width=\u00a0\u00bb5\/6&Prime;][vc_custom_heading text=\u00a0\u00bb02\/11\/2020\u00a0\u00bb font_container=\u00a0\u00bbtag:p|text_align:left|color:%23f79d1c\u00a0\u00bb use_theme_fonts=\u00a0\u00bbyes\u00a0\u00bb link=\u00a0\u00bburl:%23|\u00a0\u00bb][vc_custom_heading text=\u00a0\u00bb Rapport d&rsquo;\u00e9valuation du cours de formation de base [&hellip;]<\/p>\n","protected":false},"author":2,"featured_media":0,"parent":0,"menu_order":0,"comment_status":"closed","ping_status":"closed","template":"","meta":{"inline_featured_image":false,"footnotes":""},"yst_prominent_words":[2724,1239],"class_list":["post-7677","page","type-page","status-publish","hentry"],"yoast_head":"<!-- This site is optimized with the Yoast SEO Premium plugin v14.1 - https:\/\/yoast.com\/wordpress\/plugins\/seo\/ -->\n<title>COURS DE FORMATION AVANC\u00c9E POUR OP\u00c9RATEURS DE L&#039;ADMINISTRATION PUBLIQUE<\/title>\n<meta name=\"robots\" content=\"index, follow\" \/>\n<meta name=\"googlebot\" content=\"index, follow, max-snippet:-1, max-image-preview:large, max-video-preview:-1\" \/>\n<meta name=\"bingbot\" content=\"index, follow, max-snippet:-1, max-image-preview:large, max-video-preview:-1\" \/>\n<link rel=\"canonical\" href=\"https:\/\/primed-miur.it\/fr\/cours-de-formation-avancee-pour-operateurs-de-ladministration-publique\/\" \/>\n<meta property=\"og:locale\" content=\"fr_FR\" \/>\n<meta property=\"og:type\" content=\"article\" \/>\n<meta property=\"og:title\" content=\"COURS DE FORMATION AVANC\u00c9E POUR OP\u00c9RATEURS DE L&#039;ADMINISTRATION PUBLIQUE\" \/>\n<meta property=\"og:description\" content=\"[vc_row full_width=\u00a0\u00bbstretch_row_content_no_spaces\u00a0\u00bb css=\u00a0\u00bb.vc_custom_1568279189416{margin-top: -50px !important;}\u00a0\u00bb][vc_column][rev_slider_vc alias=\u00a0\u00bbAMMINISTRAZIONE-2020-FR\u00a0\u00bb][\/vc_column][\/vc_row][vc_row][vc_column width=\u00a0\u00bb3\/4&Prime;][vc_row_inner][vc_column_inner width=\u00a0\u00bb5\/6&Prime;][vc_empty_space height=\u00a0\u00bb12px\u00a0\u00bb][vc_custom_heading text=\u00a0\u00bbCours de formation avanc\u00e9e pour\u00a0\u00bb font_container=\u00a0\u00bbtag:h2|text_align:left|color:%23f79d1c\u00a0\u00bb use_theme_fonts=\u00a0\u00bbyes\u00a0\u00bb][vc_custom_heading text=\u00a0\u00bbOP\u00c9RATEURS DE L&rsquo;ADMINISTRATION PUBLIQUE\u00a0\u00bb font_container=\u00a0\u00bbtag:h1|text_align:left|color:%23233255&Prime; use_theme_fonts=\u00a0\u00bbyes\u00a0\u00bb][vc_column_text] COURS 1 ADMINISTRATION PUBLIQUEE Universit\u00e9 d&rsquo;\u00c9tat de Milan ; Universit\u00e9 Bicocca de Milan [\/vc_column_text][\/vc_column_inner][vc_column_inner width=\u00a0\u00bb1\/6&Prime;][\/vc_column_inner][\/vc_row_inner][vc_row_inner content_placement=\u00a0\u00bbmiddle\u00a0\u00bb css=\u00a0\u00bb.vc_custom_1581595387454{background-color: #233255 !important;}\u00a0\u00bb][vc_column_inner width=\u00a0\u00bb5\/6&Prime;][vc_custom_heading text=\u00a0\u00bb02\/11\/2020\u00a0\u00bb font_container=\u00a0\u00bbtag:p|text_align:left|color:%23f79d1c\u00a0\u00bb use_theme_fonts=\u00a0\u00bbyes\u00a0\u00bb link=\u00a0\u00bburl:%23|\u00a0\u00bb][vc_custom_heading text=\u00a0\u00bb Rapport d&rsquo;\u00e9valuation du cours de formation de base [&hellip;]\" \/>\n<meta property=\"og:url\" content=\"https:\/\/primed-miur.it\/fr\/cours-de-formation-avancee-pour-operateurs-de-ladministration-publique\/\" \/>\n<meta property=\"og:site_name\" content=\"PriMED\" \/>\n<meta property=\"article:publisher\" content=\"https:\/\/www.facebook.com\/fidr.primed\" \/>\n<meta property=\"article:modified_time\" content=\"2021-11-11T11:12:20+00:00\" \/>\n<meta property=\"og:image\" content=\"https:\/\/primed-miur.it\/wp-content\/uploads\/2017\/11\/logo_video_primed.png\" \/>\n\t<meta property=\"og:image:width\" content=\"300\" \/>\n\t<meta property=\"og:image:height\" content=\"188\" \/>\n<meta name=\"twitter:card\" content=\"summary_large_image\" \/>\n<script type=\"application\/ld+json\" class=\"yoast-schema-graph\">{\"@context\":\"https:\/\/schema.org\",\"@graph\":[{\"@type\":\"Organization\",\"@id\":\"https:\/\/primed-miur.it\/fr\/#organization\",\"name\":\"PriMED\",\"url\":\"https:\/\/primed-miur.it\/fr\/\",\"sameAs\":[\"https:\/\/www.facebook.com\/fidr.primed\",\"https:\/\/instagram.com\/primed2019?igshid=1piy2qg58ea5g\"],\"logo\":{\"@type\":\"ImageObject\",\"@id\":\"https:\/\/primed-miur.it\/fr\/#logo\",\"inLanguage\":\"fr-FR\",\"url\":\"https:\/\/primed-miur.it\/wp-content\/uploads\/2017\/11\/testata-Header-PRIMED-1-2.png\",\"width\":876,\"height\":250,\"caption\":\"PriMED\"},\"image\":{\"@id\":\"https:\/\/primed-miur.it\/fr\/#logo\"}},{\"@type\":\"WebSite\",\"@id\":\"https:\/\/primed-miur.it\/fr\/#website\",\"url\":\"https:\/\/primed-miur.it\/fr\/\",\"name\":\"PriMED\",\"description\":\"PriMED - Prevenzione e interazione nello spazio Trans-Mediterraneo\",\"publisher\":{\"@id\":\"https:\/\/primed-miur.it\/fr\/#organization\"},\"potentialAction\":[{\"@type\":\"SearchAction\",\"target\":\"https:\/\/primed-miur.it\/fr\/?s={search_term_string}\",\"query-input\":\"required name=search_term_string\"}],\"inLanguage\":\"fr-FR\"},{\"@type\":\"WebPage\",\"@id\":\"https:\/\/primed-miur.it\/fr\/cours-de-formation-avancee-pour-operateurs-de-ladministration-publique\/#webpage\",\"url\":\"https:\/\/primed-miur.it\/fr\/cours-de-formation-avancee-pour-operateurs-de-ladministration-publique\/\",\"name\":\"COURS DE FORMATION AVANC\\u00c9E POUR OP\\u00c9RATEURS DE L'ADMINISTRATION PUBLIQUE\",\"isPartOf\":{\"@id\":\"https:\/\/primed-miur.it\/fr\/#website\"},\"datePublished\":\"2021-04-04T10:45:02+00:00\",\"dateModified\":\"2021-11-11T11:12:20+00:00\",\"inLanguage\":\"fr-FR\",\"potentialAction\":[{\"@type\":\"ReadAction\",\"target\":[\"https:\/\/primed-miur.it\/fr\/cours-de-formation-avancee-pour-operateurs-de-ladministration-publique\/\"]}]}]}<\/script>\n<!-- \/ Yoast SEO Premium plugin. -->","_links":{"self":[{"href":"https:\/\/primed-miur.it\/fr\/wp-json\/wp\/v2\/pages\/7677","targetHints":{"allow":["GET"]}}],"collection":[{"href":"https:\/\/primed-miur.it\/fr\/wp-json\/wp\/v2\/pages"}],"about":[{"href":"https:\/\/primed-miur.it\/fr\/wp-json\/wp\/v2\/types\/page"}],"author":[{"embeddable":true,"href":"https:\/\/primed-miur.it\/fr\/wp-json\/wp\/v2\/users\/2"}],"replies":[{"embeddable":true,"href":"https:\/\/primed-miur.it\/fr\/wp-json\/wp\/v2\/comments?post=7677"}],"version-history":[{"count":1,"href":"https:\/\/primed-miur.it\/fr\/wp-json\/wp\/v2\/pages\/7677\/revisions"}],"predecessor-version":[{"id":9762,"href":"https:\/\/primed-miur.it\/fr\/wp-json\/wp\/v2\/pages\/7677\/revisions\/9762"}],"wp:attachment":[{"href":"https:\/\/primed-miur.it\/fr\/wp-json\/wp\/v2\/media?parent=7677"}],"wp:term":[{"taxonomy":"yst_prominent_words","embeddable":true,"href":"https:\/\/primed-miur.it\/fr\/wp-json\/wp\/v2\/yst_prominent_words?post=7677"}],"curies":[{"name":"wp","href":"https:\/\/api.w.org\/{rel}","templated":true}]}}