{"id":7696,"date":"2021-04-04T13:25:27","date_gmt":"2021-04-04T12:25:27","guid":{"rendered":"https:\/\/primed-miur.it\/cours-de-formation-avancee-pour-dirigeants-et-enseignants-scolaires\/"},"modified":"2021-11-11T12:02:27","modified_gmt":"2021-11-11T11:02:27","slug":"cours-de-formation-avancee-pour-dirigeants-et-enseignants-scolaires","status":"publish","type":"page","link":"https:\/\/primed-miur.it\/fr\/cours-de-formation-avancee-pour-dirigeants-et-enseignants-scolaires\/","title":{"rendered":"COURS DE FORMATION AVANC\u00c9E POUR DIRIGEANTS ET ENSEIGNANTS SCOLAIRES"},"content":{"rendered":"<section class=\"wpb-content-wrapper\"><p>[vc_row full_width=\u00a0\u00bbstretch_row_content_no_spaces\u00a0\u00bb css=\u00a0\u00bb.vc_custom_1568279189416{margin-top: -50px !important;}\u00a0\u00bb][vc_column][rev_slider_vc alias=\u00a0\u00bbSCUOLA-2020-FR\u00a0\u00bb][\/vc_column][\/vc_row][vc_row][vc_column width=\u00a0\u00bb3\/4&Prime;][vc_row_inner disable_element=\u00a0\u00bbyes\u00a0\u00bb][vc_column_inner][vc_empty_space height=\u00a0\u00bb12px\u00a0\u00bb][vc_cta h2=\u00a0\u00bbCours en ligne pour dirigeants et enseignants\u00a0\u00bb el_width=\u00a0\u00bblg\u00a0\u00bb add_button=\u00a0\u00bbbottom\u00a0\u00bb btn_title=\u00a0\u00bbFormulaire d&rsquo;inscription\u00a0\u00bb btn_color=\u00a0\u00bbprimary\u00a0\u00bb btn_size=\u00a0\u00bbsm\u00a0\u00bb btn_align=\u00a0\u00bbcenter\u00a0\u00bb btn_i_icon_fontawesome=\u00a0\u00bbfa fa-file-pdf-o\u00a0\u00bb btn_add_icon=\u00a0\u00bbtrue\u00a0\u00bb btn_link=\u00a0\u00bburl:https%3A%2F%2FPRIMED-MIUR.IT%2Ffiles%2FPrimed_form_iscrizioni_ONLINE.pdf|target:%20_blank|\u00a0\u00bb]<\/p>\n<h4 style=\"text-align: center;\">L&rsquo;espace transm\u00e9diterran\u00e9en et le monde islamique:<br \/>\n\u00ab\u00a0Int\u00e9gration dans le contexte scolaire\u00a0\u00bb<\/h4>\n<h3 style=\"text-align: center;\"><span style=\"color: #47418a;\"><span style=\"color: #000000;\">Date limite d&rsquo;inscription le<\/span> <\/span><\/h3>\n<h3 style=\"text-align: center;\"><span style=\"color: #223255;\"><em>22\/12\/2019<\/em><\/span><\/h3>\n<h4 style=\"text-align: center;\">L\u2019universit\u00e9 Catholique de Milan<\/h4>\n<p>[\/vc_cta][\/vc_column_inner][\/vc_row_inner][vc_row_inner][vc_column_inner width=\u00a0\u00bb5\/6&Prime;][vc_empty_space height=\u00a0\u00bb12px\u00a0\u00bb][vc_custom_heading text=\u00a0\u00bbCours de formation avanc\u00e9e pour\u00a0\u00bb font_container=\u00a0\u00bbtag:h2|text_align:left|color:%23f79d1c\u00a0\u00bb use_theme_fonts=\u00a0\u00bbyes\u00a0\u00bb][vc_custom_heading text=\u00a0\u00bb<strong>DIRIGEANTS ET ENSEIGNANTS SCOLAIRES<\/strong>\u00a0\u00bb font_container=\u00a0\u00bbtag:h1|text_align:left|color:%23233255&Prime; use_theme_fonts=\u00a0\u00bbyes\u00a0\u00bb][vc_column_text]<\/p>\n<div class=\"page\" title=\"Page 1\">\n<div class=\"layoutArea\">\n<div class=\"column\">\n<p><a href=\"https:\/\/centridiricerca.unicatt.it\/relazioni-interculturali-corsi-ed-eventi-corso-di-alta-formazione-per-dirigenti-e-insegnanti-lo-spazio-trans-mediterraneo#content\" target=\"_blank\" rel=\"noopener noreferrer\"><span style=\"color: #233255;\"><strong>COURS 1<\/strong><\/span><\/a><br \/>\n<a href=\"https:\/\/centridiricerca.unicatt.it\/relazioni-interculturali-corsi-ed-eventi-corso-di-alta-formazione-per-dirigenti-e-insegnanti-lo-spazio-trans-mediterraneo#content\" target=\"_blank\" rel=\"noopener noreferrer\"><strong><span style=\"color: #f79d1c;\">DIRIGEANTS ET ENSEIGNANTS SCOLAIRES<\/span><\/strong><\/a><br \/>\nUniversit\u00e9 catholique du Sacr\u00e9-C\u0153ur de Milan<\/div>\n<\/div>\n<\/div>\n<p>[\/vc_column_text][vc_column_text]<div class=\"ead-preview\"><div class=\"ead-document\" style=\"position:relative;\"><iframe src=\"\/\/docs.google.com\/viewer?url=https%3A%2F%2Fprimed-miur.it%2Fwp-content%2Fuploads%2F2017%2F12%2FCopertina-Cuciniello-Pasta.pdf&#038;embedded=true&#038;hl=en\" title=\"Embedded Document\" style=\"width:100%; height:300px; border: none;\"><\/iframe><\/div><\/div>\n<h4>Un livre d&rsquo;Antonio Cuciniello et Stefano Pasta avec une pr\u00e9face de Milena Saterini.<br \/>\nIl s&rsquo;agit d&rsquo;une publication promue par le Centre de recherche sur les relations interculturelles de l&rsquo;Universit\u00e9 catholique du Sacr\u00e9-C\u0153ur de Milan qui fait partie des activit\u00e9s du projet PriMed https:\/\/primed-miur.it\/ et recueille les contributions de:<br \/>\nPaolo Branca, Giorgio Musso, Romeo Astorri, Anna Granata, Milena Santerini, Mustafa Cenap Aydin, Michele Esposti Ongaro, Licia Lombardo.<\/h4>\n<p><span style=\"color: #284a85;\"><a style=\"color: #284a85;\" href=\"http:\/\/www.carocci.it\/index.php?option=com_carocci&amp;task=schedalibro&amp;Itemid=72&amp;isbn=9788829003150\" target=\"_blank\" rel=\"noopener noreferrer\">Carocci.it<\/a><\/span><br \/>\n<span style=\"color: #284a85;\"><a style=\"color: #284a85;\" href=\"https:\/\/www.nuoveradici.world\/cultura\/i-libri-di-nrw-studenti-musulmani-a-scuola\/\">Nuoveradici.world<\/a><\/span><br \/>\n<span style=\"color: #284a85;\"><a style=\"color: #284a85;\" href=\"https:\/\/www.letture.org\/studenti-musulmani-a-scuola-pluralismo-religioni-e-intercultura-antonio-cuciniello-stefano-pasta\">Letture.org<\/a><\/span>[\/vc_column_text][vc_column_text]<\/p>\n<div class=\"page\" title=\"Page 1\">\n<div class=\"layoutArea\">\n<div class=\"column\"><span style=\"color: #233255;\"><strong>COURS 2<\/strong><\/span><br \/>\n<strong><span style=\"color: #f79d1c;\">DIRIGEANTS ET ENSEIGNANTS SCOLAIRES<\/span><\/strong><br \/>\nUniversit\u00e9 de Rome TROIS \u2013 Universit\u00e9s OCI<\/div>\n<\/div>\n<\/div>\n<p>[\/vc_column_text][\/vc_column_inner][vc_column_inner width=\u00a0\u00bb1\/6&Prime;][\/vc_column_inner][\/vc_row_inner][vc_row_inner content_placement=\u00a0\u00bbmiddle\u00a0\u00bb css=\u00a0\u00bb.vc_custom_1615133492853{padding-top: 15px !important;background-color: #233255 !important;}\u00a0\u00bb][vc_column_inner width=\u00a0\u00bb5\/6&Prime;][vc_custom_heading text=\u00a0\u00bb<b>\u00c9V\u00c9NEMENT DE 21\/02\/2020<\/b>\u00a0\u00bb font_container=\u00a0\u00bbtag:p|text_align:left|color:%23f79d1c\u00a0\u00bb use_theme_fonts=\u00a0\u00bbyes\u00a0\u00bb link=\u00a0\u00bburl:https%3A%2F%2Fprimed-miur.it%2Fevents%2Flo-spazio-trans-mediterraneo-e-il-mondo-islamico%2F|title:L%27ESPACE%20TRANS-M%C3%89DITERRAN%C3%89EN%20ET%20LE%20MONDE%20ISLAMIQUE|\u00a0\u00bb][vc_custom_heading text=\u00a0\u00bb<b>L&rsquo;ESPACE TRANSM\u00c9DITERRAN\u00c9EN ET LE MONDE ISLAMIQUE: INT\u00c9GRATION DANS LES ESPACES PUBLICS ET DANS LE CONTEXTE SCOLAIRE S\u00e9minaire d&rsquo;initiation aux formations avanc\u00e9es PriMED<\/b>\u00a0\u00bb font_container=\u00a0\u00bbtag:h4|text_align:left|color:%23ffffff\u00a0\u00bb use_theme_fonts=\u00a0\u00bbyes\u00a0\u00bb link=\u00a0\u00bburl:https%3A%2F%2Fprimed-miur.it%2Flo-spazio-trans-mediterraneo-e-il-mondo-islamico%2F|title:L%27ESPACE%20TRANS-M%C3%89DITERRAN%C3%89EN%20ET%20LE%20MONDE%20ISLAMIQUE|\u00a0\u00bb][vc_btn title=\u00a0\u00bbAFFICHE\u00a0\u00bb style=\u00a0\u00bbflat\u00a0\u00bb shape=\u00a0\u00bbsquare\u00a0\u00bb color=\u00a0\u00bbprimary\u00a0\u00bb size=\u00a0\u00bbsm\u00a0\u00bb i_icon_fontawesome=\u00a0\u00bbfar fa-file-image\u00a0\u00bb add_icon=\u00a0\u00bbtrue\u00a0\u00bb link=\u00a0\u00bburl:https%3A%2F%2Fprimed-miur.it%2Ffiles%2Flocandina_roma_3_dirigenti_scolastici_28_02_2020.pdf|title:affiche|target:%20_blank|\u00a0\u00bb css=\u00a0\u00bb.vc_custom_1599649851235{margin-right: 15px !important;}\u00a0\u00bb][vc_btn title=\u00a0\u00bbS\u00c9MINAIRE\u00a0\u00bb style=\u00a0\u00bbflat\u00a0\u00bb shape=\u00a0\u00bbsquare\u00a0\u00bb color=\u00a0\u00bbprimary\u00a0\u00bb size=\u00a0\u00bbsm\u00a0\u00bb i_icon_fontawesome=\u00a0\u00bbfar fa-file-image\u00a0\u00bb add_icon=\u00a0\u00bbtrue\u00a0\u00bb link=\u00a0\u00bburl:https%3A%2F%2Fprimed-miur.it%2Ffiles%2FSEMINARIO_DIRIGENTI_SCOLASTICI_15-05-2020.pdf|title:s%C3%A9minaire|target:%20_blank|\u00a0\u00bb][\/vc_column_inner][vc_column_inner width=\u00a0\u00bb1\/6&Prime;][\/vc_column_inner][\/vc_row_inner][vc_row_inner][vc_column_inner width=\u00a0\u00bb5\/6&Prime;][vc_empty_space height=\u00a0\u00bb12px\u00a0\u00bb][vc_column_text]<\/p>\n<div class=\"page\" title=\"Page 1\">\n<div class=\"section\">\n<div class=\"layoutArea\">\n<div class=\"column\">\n<p style=\"text-align: justify;\">Le cours de l&rsquo;enseignement sup\u00e9rieur a pour objectif &#8211; dans les deux lieux (octobre &#8211; novembre 2019) &#8211; de se concentrer sur les faits religieux et les d\u00e9fis du monde moderne, avec une attention particuli\u00e8re aux pratiques quotidiennes dans les espaces publics tels que les \u00e9coles. Ceci dans le but de fournir des outils utiles pour analyser et comprendre les aspects culturels, religieux, p\u00e9dagogiques et didactiques et pour pr\u00e9parer des parcours d&rsquo;\u00e9ducation interculturelle en particulier relatifs \u00e0 la diversit\u00e9 religieuse et aux contextes de formation qui permettent, d&rsquo;une part, l&rsquo;inclusion de d&rsquo;autre part, la diffusion d&rsquo;attitudes d&rsquo;accueil chez les Italiens, compte tenu \u00e9galement des difficult\u00e9s cognitives et psychophysiques \u00e9ventuellement pr\u00e9sentes chez les \u00e9tudiants \u00e9trangers ayant des besoins \u00e9ducatifs sp\u00e9ciaux, qui peuvent constituer un facteur de risque suppl\u00e9mentaire de marginalisation et exclusion sociale.<br \/>\nUne attention particuli\u00e8re sera consacr\u00e9e \u00e0 l&rsquo;islam, aux st\u00e9r\u00e9otypes qui lui sont li\u00e9s, \u00e0 ses repr\u00e9sentations et formes de communication, afin d&rsquo;analyser comment la religion islamique est v\u00e9cue dans l&rsquo;espace scolaire, en tenant \u00e9galement compte des risques de radicalisation violente engendr\u00e9s par l&rsquo;exclusion et de la marginalisation dans le contexte scolaire et dans le groupe de classe. Une connaissance approfondie et critique de cette religion est utile pour faire du contexte scolaire un environnement de connaissance et de relation avec les \u00e9l\u00e8ves et les familles.<br \/>\n.<\/p>\n<\/div>\n<\/div>\n<\/div>\n<\/div>\n<p>[\/vc_column_text][vc_custom_heading text=\u00a0\u00bbGALERIE\u00a0\u00bb font_container=\u00a0\u00bbtag:h3|text_align:left|color:%23f79d1c\u00a0\u00bb use_theme_fonts=\u00a0\u00bbyes\u00a0\u00bb link=\u00a0\u00bburl:https%3A%2F%2Fprimed-miur.it%2Fevents%2Flo-spazio-trans-mediterraneo-e-il-mondo-islamico%2F|title:L%27ESPACE%20TRANS-M%C3%89DITERRAN%C3%89EN%20ET%20LE%20MONDE%20ISLAMIQUE|\u00a0\u00bb][vc_gallery type=\u00a0\u00bbimage_grid\u00a0\u00bb images=\u00a0\u00bb7229,7230,7231,7233,7234,7235,7236&Prime;][\/vc_column_inner][vc_column_inner width=\u00a0\u00bb1\/6&Prime;][\/vc_column_inner][\/vc_row_inner][\/vc_column][vc_column width=\u00a0\u00bb1\/4&Prime;][vc_widget_sidebar sidebar_id=\u00a0\u00bbblog-sidebar\u00a0\u00bb][\/vc_column][\/vc_row]<\/p>\n<\/section>","protected":false},"excerpt":{"rendered":"<p>[vc_row full_width=\u00a0\u00bbstretch_row_content_no_spaces\u00a0\u00bb css=\u00a0\u00bb.vc_custom_1568279189416{margin-top: -50px !important;}\u00a0\u00bb][vc_column][rev_slider_vc alias=\u00a0\u00bbSCUOLA-2020-FR\u00a0\u00bb][\/vc_column][\/vc_row][vc_row][vc_column width=\u00a0\u00bb3\/4&Prime;][vc_row_inner disable_element=\u00a0\u00bbyes\u00a0\u00bb][vc_column_inner][vc_empty_space height=\u00a0\u00bb12px\u00a0\u00bb][vc_cta h2=\u00a0\u00bbCours en ligne pour dirigeants et enseignants\u00a0\u00bb el_width=\u00a0\u00bblg\u00a0\u00bb add_button=\u00a0\u00bbbottom\u00a0\u00bb btn_title=\u00a0\u00bbFormulaire d&rsquo;inscription\u00a0\u00bb btn_color=\u00a0\u00bbprimary\u00a0\u00bb btn_size=\u00a0\u00bbsm\u00a0\u00bb btn_align=\u00a0\u00bbcenter\u00a0\u00bb btn_i_icon_fontawesome=\u00a0\u00bbfa fa-file-pdf-o\u00a0\u00bb btn_add_icon=\u00a0\u00bbtrue\u00a0\u00bb btn_link=\u00a0\u00bburl:https%3A%2F%2FPRIMED-MIUR.IT%2Ffiles%2FPrimed_form_iscrizioni_ONLINE.pdf|target:%20_blank|\u00a0\u00bb] L&rsquo;espace transm\u00e9diterran\u00e9en et le monde islamique: \u00ab\u00a0Int\u00e9gration dans le contexte scolaire\u00a0\u00bb Date limite d&rsquo;inscription le 22\/12\/2019 L\u2019universit\u00e9 Catholique de Milan [\/vc_cta][\/vc_column_inner][\/vc_row_inner][vc_row_inner][vc_column_inner width=\u00a0\u00bb5\/6&Prime;][vc_empty_space height=\u00a0\u00bb12px\u00a0\u00bb][vc_custom_heading text=\u00a0\u00bbCours de formation avanc\u00e9e pour\u00a0\u00bb [&hellip;]<\/p>\n","protected":false},"author":2,"featured_media":0,"parent":0,"menu_order":0,"comment_status":"closed","ping_status":"closed","template":"","meta":{"inline_featured_image":false,"footnotes":""},"yst_prominent_words":[],"class_list":["post-7696","page","type-page","status-publish","hentry"],"yoast_head":"<!-- This site is optimized with the Yoast SEO Premium plugin v14.1 - https:\/\/yoast.com\/wordpress\/plugins\/seo\/ -->\n<title>COURS DE FORMATION AVANC\u00c9E POUR DIRIGEANTS ET ENSEIGNANTS SCOLAIRES<\/title>\n<meta name=\"robots\" content=\"index, follow\" \/>\n<meta name=\"googlebot\" content=\"index, follow, max-snippet:-1, max-image-preview:large, max-video-preview:-1\" \/>\n<meta name=\"bingbot\" content=\"index, follow, max-snippet:-1, max-image-preview:large, max-video-preview:-1\" \/>\n<link rel=\"canonical\" href=\"https:\/\/primed-miur.it\/fr\/cours-de-formation-avancee-pour-dirigeants-et-enseignants-scolaires\/\" \/>\n<meta property=\"og:locale\" content=\"fr_FR\" \/>\n<meta property=\"og:type\" content=\"article\" \/>\n<meta property=\"og:title\" content=\"COURS DE FORMATION AVANC\u00c9E POUR DIRIGEANTS ET ENSEIGNANTS SCOLAIRES\" \/>\n<meta property=\"og:description\" content=\"[vc_row full_width=\u00a0\u00bbstretch_row_content_no_spaces\u00a0\u00bb css=\u00a0\u00bb.vc_custom_1568279189416{margin-top: -50px !important;}\u00a0\u00bb][vc_column][rev_slider_vc alias=\u00a0\u00bbSCUOLA-2020-FR\u00a0\u00bb][\/vc_column][\/vc_row][vc_row][vc_column width=\u00a0\u00bb3\/4&Prime;][vc_row_inner disable_element=\u00a0\u00bbyes\u00a0\u00bb][vc_column_inner][vc_empty_space height=\u00a0\u00bb12px\u00a0\u00bb][vc_cta h2=\u00a0\u00bbCours en ligne pour dirigeants et enseignants\u00a0\u00bb el_width=\u00a0\u00bblg\u00a0\u00bb add_button=\u00a0\u00bbbottom\u00a0\u00bb btn_title=\u00a0\u00bbFormulaire d&rsquo;inscription\u00a0\u00bb btn_color=\u00a0\u00bbprimary\u00a0\u00bb btn_size=\u00a0\u00bbsm\u00a0\u00bb btn_align=\u00a0\u00bbcenter\u00a0\u00bb btn_i_icon_fontawesome=\u00a0\u00bbfa fa-file-pdf-o\u00a0\u00bb btn_add_icon=\u00a0\u00bbtrue\u00a0\u00bb btn_link=\u00a0\u00bburl:https%3A%2F%2FPRIMED-MIUR.IT%2Ffiles%2FPrimed_form_iscrizioni_ONLINE.pdf|target:%20_blank|\u00a0\u00bb] L&rsquo;espace transm\u00e9diterran\u00e9en et le monde islamique: \u00ab\u00a0Int\u00e9gration dans le contexte scolaire\u00a0\u00bb Date limite d&rsquo;inscription le 22\/12\/2019 L\u2019universit\u00e9 Catholique de Milan [\/vc_cta][\/vc_column_inner][\/vc_row_inner][vc_row_inner][vc_column_inner width=\u00a0\u00bb5\/6&Prime;][vc_empty_space height=\u00a0\u00bb12px\u00a0\u00bb][vc_custom_heading text=\u00a0\u00bbCours de formation avanc\u00e9e pour\u00a0\u00bb [&hellip;]\" \/>\n<meta property=\"og:url\" content=\"https:\/\/primed-miur.it\/fr\/cours-de-formation-avancee-pour-dirigeants-et-enseignants-scolaires\/\" \/>\n<meta property=\"og:site_name\" content=\"PriMED\" \/>\n<meta property=\"article:publisher\" content=\"https:\/\/www.facebook.com\/fidr.primed\" \/>\n<meta property=\"article:modified_time\" content=\"2021-11-11T11:02:27+00:00\" \/>\n<meta property=\"og:image\" content=\"https:\/\/primed-miur.it\/wp-content\/uploads\/2017\/11\/logo_video_primed.png\" \/>\n\t<meta property=\"og:image:width\" content=\"300\" \/>\n\t<meta property=\"og:image:height\" content=\"188\" \/>\n<meta name=\"twitter:card\" content=\"summary_large_image\" \/>\n<script type=\"application\/ld+json\" class=\"yoast-schema-graph\">{\"@context\":\"https:\/\/schema.org\",\"@graph\":[{\"@type\":\"Organization\",\"@id\":\"https:\/\/primed-miur.it\/fr\/#organization\",\"name\":\"PriMED\",\"url\":\"https:\/\/primed-miur.it\/fr\/\",\"sameAs\":[\"https:\/\/www.facebook.com\/fidr.primed\",\"https:\/\/instagram.com\/primed2019?igshid=1piy2qg58ea5g\"],\"logo\":{\"@type\":\"ImageObject\",\"@id\":\"https:\/\/primed-miur.it\/fr\/#logo\",\"inLanguage\":\"fr-FR\",\"url\":\"https:\/\/primed-miur.it\/wp-content\/uploads\/2017\/11\/testata-Header-PRIMED-1-2.png\",\"width\":876,\"height\":250,\"caption\":\"PriMED\"},\"image\":{\"@id\":\"https:\/\/primed-miur.it\/fr\/#logo\"}},{\"@type\":\"WebSite\",\"@id\":\"https:\/\/primed-miur.it\/fr\/#website\",\"url\":\"https:\/\/primed-miur.it\/fr\/\",\"name\":\"PriMED\",\"description\":\"PriMED - Prevenzione e interazione nello spazio Trans-Mediterraneo\",\"publisher\":{\"@id\":\"https:\/\/primed-miur.it\/fr\/#organization\"},\"potentialAction\":[{\"@type\":\"SearchAction\",\"target\":\"https:\/\/primed-miur.it\/fr\/?s={search_term_string}\",\"query-input\":\"required name=search_term_string\"}],\"inLanguage\":\"fr-FR\"},{\"@type\":\"WebPage\",\"@id\":\"https:\/\/primed-miur.it\/fr\/cours-de-formation-avancee-pour-dirigeants-et-enseignants-scolaires\/#webpage\",\"url\":\"https:\/\/primed-miur.it\/fr\/cours-de-formation-avancee-pour-dirigeants-et-enseignants-scolaires\/\",\"name\":\"COURS DE FORMATION AVANC\\u00c9E POUR DIRIGEANTS ET ENSEIGNANTS SCOLAIRES\",\"isPartOf\":{\"@id\":\"https:\/\/primed-miur.it\/fr\/#website\"},\"datePublished\":\"2021-04-04T12:25:27+00:00\",\"dateModified\":\"2021-11-11T11:02:27+00:00\",\"inLanguage\":\"fr-FR\",\"potentialAction\":[{\"@type\":\"ReadAction\",\"target\":[\"https:\/\/primed-miur.it\/fr\/cours-de-formation-avancee-pour-dirigeants-et-enseignants-scolaires\/\"]}]}]}<\/script>\n<!-- \/ Yoast SEO Premium plugin. -->","_links":{"self":[{"href":"https:\/\/primed-miur.it\/fr\/wp-json\/wp\/v2\/pages\/7696","targetHints":{"allow":["GET"]}}],"collection":[{"href":"https:\/\/primed-miur.it\/fr\/wp-json\/wp\/v2\/pages"}],"about":[{"href":"https:\/\/primed-miur.it\/fr\/wp-json\/wp\/v2\/types\/page"}],"author":[{"embeddable":true,"href":"https:\/\/primed-miur.it\/fr\/wp-json\/wp\/v2\/users\/2"}],"replies":[{"embeddable":true,"href":"https:\/\/primed-miur.it\/fr\/wp-json\/wp\/v2\/comments?post=7696"}],"version-history":[{"count":1,"href":"https:\/\/primed-miur.it\/fr\/wp-json\/wp\/v2\/pages\/7696\/revisions"}],"predecessor-version":[{"id":9757,"href":"https:\/\/primed-miur.it\/fr\/wp-json\/wp\/v2\/pages\/7696\/revisions\/9757"}],"wp:attachment":[{"href":"https:\/\/primed-miur.it\/fr\/wp-json\/wp\/v2\/media?parent=7696"}],"wp:term":[{"taxonomy":"yst_prominent_words","embeddable":true,"href":"https:\/\/primed-miur.it\/fr\/wp-json\/wp\/v2\/yst_prominent_words?post=7696"}],"curies":[{"name":"wp","href":"https:\/\/api.w.org\/{rel}","templated":true}]}}