{"id":7734,"date":"2021-04-05T14:03:29","date_gmt":"2021-04-05T13:03:29","guid":{"rendered":"https:\/\/primed-miur.it\/le-cours-denseignement-superieur-pour-imam-et-murschidat\/"},"modified":"2021-11-11T12:21:59","modified_gmt":"2021-11-11T11:21:59","slug":"cours-de-formation-avancee-pour-imam-et-murschidat","status":"publish","type":"page","link":"https:\/\/primed-miur.it\/fr\/cours-de-formation-avancee-pour-imam-et-murschidat\/","title":{"rendered":"COURS DE FORMATION AVANC\u00c9E POUR IMAM ET MURSCHIDAT"},"content":{"rendered":"<section class=\"wpb-content-wrapper\"><p>[vc_row full_width=\u00a0\u00bbstretch_row_content_no_spaces\u00a0\u00bb css=\u00a0\u00bb.vc_custom_1567531346627{margin-top: -50px !important;}\u00a0\u00bb][vc_column css=\u00a0\u00bb.vc_custom_1567530820972{margin-top: -50px !important;}\u00a0\u00bb][rev_slider_vc alias=\u00a0\u00bbMURSHIDAT-2020-FR\u00a0\u00bb][\/vc_column][\/vc_row][vc_row u_row_style=\u00a0\u00bb0&Prime; u_row_paralax=\u00a0\u00bb0&Prime; u_row_scheme=\u00a0\u00bb0&Prime; css=\u00a0\u00bb.vc_custom_1564252778379{margin-left: 30px !important;}\u00a0\u00bb][vc_column width=\u00a0\u00bb3\/4&Prime;][vc_column_text]<iframe loading=\"lazy\" src=\"https:\/\/primed-miur.it\/files\/CAFIM_locandina-inaugurazione_LOGO3.pdf\" width=\"100%\" height=\"900px\"><br \/>\n<\/iframe>[\/vc_column_text][vc_custom_heading text=\u00a0\u00bbOBJECTIFS\u00a0\u00bb font_container=\u00a0\u00bbtag:h3|text_align:left|color:%23f79d1c\u00a0\u00bb use_theme_fonts=\u00a0\u00bbyes\u00a0\u00bb][vc_column_text]<\/p>\n<p>Le cours s&rsquo;adresse aux personnalit\u00e9s qui jouent le r\u00f4le d&rsquo;imam et de Murshida (guide religieuse) au sein des communaut\u00e9s musulmanes.<\/p>\n<p>Son objectif principal est de mettre \u00e0 jour \/ former des op\u00e9rateurs religieux capables d&rsquo;agir en tant que guides des communaut\u00e9s religieuses et en tant que facilitateurs et m\u00e9diateurs dans les relations entre fid\u00e8les et dans l&rsquo;espace des organisations sociales, des institutions institutionnelles et des agences priv\u00e9es et publiques prestataires de services (\u00e9coles , h\u00f4pitaux, prisons, etc.).<\/p>\n<p>Il s&rsquo;agit d&rsquo;une formation interdisciplinaire qui entend s&rsquo;appuyer sur les comp\u00e9tences et m\u00e9thodes propos\u00e9es par les sciences humaines et sociales et par les islamiques garanties par les universit\u00e9s partenaires OCI du r\u00e9seau PRIMED), en tenant compte de la sp\u00e9cificit\u00e9 de l&rsquo;islam en Italie et les besoins \u00e0 la fois des communaut\u00e9s islamiques et de la soci\u00e9t\u00e9 italienne dans son interaction avec les citoyens musulmans.<\/p>\n<p>[\/vc_column_text][vc_empty_space height=\u00a0\u00bb15px\u00a0\u00bb][vc_custom_heading text=\u00a0\u00bbCOMP\u00c9TENCES ACQUISIBLES\u00a0\u00bb font_container=\u00a0\u00bbtag:h3|text_align:left|color:%23f79d1c\u00a0\u00bb use_theme_fonts=\u00a0\u00bbyes\u00a0\u00bb][vc_column_text]<\/p>\n<p>Le cours vise \u00e0 d\u00e9velopper les comp\u00e9tences du stagiaire dans une direction pluraliste et interculturelle et \u00e0 augmenter sa capacit\u00e9 d&rsquo;apprentissage, en relation avec la conscience de soi (cognitive et relationnelle) et vise \u00e0 favoriser un processus d&rsquo;autonomisation professionnelle \u00e0 travers une pratique r\u00e9flexive, scientifiquement sur la base des comp\u00e9tences et ressources personnelles et professionnelles et des pratiques op\u00e9rationnelles des Imams et Murshidats. Une approche interdisciplinaire est adopt\u00e9e, qui comprend les sciences humaines et sociales, les sciences de la communication et les sciences religieuses, et une p\u00e9dagogie active qui valorise la synergie entre le monde acad\u00e9mique, les organismes publics et les organisations islamiques.<\/p>\n<p>le cours vise \u00e0 fournir au personnel religieux l&rsquo;occasion d&rsquo;une \u00e9tude th\u00e9ologique de la tradition religieuse musulmane coh\u00e9rente avec l&rsquo;action sur le territoire italien et, par cons\u00e9quent, capable d&rsquo;une discussion ouverte et en harmonie avec les valeurs et les droits v\u00e9cus et appliqu\u00e9 au territoire national.<\/p>\n<p>[\/vc_column_text][vc_empty_space height=\u00a0\u00bb15px\u00a0\u00bb][vc_custom_heading text=\u00a0\u00bbATTITUDE\u00a0\u00bb font_container=\u00a0\u00bbtag:h3|text_align:left|color:%23f79d1c\u00a0\u00bb use_theme_fonts=\u00a0\u00bbyes\u00a0\u00bb][vc_column_text]<\/p>\n<p>Le Master utilisera des m\u00e9thodologies p\u00e9dagogiques innovantes, centr\u00e9es sur:<\/p>\n<ul>\n<li> renforcement du professionnalisme et de l&rsquo;expertise d\u00e9velopp\u00e9s sur le terrain par les participants, selon le mod\u00e8le th\u00e9orique des \u00abcommunaut\u00e9s de pratique\u00bb;<\/li>\n<li> analyse des exp\u00e9riences professionnelles quotidiennes des participants;<\/li>\n<li> participation active des \u00e9tudiants \u00e0 des activit\u00e9s de formation en pr\u00e9sentiel et en ligne, gr\u00e2ce \u00e0 des techniques de <em> apprentissage <\/em> coop\u00e9ratives.<\/li>\n<\/ul>\n<p>[\/vc_column_text][vc_row_inner][vc_column_inner width=\u00a0\u00bb1\/2&Prime;][vc_empty_space height=\u00a0\u00bb15px\u00a0\u00bb][vc_custom_heading text=\u00a0\u00bbDIRECTION\u00a0\u00bb font_container=\u00a0\u00bbtag:h3|text_align:left|color:%23f79d1c\u00a0\u00bb use_theme_fonts=\u00a0\u00bbyes\u00a0\u00bb][vc_column_text]<\/p>\n<ul>\n<li>\n<h4><a href=\"#\">Prof. Stefano Allievi<\/a><\/h4>\n<\/li>\n<li>\n<h4><a href=\"#\">Prof. Mohammed Khalid Rhazzali<\/a><\/h4>\n<\/li>\n<\/ul>\n<p>[\/vc_column_text][\/vc_column_inner][vc_column_inner width=\u00a0\u00bb1\/2&Prime;][vc_empty_space height=\u00a0\u00bb15px\u00a0\u00bb][vc_custom_heading text=\u00a0\u00bbENSEIGNEMENT DE LA COORDINATION\u00a0\u00bb font_container=\u00a0\u00bbtag:h3|text_align:left|color:%23f79d1c\u00a0\u00bb use_theme_fonts=\u00a0\u00bbyes\u00a0\u00bb][vc_column_text css=\u00a0\u00bb.vc_custom_1564264003256{margin-left: 30px !important;}\u00a0\u00bb]<\/p>\n<ul>\n<li>\n<h4><a href=\"#\">Dr. Mounya Allali<\/a><\/h4>\n<\/li>\n<li>\n<h4><a href=\"#\">Dr. Youssef Sbai<\/a><\/h4>\n<\/li>\n<li>\n<h4><a href=\"#\">Dr. Valentina Schiavinato<\/a><\/h4>\n<\/li>\n<\/ul>\n<p>[\/vc_column_text][\/vc_column_inner][\/vc_row_inner][vc_row_inner][vc_column_inner][vc_empty_space height=\u00a0\u00bb15px\u00a0\u00bb][vc_custom_heading text=\u00a0\u00bbCOORDINATION\u00a0\u00bb font_container=\u00a0\u00bbtag:h3|text_align:left|color:%23f79d1c\u00a0\u00bb use_theme_fonts=\u00a0\u00bbyes\u00a0\u00bb][vc_column_text css=\u00a0\u00bb.vc_custom_1567528959017{margin-left: 30px !important;}\u00a0\u00bb]<\/p>\n<p>L&rsquo;enseignement en face \u00e0 face sera r\u00e9alis\u00e9 en utilisant diff\u00e9rentes m\u00e9thodes d&rsquo;apprentissage avec une approche participative. Des activit\u00e9s d&rsquo;enseignement \u00e0 distance sont \u00e9galement propos\u00e9es (e-learning, r\u00e9seaux sociaux).<\/p>\n<p>Les cours en pr\u00e9sentiel auront lieu le samedi au D\u00e9partement de l&rsquo;Universit\u00e9 de Padoue, dans les salles de classe du D\u00e9partement FISPPA, si\u00e8ge de Sociologie et \u00e0 la Grande Mosqu\u00e9e de Rome dans l&rsquo;Aula Magna. <\/ p > Le cours de formation avanc\u00e9e n\u00e9cessite un engagement total de 300 heures:<\/p>\n<ul>\n<li> 60 heures d&rsquo;enseignement (frontal, s\u00e9minaire, atelier et \u00e0 distance);<\/li>\n<li> 75 heures d&rsquo;\u00e9tude pour l&rsquo;article final<\/li>\n<li> 246 heures d&rsquo;\u00e9tude individuelle (auto-formation soutenue par la mise \u00e0 disposition de mat\u00e9riel d&rsquo;\u00e9tude, r\u00e9daction du rapport de stage ou travail de projet et th\u00e8se).<\/li>\n<\/ul>\n<p>\u00c0 la fin du cours, il y aura une v\u00e9rification et une discussion sur un article final.<\/p>\n<p>La fr\u00e9quentation est obligatoire et les absences ne peuvent exc\u00e9der 30% des heures d&rsquo;enseignement.<\/p>\n<p>[\/vc_column_text][vc_empty_space height=\u00a0\u00bb15px\u00a0\u00bb][vc_custom_heading text=\u00a0\u00bbFRAIS D&rsquo;INSCRIPTION\u00a0\u00bb font_container=\u00a0\u00bbtag:h3|text_align:left|color:%23f79d1c\u00a0\u00bb use_theme_fonts=\u00a0\u00bbyes\u00a0\u00bb][vc_column_text css=\u00a0\u00bb.vc_custom_1567529001262{margin-left: 30px !important;}\u00a0\u00bb]<\/p>\n<p>Frais d&rsquo;inscription: 1250,50 \u20ac<\/p>\n<p>Les abonn\u00e9s \u00e0 cette \u00e9dition seront totalement exon\u00e9r\u00e9s du paiement de tous les frais d&rsquo;inscription, y compris les frais de pr\u00e9-inscription (31 euros), les assurances et les timbres fiscaux de 16 euros, car ils seront enti\u00e8rement financ\u00e9s par le projet PriMED-MIUR. <\/ p >[\/vc_column_text][\/vc_column_inner][\/vc_row_inner][vc_empty_space][vc_custom_heading text=\u00a0\u00bbSUPPORT ET SERVICES DISPONIBLES\u00a0\u00bb font_container=\u00a0\u00bbtag:h3|text_align:left|color:%23f79d1c\u00a0\u00bb use_theme_fonts=\u00a0\u00bbyes\u00a0\u00bb][vc_empty_space height=\u00a0\u00bb22px\u00a0\u00bb][vc_column_text css=\u00a0\u00bb.vc_custom_1567529168280{margin-left: 30px !important;}\u00a0\u00bb]<\/p>\n<ul>\n<li> Mat\u00e9riel d&rsquo;\u00e9tude et documentation fournis par le Secr\u00e9tariat du Master;<\/li>\n<li> Tutorat tout au long du cours et pour le stage \/ travail de projet;<\/li>\n<li> Assistance p\u00e9dagogique en ligne<\/li>\n<\/ul>\n<p>[\/vc_column_text][vc_empty_space][vc_custom_heading text=\u00a0\u00bbINFOMATION\u00a0\u00bb font_container=\u00a0\u00bbtag:h3|text_align:left|color:%23f79d1c\u00a0\u00bb use_theme_fonts=\u00a0\u00bbyes\u00a0\u00bb][vc_row_inner][vc_column_inner width=\u00a0\u00bb2\/3&Prime;][vc_gmaps link=\u00a0\u00bb#E-8_JTNDaWZyYW1lJTIwc3JjJTNEJTIyaHR0cHMlM0ElMkYlMkZ3d3cuZ29vZ2xlLmNvbSUyRm1hcHMlMkZlbWJlZCUzRnBiJTNEJTIxMW0xOCUyMTFtMTIlMjExbTMlMjExZDI4MDEuMDc5NzQ5NzI4NTE3JTIxMmQxMS44Njk5ODc2MTU1MjkzMDglMjEzZDQ1LjQwNzczMTM3OTEwMDM3NiUyMTJtMyUyMTFmMCUyMTJmMCUyMTNmMCUyMTNtMiUyMTFpMTAyNCUyMTJpNzY4JTIxNGYxMy4xJTIxM20zJTIxMW0yJTIxMXMweDQ3N2VkYTU1ZDNkZGVhZDclMjUzQTB4OTM4M2M1ZjljODg2MWRhZiUyMTJzVW5pdmVyc2l0JTI1QzMlMjVBMCUyQmRlZ2xpJTJCU3R1ZGklMkJkaSUyQlBhZG92YSUyQi0lMkJGSVNQUEElMkItJTJCRGlwYXJ0aW1lbnRvJTJCZGklMkJGaWxvc29maWElMjUyQyUyQlNvY2lvbG9naWElMjUyQyUyQlBlZGFnb2dpYSUyQmUlMkJQc2ljb2xvZ2lhJTJCQXBwbGljYXRhJTIxNWUwJTIxM20yJTIxMXNzdiUyMTJzc2UlMjE0djE1NjQyNjYzMzY0NTYlMjE1bTIlMjExc3N2JTIxMnNzZSUyMiUyMHdpZHRoJTNEJTIyNjAwJTIyJTIwaGVpZ2h0JTNEJTIyNDUwJTIyJTIwZnJhbWVib3JkZXIlM0QlMjIwJTIyJTIwc3R5bGUlM0QlMjJib3JkZXIlM0EwJTIyJTIwYWxsb3dmdWxsc2NyZWVuJTNFJTNDJTJGaWZyYW1lJTNF\u00a0\u00bb size=\u00a0\u00bb300px\u00a0\u00bb][\/vc_column_inner][vc_column_inner width=\u00a0\u00bb1\/3&Prime;][vc_column_text]<span style = \"color: # f79d1c;\"> Coordination didactique <\/span><\/p>\n<p><a href=\"mailto:al Platformazione.imam@unipd.it\"> altaformazione.imam@unipd.it <\/a><\/p>\n<p><span style = \"color: # f79d1c;\"> Si\u00e8ge du Secr\u00e9tariat didactique principal <\/span><\/p>\n<p>D\u00e9partement de Philosophie, Sociologie, P\u00e9dagogie et Psychologie Appliqu\u00e9e (FISPPA), Si\u00e8ge de Sociologie Via Melchiorre Cesarotti, 10-12<br \/>\n35123 Padoue[\/vc_column_text][\/vc_column_inner][\/vc_row_inner][vc_row_inner][vc_column_inner][\/vc_column_inner][\/vc_row_inner][vc_custom_heading text=\u00a0\u00bbJOURN\u00c9E D&rsquo;OUVERTURE\u00a0\u00bb font_container=\u00a0\u00bbtag:h3|text_align:left|color:%23f79d1c\u00a0\u00bb use_theme_fonts=\u00a0\u00bbyes\u00a0\u00bb][vc_empty_space][vc_gallery type=\u00a0\u00bbimage_grid\u00a0\u00bb images=\u00a0\u00bb3177,3181,3185,3189,3193,3197,3201,3205,3209,3213,3217,3221,3225,3229,3233,3237,3241,3245,3249,3253,3257,3261,3265,3269,3273,3277,3281,3285,3289,3293&Prime;][\/vc_column][vc_column width=\u00a0\u00bb1\/4&Prime;][vc_widget_sidebar sidebar_id=\u00a0\u00bbblog-sidebar\u00a0\u00bb][\/vc_column][\/vc_row][vc_row u_row_style=\u00a0\u00bb0&Prime; u_row_paralax=\u00a0\u00bb0&Prime; u_row_scheme=\u00a0\u00bb0&Prime; css=\u00a0\u00bb.vc_custom_1564252778379{margin-left: 30px !important;}\u00a0\u00bb][vc_column][vc_row_inner][vc_column_inner][\/vc_column_inner][\/vc_row_inner][\/vc_column][\/vc_row]<\/p>\n<\/section>","protected":false},"excerpt":{"rendered":"<p>[vc_row full_width=\u00a0\u00bbstretch_row_content_no_spaces\u00a0\u00bb css=\u00a0\u00bb.vc_custom_1567531346627{margin-top: -50px !important;}\u00a0\u00bb][vc_column css=\u00a0\u00bb.vc_custom_1567530820972{margin-top: -50px !important;}\u00a0\u00bb][rev_slider_vc alias=\u00a0\u00bbMURSHIDAT-2020-FR\u00a0\u00bb][\/vc_column][\/vc_row][vc_row u_row_style=\u00a0\u00bb0&Prime; u_row_paralax=\u00a0\u00bb0&Prime; u_row_scheme=\u00a0\u00bb0&Prime; css=\u00a0\u00bb.vc_custom_1564252778379{margin-left: 30px !important;}\u00a0\u00bb][vc_column width=\u00a0\u00bb3\/4&Prime;][vc_column_text] [\/vc_column_text][vc_custom_heading text=\u00a0\u00bbOBJECTIFS\u00a0\u00bb font_container=\u00a0\u00bbtag:h3|text_align:left|color:%23f79d1c\u00a0\u00bb use_theme_fonts=\u00a0\u00bbyes\u00a0\u00bb][vc_column_text] Le cours s&rsquo;adresse aux personnalit\u00e9s qui jouent le r\u00f4le d&rsquo;imam et de Murshida (guide religieuse) au sein des communaut\u00e9s musulmanes. Son objectif principal est de mettre \u00e0 jour \/ former des op\u00e9rateurs religieux capables d&rsquo;agir [&hellip;]<\/p>\n","protected":false},"author":2,"featured_media":0,"parent":0,"menu_order":0,"comment_status":"closed","ping_status":"closed","template":"","meta":{"inline_featured_image":false,"footnotes":""},"yst_prominent_words":[493,532],"class_list":["post-7734","page","type-page","status-publish","hentry"],"yoast_head":"<!-- This site is optimized with the Yoast SEO Premium plugin v14.1 - https:\/\/yoast.com\/wordpress\/plugins\/seo\/ -->\n<title>COURS DE FORMATION AVANC\u00c9E POUR IMAM ET MURSCHIDAT<\/title>\n<meta name=\"robots\" content=\"index, follow\" \/>\n<meta name=\"googlebot\" content=\"index, follow, max-snippet:-1, max-image-preview:large, max-video-preview:-1\" \/>\n<meta name=\"bingbot\" content=\"index, follow, max-snippet:-1, max-image-preview:large, max-video-preview:-1\" \/>\n<link rel=\"canonical\" href=\"https:\/\/primed-miur.it\/fr\/cours-de-formation-avancee-pour-imam-et-murschidat\/\" \/>\n<meta property=\"og:locale\" content=\"fr_FR\" \/>\n<meta property=\"og:type\" content=\"article\" \/>\n<meta property=\"og:title\" content=\"COURS DE FORMATION AVANC\u00c9E POUR IMAM ET MURSCHIDAT\" \/>\n<meta property=\"og:description\" content=\"[vc_row full_width=\u00a0\u00bbstretch_row_content_no_spaces\u00a0\u00bb css=\u00a0\u00bb.vc_custom_1567531346627{margin-top: -50px !important;}\u00a0\u00bb][vc_column css=\u00a0\u00bb.vc_custom_1567530820972{margin-top: -50px !important;}\u00a0\u00bb][rev_slider_vc alias=\u00a0\u00bbMURSHIDAT-2020-FR\u00a0\u00bb][\/vc_column][\/vc_row][vc_row u_row_style=\u00a0\u00bb0&Prime; u_row_paralax=\u00a0\u00bb0&Prime; u_row_scheme=\u00a0\u00bb0&Prime; css=\u00a0\u00bb.vc_custom_1564252778379{margin-left: 30px !important;}\u00a0\u00bb][vc_column width=\u00a0\u00bb3\/4&Prime;][vc_column_text] [\/vc_column_text][vc_custom_heading text=\u00a0\u00bbOBJECTIFS\u00a0\u00bb font_container=\u00a0\u00bbtag:h3|text_align:left|color:%23f79d1c\u00a0\u00bb use_theme_fonts=\u00a0\u00bbyes\u00a0\u00bb][vc_column_text] Le cours s&rsquo;adresse aux personnalit\u00e9s qui jouent le r\u00f4le d&rsquo;imam et de Murshida (guide religieuse) au sein des communaut\u00e9s musulmanes. Son objectif principal est de mettre \u00e0 jour \/ former des op\u00e9rateurs religieux capables d&rsquo;agir [&hellip;]\" \/>\n<meta property=\"og:url\" content=\"https:\/\/primed-miur.it\/fr\/cours-de-formation-avancee-pour-imam-et-murschidat\/\" \/>\n<meta property=\"og:site_name\" content=\"PriMED\" \/>\n<meta property=\"article:publisher\" content=\"https:\/\/www.facebook.com\/fidr.primed\" \/>\n<meta property=\"article:modified_time\" content=\"2021-11-11T11:21:59+00:00\" \/>\n<meta property=\"og:image\" content=\"https:\/\/primed-miur.it\/wp-content\/uploads\/2017\/11\/logo_video_primed.png\" \/>\n\t<meta property=\"og:image:width\" content=\"300\" \/>\n\t<meta property=\"og:image:height\" content=\"188\" \/>\n<meta name=\"twitter:card\" content=\"summary_large_image\" \/>\n<script type=\"application\/ld+json\" class=\"yoast-schema-graph\">{\"@context\":\"https:\/\/schema.org\",\"@graph\":[{\"@type\":\"Organization\",\"@id\":\"https:\/\/primed-miur.it\/fr\/#organization\",\"name\":\"PriMED\",\"url\":\"https:\/\/primed-miur.it\/fr\/\",\"sameAs\":[\"https:\/\/www.facebook.com\/fidr.primed\",\"https:\/\/instagram.com\/primed2019?igshid=1piy2qg58ea5g\"],\"logo\":{\"@type\":\"ImageObject\",\"@id\":\"https:\/\/primed-miur.it\/fr\/#logo\",\"inLanguage\":\"fr-FR\",\"url\":\"https:\/\/primed-miur.it\/wp-content\/uploads\/2017\/11\/testata-Header-PRIMED-1-2.png\",\"width\":876,\"height\":250,\"caption\":\"PriMED\"},\"image\":{\"@id\":\"https:\/\/primed-miur.it\/fr\/#logo\"}},{\"@type\":\"WebSite\",\"@id\":\"https:\/\/primed-miur.it\/fr\/#website\",\"url\":\"https:\/\/primed-miur.it\/fr\/\",\"name\":\"PriMED\",\"description\":\"PriMED - Prevenzione e interazione nello spazio Trans-Mediterraneo\",\"publisher\":{\"@id\":\"https:\/\/primed-miur.it\/fr\/#organization\"},\"potentialAction\":[{\"@type\":\"SearchAction\",\"target\":\"https:\/\/primed-miur.it\/fr\/?s={search_term_string}\",\"query-input\":\"required name=search_term_string\"}],\"inLanguage\":\"fr-FR\"},{\"@type\":\"WebPage\",\"@id\":\"https:\/\/primed-miur.it\/fr\/cours-de-formation-avancee-pour-imam-et-murschidat\/#webpage\",\"url\":\"https:\/\/primed-miur.it\/fr\/cours-de-formation-avancee-pour-imam-et-murschidat\/\",\"name\":\"COURS DE FORMATION AVANC\\u00c9E POUR IMAM ET MURSCHIDAT\",\"isPartOf\":{\"@id\":\"https:\/\/primed-miur.it\/fr\/#website\"},\"datePublished\":\"2021-04-05T13:03:29+00:00\",\"dateModified\":\"2021-11-11T11:21:59+00:00\",\"inLanguage\":\"fr-FR\",\"potentialAction\":[{\"@type\":\"ReadAction\",\"target\":[\"https:\/\/primed-miur.it\/fr\/cours-de-formation-avancee-pour-imam-et-murschidat\/\"]}]}]}<\/script>\n<!-- \/ Yoast SEO Premium plugin. -->","_links":{"self":[{"href":"https:\/\/primed-miur.it\/fr\/wp-json\/wp\/v2\/pages\/7734","targetHints":{"allow":["GET"]}}],"collection":[{"href":"https:\/\/primed-miur.it\/fr\/wp-json\/wp\/v2\/pages"}],"about":[{"href":"https:\/\/primed-miur.it\/fr\/wp-json\/wp\/v2\/types\/page"}],"author":[{"embeddable":true,"href":"https:\/\/primed-miur.it\/fr\/wp-json\/wp\/v2\/users\/2"}],"replies":[{"embeddable":true,"href":"https:\/\/primed-miur.it\/fr\/wp-json\/wp\/v2\/comments?post=7734"}],"version-history":[{"count":2,"href":"https:\/\/primed-miur.it\/fr\/wp-json\/wp\/v2\/pages\/7734\/revisions"}],"predecessor-version":[{"id":9765,"href":"https:\/\/primed-miur.it\/fr\/wp-json\/wp\/v2\/pages\/7734\/revisions\/9765"}],"wp:attachment":[{"href":"https:\/\/primed-miur.it\/fr\/wp-json\/wp\/v2\/media?parent=7734"}],"wp:term":[{"taxonomy":"yst_prominent_words","embeddable":true,"href":"https:\/\/primed-miur.it\/fr\/wp-json\/wp\/v2\/yst_prominent_words?post=7734"}],"curies":[{"name":"wp","href":"https:\/\/api.w.org\/{rel}","templated":true}]}}