{"id":7754,"date":"2021-04-14T15:48:29","date_gmt":"2021-04-14T14:48:29","guid":{"rendered":"https:\/\/primed-miur.it\/cours-pour-les-ministres-du-culte-imam-et-musulmans\/"},"modified":"2021-11-11T12:26:01","modified_gmt":"2021-11-11T11:26:01","slug":"cours-pour-les-ministres-et-imam-du-culte-musulmans","status":"publish","type":"page","link":"https:\/\/primed-miur.it\/fr\/cours-pour-les-ministres-et-imam-du-culte-musulmans\/","title":{"rendered":"COURS POUR LES MINISTRES ET IMAM DU CULTE MUSULMANS"},"content":{"rendered":"<section class=\"wpb-content-wrapper\"><p>[vc_row full_width=\u00a0\u00bbstretch_row_content_no_spaces\u00a0\u00bb css=\u00a0\u00bb.vc_custom_1567531346627{margin-top: -50px !important;}\u00a0\u00bb][vc_column css=\u00a0\u00bb.vc_custom_1567530820972{margin-top: -50px !important;}\u00a0\u00bb][rev_slider_vc alias=\u00a0\u00bbIMAM-MUSULMANI-2020-FR\u00a0\u00bb][\/vc_column][\/vc_row][vc_row u_row_style=\u00a0\u00bb0&Prime; u_row_paralax=\u00a0\u00bb0&Prime; u_row_scheme=\u00a0\u00bb0&Prime; css=\u00a0\u00bb.vc_custom_1564252778379{margin-left: 30px !important;}\u00a0\u00bb][vc_column width=\u00a0\u00bb3\/4&Prime;][vc_row_inner][vc_column_inner width=\u00a0\u00bb1\/2&Prime;][\/vc_column_inner][vc_column_inner width=\u00a0\u00bb1\/2&Prime;][\/vc_column_inner][\/vc_row_inner][vc_empty_space height=\u00a0\u00bb15px\u00a0\u00bb][vc_custom_heading text=\u00a0\u00bbOBJECTIFS\u00a0\u00bb font_container=\u00a0\u00bbtag:h3|text_align:left|color:%23f79d1c\u00a0\u00bb use_theme_fonts=\u00a0\u00bbyes\u00a0\u00bb][vc_column_text]<br \/>\n<\/ p><\/p>\n<ul>\n<Li> Offre des op\u00e9rateurs religieux musulmans une voie de formation et de recyclage qui leur permet d&rsquo;agir de guides communautaires religieux et de facilitateurs et de m\u00e9diateurs des relations entre les fid\u00e8les et dans l&rsquo;espace des organisations sociales, des organismes institutionnels et des services d&rsquo;agences priv\u00e9es et d&rsquo;agences publiques (\u00e9coles , h\u00f4pitaux, prisons, etc.). <\/ Li><br \/>\n<Li> offre des op\u00e9rateurs religieux musulmans form\u00e9s \u00e9galement dans des contextes internationaux un regard analytique des sp\u00e9cificit\u00e9s de l&rsquo;islam de l&rsquo;Italie et des besoins des communaut\u00e9s islamiques et de la soci\u00e9t\u00e9 italienne dans son interaction avec les citoyens musulmans. <\/ Li><br \/>\n<Li> Offrir des op\u00e9rateurs religieux musulmans L&rsquo;espace pour \u00e9laborer des processus r\u00e9fl\u00e9chissants ax\u00e9s sur la connaissance, les comp\u00e9tences et les pratiques. <\/ Li><br \/>\n<Li> Promouvoir des processus de d\u00e9veloppement de l&rsquo;autoconwaitabilit\u00e9 cognitive et relationnelle et l&rsquo;autonomisation personnelle et professionnelle des op\u00e9rateurs religieux musulmans. <\/ Li><br \/>\n<\/ ul><br \/>\n[\/vc_column_text][vc_empty_space height=\u00a0\u00bb15px\u00a0\u00bb][vc_custom_heading text=\u00a0\u00bbCONTRIBUTION D&rsquo;INSCRIPTION\u00a0\u00bb font_container=\u00a0\u00bbtag:h3|text_align:left|color:%23f79d1c\u00a0\u00bb use_theme_fonts=\u00a0\u00bbyes\u00a0\u00bb][vc_column_text]Les membres de cette \u00e9dition seront dispens\u00e9s du paiement de toutes les contributions d&rsquo;enregistrement, enti\u00e8rement couvertes par le \u00ab\u00a0projet de pr\u00e9vention et d&rsquo;interaction appr\u00eat\u00e9e dans l&rsquo;espace trans-m\u00e9diterran\u00e9en\u00a0\u00bb, financ\u00e9 par le MIUR, comme \u00e9tant \u00e9tabli par la Constitution de coop\u00e9ration islamique \u00ab\u00a0Constitution de l&rsquo;universit\u00e9 R\u00e9seaux dans la mise en \u0153uvre d&rsquo;accords de coop\u00e9ration entre les universit\u00e9s italiennes et celles des \u00c9tats appartenant \u00e0 l&rsquo;organisation de la coop\u00e9ration islamique \u00bb.[\/vc_column_text][vc_empty_space height=\u00a0\u00bb15px\u00a0\u00bb][vc_custom_heading text=\u00a0\u00bbB\u00c9N\u00c9FICIAIRES\u00a0\u00bb font_container=\u00a0\u00bbtag:h3|text_align:left|color:%23f79d1c\u00a0\u00bb use_theme_fonts=\u00a0\u00bbyes\u00a0\u00bb][vc_column_text]Les personnes qui portent l&rsquo;activit\u00e9 de l&rsquo;imam ou de la conduite religieuse dans les communaut\u00e9s religieuses, les associations et les institutions publiques ou priv\u00e9es, sur le territoire italien[\/vc_column_text][vc_row_inner][vc_column_inner][vc_empty_space height=\u00a0\u00bb15px\u00a0\u00bb][vc_custom_heading text=\u00a0\u00bbDIRECTION SCIENTIFIQUE\u00a0\u00bb font_container=\u00a0\u00bbtag:h3|text_align:left|color:%23f79d1c\u00a0\u00bb use_theme_fonts=\u00a0\u00bbyes\u00a0\u00bb][vc_column_text]<\/p>\n<ul>\n<li><a href=\"https:\/\/primed-miur.it\/resume\/stefano-allievi\/\">Prof. Stefano Allievi<\/a><\/li>\n<\/ul>\n<p>[\/vc_column_text][vc_custom_heading text=\u00a0\u00bbCOORDINATION\u00a0\u00bb font_container=\u00a0\u00bbtag:h3|text_align:left|color:%23f79d1c\u00a0\u00bb use_theme_fonts=\u00a0\u00bbyes\u00a0\u00bb][vc_column_text]<\/p>\n<ul>\n<li><a href=\"https:\/\/primed-miur.it\/resume\/valentina-schiavinato\/\">Dr Valentina Schiavinato<\/a><\/li>\n<li><a href=\"https:\/\/primed-miur.it\/resume\/mouniya-allali\/\">Dr Mounya Allali<\/a><\/li>\n<\/ul>\n<p>[\/vc_column_text][\/vc_column_inner][\/vc_row_inner][vc_row_inner][vc_column_inner][vc_empty_space height=\u00a0\u00bb15px\u00a0\u00bb][vc_custom_heading text=\u00a0\u00bbENSEIGNANTS\u00a0\u00bb font_container=\u00a0\u00bbtag:h3|text_align:left|color:%23f79d1c\u00a0\u00bb use_theme_fonts=\u00a0\u00bbyes\u00a0\u00bb][\/vc_column_inner][\/vc_row_inner][vc_row_inner][vc_column_inner width=\u00a0\u00bb1\/2&Prime; offset=\u00a0\u00bbvc_hidden-sm vc_hidden-xs\u00a0\u00bb][vc_column_text]<\/p>\n<ul>\n<li style=\"text-align: left;\"><a href=\"https:\/\/primed-miur.it\/resume\/stefano-allievi\/\">Stefano Allievi<\/a><\/li>\n<li><a href=\"https:\/\/primed-miur.it\/resume\/hassan-al-amri\/\">Hassan Al Amri<\/a><\/li>\n<li style=\"text-align: left;\">Adone Brandalise<\/li>\n<li style=\"text-align: left;\">Renzo Guolo<\/li>\n<li style=\"text-align: left;\"><a href=\"https:\/\/primed-miur.it\/resume\/roberto-mazzola\/\">Roberto Mazzola<\/a><\/li>\n<li style=\"text-align: left;\">Enzo Pace<\/li>\n<li style=\"text-align: left;\"><a href=\"https:\/\/primed-miur.it\/resume\/mohammed-khalid-rhazzali\/\">M. Khalid Rhazzali<\/a><\/li>\n<li style=\"text-align: left;\">Vincenzo Romania<\/li>\n<li style=\"text-align: left;\"><a href=\"https:\/\/primed-miur.it\/resume\/youssef-sbai\/\">Youssef Sbai<\/a><\/li>\n<\/ul>\n<p>[\/vc_column_text][\/vc_column_inner][vc_column_inner width=\u00a0\u00bb1\/2&Prime; offset=\u00a0\u00bbvc_hidden-sm vc_hidden-xs\u00a0\u00bb][vc_column_text]<\/p>\n<ul>\n<li><a href=\"https:\/\/primed-miur.it\/resume\/valentina-schiavinato\/\">Valentina Schiavinato<\/a><\/li>\n<li>Alessio Surian<\/li>\n<li>Luca Trappolin<\/li>\n<li>Alessandra Gaetani<\/li>\n<li>Docenti della rete PriMED<\/li>\n<li>Docenti provenienti da paesi OCI<\/li>\n<li>Testimoni ed esperti esterni<\/li>\n<\/ul>\n<p>[\/vc_column_text][\/vc_column_inner][\/vc_row_inner][vc_row_inner][vc_column_inner offset=\u00a0\u00bbvc_hidden-lg vc_hidden-md\u00a0\u00bb][vc_column_text]<\/p>\n<ul>\n<li><a href=\"https:\/\/primed-miur.it\/resume\/stefano-allievi\/\">Stefano Allievi<\/a><\/li>\n<li><a href=\"https:\/\/primed-miur.it\/resume\/hassan-al-amri\/\">Hassan Al Amri<\/a><\/li>\n<li>Adone Brandalise<\/li>\n<li>Renzo Guolo<\/li>\n<li><a href=\"https:\/\/primed-miur.it\/resume\/roberto-mazzola\/\">Roberto Mazzola<\/a><\/li>\n<li>Enzo Pace<\/li>\n<li><a href=\"https:\/\/primed-miur.it\/resume\/mohammed-khalid-rhazzali\/\">M. Khalid Rhazzali<\/a><\/li>\n<li>Vincenzo Romania<\/li>\n<li><a href=\"https:\/\/primed-miur.it\/resume\/youssef-sbai\/\">Youssef Sbai<\/a><\/li>\n<li><a href=\"https:\/\/primed-miur.it\/resume\/valentina-schiavinato\/\">Valentina Schiavinato<\/a><\/li>\n<li>Luca Trappolin<\/li>\n<li>Alessandra Gaetani<\/li>\n<li>Docenti della rete PriMED<\/li>\n<li>Docenti provenienti da paesi OCI<\/li>\n<li>Testimoni ed esperti esterni<\/li>\n<\/ul>\n<p>[\/vc_column_text][\/vc_column_inner][\/vc_row_inner][vc_row_inner][vc_column_inner][vc_empty_space height=\u00a0\u00bb15px\u00a0\u00bb][vc_custom_heading text=\u00a0\u00bbM\u00c9THODOLOGIES DE FORMATION\u00a0\u00bb font_container=\u00a0\u00bbtag:h3|text_align:left|color:%23f79d1c\u00a0\u00bb use_theme_fonts=\u00a0\u00bbyes\u00a0\u00bb][vc_column_text]<br \/>\n<\/ p><\/p>\n<ul>\n<Li> <Strong> Formation \u00e0 distance, via Moodle Platform et Video Conferencing System Zoom <\/ STRT> <\/ LI><br \/>\n<LI> Cours et activit\u00e9s de s\u00e9minaire <\/ LI><br \/>\n<LI> Pratique r\u00e9flexive <\/ li><br \/>\n<LI> Communaut\u00e9 d&rsquo;apprentissage <\/ LI><\/p>\n<li> Am\u00e9lioration de l&rsquo;exp\u00e9rience et de l&rsquo;expertise des participants <\/ LI><br \/>\n<\/ ul><br \/>\n[\/vc_column_text][vc_empty_space height=\u00a0\u00bb15px\u00a0\u00bb][vc_custom_heading text=\u00a0\u00bbJOURN\u00c9E D&rsquo;OUVERTURE\u00a0\u00bb font_container=\u00a0\u00bbtag:h3|text_align:left|color:%23f79d1c\u00a0\u00bb use_theme_fonts=\u00a0\u00bbyes\u00a0\u00bb][vc_btn title=\u00a0\u00bbAFFICHE\u00a0\u00bb style=\u00a0\u00bbflat\u00a0\u00bb shape=\u00a0\u00bbsquare\u00a0\u00bb color=\u00a0\u00bbprimary\u00a0\u00bb size=\u00a0\u00bblg\u00a0\u00bb align=\u00a0\u00bbleft\u00a0\u00bb i_icon_fontawesome=\u00a0\u00bbfar fa-file-pdf\u00a0\u00bb add_icon=\u00a0\u00bbtrue\u00a0\u00bb link=\u00a0\u00bburl:https%3A%2F%2Fprimed-miur.it%2Ffiles%2FCorso-IMCM___locandina-inaugurazione_05-09-2020-confermato.pdf|title:JOURN%C3%89E%20D%27OUVERTURE|target:%20_blank|\u00a0\u00bb][vc_empty_space height=\u00a0\u00bb15px\u00a0\u00bb][vc_custom_heading text=\u00a0\u00bbINSCR\u00c9CEPTION ET INFORMATIONS\u00a0\u00bb font_container=\u00a0\u00bbtag:h3|text_align:left|color:%23f79d1c\u00a0\u00bb use_theme_fonts=\u00a0\u00bbyes\u00a0\u00bb][vc_column_text]Pour vous abonner au cours Envoyer \u00e0 un e-mail <a href=\"mailto:altaforazione.imam@unipd.it\"> Highformation.imam@unipd.it <\/a> Les documents suivants: <\/ P> <forte> 1) <\/ strong> <strong> <a href = \"https:\/\/primed-miur.it\/files\/domanda-duriscrizione_ima%20m_ministri%20%20.pdf\" cible = \"_Blank\" rel = \"noopener noreferrerrer\"> demande de pr\u00e9-inscription <\/a> <\/ forte> (T\u00e9l\u00e9chargez le formulaire ci-dessous, remplissez-le, signer-le et num\u00e9risez-le).<br \/>\n<strong> 2) <\/ strong> curriculum vitae.<br \/>\n<strong> 3) <\/ strong> Br\u00e8ve lettre de motivation (indiquant les raisons pour lesquelles il a \u00e9t\u00e9 d\u00e9cid\u00e9 de s&rsquo;inscrire au cours).<br \/>\n<strong> 4) <\/ strong> une copie d&rsquo;un document d&rsquo;identit\u00e9. <\/ P> Un classement sera \u00e9tabli et ceux qui ont l&rsquo;intention de s&rsquo;inscrire et de l&rsquo;assister devront envoyer un courrier \u00e9lectronique (\u00e0 l&rsquo;adresse haute vitesse.imam@unipd.it) pour confirmer l&rsquo;enregistrement.<br \/>\nSi quelqu&rsquo;un entre les 40 premiers du classement, il ne devrait pas am\u00e9liorer l&rsquo;enregistrement, le suivant dans le classement peut avoir lieu.<br \/>\nTout sera publi\u00e9 sur cette page.[\/vc_column_text][vc_btn title=\u00a0\u00bbCLASSEMENT\u00a0\u00bb style=\u00a0\u00bbflat\u00a0\u00bb shape=\u00a0\u00bbsquare\u00a0\u00bb color=\u00a0\u00bbprimary\u00a0\u00bb size=\u00a0\u00bblg\u00a0\u00bb align=\u00a0\u00bbleft\u00a0\u00bb i_icon_fontawesome=\u00a0\u00bbfar fa-file-pdf\u00a0\u00bb add_icon=\u00a0\u00bbtrue\u00a0\u00bb link=\u00a0\u00bburl:https%3A%2F%2Fprimed-miur.it%2Ffiles%2FGraduatoria_CORSO_IMAM_Prof__Allievi__Anno__2020.pdf|title:CLASSEMENT|target:%20_blank|\u00a0\u00bb][vc_empty_space height=\u00a0\u00bb12px\u00a0\u00bb][vc_btn title=\u00a0\u00bbLISTE D&rsquo;ATTENTE\u00a0\u00bb style=\u00a0\u00bbflat\u00a0\u00bb shape=\u00a0\u00bbsquare\u00a0\u00bb color=\u00a0\u00bbprimary\u00a0\u00bb size=\u00a0\u00bblg\u00a0\u00bb align=\u00a0\u00bbleft\u00a0\u00bb i_icon_fontawesome=\u00a0\u00bbfar fa-file-pdf\u00a0\u00bb add_icon=\u00a0\u00bbtrue\u00a0\u00bb link=\u00a0\u00bburl:https%3A%2F%2Fprimed-miur.it%2Ffiles%2FLista_d%27attesa_CORSO_IMAM_Prof_Allievi_Anno___2020.pdf|title:LISTE%20D%27ATTENTE|target:%20_blank|\u00a0\u00bb][\/vc_column_inner][\/vc_row_inner][vc_custom_heading text=\u00a0\u00bbPR\u00c9-INSCRIPTION DATE LIMITE\u00a0\u00bb font_container=\u00a0\u00bbtag:h3|text_align:left|color:%23f79d1c\u00a0\u00bb use_theme_fonts=\u00a0\u00bbyes\u00a0\u00bb][vc_column_text]28 ao\u00fbt 2020.[\/vc_column_text][vc_custom_heading text=\u00a0\u00bbPOUR PLUS D&rsquo;INFORMATIONS\u00a0\u00bb font_container=\u00a0\u00bbtag:h3|text_align:left|color:%23f79d1c\u00a0\u00bb use_theme_fonts=\u00a0\u00bbyes\u00a0\u00bb][vc_column_text]mail: <a href=\"mailto:altaformazione.imam@unipd.it\">altaformazione.imam@unipd.it<\/a>[\/vc_column_text][vc_custom_heading text=\u00a0\u00bbLANGAGE DE COURS\u00a0\u00bb font_container=\u00a0\u00bbtag:h3|text_align:left|color:%23f79d1c\u00a0\u00bb use_theme_fonts=\u00a0\u00bbyes\u00a0\u00bb][vc_column_text]Italien, arabe, anglais et fran\u00e7ais.[\/vc_column_text][vc_custom_heading text=\u00a0\u00bbDUR\u00c9E\u00a0\u00bb font_container=\u00a0\u00bbtag:h3|text_align:left|color:%23f79d1c\u00a0\u00bb use_theme_fonts=\u00a0\u00bbyes\u00a0\u00bb][vc_column_text]60 heures[\/vc_column_text][vc_custom_heading text=\u00a0\u00bbR\u00c9ALISATION\u00a0\u00bb font_container=\u00a0\u00bbtag:h3|text_align:left|color:%23f79d1c\u00a0\u00bb use_theme_fonts=\u00a0\u00bbyes\u00a0\u00bb][vc_column_text]1 septembre 2020 &#8211; 31 octobre 2021[\/vc_column_text][vc_row_inner][vc_column_inner][\/vc_column_inner][\/vc_row_inner][vc_custom_heading text=\u00a0\u00bbPR\u00c9-ENREGISTREMENT\u00a0\u00bb font_container=\u00a0\u00bbtag:h3|text_align:left|color:%23f79d1c\u00a0\u00bb use_theme_fonts=\u00a0\u00bbyes\u00a0\u00bb][vc_empty_space][vc_btn title=\u00a0\u00bbPR\u00c9-ENREGISTREMENT\u00a0\u00bb style=\u00a0\u00bbflat\u00a0\u00bb shape=\u00a0\u00bbsquare\u00a0\u00bb color=\u00a0\u00bbprimary\u00a0\u00bb size=\u00a0\u00bblg\u00a0\u00bb align=\u00a0\u00bbleft\u00a0\u00bb i_icon_fontawesome=\u00a0\u00bbfa fa-file-pdf-o\u00a0\u00bb add_icon=\u00a0\u00bbtrue\u00a0\u00bb link=\u00a0\u00bburl:https%3A%2F%2Fprimed-miur.it%2Ffiles%2FDomanda-preiscrizione_IMAM_Ministri_di_culto.pdf|title:demande%20de%20pr%C3%A9-enregistrement%20imam|target:%20_blank|\u00a0\u00bb][vc_custom_heading text=\u00a0\u00bbAFFICHE\u00a0\u00bb font_container=\u00a0\u00bbtag:h3|text_align:left|color:%23f79d1c\u00a0\u00bb use_theme_fonts=\u00a0\u00bbyes\u00a0\u00bb][vc_btn title=\u00a0\u00bbAFFICHE\u00a0\u00bb style=\u00a0\u00bbflat\u00a0\u00bb shape=\u00a0\u00bbsquare\u00a0\u00bb color=\u00a0\u00bbprimary\u00a0\u00bb size=\u00a0\u00bblg\u00a0\u00bb align=\u00a0\u00bbleft\u00a0\u00bb i_icon_fontawesome=\u00a0\u00bbfar fa-file-pdf\u00a0\u00bb add_icon=\u00a0\u00bbtrue\u00a0\u00bb link=\u00a0\u00bburl:https%3A%2F%2Fprimed-miur.it%2Ffiles%2Fdef_LOCANDINA_CORSO-IMAM_2020.pdf|title:AFFICHE|target:%20_blank|\u00a0\u00bb][vc_row_inner][vc_column_inner][vc_btn title=\u00a0\u00bb\u0645\u0644\u0635\u0642\u00a0\u00bb style=\u00a0\u00bbflat\u00a0\u00bb shape=\u00a0\u00bbsquare\u00a0\u00bb color=\u00a0\u00bbprimary\u00a0\u00bb size=\u00a0\u00bblg\u00a0\u00bb align=\u00a0\u00bbleft\u00a0\u00bb i_icon_fontawesome=\u00a0\u00bbfar fa-file-pdf\u00a0\u00bb add_icon=\u00a0\u00bbtrue\u00a0\u00bb link=\u00a0\u00bburl:https%3A%2F%2Fprimed-miur.it%2Ffiles%2FLOCANDINA_CORSO-IMAM_2020_Prima%20Edizione_arabo-.pdf|title:%D9%85%D9%84%D8%B5%D9%82|target:%20_blank|\u00a0\u00bb][\/vc_column_inner][\/vc_row_inner][\/vc_column][vc_column width=\u00a0\u00bb1\/4&Prime;][vc_btn title=\u00a0\u00bbCOURS\u00a0\u00bb style=\u00a0\u00bbflat\u00a0\u00bb shape=\u00a0\u00bbsquare\u00a0\u00bb color=\u00a0\u00bbprimary\u00a0\u00bb align=\u00a0\u00bbleft\u00a0\u00bb i_icon_fontawesome=\u00a0\u00bbfas fa-external-link-alt\u00a0\u00bb button_block=\u00a0\u00bbtrue\u00a0\u00bb add_icon=\u00a0\u00bbtrue\u00a0\u00bb link=\u00a0\u00bburl:https%3A%2F%2Fprimed-miur.it%2Fdata-lezioni-corso-di-formazione-per-imam-e-ministri-di-culto-musulmani%2F|\u00a0\u00bb][vc_widget_sidebar sidebar_id=\u00a0\u00bbblog-sidebar\u00a0\u00bb][\/vc_column][\/vc_row][vc_row u_row_style=\u00a0\u00bb0&Prime; u_row_paralax=\u00a0\u00bb0&Prime; u_row_scheme=\u00a0\u00bb0&Prime; css=\u00a0\u00bb.vc_custom_1564252778379{margin-left: 30px !important;}\u00a0\u00bb][vc_column][vc_row_inner][vc_column_inner][\/vc_column_inner][\/vc_row_inner][\/vc_column][\/vc_row][vc_row][vc_column][vc_column_text]<\/p>\n<p>[\/vc_column_text][\/vc_column][\/vc_row]<\/p>\n<\/section>","protected":false},"excerpt":{"rendered":"<p>[vc_row full_width=\u00a0\u00bbstretch_row_content_no_spaces\u00a0\u00bb css=\u00a0\u00bb.vc_custom_1567531346627{margin-top: -50px !important;}\u00a0\u00bb][vc_column css=\u00a0\u00bb.vc_custom_1567530820972{margin-top: -50px !important;}\u00a0\u00bb][rev_slider_vc alias=\u00a0\u00bbIMAM-MUSULMANI-2020-FR\u00a0\u00bb][\/vc_column][\/vc_row][vc_row u_row_style=\u00a0\u00bb0&Prime; u_row_paralax=\u00a0\u00bb0&Prime; u_row_scheme=\u00a0\u00bb0&Prime; css=\u00a0\u00bb.vc_custom_1564252778379{margin-left: 30px !important;}\u00a0\u00bb][vc_column width=\u00a0\u00bb3\/4&Prime;][vc_row_inner][vc_column_inner width=\u00a0\u00bb1\/2&Prime;][\/vc_column_inner][vc_column_inner width=\u00a0\u00bb1\/2&Prime;][\/vc_column_inner][\/vc_row_inner][vc_empty_space height=\u00a0\u00bb15px\u00a0\u00bb][vc_custom_heading text=\u00a0\u00bbOBJECTIFS\u00a0\u00bb font_container=\u00a0\u00bbtag:h3|text_align:left|color:%23f79d1c\u00a0\u00bb use_theme_fonts=\u00a0\u00bbyes\u00a0\u00bb][vc_column_text] Offre des op\u00e9rateurs religieux musulmans une voie de formation et de recyclage qui leur permet d&rsquo;agir de guides communautaires religieux et de facilitateurs et de m\u00e9diateurs des relations entre les fid\u00e8les et dans [&hellip;]<\/p>\n","protected":false},"author":2,"featured_media":0,"parent":0,"menu_order":0,"comment_status":"closed","ping_status":"closed","template":"","meta":{"inline_featured_image":false,"footnotes":""},"yst_prominent_words":[2390,2391,2378,493,2392,2413,2496,2418],"class_list":["post-7754","page","type-page","status-publish","hentry"],"yoast_head":"<!-- This site is optimized with the Yoast SEO Premium plugin v14.1 - https:\/\/yoast.com\/wordpress\/plugins\/seo\/ -->\n<title>COURS POUR LES MINISTRES ET IMAM DU CULTE MUSULMANS<\/title>\n<meta name=\"robots\" content=\"index, follow\" \/>\n<meta name=\"googlebot\" content=\"index, follow, max-snippet:-1, max-image-preview:large, max-video-preview:-1\" \/>\n<meta name=\"bingbot\" content=\"index, follow, max-snippet:-1, max-image-preview:large, max-video-preview:-1\" \/>\n<link rel=\"canonical\" href=\"https:\/\/primed-miur.it\/fr\/cours-pour-les-ministres-et-imam-du-culte-musulmans\/\" \/>\n<meta property=\"og:locale\" content=\"fr_FR\" \/>\n<meta property=\"og:type\" content=\"article\" \/>\n<meta property=\"og:title\" content=\"COURS POUR LES MINISTRES ET IMAM DU CULTE MUSULMANS\" \/>\n<meta property=\"og:description\" content=\"[vc_row full_width=\u00a0\u00bbstretch_row_content_no_spaces\u00a0\u00bb css=\u00a0\u00bb.vc_custom_1567531346627{margin-top: -50px !important;}\u00a0\u00bb][vc_column css=\u00a0\u00bb.vc_custom_1567530820972{margin-top: -50px !important;}\u00a0\u00bb][rev_slider_vc alias=\u00a0\u00bbIMAM-MUSULMANI-2020-FR\u00a0\u00bb][\/vc_column][\/vc_row][vc_row u_row_style=\u00a0\u00bb0&Prime; u_row_paralax=\u00a0\u00bb0&Prime; u_row_scheme=\u00a0\u00bb0&Prime; css=\u00a0\u00bb.vc_custom_1564252778379{margin-left: 30px !important;}\u00a0\u00bb][vc_column width=\u00a0\u00bb3\/4&Prime;][vc_row_inner][vc_column_inner width=\u00a0\u00bb1\/2&Prime;][\/vc_column_inner][vc_column_inner width=\u00a0\u00bb1\/2&Prime;][\/vc_column_inner][\/vc_row_inner][vc_empty_space height=\u00a0\u00bb15px\u00a0\u00bb][vc_custom_heading text=\u00a0\u00bbOBJECTIFS\u00a0\u00bb font_container=\u00a0\u00bbtag:h3|text_align:left|color:%23f79d1c\u00a0\u00bb use_theme_fonts=\u00a0\u00bbyes\u00a0\u00bb][vc_column_text] Offre des op\u00e9rateurs religieux musulmans une voie de formation et de recyclage qui leur permet d&rsquo;agir de guides communautaires religieux et de facilitateurs et de m\u00e9diateurs des relations entre les fid\u00e8les et dans [&hellip;]\" \/>\n<meta property=\"og:url\" content=\"https:\/\/primed-miur.it\/fr\/cours-pour-les-ministres-et-imam-du-culte-musulmans\/\" \/>\n<meta property=\"og:site_name\" content=\"PriMED\" \/>\n<meta property=\"article:publisher\" content=\"https:\/\/www.facebook.com\/fidr.primed\" \/>\n<meta property=\"article:modified_time\" content=\"2021-11-11T11:26:01+00:00\" \/>\n<meta property=\"og:image\" content=\"https:\/\/primed-miur.it\/wp-content\/uploads\/2017\/11\/logo_video_primed.png\" \/>\n\t<meta property=\"og:image:width\" content=\"300\" \/>\n\t<meta property=\"og:image:height\" content=\"188\" \/>\n<meta name=\"twitter:card\" content=\"summary_large_image\" \/>\n<script type=\"application\/ld+json\" class=\"yoast-schema-graph\">{\"@context\":\"https:\/\/schema.org\",\"@graph\":[{\"@type\":\"Organization\",\"@id\":\"https:\/\/primed-miur.it\/fr\/#organization\",\"name\":\"PriMED\",\"url\":\"https:\/\/primed-miur.it\/fr\/\",\"sameAs\":[\"https:\/\/www.facebook.com\/fidr.primed\",\"https:\/\/instagram.com\/primed2019?igshid=1piy2qg58ea5g\"],\"logo\":{\"@type\":\"ImageObject\",\"@id\":\"https:\/\/primed-miur.it\/fr\/#logo\",\"inLanguage\":\"fr-FR\",\"url\":\"https:\/\/primed-miur.it\/wp-content\/uploads\/2017\/11\/testata-Header-PRIMED-1-2.png\",\"width\":876,\"height\":250,\"caption\":\"PriMED\"},\"image\":{\"@id\":\"https:\/\/primed-miur.it\/fr\/#logo\"}},{\"@type\":\"WebSite\",\"@id\":\"https:\/\/primed-miur.it\/fr\/#website\",\"url\":\"https:\/\/primed-miur.it\/fr\/\",\"name\":\"PriMED\",\"description\":\"PriMED - Prevenzione e interazione nello spazio Trans-Mediterraneo\",\"publisher\":{\"@id\":\"https:\/\/primed-miur.it\/fr\/#organization\"},\"potentialAction\":[{\"@type\":\"SearchAction\",\"target\":\"https:\/\/primed-miur.it\/fr\/?s={search_term_string}\",\"query-input\":\"required name=search_term_string\"}],\"inLanguage\":\"fr-FR\"},{\"@type\":\"WebPage\",\"@id\":\"https:\/\/primed-miur.it\/fr\/cours-pour-les-ministres-et-imam-du-culte-musulmans\/#webpage\",\"url\":\"https:\/\/primed-miur.it\/fr\/cours-pour-les-ministres-et-imam-du-culte-musulmans\/\",\"name\":\"COURS POUR LES MINISTRES ET IMAM DU CULTE MUSULMANS\",\"isPartOf\":{\"@id\":\"https:\/\/primed-miur.it\/fr\/#website\"},\"datePublished\":\"2021-04-14T14:48:29+00:00\",\"dateModified\":\"2021-11-11T11:26:01+00:00\",\"inLanguage\":\"fr-FR\",\"potentialAction\":[{\"@type\":\"ReadAction\",\"target\":[\"https:\/\/primed-miur.it\/fr\/cours-pour-les-ministres-et-imam-du-culte-musulmans\/\"]}]}]}<\/script>\n<!-- \/ Yoast SEO Premium plugin. -->","_links":{"self":[{"href":"https:\/\/primed-miur.it\/fr\/wp-json\/wp\/v2\/pages\/7754","targetHints":{"allow":["GET"]}}],"collection":[{"href":"https:\/\/primed-miur.it\/fr\/wp-json\/wp\/v2\/pages"}],"about":[{"href":"https:\/\/primed-miur.it\/fr\/wp-json\/wp\/v2\/types\/page"}],"author":[{"embeddable":true,"href":"https:\/\/primed-miur.it\/fr\/wp-json\/wp\/v2\/users\/2"}],"replies":[{"embeddable":true,"href":"https:\/\/primed-miur.it\/fr\/wp-json\/wp\/v2\/comments?post=7754"}],"version-history":[{"count":2,"href":"https:\/\/primed-miur.it\/fr\/wp-json\/wp\/v2\/pages\/7754\/revisions"}],"predecessor-version":[{"id":9767,"href":"https:\/\/primed-miur.it\/fr\/wp-json\/wp\/v2\/pages\/7754\/revisions\/9767"}],"wp:attachment":[{"href":"https:\/\/primed-miur.it\/fr\/wp-json\/wp\/v2\/media?parent=7754"}],"wp:term":[{"taxonomy":"yst_prominent_words","embeddable":true,"href":"https:\/\/primed-miur.it\/fr\/wp-json\/wp\/v2\/yst_prominent_words?post=7754"}],"curies":[{"name":"wp","href":"https:\/\/api.w.org\/{rel}","templated":true}]}}