{"id":9451,"date":"2021-11-08T21:18:58","date_gmt":"2021-11-08T20:18:58","guid":{"rendered":"https:\/\/primed-miur.it\/cours-conjoint-pour-les-etudiants-des-deux-voyages\/"},"modified":"2021-11-08T21:19:56","modified_gmt":"2021-11-08T20:19:56","slug":"cours-conjoint-pour-les-etudiants-des-deux-voyages","status":"publish","type":"page","link":"https:\/\/primed-miur.it\/fr\/cours-conjoint-pour-les-etudiants-des-deux-voyages\/","title":{"rendered":"COURS CONJOINT POUR LES \u00c9TUDIANTS DES DEUX VOYAGES"},"content":{"rendered":"<section class=\"wpb-content-wrapper\"><p>[vc_row full_width=\u00a0\u00bbstretch_row_content_no_spaces\u00a0\u00bb css=\u00a0\u00bb.vc_custom_1568037232861{margin-top: -50px !important;}\u00a0\u00bb][vc_column][rev_slider_vc alias=\u00a0\u00bbDUE-SPONDE-2021-fr\u00a0\u00bb][\/vc_column][\/vc_row][vc_row u_row_style=\u00a0\u00bb0&Prime; u_row_paralax=\u00a0\u00bb0&Prime; u_row_scheme=\u00a0\u00bb0&Prime; css=\u00a0\u00bb.vc_custom_1564252778379{margin-left: 30px !important;}\u00a0\u00bb][vc_column width=\u00a0\u00bb3\/4&Prime;][vc_column_text]<div class=\"ead-preview\"><div class=\"ead-document\" style=\"position:relative;\"><iframe src=\"\/\/docs.google.com\/viewer?url=https%3A%2F%2Fprimed-miur.it%2Fwp-content%2Fuploads%2F2021%2F04%2FLocandina_webinar-series-diverse.pdf&#038;embedded=true&#038;hl=en\" title=\"Embedded Document\" style=\"width:100%; height:500px; border: none;\"><\/iframe><\/div><\/div>[\/vc_column_text][vc_empty_space height=\u00a0\u00bb12px\u00a0\u00bb][vc_custom_heading text=\u00a0\u00bbDESCRIPTION\u00a0\u00bb font_container=\u00a0\u00bbtag:h3|text_align:left|color:%23f79d1c\u00a0\u00bb use_theme_fonts=\u00a0\u00bbyes\u00a0\u00bb][vc_column_text]La s\u00e9rie de webinaires fait partie des actions du projet PriMED &#8211; Miur.<\/p>\n<p>R\u00e9alis\u00e9 avec la coop\u00e9ration de plusieurs partenaires universitaires appartenant au r\u00e9seau PriMED, il vise \u00e0 promouvoir une nouvelle vision int\u00e9gr\u00e9e de l&rsquo;espace m\u00e9diterran\u00e9en. Des intervenants italiens et internationaux aborderont, en dialogue avec les participants, les principales questions juridiques, \u00e9conomiques et sociales qui affectent l&rsquo;agenda mondial.<\/p>\n<p>&#038;nbsp ;<\/p>\n<p><strong>LIENS POUR ACC\u00c9DER \u00c0 LA WEBINAR:<\/strong><\/p>\n<h4>14 avril :<br \/>\n<a href=\"https:\/\/teams.microsoft.com\/l\/meetup-join\/19%3ameeting_NDc3ZTZiNDMtNWI5Ny00NmNiLTlkNzktNDFmY2Q1NmQ0NjUx%40thread.v2\/0?context=%7b%22Tid%22%3a%229252ed8b-dffc-401c-86ca-6237da9991fa%22%2c%22Oid%22%3a%22bd7249d1-7f05-405b-a717-f9c01b539917%22%7d\">https:\/\/teams.microsoft.com\/<\/a><\/h4>\n<h4>Le 19 avril :<br \/>\n<a href=\"https:\/\/teams.microsoft.com\/l\/meetup-join\/19%3ameeting_NDc3ZTZiNDMtNWI5Ny00NmNiLTlkNzktNDFmY2Q1NmQ0NjUx%40thread.v2\/0?context=%7b%22Tid%22%3a%229252ed8b-dffc-401c-86ca-6237da9991fa%22%2c%22Oid%22%3a%22bd7249d1-7f05-405b-a717-f9c01b539917%22%7d\">https:\/\/teams.microsoft.com\/<\/a><\/h4>\n<h4>Le 6 mai :<br \/>\n<a href=\"https:\/\/teams.microsoft.com\/l\/meetup-join\/19%3ameeting_NDc3ZTZiNDMtNWI5Ny00NmNiLTlkNzktNDFmY2Q1NmQ0NjUx%40thread.v2\/0?context=%7b%22Tid%22%3a%229252ed8b-dffc-401c-86ca-6237da9991fa%22%2c%22Oid%22%3a%22bd7249d1-7f05-405b-a717-f9c01b539917%22%7d\">https:\/\/teams.microsoft.com\/<\/a><\/h4>\n<h4>10 mai :<br \/>\n<a href=\"https:\/\/teams.microsoft.com\/l\/meetup-join\/19%3ameeting_NDc3ZTZiNDMtNWI5Ny00NmNiLTlkNzktNDFmY2Q1NmQ0NjUx%40thread.v2\/0?context=%7b%22Tid%22%3a%229252ed8b-dffc-401c-86ca-6237da9991fa%22%2c%22Oid%22%3a%22bd7249d1-7f05-405b-a717-f9c01b539917%22%7d\">https:\/\/teams.microsoft.com\/<\/a><\/h4>\n<h4>21 mai :<br \/>\n<a href=\"https:\/\/teams.microsoft.com\/l\/meetup-join\/19%3ameeting_NDc3ZTZiNDMtNWI5Ny00NmNiLTlkNzktNDFmY2Q1NmQ0NjUx%40thread.v2\/0?context=%7b%22Tid%22%3a%229252ed8b-dffc-401c-86ca-6237da9991fa%22%2c%22Oid%22%3a%22bd7249d1-7f05-405b-a717-f9c01b539917%22%7d\">https:\/\/teams.microsoft.com\/<\/a><\/h4>\n<p>Traduit avec www.DeepL.com\/Translator (version gratuite)<br \/>\n[\/vc_column_text][vc_empty_space][\/vc_column][vc_column width=\u00a0\u00bb1\/4&Prime;][vc_widget_sidebar sidebar_id=\u00a0\u00bbblog-sidebar\u00a0\u00bb][\/vc_column][\/vc_row]<\/p>\n<\/section>","protected":false},"excerpt":{"rendered":"<p>[vc_row full_width=\u00a0\u00bbstretch_row_content_no_spaces\u00a0\u00bb css=\u00a0\u00bb.vc_custom_1568037232861{margin-top: -50px !important;}\u00a0\u00bb][vc_column][rev_slider_vc alias=\u00a0\u00bbDUE-SPONDE-2021-fr\u00a0\u00bb][\/vc_column][\/vc_row][vc_row u_row_style=\u00a0\u00bb0&Prime; u_row_paralax=\u00a0\u00bb0&Prime; u_row_scheme=\u00a0\u00bb0&Prime; css=\u00a0\u00bb.vc_custom_1564252778379{margin-left: 30px !important;}\u00a0\u00bb][vc_column width=\u00a0\u00bb3\/4&Prime;][vc_column_text][\/vc_column_text][vc_empty_space height=\u00a0\u00bb12px\u00a0\u00bb][vc_custom_heading text=\u00a0\u00bbDESCRIPTION\u00a0\u00bb font_container=\u00a0\u00bbtag:h3|text_align:left|color:%23f79d1c\u00a0\u00bb use_theme_fonts=\u00a0\u00bbyes\u00a0\u00bb][vc_column_text]La s\u00e9rie de webinaires fait partie des actions du projet PriMED &#8211; Miur. R\u00e9alis\u00e9 avec la coop\u00e9ration de plusieurs partenaires universitaires appartenant au r\u00e9seau PriMED, il vise \u00e0 promouvoir une nouvelle vision int\u00e9gr\u00e9e de l&rsquo;espace m\u00e9diterran\u00e9en. Des intervenants italiens [&hellip;]<\/p>\n","protected":false},"author":2,"featured_media":0,"parent":0,"menu_order":0,"comment_status":"closed","ping_status":"closed","template":"","meta":{"inline_featured_image":false,"footnotes":""},"yst_prominent_words":[371,535,502,1971,182],"class_list":["post-9451","page","type-page","status-publish","hentry"],"yoast_head":"<!-- This site is optimized with the Yoast SEO Premium plugin v14.1 - https:\/\/yoast.com\/wordpress\/plugins\/seo\/ -->\n<title>COURS CONJOINT POUR LES \u00c9TUDIANTS DES DEUX VOYAGES<\/title>\n<meta name=\"robots\" content=\"index, follow\" \/>\n<meta name=\"googlebot\" content=\"index, follow, max-snippet:-1, max-image-preview:large, max-video-preview:-1\" \/>\n<meta name=\"bingbot\" content=\"index, follow, max-snippet:-1, max-image-preview:large, max-video-preview:-1\" \/>\n<link rel=\"canonical\" href=\"https:\/\/primed-miur.it\/fr\/cours-conjoint-pour-les-etudiants-des-deux-voyages\/\" \/>\n<meta property=\"og:locale\" content=\"fr_FR\" \/>\n<meta property=\"og:type\" content=\"article\" \/>\n<meta property=\"og:title\" content=\"COURS CONJOINT POUR LES \u00c9TUDIANTS DES DEUX VOYAGES\" \/>\n<meta property=\"og:description\" content=\"[vc_row full_width=\u00a0\u00bbstretch_row_content_no_spaces\u00a0\u00bb css=\u00a0\u00bb.vc_custom_1568037232861{margin-top: -50px !important;}\u00a0\u00bb][vc_column][rev_slider_vc alias=\u00a0\u00bbDUE-SPONDE-2021-fr\u00a0\u00bb][\/vc_column][\/vc_row][vc_row u_row_style=\u00a0\u00bb0&Prime; u_row_paralax=\u00a0\u00bb0&Prime; u_row_scheme=\u00a0\u00bb0&Prime; css=\u00a0\u00bb.vc_custom_1564252778379{margin-left: 30px !important;}\u00a0\u00bb][vc_column width=\u00a0\u00bb3\/4&Prime;][vc_column_text][\/vc_column_text][vc_empty_space height=\u00a0\u00bb12px\u00a0\u00bb][vc_custom_heading text=\u00a0\u00bbDESCRIPTION\u00a0\u00bb font_container=\u00a0\u00bbtag:h3|text_align:left|color:%23f79d1c\u00a0\u00bb use_theme_fonts=\u00a0\u00bbyes\u00a0\u00bb][vc_column_text]La s\u00e9rie de webinaires fait partie des actions du projet PriMED &#8211; Miur. R\u00e9alis\u00e9 avec la coop\u00e9ration de plusieurs partenaires universitaires appartenant au r\u00e9seau PriMED, il vise \u00e0 promouvoir une nouvelle vision int\u00e9gr\u00e9e de l&rsquo;espace m\u00e9diterran\u00e9en. Des intervenants italiens [&hellip;]\" \/>\n<meta property=\"og:url\" content=\"https:\/\/primed-miur.it\/fr\/cours-conjoint-pour-les-etudiants-des-deux-voyages\/\" \/>\n<meta property=\"og:site_name\" content=\"PriMED\" \/>\n<meta property=\"article:publisher\" content=\"https:\/\/www.facebook.com\/fidr.primed\" \/>\n<meta property=\"article:modified_time\" content=\"2021-11-08T20:19:56+00:00\" \/>\n<meta property=\"og:image\" content=\"https:\/\/primed-miur.it\/wp-content\/uploads\/2021\/05\/sponde2021.jpg\" \/>\n<meta name=\"twitter:card\" content=\"summary_large_image\" \/>\n<script type=\"application\/ld+json\" class=\"yoast-schema-graph\">{\"@context\":\"https:\/\/schema.org\",\"@graph\":[{\"@type\":\"Organization\",\"@id\":\"https:\/\/primed-miur.it\/fr\/#organization\",\"name\":\"PriMED\",\"url\":\"https:\/\/primed-miur.it\/fr\/\",\"sameAs\":[\"https:\/\/www.facebook.com\/fidr.primed\",\"https:\/\/instagram.com\/primed2019?igshid=1piy2qg58ea5g\"],\"logo\":{\"@type\":\"ImageObject\",\"@id\":\"https:\/\/primed-miur.it\/fr\/#logo\",\"inLanguage\":\"fr-FR\",\"url\":\"https:\/\/primed-miur.it\/wp-content\/uploads\/2017\/11\/testata-Header-PRIMED-1-2.png\",\"width\":876,\"height\":250,\"caption\":\"PriMED\"},\"image\":{\"@id\":\"https:\/\/primed-miur.it\/fr\/#logo\"}},{\"@type\":\"WebSite\",\"@id\":\"https:\/\/primed-miur.it\/fr\/#website\",\"url\":\"https:\/\/primed-miur.it\/fr\/\",\"name\":\"PriMED\",\"description\":\"PriMED - Prevenzione e interazione nello spazio Trans-Mediterraneo\",\"publisher\":{\"@id\":\"https:\/\/primed-miur.it\/fr\/#organization\"},\"potentialAction\":[{\"@type\":\"SearchAction\",\"target\":\"https:\/\/primed-miur.it\/fr\/?s={search_term_string}\",\"query-input\":\"required name=search_term_string\"}],\"inLanguage\":\"fr-FR\"},{\"@type\":\"WebPage\",\"@id\":\"https:\/\/primed-miur.it\/fr\/cours-conjoint-pour-les-etudiants-des-deux-voyages\/#webpage\",\"url\":\"https:\/\/primed-miur.it\/fr\/cours-conjoint-pour-les-etudiants-des-deux-voyages\/\",\"name\":\"COURS CONJOINT POUR LES \\u00c9TUDIANTS DES DEUX VOYAGES\",\"isPartOf\":{\"@id\":\"https:\/\/primed-miur.it\/fr\/#website\"},\"datePublished\":\"2021-11-08T20:18:58+00:00\",\"dateModified\":\"2021-11-08T20:19:56+00:00\",\"inLanguage\":\"fr-FR\",\"potentialAction\":[{\"@type\":\"ReadAction\",\"target\":[\"https:\/\/primed-miur.it\/fr\/cours-conjoint-pour-les-etudiants-des-deux-voyages\/\"]}]}]}<\/script>\n<!-- \/ Yoast SEO Premium plugin. -->","_links":{"self":[{"href":"https:\/\/primed-miur.it\/fr\/wp-json\/wp\/v2\/pages\/9451","targetHints":{"allow":["GET"]}}],"collection":[{"href":"https:\/\/primed-miur.it\/fr\/wp-json\/wp\/v2\/pages"}],"about":[{"href":"https:\/\/primed-miur.it\/fr\/wp-json\/wp\/v2\/types\/page"}],"author":[{"embeddable":true,"href":"https:\/\/primed-miur.it\/fr\/wp-json\/wp\/v2\/users\/2"}],"replies":[{"embeddable":true,"href":"https:\/\/primed-miur.it\/fr\/wp-json\/wp\/v2\/comments?post=9451"}],"version-history":[{"count":2,"href":"https:\/\/primed-miur.it\/fr\/wp-json\/wp\/v2\/pages\/9451\/revisions"}],"predecessor-version":[{"id":9453,"href":"https:\/\/primed-miur.it\/fr\/wp-json\/wp\/v2\/pages\/9451\/revisions\/9453"}],"wp:attachment":[{"href":"https:\/\/primed-miur.it\/fr\/wp-json\/wp\/v2\/media?parent=9451"}],"wp:term":[{"taxonomy":"yst_prominent_words","embeddable":true,"href":"https:\/\/primed-miur.it\/fr\/wp-json\/wp\/v2\/yst_prominent_words?post=9451"}],"curies":[{"name":"wp","href":"https:\/\/api.w.org\/{rel}","templated":true}]}}