{"id":9459,"date":"2021-11-08T22:10:32","date_gmt":"2021-11-08T21:10:32","guid":{"rendered":"https:\/\/primed-miur.it\/cours-combines-pour-les-etudiants-et-la-societe-civile-italienne\/"},"modified":"2021-11-08T22:11:18","modified_gmt":"2021-11-08T21:11:18","slug":"cours-combines-pour-les-etudiants-et-la-societe-civile-italienne","status":"publish","type":"page","link":"https:\/\/primed-miur.it\/fr\/cours-combines-pour-les-etudiants-et-la-societe-civile-italienne\/","title":{"rendered":"COURS COMBIN\u00c9S POUR LES \u00c9TUDIANTS ET LA SOCI\u00c9T\u00c9 CIVILE ITALIENNE"},"content":{"rendered":"<section class=\"wpb-content-wrapper\"><p>[vc_row full_width=\u00a0\u00bbstretch_row_content_no_spaces\u00a0\u00bb css=\u00a0\u00bb.vc_custom_1568279189416{margin-top: -50px !important;}\u00a0\u00bb][vc_column][rev_slider_vc alias=\u00a0\u00bbCORSI-CONGIUNTI-2021-fr\u00a0\u00bb][\/vc_column][\/vc_row][vc_row][vc_column width=\u00a0\u00bb3\/4&Prime;][vc_row_inner el_class=\u00a0\u00bbmore-detail-intro fix-row-bg\u00a0\u00bb][vc_column_inner el_class=\u00a0\u00bbmore-detail-intro fix-row-bg\u00a0\u00bb width=\u00a0\u00bb5\/6&Prime;][vc_empty_space height=\u00a0\u00bb12px\u00a0\u00bb][vc_custom_heading text=\u00a0\u00bbCOURS COMBIN\u00c9S POUR<br \/>LES \u00c9TUDIANTS, ET AUSSI OUVERTS<br \/>\u00c0 LA SOCI\u00c9T\u00c9 CIVILE ITALIENNE\u00a0\u00bb font_container=\u00a0\u00bbtag:h2|text_align:left|color:%23f79d1c\u00a0\u00bb use_theme_fonts=\u00a0\u00bbyes\u00a0\u00bb][vc_empty_space height=\u00a0\u00bb12px\u00a0\u00bb][vc_column_text]<img loading=\"lazy\" decoding=\"async\" class=\"aligncenter wp-image-8088 size-full\" src=\"https:\/\/primed-miur.it\/wp-content\/uploads\/2021\/04\/crop_thumb_Immagine_07c6a4ea-11d0-401e-bcef-923e9811e2b2.png.jpeg\" alt=\"\" width=\"800\" height=\"452\" srcset=\"https:\/\/primed-miur.it\/wp-content\/uploads\/2021\/04\/crop_thumb_Immagine_07c6a4ea-11d0-401e-bcef-923e9811e2b2.png.jpeg 800w, https:\/\/primed-miur.it\/wp-content\/uploads\/2021\/04\/crop_thumb_Immagine_07c6a4ea-11d0-401e-bcef-923e9811e2b2.png-300x170.jpeg 300w, https:\/\/primed-miur.it\/wp-content\/uploads\/2021\/04\/crop_thumb_Immagine_07c6a4ea-11d0-401e-bcef-923e9811e2b2.png-768x434.jpeg 768w, https:\/\/primed-miur.it\/wp-content\/uploads\/2021\/04\/crop_thumb_Immagine_07c6a4ea-11d0-401e-bcef-923e9811e2b2.png-600x339.jpeg 600w\" sizes=\"auto, (max-width: 800px) 100vw, 800px\" \/><\/p>\n<p>.<\/p>\n<p>L&rsquo;atelier, propos\u00e9 dans le cadre du projet MUR <span id=\"identifier__21954-1\" class=\"screen-reader-text\">Lien identifiant #identifier__21954-1<\/span><a href=\"https:\/\/primed-miur. it\/\" target=\"_blank\" rel=\"noopener noreferrer\" aria-labelledby=\"identifier__21954-1\">Primed (<em>Pr\u00e9vention et interaction dans l&rsquo;espace transm\u00e9diterran\u00e9en<\/em>)<\/a> et conserv\u00e9e par les professeurs Gervasio, Giorda et Borrillo, est ouverte \u00e0 toutes les composantes \u00e9tudiantes du d\u00e9partement et de l&rsquo;universit\u00e9, ainsi qu&rsquo;au public ext\u00e9rieur.<br \/>\nLes \u00e9tudiants qui assisteront \u00e0 au moins 80% des s\u00e9minaires et pr\u00e9pareront un travail final (dont les d\u00e9tails seront d\u00e9finis d\u00e8s que possible) se verront reconna\u00eetre 6 UFC.<\/p>\n<p>.<\/p>\n<p><strong>Les s\u00e9minaires se d\u00e9rouleront sur la plateforme TEAMS de 16h \u00e0 19h<\/strong>, selon l&rsquo;horaire suivant :<\/p>\n<ul>\n<li><strong>18\/3 <\/strong>Pr\u00e9sentation du laboratoire par <strong>Gennaro Gervasio<\/strong> et <strong>Maria Chiara Giorda<\/strong> ; s\u00e9minaire d&rsquo;ouverture par <strong>Sara Borrillo<\/strong> (Roma Tre &#038;amp ; UNIOR, Naples) <em>Femmes et Islam entre orientalisme et islamophobie : Un regard sur le pr\u00e9sent <\/em>(<span id=\"identifier__32023-2\" class=\"screen-reader-text\">Lien identifiant #identifier__32023-2<\/span><a href=\"https:\/\/teams. microsoft.com\/l\/meetup-join\/19%3a2e61d50aeb35409a90ae1a0678c5c34e%40thread.tacv2\/1615418360288? context=%7b%22Tid%22%3a%22ffb4df68-f464-458c-a546-00fb3af66f6a%22%2c%22Oid%22%3a%2274889df5-6c78-4f5d-b306-8d9ca8dec2a3%22%7d\" aria-labelledby=\"identifier__32023-2\">link<\/a>)<\/li>\n<li><strong>25\/3<\/strong> <strong>Manlio Graziano<\/strong> (Sciences Po, Parigi) &#8211; <em>Geopolitica della paura <\/em>(<span id=\"identifier__160112-3\" class=\"screen-reader-text\">Link identifier #identifier__160112-3<\/span><a href=\"https:\/\/teams.microsoft.com\/l\/meetup-join\/19%3a2e61d50aeb35409a90ae1a0678c5c34e%40thread.tacv2\/1615547562945?context=%7b%22Tid%22%3a%22ffb4df68-f464-458c-a546-00fb3af66f6a%22%2c%22Oid%22%3a%2274889df5-6c78-4f5d-b306-8d9ca8dec2a3%22%7d\" aria-labelledby=\"identifier__160112-3\">link<\/a>)<\/li>\n<li><strong>1\/4 <\/strong>Pr\u00e9sentation du volume <em>Islamophobie et racisme<\/em> (Edizioni SEB27, 2020) avec l&rsquo;\u00e9diteur <strong>Gabriele Proglio<\/strong> (UNISG, Bra) et les auteurs <strong>Marina Calculli<\/strong> (Universit\u00e9 de Leiden) et <strong>Clara Capelli<\/strong> (CDN &#8211; MICAD Bethlehem) (<span id=\"identifier__98482-4\" class=\"screen-reader-text\">Lien identifiant #identifier__98482-4<\/span><a href=\"https : \/\/teams. microsoft.com\/l\/meetup-join\/19%3a2e61d50aeb35409a90ae1a0678c5c34e%40thread.tacv2\/1615547813488? context=%7b%22Tid%22%3a%22ffb4df68-f464-458c-a546-00fb3af66f6a%22%2c%22Oid%22%3a%2274889df5-6c78-4f5d-b306-8d9ca8dec2a3%22%7d\" aria-labelledby=\"identifier__98482-4\">link<\/a>)<\/li>\n<li><strong>8\/4 Gina Annunziata<\/strong> (Acad\u00e9mie des Beaux-Arts &#038;amp ; UNIOR, Naples) <em>La repr\u00e9sentation de l&rsquo;alt\u00e9rit\u00e9 arabo-islamique dans le cin\u00e9ma italien<\/em> (<span id=\"identifier__47674-5\" class=\"screen-reader-text\">Lien identifiant #identifier__47674-5<\/span><a href=\"https:\/\/teams.microsoft.com\/l\/meetup-join\/19%3a2e61d50aeb35409a90ae1a0678c5c34e%40thread.tacv2\/1615547964281?context=%7b%22Tid%22%3a%22ffb4df68-f464-458c-a546-00fb3af66f6a%22%2c%22Oid%22%3a%2274889df5-6c78-4f5d-b306-8d9ca8dec2a3%22%7d\" aria-labelledby=\"identifier__47674-5\">lien<\/a>)<\/li>\n<p>.<\/p>\n<li><strong>15\/4 Leila El-Houssi <\/strong>(Rome La Sapienza) : <em>La\u00efcit\u00e9 autoritaire et \u00ab\u00a0islamophobie\u00a0\u00bb dans un pays \u00e0 majorit\u00e9 musulmane : le cas de la Tunisie postcoloniale<\/em>(<span id=\"identifier__150841-6\" class=\"screen-reader-text\">Lien identifiant #identifier__150841-6<\/span><a href=\"https:\/\/teams.microsoft.com\/l\/meetup-join\/19%3a2e61d50aeb35409a90ae1a0678c5c34e%40thread.tacv2\/1615548039149?context=%7b%22Tid%22%3a%22ffb4df68-f464-458c-a546-00fb3af66f6a%22%2c%22Oid%22%3a%2274889df5-6c78-4f5d-b306-8d9ca8dec2a3%22%7d\" aria-labelledby=\"identifier__150841-6\">lien<\/a>)<\/li>\n<p>.<\/p>\n<li><strong>22\/4<\/strong> <strong>Fabrizio Ciocca<\/strong> (Roma La Sapienza) <em>Sports et musulmans dans les contextes diasporiques entre diversit\u00e9 et peurs<\/em> ; <strong>Nicola Di Mauro<\/strong> (UNIOR, Naples) <em>Les organisations islamiques en Italie entre s\u00e9curit\u00e9 et droits<\/em>(<span id=\"identifier__42486-7\" class=\"screen-reader-text\">Lien identifiant #identifier__42486-7<\/span><a href=\"https : \/\/teams. microsoft.com\/l\/meetup-join\/19%3a2e61d50aeb35409a90ae1a0678c5c34e%40thread.tacv2\/1615548136968? context=%7b%22Tid%22%3a%22ffb4df68-f464-458c-a546-00fb3af66f6a%22%2c%22Oid%22%3a%2274889df5-6c78-4f5d-b306-8d9ca8dec2a3%22%7d\" aria-labelledby=\"identifier__42486-7\">link<\/a>)<\/li>\n<li>29\/4 <strong>Paolo Naso<\/strong> (Roma La Sapienza) <em>Une table institutionnelle pour les relations avec l&rsquo;Islam. L&rsquo;exp\u00e9rience italienne<\/em>, <strong>Alessandro Ferrari <\/strong>(UNI Insubria), <em>Les n\u0153uds de la reconnaissance publique de l&rsquo;Islam en Italie<\/em>, <strong>Enzo Pace<\/strong> (Universit\u00e9 de Padoue), <em>L&rsquo;Islam italien entre unit\u00e9 et dialectique interne<\/em>, <strong>Nibras Bregheiche<\/strong> (guide religieux islamique et doctorant \u00e0 l&rsquo;Universit\u00e9 G. D&rsquo;Annunzio Chieti-Pescara), <em>Les besoins et les droits d&rsquo;une communaut\u00e9<\/em> et l&rsquo;intervention de <strong>Yassine Lafram<\/strong> (pr\u00e9sident UCOII). (<span id=\"identifier__158471-8\" class=\"screen-reader-text\">Link identifier #identifier__158471-8<\/span><a href=\"https:\/\/teams.microsoft.com\/l\/meetup-join\/19%3a2e61d50aeb35409a90ae1a0678c5c34e%40thread.tacv2\/1615548213057?context=%7b%22Tid%22%3a%22ffb4df68-f464-458c-a546-00fb3af66f6a%22%2c%22Oid%22%3a%2274889df5-6c78-4f5d-b306-8d9ca8dec2a3%22%7d\" aria-labelledby=\"identifier__158471-8\">link<\/a>)<\/li>\n<li><strong>30\/4<\/strong> <em>Femmes et islam en Italie : Repr\u00e9sentations, pratiques politiques, libert\u00e9 d&rsquo;expression<\/em>, avec <strong>Sumaya Abdelqader<\/strong> (conseill\u00e8re municipale de la ville de Milan), <strong>Wissal Houbabi<\/strong> (\u00e9crivain, artiste et activiste) et <strong>Marta Panighel<\/strong> (Universit\u00e9 de G\u00eanes) (<span id=\"identifier__181297-9\" class=\"screen-reader-text\">Lien identifiant #identifier__181297-9<\/span><a href=\"https:\/\/teams. microsoft.com\/l\/meetup-join\/19%3a2e61d50aeb35409a90ae1a0678c5c34e%40thread.tacv2\/1615548290251? context=%7b%22Tid%22%3a%22ffb4df68-f464-458c-a546-00fb3af66f6a%22%2c%22Oid%22%3a%2274889df5-6c78-4f5d-b306-8d9ca8dec2a3%22%7d\" aria-labelledby=\"identifier__181297-9\">link<\/a>)<\/li>\n<li><strong>6\/5<\/strong> <strong>Carmen Becker <\/strong>(Leibniz Universit\u00e4t Hannover), <em>La \u00ab\u00a0crise des r\u00e9fugi\u00e9s\u00a0\u00bb en Allemagne : Producing the \u00ab\u00a0Muslims Other\u00a0\u00bb <\/em>(<span id=\"identifier__157134-10\" class=\"screen-reader-text\">Link identifier #identifier__157134-10<\/span><a href=\"https:\/\/teams.microsoft.com\/l\/meetup-join\/19%3a2e61d50aeb35409a90ae1a0678c5c34e%40thread.tacv2\/1615548406107?context=%7b%22Tid%22%3a%22ffb4df68-f464-458c-a546-00fb3af66f6a%22%2c%22Oid%22%3a%2274889df5-6c78-4f5d-b306-8d9ca8dec2a3%22%7d\" aria-labelledby=\"identifier__157134-10\">link<\/a>)<\/li>\n<li><strong>13\/5<\/strong> <strong>Pr\u00e9sentation<\/strong> du volume <em>Musulmans \u00e0 l&rsquo;\u00e9cole<\/em> (Carocci, 2020) avec les \u00e9diteurs <strong>Antonio Cuciniello<\/strong>(UCSC, Milan), <strong>Stefano Pasta<\/strong> (UCSC, Milan) et avec <strong>Milena Santerini <\/strong>(UCSC, Milan &#8211; R\u00e9seau Prim\u00e9) (<span id=\"identifier__137780-11\" class=\"screen-reader-text\">Lien identifiant #identifier__137780-11<\/span><a href=\"https : \/\/teams. microsoft.com\/l\/meetup-join\/19%3a2e61d50aeb35409a90ae1a0678c5c34e%40thread.tacv2\/1615548489115? context=%7b%22Tid%22%3a%22ffb4df68-f464-458c-a546-00fb3af66f6a%22%2c%22Oid%22%3a%2274889df5-6c78-4f5d-b306-8d9ca8dec2a3%22%7d\" aria-labelledby=\"identifier__137780-11\">link<\/a>)<\/li>\n<li><strong>20\/5<\/strong> <strong>Gennaro Gervasio<\/strong> (Roma Tre) et <strong>Mohammed Hashas<\/strong>(LUISS) &#8211; <em>Traiettories of European Islam<\/em> (<span id=\"identifier__115330-12\" class=\"screen-reader-text\">Lien identifiant #identifier__115330-12<\/span><a href=\"https:\/\/teams. microsoft.com\/l\/meetup-join\/19%3a2e61d50aeb35409a90ae1a0678c5c34e%40thread.tacv2\/1615548549797? context=%7b%22Tid%22%3a%22ffb4df68-f464-458c-a546-00fb3af66f6a%22%2c%22Oid%22%3a%2274889df5-6c78-4f5d-b306-8d9ca8dec2a3%22%7d\" aria-labelledby=\"identifier__115330-12\">link<\/a>)<\/li>\n<li><strong>21\/5<\/strong> <strong>Fadma Ait Mous<\/strong> (Universit\u00e9 Hassan II Casablanca &#8211; A\u00efn Chock, Primed Network) &#8211; <em>Production de connaissances dans le Sud global : le travail des intellectuels<\/em>. (<span id=\"identifier__95370-13\" class=\"screen-reader-text\">Link identifier #identifier__95370-13<\/span><a href=\"https:\/\/teams.microsoft.com\/l\/meetup-join\/19%3a2e61d50aeb35409a90ae1a0678c5c34e%40thread.tacv2\/1615548693216?context=%7b%22Tid%22%3a%22ffb4df68-f464-458c-a546-00fb3af66f6a%22%2c%22Oid%22%3a%2274889df5-6c78-4f5d-b306-8d9ca8dec2a3%22%7d\" aria-labelledby=\"identifier__95370-13\">link<\/a>)<\/li>\n<\/ul>\n<p>Une visite des lieux de culte du quartier de Tor Pignattara est pr\u00e9vue en mai, si l&rsquo;\u00e9volution de la situation sanitaire le permet.<br \/>\nPour toute information et contacts : <span id=\"identifiant__194287-14\" class=\"screen-reader-text\">Lien identifiant #identifiant__194287-14<\/span><a href=\"mailto:gennaro.gervasio@uniroma3.it\" aria-labelledby=\"identifiant__194287-14\">gennaro.gervasio@uniroma3.it<\/a>.[\/vc_column_text][vc_empty_space height=\u00a0\u00bb12px\u00a0\u00bb][vc_video link=\u00a0\u00bbhttps:\/\/youtu.be\/Om2WOMsFC9Y\u00a0\u00bb][\/vc_column_inner][vc_column_inner width=\u00a0\u00bb1\/6&Prime;][\/vc_column_inner][\/vc_row_inner][\/vc_column][vc_column width=\u00a0\u00bb1\/4&Prime;][vc_widget_sidebar sidebar_id=\u00a0\u00bbblog-sidebar\u00a0\u00bb][\/vc_column][\/vc_row]<\/p>\n<\/section>","protected":false},"excerpt":{"rendered":"<p>[vc_row full_width=\u00a0\u00bbstretch_row_content_no_spaces\u00a0\u00bb css=\u00a0\u00bb.vc_custom_1568279189416{margin-top: -50px !important;}\u00a0\u00bb][vc_column][rev_slider_vc alias=\u00a0\u00bbCORSI-CONGIUNTI-2021-fr\u00a0\u00bb][\/vc_column][\/vc_row][vc_row][vc_column width=\u00a0\u00bb3\/4&Prime;][vc_row_inner el_class=\u00a0\u00bbmore-detail-intro fix-row-bg\u00a0\u00bb][vc_column_inner el_class=\u00a0\u00bbmore-detail-intro fix-row-bg\u00a0\u00bb width=\u00a0\u00bb5\/6&Prime;][vc_empty_space height=\u00a0\u00bb12px\u00a0\u00bb][vc_custom_heading text=\u00a0\u00bbCOURS COMBIN\u00c9S POURLES \u00c9TUDIANTS, ET AUSSI OUVERTS\u00c0 LA SOCI\u00c9T\u00c9 CIVILE ITALIENNE\u00a0\u00bb font_container=\u00a0\u00bbtag:h2|text_align:left|color:%23f79d1c\u00a0\u00bb use_theme_fonts=\u00a0\u00bbyes\u00a0\u00bb][vc_empty_space height=\u00a0\u00bb12px\u00a0\u00bb][vc_column_text] . L&rsquo;atelier, propos\u00e9 dans le cadre du projet MUR Lien identifiant #identifier__21954-1Primed (Pr\u00e9vention et interaction dans l&rsquo;espace transm\u00e9diterran\u00e9en) et conserv\u00e9e par les professeurs Gervasio, Giorda et Borrillo, est [&hellip;]<\/p>\n","protected":false},"author":2,"featured_media":0,"parent":0,"menu_order":0,"comment_status":"closed","ping_status":"closed","template":"","meta":{"inline_featured_image":false,"footnotes":""},"yst_prominent_words":[1348,1971,574,480],"class_list":["post-9459","page","type-page","status-publish","hentry"],"yoast_head":"<!-- This site is optimized with the Yoast SEO Premium plugin v14.1 - https:\/\/yoast.com\/wordpress\/plugins\/seo\/ -->\n<title>COURS COMBIN\u00c9S POUR LES \u00c9TUDIANTS ET LA SOCI\u00c9T\u00c9 CIVILE ITALIENNE<\/title>\n<meta name=\"robots\" content=\"index, follow\" \/>\n<meta name=\"googlebot\" content=\"index, follow, max-snippet:-1, max-image-preview:large, max-video-preview:-1\" \/>\n<meta name=\"bingbot\" content=\"index, follow, max-snippet:-1, max-image-preview:large, max-video-preview:-1\" \/>\n<link rel=\"canonical\" href=\"https:\/\/primed-miur.it\/fr\/cours-combines-pour-les-etudiants-et-la-societe-civile-italienne\/\" \/>\n<meta property=\"og:locale\" content=\"fr_FR\" \/>\n<meta property=\"og:type\" content=\"article\" \/>\n<meta property=\"og:title\" content=\"COURS COMBIN\u00c9S POUR LES \u00c9TUDIANTS ET LA SOCI\u00c9T\u00c9 CIVILE ITALIENNE\" \/>\n<meta property=\"og:description\" content=\"[vc_row full_width=\u00a0\u00bbstretch_row_content_no_spaces\u00a0\u00bb css=\u00a0\u00bb.vc_custom_1568279189416{margin-top: -50px !important;}\u00a0\u00bb][vc_column][rev_slider_vc alias=\u00a0\u00bbCORSI-CONGIUNTI-2021-fr\u00a0\u00bb][\/vc_column][\/vc_row][vc_row][vc_column width=\u00a0\u00bb3\/4&Prime;][vc_row_inner el_class=\u00a0\u00bbmore-detail-intro fix-row-bg\u00a0\u00bb][vc_column_inner el_class=\u00a0\u00bbmore-detail-intro fix-row-bg\u00a0\u00bb width=\u00a0\u00bb5\/6&Prime;][vc_empty_space height=\u00a0\u00bb12px\u00a0\u00bb][vc_custom_heading text=\u00a0\u00bbCOURS COMBIN\u00c9S POURLES \u00c9TUDIANTS, ET AUSSI OUVERTS\u00c0 LA SOCI\u00c9T\u00c9 CIVILE ITALIENNE\u00a0\u00bb font_container=\u00a0\u00bbtag:h2|text_align:left|color:%23f79d1c\u00a0\u00bb use_theme_fonts=\u00a0\u00bbyes\u00a0\u00bb][vc_empty_space height=\u00a0\u00bb12px\u00a0\u00bb][vc_column_text] . L&rsquo;atelier, propos\u00e9 dans le cadre du projet MUR Lien identifiant #identifier__21954-1Primed (Pr\u00e9vention et interaction dans l&rsquo;espace transm\u00e9diterran\u00e9en) et conserv\u00e9e par les professeurs Gervasio, Giorda et Borrillo, est [&hellip;]\" \/>\n<meta property=\"og:url\" content=\"https:\/\/primed-miur.it\/fr\/cours-combines-pour-les-etudiants-et-la-societe-civile-italienne\/\" \/>\n<meta property=\"og:site_name\" content=\"PriMED\" \/>\n<meta property=\"article:publisher\" content=\"https:\/\/www.facebook.com\/fidr.primed\" \/>\n<meta property=\"article:modified_time\" content=\"2021-11-08T21:11:18+00:00\" \/>\n<meta property=\"og:image\" content=\"https:\/\/primed-miur.it\/wp-content\/uploads\/2021\/05\/civile2021.jpg\" \/>\n<meta name=\"twitter:card\" content=\"summary_large_image\" \/>\n<script type=\"application\/ld+json\" class=\"yoast-schema-graph\">{\"@context\":\"https:\/\/schema.org\",\"@graph\":[{\"@type\":\"Organization\",\"@id\":\"https:\/\/primed-miur.it\/fr\/#organization\",\"name\":\"PriMED\",\"url\":\"https:\/\/primed-miur.it\/fr\/\",\"sameAs\":[\"https:\/\/www.facebook.com\/fidr.primed\",\"https:\/\/instagram.com\/primed2019?igshid=1piy2qg58ea5g\"],\"logo\":{\"@type\":\"ImageObject\",\"@id\":\"https:\/\/primed-miur.it\/fr\/#logo\",\"inLanguage\":\"fr-FR\",\"url\":\"https:\/\/primed-miur.it\/wp-content\/uploads\/2017\/11\/testata-Header-PRIMED-1-2.png\",\"width\":876,\"height\":250,\"caption\":\"PriMED\"},\"image\":{\"@id\":\"https:\/\/primed-miur.it\/fr\/#logo\"}},{\"@type\":\"WebSite\",\"@id\":\"https:\/\/primed-miur.it\/fr\/#website\",\"url\":\"https:\/\/primed-miur.it\/fr\/\",\"name\":\"PriMED\",\"description\":\"PriMED - Prevenzione e interazione nello spazio Trans-Mediterraneo\",\"publisher\":{\"@id\":\"https:\/\/primed-miur.it\/fr\/#organization\"},\"potentialAction\":[{\"@type\":\"SearchAction\",\"target\":\"https:\/\/primed-miur.it\/fr\/?s={search_term_string}\",\"query-input\":\"required name=search_term_string\"}],\"inLanguage\":\"fr-FR\"},{\"@type\":\"ImageObject\",\"@id\":\"https:\/\/primed-miur.it\/fr\/cours-combines-pour-les-etudiants-et-la-societe-civile-italienne\/#primaryimage\",\"inLanguage\":\"fr-FR\",\"url\":\"https:\/\/primed-miur.it\/wp-content\/uploads\/2021\/04\/crop_thumb_Immagine_07c6a4ea-11d0-401e-bcef-923e9811e2b2.png.jpeg\",\"width\":800,\"height\":452},{\"@type\":\"WebPage\",\"@id\":\"https:\/\/primed-miur.it\/fr\/cours-combines-pour-les-etudiants-et-la-societe-civile-italienne\/#webpage\",\"url\":\"https:\/\/primed-miur.it\/fr\/cours-combines-pour-les-etudiants-et-la-societe-civile-italienne\/\",\"name\":\"COURS COMBIN\\u00c9S POUR LES \\u00c9TUDIANTS ET LA SOCI\\u00c9T\\u00c9 CIVILE ITALIENNE\",\"isPartOf\":{\"@id\":\"https:\/\/primed-miur.it\/fr\/#website\"},\"primaryImageOfPage\":{\"@id\":\"https:\/\/primed-miur.it\/fr\/cours-combines-pour-les-etudiants-et-la-societe-civile-italienne\/#primaryimage\"},\"datePublished\":\"2021-11-08T21:10:32+00:00\",\"dateModified\":\"2021-11-08T21:11:18+00:00\",\"inLanguage\":\"fr-FR\",\"potentialAction\":[{\"@type\":\"ReadAction\",\"target\":[\"https:\/\/primed-miur.it\/fr\/cours-combines-pour-les-etudiants-et-la-societe-civile-italienne\/\"]}]}]}<\/script>\n<!-- \/ Yoast SEO Premium plugin. -->","_links":{"self":[{"href":"https:\/\/primed-miur.it\/fr\/wp-json\/wp\/v2\/pages\/9459","targetHints":{"allow":["GET"]}}],"collection":[{"href":"https:\/\/primed-miur.it\/fr\/wp-json\/wp\/v2\/pages"}],"about":[{"href":"https:\/\/primed-miur.it\/fr\/wp-json\/wp\/v2\/types\/page"}],"author":[{"embeddable":true,"href":"https:\/\/primed-miur.it\/fr\/wp-json\/wp\/v2\/users\/2"}],"replies":[{"embeddable":true,"href":"https:\/\/primed-miur.it\/fr\/wp-json\/wp\/v2\/comments?post=9459"}],"version-history":[{"count":3,"href":"https:\/\/primed-miur.it\/fr\/wp-json\/wp\/v2\/pages\/9459\/revisions"}],"predecessor-version":[{"id":9721,"href":"https:\/\/primed-miur.it\/fr\/wp-json\/wp\/v2\/pages\/9459\/revisions\/9721"}],"wp:attachment":[{"href":"https:\/\/primed-miur.it\/fr\/wp-json\/wp\/v2\/media?parent=9459"}],"wp:term":[{"taxonomy":"yst_prominent_words","embeddable":true,"href":"https:\/\/primed-miur.it\/fr\/wp-json\/wp\/v2\/yst_prominent_words?post=9459"}],"curies":[{"name":"wp","href":"https:\/\/api.w.org\/{rel}","templated":true}]}}