{"id":9468,"date":"2021-11-08T22:45:13","date_gmt":"2021-11-08T21:45:13","guid":{"rendered":"https:\/\/primed-miur.it\/trans-med-fall-school\/"},"modified":"2021-11-08T22:46:03","modified_gmt":"2021-11-08T21:46:03","slug":"trans-med-fall-school","status":"publish","type":"page","link":"https:\/\/primed-miur.it\/fr\/trans-med-fall-school\/","title":{"rendered":"TRANS-MED FALL SCHOOL"},"content":{"rendered":"<section class=\"wpb-content-wrapper\"><p>[vc_row full_width=\u00a0\u00bbstretch_row_content_no_spaces\u00a0\u00bb css=\u00a0\u00bb.vc_custom_1567517133828{margin-top: -50px !important;}\u00a0\u00bb][vc_column css=\u00a0\u00bb.vc_custom_1567517041501{margin-top: 0px !important;}\u00a0\u00bb][rev_slider_vc alias=\u00a0\u00bbTRANS-MED\u00a0\u00bb][\/vc_column][\/vc_row][vc_row][vc_column width=\u00a0\u00bb3\/4&Prime; el_class=\u00a0\u00bbmore-detail-intro fix-row-bg\u00a0\u00bb][vc_single_image image=\u00a0\u00bb9022&Prime; img_size=\u00a0\u00bbfull\u00a0\u00bb alignment=\u00a0\u00bbcenter\u00a0\u00bb][vc_empty_space height=\u00a0\u00bb15px\u00a0\u00bb][vc_row_inner][vc_column_inner css=\u00a0\u00bb.vc_custom_1602271289947{padding-top: 10px !important;padding-left: 20px !important;background-color: #233255 !important;}\u00a0\u00bb][vc_custom_heading text=\u00a0\u00bb<b>TRANS-MED FALL SCHOOL: NOUVELLES NARRATIONS SUR LA DIVERSIT\u00c9<\/b>14-15-16 OTTOBER 2021&Prime; font_container=\u00a0\u00bbtag:h4|text_align:left|color:%23ffffff\u00a0\u00bb use_theme_fonts=\u00a0\u00bbyes\u00a0\u00bb link=\u00a0\u00bb|||\u00a0\u00bb][\/vc_column_inner][\/vc_row_inner][vc_column_text]<\/p>\n<h3><span style=\"color: #f79d1c;\">NOUVELLES NARRATIONS SUR LA DIVERSIT\u00c9<br \/>\n<\/span><\/h3>\n<p>[\/vc_column_text][vc_column_text]NOUVELLES NARRATIONS SUR LA DIVERSIT\u00c9<br \/>\nIl s&rsquo;agit de la premi\u00e8re \u00e9cole d&rsquo;automne de MECS &#8211; Master Expert en communication historique : multim\u00e9dia et langages num\u00e9riques, en collaboration avec le r\u00e9seau PriMED.<\/p>\n<p>Le cycle de s\u00e9minaires, en anglais, offre un cadre multidisciplinaire sur le th\u00e8me de la diversit\u00e9 dans la r\u00e9gion m\u00e9diterran\u00e9enne, avec une attention particuli\u00e8re \u00e0 la fa\u00e7on dont elle a \u00e9t\u00e9 et est exprim\u00e9e par les jeunes g\u00e9n\u00e9rations. Il fournit \u00e9galement des outils culturels et techniques pour raconter et communiquer la diversit\u00e9 linguistique, culturelle, sociale et religieuse.<\/p>\n<p>Avec l&rsquo;\u00e9cole d&rsquo;automne Trans-Med, vous allez acqu\u00e9rir des connaissances sur :<\/p>\n<p>&#8211; les cultures et les stratifications d&rsquo;un point de vue juridique, sociologique et anthropologique<br \/>\n&#8211; les processus d&rsquo;interaction culturelle en M\u00e9diterran\u00e9e<br \/>\n&#8211; les pratiques sociales, culturelles et artistiques<br \/>\n&#8211; les cultures, sous-cultures et cultures pop des jeunes<br \/>\n&#8211; les mani\u00e8res et les moyens de raconter la diversit\u00e9<br \/>\n&#8211; autorit\u00e9s institutionnelles et administratives : perspectives ascendantes et descendantes<\/p>\n<p>Traduit avec www.DeepL.com\/Translator (version gratuite)[\/vc_column_text][vc_empty_space height=\u00a0\u00bb15px\u00a0\u00bb][vc_custom_heading text=\u00a0\u00bbOBJECTIFS DU COURS\u00a0\u00bb font_container=\u00a0\u00bbtag:h3|text_align:left|color:%23ec9101&Prime; use_theme_fonts=\u00a0\u00bbyes\u00a0\u00bb][vc_column_text]La s\u00e9rie de s\u00e9minaires vise \u00e0 r\u00e9pondre \u00e0 la demande croissante sur la fa\u00e7on de raconter et de communiquer efficacement la complexit\u00e9 des questions li\u00e9es \u00e0 l&rsquo;histoire et aux histoires, \u00e0 la culture et aux cultures de la M\u00e9diterran\u00e9e.<\/p>\n<p><strong>Sp\u00e9cifiquement, les objectifs sont :<\/strong><\/p>\n<ul>\n<li>connaissance des g\u00e9ographies, cultures et histoires de la M\u00e9diterran\u00e9e \u00e0 travers quelques mots cl\u00e9s<\/li>\n<p>.<\/p>\n<li>acquisition de langages techniques multim\u00e9dia professionnels<\/li>\n<p>.<\/p>\n<li>Augmentation des comp\u00e9tences en communication pour la fondation d&rsquo;une culture m\u00e9diatique<\/li>\n<p>.<\/p>\n<li>acquisition de comp\u00e9tences pour le travail en \u00e9quipe<\/li>\n<p>.\n<\/ul>\n<p>.<\/p>\n<p>Traduit avec www.DeepL.com\/Translator (version gratuite)[\/vc_column_text][vc_empty_space height=\u00a0\u00bb15px\u00a0\u00bb][vc_custom_heading text=\u00a0\u00bbPLAN D&rsquo;\u00c9TUDE\u00a0\u00bb font_container=\u00a0\u00bbtag:h3|text_align:left|color:%23ec9101&Prime; use_theme_fonts=\u00a0\u00bbyes\u00a0\u00bb][vc_column_text]Le cours implique un engagement de <strong>150 heures<\/strong>, qui peuvent \u00eatre converties en UFC selon le secr\u00e9tariat de votre facult\u00e9, r\u00e9parties entre l&rsquo;apprentissage \u00e0 distance, les r\u00e9unions avec les tuteurs et le travail de projet final.[\/vc_column_text][vc_empty_space height=\u00a0\u00bb15px\u00a0\u00bb][vc_custom_heading text=\u00a0\u00bbCONF\u00c9RENCES ET ATELIERS\u00a0\u00bb font_container=\u00a0\u00bbtag:h3|text_align:left|color:%23ec9101&Prime; use_theme_fonts=\u00a0\u00bbyes\u00a0\u00bb][vc_column_text]<\/p>\n<div class=\"wm-item-content clearfix LESSONSANDWORKSHOPS\">\n<p>Les conf\u00e9rences auront lieu le <strong>jeudi 14 et vendredi 15, matin et apr\u00e8s-midi, et samedi 16, matin seulement<\/strong>.<\/p>\n<p>Les plans de cours d\u00e9taill\u00e9s, dispens\u00e9s par des experts et des professeurs, seront disponibles sur la plateforme Microsoft Teams pour les abonn\u00e9s.<\/p>\n<p>Les conf\u00e9rences seront enregistr\u00e9es et pourront \u00eatre visionn\u00e9es ult\u00e9rieurement.<\/p>\n<\/div>\n<p>Traduit avec www.DeepL.com\/Translator (version gratuite)<br \/>\n[\/vc_column_text][vc_empty_space height=\u00a0\u00bb15px\u00a0\u00bb][vc_custom_heading text=\u00a0\u00bbPROFESSEURS ET EXPERTS\u00a0\u00bb font_container=\u00a0\u00bbtag:h3|text_align:left|color:%23ec9101&Prime; use_theme_fonts=\u00a0\u00bbyes\u00a0\u00bb][vc_column_text]<strong>Iain Chambers<\/strong>, <i>University of Naples l &lsquo;Orientale<\/i><br \/>\n<strong>Giampaolo Conte<\/strong>, <i>Roma Tre University<\/i><br \/>\n<strong>Mimmo Cuticchio<\/strong>, <i>Storyteller &#8211; theatre actor and director<\/i><br \/>\n<strong>Alessandro Ferrari<\/strong>, <i>Insubria University &#8211; PriMED<\/i><br \/>\n<strong>Gennaro Gervasio<\/strong>,<i> Roma Tre University &#8211; PriMED<\/i><br \/>\n<strong>Mariachiara Giorda<\/strong><i>, Roma Tre University &#8211; PriMED<\/i><br \/>\n<strong>Massimo Giuseppetti<\/strong>, <i>Roma Tre University\u00a0<\/i><br \/>\n<strong>Roula Abi Habib Khoury<\/strong>, Saint-Joseph <i>University\u00a0<\/i><br \/>\n<strong>Amara Lakhous<\/strong>, <i>Journalist<\/i><br \/>\n<strong>Bryan McCormack<\/strong>, <i>Artist <\/i>&#8211; <i>President <\/i><i>Yesterday-Today-Tomorrow (YTT) association\u00a0<\/i><br \/>\n<strong>Azzurra Meringolo<\/strong>, <i>Journalist<\/i><br \/>\n<strong>Manfredi Merluzzi<\/strong>, <i>Roma Tre University<\/i><br \/>\n<strong>Paola Perucchini<\/strong>, <i>Roma Tre University &#8211; PriMED<\/i><br \/>\n<strong>Vivianna Premazzi<\/strong>, <i>Sociologist and Social Entrepreneur<\/i><br \/>\n<strong>Gabriele Proglio<\/strong>, <i>University of Coimbra<\/i>[\/vc_column_text][vc_empty_space height=\u00a0\u00bb15px\u00a0\u00bb][vc_custom_heading text=\u00a0\u00bbCONSEIL SCIENTIFIQUE\u00a0\u00bb font_container=\u00a0\u00bbtag:h3|text_align:left|color:%23ec9101&Prime; use_theme_fonts=\u00a0\u00bbyes\u00a0\u00bb][vc_column_text]<strong>Manfredi Merluzzi<\/strong>, <i>Roma Tre University<\/i><br \/>\n<strong>Gennaro Gervasio<\/strong>,<i> Roma Tre University &#8211; PriMED<\/i><br \/>\n<strong>Mariachiara Giorda<\/strong><i>, Roma Tre University &#8211; PriMED<\/i><br \/>\n<strong>Paola Perucchini<\/strong>, <i>Roma Tre University &#8211; PriMED<\/i>[\/vc_column_text][vc_empty_space height=\u00a0\u00bb15px\u00a0\u00bb][vc_custom_heading text=\u00a0\u00bbAPPLICATION\u00a0\u00bb font_container=\u00a0\u00bbtag:h3|text_align:left|color:%23ec9101&Prime; use_theme_fonts=\u00a0\u00bbyes\u00a0\u00bb][vc_column_text]- L&rsquo;\u00e9cole d&rsquo;automne <strong>est gratuite<\/strong>.<br \/>\n&#8211; Les cours se d\u00e9rouleront en anglais sur la plateforme Microsoft Teams.<br \/>\n&#8211; Aucune reconnaissance de comp\u00e9tences ant\u00e9rieures et aucune condition pr\u00e9alable particuli\u00e8re ne sont requises.<br \/>\n&#8211; Pour obtenir le <strong>certificat<\/strong>, l&rsquo;\u00e9tudiant doit avoir assist\u00e9 \u00e0 au moins deux tiers des cours et r\u00e9alis\u00e9 le travail de projet final.<br \/>\n&#8211; Entre 10 et 100 \u00e9tudiants seront admis.<br \/>\n<strong>Pour participer<\/strong>, envoyez, au plus tard <strong>le 03 octobre 2021<\/strong>, un court Curriculum Vitae et une lettre de motivation (max. 500 mots) \u00e0 <a href=\"mailto:primed@uniroma3.it\">primed@uniroma3.it<\/a>.<br \/>\nPour plus d&rsquo;informations sur la TransMed Fall School, visitez <strong><a href=\"https:\/\/studiumanistici.uniroma3.it\/didattica\/post-lauream\/transmed\/\">https:\/\/studiumanistici.uniroma3.it<\/a><\/strong>.[\/vc_column_text][\/vc_column][vc_column width=\u00a0\u00bb1\/4&Prime;][vc_widget_sidebar sidebar_id=\u00a0\u00bbblog-sidebar\u00a0\u00bb][\/vc_column][\/vc_row]<\/p>\n<\/section>","protected":false},"excerpt":{"rendered":"<p>[vc_row full_width=\u00a0\u00bbstretch_row_content_no_spaces\u00a0\u00bb css=\u00a0\u00bb.vc_custom_1567517133828{margin-top: -50px !important;}\u00a0\u00bb][vc_column css=\u00a0\u00bb.vc_custom_1567517041501{margin-top: 0px !important;}\u00a0\u00bb][rev_slider_vc alias=\u00a0\u00bbTRANS-MED\u00a0\u00bb][\/vc_column][\/vc_row][vc_row][vc_column width=\u00a0\u00bb3\/4&Prime; el_class=\u00a0\u00bbmore-detail-intro fix-row-bg\u00a0\u00bb][vc_single_image image=\u00a0\u00bb9022&Prime; img_size=\u00a0\u00bbfull\u00a0\u00bb alignment=\u00a0\u00bbcenter\u00a0\u00bb][vc_empty_space height=\u00a0\u00bb15px\u00a0\u00bb][vc_row_inner][vc_column_inner css=\u00a0\u00bb.vc_custom_1602271289947{padding-top: 10px !important;padding-left: 20px !important;background-color: #233255 !important;}\u00a0\u00bb][vc_custom_heading text=\u00a0\u00bbTRANS-MED FALL SCHOOL: NOUVELLES NARRATIONS SUR LA DIVERSIT\u00c914-15-16 OTTOBER 2021&Prime; font_container=\u00a0\u00bbtag:h4|text_align:left|color:%23ffffff\u00a0\u00bb use_theme_fonts=\u00a0\u00bbyes\u00a0\u00bb link=\u00a0\u00bb|||\u00a0\u00bb][\/vc_column_inner][\/vc_row_inner][vc_column_text] NOUVELLES NARRATIONS SUR LA DIVERSIT\u00c9 [\/vc_column_text][vc_column_text]NOUVELLES NARRATIONS SUR LA DIVERSIT\u00c9 Il s&rsquo;agit de la premi\u00e8re \u00e9cole d&rsquo;automne de MECS [&hellip;]<\/p>\n","protected":false},"author":2,"featured_media":0,"parent":0,"menu_order":0,"comment_status":"closed","ping_status":"closed","template":"","meta":{"inline_featured_image":false,"footnotes":""},"yst_prominent_words":[],"class_list":["post-9468","page","type-page","status-publish","hentry"],"yoast_head":"<!-- This site is optimized with the Yoast SEO Premium plugin v14.1 - https:\/\/yoast.com\/wordpress\/plugins\/seo\/ -->\n<title>TRANS-MED FALL SCHOOL<\/title>\n<meta name=\"robots\" content=\"index, follow\" \/>\n<meta name=\"googlebot\" content=\"index, follow, max-snippet:-1, max-image-preview:large, max-video-preview:-1\" \/>\n<meta name=\"bingbot\" content=\"index, follow, max-snippet:-1, max-image-preview:large, max-video-preview:-1\" \/>\n<link rel=\"canonical\" href=\"https:\/\/primed-miur.it\/fr\/trans-med-fall-school\/\" \/>\n<meta property=\"og:locale\" content=\"fr_FR\" \/>\n<meta property=\"og:type\" content=\"article\" \/>\n<meta property=\"og:title\" content=\"TRANS-MED FALL SCHOOL\" \/>\n<meta property=\"og:description\" content=\"[vc_row full_width=\u00a0\u00bbstretch_row_content_no_spaces\u00a0\u00bb css=\u00a0\u00bb.vc_custom_1567517133828{margin-top: -50px !important;}\u00a0\u00bb][vc_column css=\u00a0\u00bb.vc_custom_1567517041501{margin-top: 0px !important;}\u00a0\u00bb][rev_slider_vc alias=\u00a0\u00bbTRANS-MED\u00a0\u00bb][\/vc_column][\/vc_row][vc_row][vc_column width=\u00a0\u00bb3\/4&Prime; el_class=\u00a0\u00bbmore-detail-intro fix-row-bg\u00a0\u00bb][vc_single_image image=\u00a0\u00bb9022&Prime; img_size=\u00a0\u00bbfull\u00a0\u00bb alignment=\u00a0\u00bbcenter\u00a0\u00bb][vc_empty_space height=\u00a0\u00bb15px\u00a0\u00bb][vc_row_inner][vc_column_inner css=\u00a0\u00bb.vc_custom_1602271289947{padding-top: 10px !important;padding-left: 20px !important;background-color: #233255 !important;}\u00a0\u00bb][vc_custom_heading text=\u00a0\u00bbTRANS-MED FALL SCHOOL: NOUVELLES NARRATIONS SUR LA DIVERSIT\u00c914-15-16 OTTOBER 2021&Prime; font_container=\u00a0\u00bbtag:h4|text_align:left|color:%23ffffff\u00a0\u00bb use_theme_fonts=\u00a0\u00bbyes\u00a0\u00bb link=\u00a0\u00bb|||\u00a0\u00bb][\/vc_column_inner][\/vc_row_inner][vc_column_text] NOUVELLES NARRATIONS SUR LA DIVERSIT\u00c9 [\/vc_column_text][vc_column_text]NOUVELLES NARRATIONS SUR LA DIVERSIT\u00c9 Il s&rsquo;agit de la premi\u00e8re \u00e9cole d&rsquo;automne de MECS [&hellip;]\" \/>\n<meta property=\"og:url\" content=\"https:\/\/primed-miur.it\/fr\/trans-med-fall-school\/\" \/>\n<meta property=\"og:site_name\" content=\"PriMED\" \/>\n<meta property=\"article:publisher\" content=\"https:\/\/www.facebook.com\/fidr.primed\" \/>\n<meta property=\"article:modified_time\" content=\"2021-11-08T21:46:03+00:00\" \/>\n<meta property=\"og:image\" content=\"https:\/\/primed-miur.it\/wp-content\/uploads\/2017\/11\/logo_video_primed.png\" \/>\n\t<meta property=\"og:image:width\" content=\"300\" \/>\n\t<meta property=\"og:image:height\" content=\"188\" \/>\n<meta name=\"twitter:card\" content=\"summary_large_image\" \/>\n<script type=\"application\/ld+json\" class=\"yoast-schema-graph\">{\"@context\":\"https:\/\/schema.org\",\"@graph\":[{\"@type\":\"Organization\",\"@id\":\"https:\/\/primed-miur.it\/fr\/#organization\",\"name\":\"PriMED\",\"url\":\"https:\/\/primed-miur.it\/fr\/\",\"sameAs\":[\"https:\/\/www.facebook.com\/fidr.primed\",\"https:\/\/instagram.com\/primed2019?igshid=1piy2qg58ea5g\"],\"logo\":{\"@type\":\"ImageObject\",\"@id\":\"https:\/\/primed-miur.it\/fr\/#logo\",\"inLanguage\":\"fr-FR\",\"url\":\"https:\/\/primed-miur.it\/wp-content\/uploads\/2017\/11\/testata-Header-PRIMED-1-2.png\",\"width\":876,\"height\":250,\"caption\":\"PriMED\"},\"image\":{\"@id\":\"https:\/\/primed-miur.it\/fr\/#logo\"}},{\"@type\":\"WebSite\",\"@id\":\"https:\/\/primed-miur.it\/fr\/#website\",\"url\":\"https:\/\/primed-miur.it\/fr\/\",\"name\":\"PriMED\",\"description\":\"PriMED - Prevenzione e interazione nello spazio Trans-Mediterraneo\",\"publisher\":{\"@id\":\"https:\/\/primed-miur.it\/fr\/#organization\"},\"potentialAction\":[{\"@type\":\"SearchAction\",\"target\":\"https:\/\/primed-miur.it\/fr\/?s={search_term_string}\",\"query-input\":\"required name=search_term_string\"}],\"inLanguage\":\"fr-FR\"},{\"@type\":\"WebPage\",\"@id\":\"https:\/\/primed-miur.it\/fr\/trans-med-fall-school\/#webpage\",\"url\":\"https:\/\/primed-miur.it\/fr\/trans-med-fall-school\/\",\"name\":\"TRANS-MED FALL SCHOOL\",\"isPartOf\":{\"@id\":\"https:\/\/primed-miur.it\/fr\/#website\"},\"datePublished\":\"2021-11-08T21:45:13+00:00\",\"dateModified\":\"2021-11-08T21:46:03+00:00\",\"inLanguage\":\"fr-FR\",\"potentialAction\":[{\"@type\":\"ReadAction\",\"target\":[\"https:\/\/primed-miur.it\/fr\/trans-med-fall-school\/\"]}]}]}<\/script>\n<!-- \/ Yoast SEO Premium plugin. -->","_links":{"self":[{"href":"https:\/\/primed-miur.it\/fr\/wp-json\/wp\/v2\/pages\/9468","targetHints":{"allow":["GET"]}}],"collection":[{"href":"https:\/\/primed-miur.it\/fr\/wp-json\/wp\/v2\/pages"}],"about":[{"href":"https:\/\/primed-miur.it\/fr\/wp-json\/wp\/v2\/types\/page"}],"author":[{"embeddable":true,"href":"https:\/\/primed-miur.it\/fr\/wp-json\/wp\/v2\/users\/2"}],"replies":[{"embeddable":true,"href":"https:\/\/primed-miur.it\/fr\/wp-json\/wp\/v2\/comments?post=9468"}],"version-history":[{"count":2,"href":"https:\/\/primed-miur.it\/fr\/wp-json\/wp\/v2\/pages\/9468\/revisions"}],"predecessor-version":[{"id":9470,"href":"https:\/\/primed-miur.it\/fr\/wp-json\/wp\/v2\/pages\/9468\/revisions\/9470"}],"wp:attachment":[{"href":"https:\/\/primed-miur.it\/fr\/wp-json\/wp\/v2\/media?parent=9468"}],"wp:term":[{"taxonomy":"yst_prominent_words","embeddable":true,"href":"https:\/\/primed-miur.it\/fr\/wp-json\/wp\/v2\/yst_prominent_words?post=9468"}],"curies":[{"name":"wp","href":"https:\/\/api.w.org\/{rel}","templated":true}]}}