{"id":9471,"date":"2021-11-08T22:58:42","date_gmt":"2021-11-08T21:58:42","guid":{"rendered":"https:\/\/primed-miur.it\/cours-de-formation-avancee-pour-les-dirigeants-scolaires-et-les-enseignantsv\/"},"modified":"2021-11-08T23:29:02","modified_gmt":"2021-11-08T22:29:02","slug":"cours-de-formation-avancee-pour-les-dirigeants-scolaires-et-les-enseignantsv","status":"publish","type":"page","link":"https:\/\/primed-miur.it\/fr\/cours-de-formation-avancee-pour-les-dirigeants-scolaires-et-les-enseignantsv\/","title":{"rendered":"COURS DE FORMATION AVANC\u00c9E POUR LES DIRIGEANTS SCOLAIRES ET LES ENSEIGNANTS"},"content":{"rendered":"<section class=\"wpb-content-wrapper\"><p>[vc_row full_width=\u00a0\u00bbstretch_row_content_no_spaces\u00a0\u00bb css=\u00a0\u00bb.vc_custom_1568037232861{margin-top: -50px !important;}\u00a0\u00bb][vc_column][rev_slider_vc alias=\u00a0\u00bbINSEGNANTI-2021-fr\u00a0\u00bb][\/vc_column][\/vc_row][vc_row][vc_column width=\u00a0\u00bb3\/4&Prime;][vc_row_inner disable_element=\u00a0\u00bbyes\u00a0\u00bb][vc_column_inner][vc_empty_space height=\u00a0\u00bb12px\u00a0\u00bb][vc_cta h2=\u00a0\u00bbCours en ligne pour dirigeants et enseignants\u00a0\u00bb el_width=\u00a0\u00bblg\u00a0\u00bb add_button=\u00a0\u00bbbottom\u00a0\u00bb btn_title=\u00a0\u00bbFormulaire d&rsquo;inscription\u00a0\u00bb btn_color=\u00a0\u00bbprimary\u00a0\u00bb btn_size=\u00a0\u00bbsm\u00a0\u00bb btn_align=\u00a0\u00bbcenter\u00a0\u00bb btn_i_icon_fontawesome=\u00a0\u00bbfa fa-file-pdf-o\u00a0\u00bb btn_add_icon=\u00a0\u00bbtrue\u00a0\u00bb btn_link=\u00a0\u00bburl:https%3A%2F%2FPRIMED-MIUR.IT%2Ffiles%2FPrimed_form_iscrizioni_ONLINE.pdf|target:%20_blank|\u00a0\u00bb]<\/p>\n<h4 style=\"text-align: center;\">L&rsquo;espace trans-m\u00e9diterran\u00e9en et le monde islamique :<br \/>\n\u00ab\u00a0l&rsquo;int\u00e9gration dans le contexte scolaire\u00a0\u00bb<\/h4>\n<h3 style=\"text-align: center;\"><span style=\"color: #47418a;\"><span style=\"color: #000000;\">Date limite de participation le<\/span> <\/span><\/h3>\n<h3 style=\"text-align: center;\"><span style=\"color: #223255;\"><em>22\/12\/2019<\/em><\/span><\/h3>\n<h4 style=\"text-align: center;\">L&rsquo;Universit\u00e9 catholique de Milan<\/h4>\n<p>[\/vc_cta][\/vc_column_inner][\/vc_row_inner][vc_row_inner][vc_column_inner width=\u00a0\u00bb5\/6&Prime;][vc_empty_space height=\u00a0\u00bb12px\u00a0\u00bb][vc_custom_heading text=\u00a0\u00bbCours de formation avanc\u00e9e pour\u00a0\u00bb font_container=\u00a0\u00bbtag:h2|text_align:left|color:%23f79d1c\u00a0\u00bb use_theme_fonts=\u00a0\u00bbyes\u00a0\u00bb][vc_custom_heading text=\u00a0\u00bb<strong>Directeurs d&rsquo;\u00e9cole et enseignants<\/strong> deuxi\u00e8me \u00e9dition\u00a0\u00bb font_container=\u00a0\u00bbtag:h1|text_align:left|color:%23233255&Prime; use_theme_fonts=\u00a0\u00bbyes\u00a0\u00bb][\/vc_column_inner][vc_column_inner width=\u00a0\u00bb1\/6&Prime;][\/vc_column_inner][\/vc_row_inner][vc_column_text]<\/p>\n<div class=\"page\" title=\"Page 1\">\n<div class=\"layoutArea\">\n<div class=\"column\">\n<h3><a href=\"https:\/\/centridiricerca.unicatt.it\/relazioni-interculturali-corsi-ed-eventi-corso-di-alta-formazione-per-dirigenti-e-insegnanti-lo-spazio-trans-mediterraneo#content\" target=\"_blank\" rel=\"noopener noreferrer\"><span style=\"color: #233255;\"><strong>COURs I<\/strong><\/span><\/a><\/h3>\n<p><strong><span style=\"color: #f79d1c;\">L&rsquo;ESPACE TRANS-M\u00c9DITERRAN\u00c9EN ET LE MONDE ISLAMIQUE:<br \/>\n\u00ab\u00a0L&rsquo;INT\u00c9GRATION DANS LE CONTEXTE SCOLAIRE\u201d<br \/>\n<\/span><\/strong><\/p>\n<p>Universit\u00e9 catholique du Sacr\u00e9-C\u0153ur de Milan<\/p>\n<\/div>\n<\/div>\n<\/div>\n<p>[\/vc_column_text][vc_row_inner content_placement=\u00a0\u00bbmiddle\u00a0\u00bb css=\u00a0\u00bb.vc_custom_1615133492853{padding-top: 15px !important;background-color: #233255 !important;}\u00a0\u00bb][vc_column_inner][vc_custom_heading text=\u00a0\u00bbLe cours vise \u00e0 fournir des comp\u00e9tences interculturelles aux gestionnaires et aux enseignants, en mettant l&rsquo;accent sur les pratiques sociales et \u00e9ducatives quotidiennes dans les \u00e9coles. Des outils d&rsquo;interpr\u00e9tation seront fournis pour analyser et comprendre les aspects culturels, religieux, p\u00e9dagogiques et didactiques et pour pr\u00e9parer des parcours d&rsquo;\u00e9ducation interculturelle, notamment en ce qui concerne la diversit\u00e9 religieuse.\u00a0\u00bb font_container=\u00a0\u00bbtag:h4|text_align:justify|color:%23ffffff\u00a0\u00bb use_theme_fonts=\u00a0\u00bbyes\u00a0\u00bb link=\u00a0\u00bburl:https%3A%2F%2Fprimed-miur.it%2Flo-spazio-trans-mediterraneo-e-il-mondo-islamico%2F|title:L%27ESPACE%20TRANS-M%C3%89DITERRAN%C3%89EN%20ET%20LE%20MONDE%20ISLAMIQUE|\u00a0\u00bb][vc_btn title=\u00a0\u00bbLIRE PLUS\u00a0\u00bb style=\u00a0\u00bbflat\u00a0\u00bb shape=\u00a0\u00bbsquare\u00a0\u00bb color=\u00a0\u00bbprimary\u00a0\u00bb size=\u00a0\u00bbsm\u00a0\u00bb i_icon_fontawesome=\u00a0\u00bbfa fa-caret-right\u00a0\u00bb add_icon=\u00a0\u00bbtrue\u00a0\u00bb link=\u00a0\u00bburl:https%3A%2F%2Fprimed-miur.it%2Fcorso-di-alta-formazione-per-dirigenti-scolastici-e-insegnanti-seconda-edizione-cattolica-del-sacro-cuore-di-milano%2F|\u00a0\u00bb css=\u00a0\u00bb.vc_custom_1620423272379{margin-right: 15px !important;}\u00a0\u00bb][\/vc_column_inner][\/vc_row_inner][vc_row_inner][vc_column_inner width=\u00a0\u00bb5\/6&Prime;][vc_empty_space height=\u00a0\u00bb24px\u00a0\u00bb][vc_column_text]<\/p>\n<div class=\"page\" title=\"Page 1\">\n<div class=\"layoutArea\">\n<h3 class=\"column\"><span style=\"color: #233255;\"><strong>COURS II<\/strong><\/span><\/h3>\n<p><strong><span style=\"color: #f79d1c;\">LO SPAZIO TRANS-MEDITERRANEO E IL MONDO ISLAMICO:<br \/>\n\u00ab\u00a0INT\u00c9GRATION DANS LES ESPACES PUBLICS\u201d<\/span><\/strong><\/p>\n<p>Universit\u00e9 de Rome TRE &#8211; Universit\u00e9 OCI<\/p>\n<\/div>\n<\/div>\n<p>[\/vc_column_text][\/vc_column_inner][vc_column_inner width=\u00a0\u00bb1\/6&Prime;][\/vc_column_inner][\/vc_row_inner][vc_row_inner content_placement=\u00a0\u00bbmiddle\u00a0\u00bb css=\u00a0\u00bb.vc_custom_1615133492853{padding-top: 15px !important;background-color: #233255 !important;}\u00a0\u00bb][vc_column_inner][vc_custom_heading text=\u00a0\u00bb<b>D\u00e9lai d&rsquo;inscription : 26\/07\/2021<\/b>.\u00a0\u00bb font_container=\u00a0\u00bbtag:p|text_align:left|color:%23f79d1c\u00a0\u00bb use_theme_fonts=\u00a0\u00bbyes\u00a0\u00bb link=\u00a0\u00bburl:https%3A%2F%2Fwww.uniroma3.it%2Fcorsi-post-lauream%2F2020-2021%2Fprimed-lo-spazio-trans-mediterraneo-e-il-mondo-islamico-lintegrazione-negli-spazi-pubblici-1001%2F%3Ffbclid%3DIwAR0Ym_1cugXKkez0OjiBU-KPM6qJjgKPTGyuFllCJmTM3eq2q4ot6jsckTI|target:%20_blank|\u00a0\u00bb][vc_custom_heading text=\u00a0\u00bbLe cours de formation avanc\u00e9e <b>(17 septembre &#8211; 5 novembre 2021)<\/b> vise \u00e0 r\u00e9pondre \u00e0 la demande croissante de formation sur les questions et les probl\u00e8mes qui se posent en raison des flux d&rsquo;immigration, en particulier ceux provenant du monde islamique, et exigent des gestionnaires et des enseignants de mettre en \u0153uvre des interventions d&rsquo;accueil, d&rsquo;inclusion et de pr\u00e9vention du malaise envers les \u00e9tudiants \u00e9trangers et leurs familles.\u00a0\u00bb font_container=\u00a0\u00bbtag:h4|text_align:justify|color:%23ffffff\u00a0\u00bb use_theme_fonts=\u00a0\u00bbyes\u00a0\u00bb link=\u00a0\u00bburl:https%3A%2F%2Fprimed-miur.it%2Flo-spazio-trans-mediterraneo-e-il-mondo-islamico%2F|title:L%27ESPACE%20TRANS-M%C3%89DITERRAN%C3%89EN%20ET%20LE%20MONDE%20ISLAMIQUE|\u00a0\u00bb][vc_btn title=\u00a0\u00bbFORMULAIRE D&rsquo;INSCRIPTION\u00a0\u00bb style=\u00a0\u00bbflat\u00a0\u00bb shape=\u00a0\u00bbsquare\u00a0\u00bb color=\u00a0\u00bbprimary\u00a0\u00bb size=\u00a0\u00bbsm\u00a0\u00bb i_icon_fontawesome=\u00a0\u00bbfa fa-link\u00a0\u00bb add_icon=\u00a0\u00bbtrue\u00a0\u00bb link=\u00a0\u00bburl:https%3A%2F%2Fwww.uniroma3.it%2Fcorsi-post-lauream%2F2020-2021%2Fprimed-lo-spazio-trans-mediterraneo-e-il-mondo-islamico-lintegrazione-nel-contesto-scolastico-1002%2F%3Ffbclid%3DIwAR0u6F6-2mrkRZH8p8ql6Cr7jo17KngpSOo0eWMXEbT_HYR9vZdVW0V-aFs|target:%20_blank|\u00a0\u00bb css=\u00a0\u00bb.vc_custom_1623678576468{margin-right: 15px !important;}\u00a0\u00bb][vc_btn title=\u00a0\u00bbLIRE PLUS\u00a0\u00bb style=\u00a0\u00bbflat\u00a0\u00bb shape=\u00a0\u00bbsquare\u00a0\u00bb color=\u00a0\u00bbprimary\u00a0\u00bb size=\u00a0\u00bbsm\u00a0\u00bb i_icon_fontawesome=\u00a0\u00bbfa fa-caret-right\u00a0\u00bb add_icon=\u00a0\u00bbtrue\u00a0\u00bb link=\u00a0\u00bburl:https%3A%2F%2Fprimed-miur.it%2Fcorso-di-alta-formazione-per-dirigenti-scolastici-e-insegnanti-edizione-2021-roma-tre%2F|\u00a0\u00bb css=\u00a0\u00bb.vc_custom_1620423286320{margin-right: 15px !important;}\u00a0\u00bb][\/vc_column_inner][\/vc_row_inner][vc_row_inner][vc_column_inner][vc_empty_space][vc_custom_heading text=\u00a0\u00bb<b>OBJECTIFS<\/b>\u00a0\u00bb font_container=\u00a0\u00bbtag:h3|text_align:left|color:%23f79d1c\u00a0\u00bb use_theme_fonts=\u00a0\u00bbyes\u00a0\u00bb link=\u00a0\u00bb|||\u00a0\u00bb][vc_column_text]<\/p>\n<div class=\"page\" title=\"Page 1\">\n<div class=\"section\">\n<div class=\"layoutArea\">\n<div class=\"column\">\n<p style=\"text-align: justify;\">Le cours d&rsquo;enseignement sup\u00e9rieur vise \u00e0 se concentrer sur les faits et les d\u00e9fis religieux du monde moderne, avec une attention particuli\u00e8re aux pratiques quotidiennes dans les espaces publics tels que les \u00e9coles. L&rsquo;objectif est de fournir les outils pour analyser et comprendre les aspects culturels, religieux, p\u00e9dagogiques et didactiques et pour mettre en place des parcours \u00e9ducatifs interculturels, en particulier li\u00e9s \u00e0 la diversit\u00e9 religieuse et aux contextes \u00e9ducatifs qui permettent, d&rsquo;une part, l&rsquo;inclusion des \u00e9l\u00e8ves \u00e9trangers et, d&rsquo;autre part, la diffusion d&rsquo;attitudes d&rsquo;accueil parmi les Italiens, en consid\u00e9rant \u00e9galement les difficult\u00e9s cognitives et psychophysiques qui peuvent \u00eatre pr\u00e9sentes chez les \u00e9l\u00e8ves \u00e9trangers ayant des besoins \u00e9ducatifs sp\u00e9ciaux, ce qui peut constituer un facteur de risque suppl\u00e9mentaire de marginalisation et d&rsquo;exclusion sociale.<\/p>\n<p style=\"text-align: justify;\">Une attention particuli\u00e8re sera accord\u00e9e \u00e0 l&rsquo;Islam, aux st\u00e9r\u00e9otypes qui lui sont li\u00e9s, \u00e0 ses repr\u00e9sentations et \u00e0 ses formes de communication, afin d&rsquo;analyser comment la religion islamique est v\u00e9cue dans l&rsquo;espace scolaire, en consid\u00e9rant \u00e9galement les risques de radicalisation violente g\u00e9n\u00e9r\u00e9s par l&rsquo;exclusion et la marginalisation dans le contexte scolaire et dans le groupe classe. Une connaissance approfondie et critique de cette religion est utile pour faire du contexte scolaire un environnement de connaissance et de relations avec les \u00e9l\u00e8ves et les familles.<\/p>\n<\/div>\n<\/div>\n<\/div>\n<\/div>\n<p>[\/vc_column_text][\/vc_column_inner][\/vc_row_inner][vc_row_inner][vc_column_inner][vc_empty_space][vc_custom_heading text=\u00a0\u00bb<b>INUGURATION<\/b>\u00a0\u00bb font_container=\u00a0\u00bbtag:h3|text_align:left|color:%23f79d1c\u00a0\u00bb use_theme_fonts=\u00a0\u00bbyes\u00a0\u00bb link=\u00a0\u00bb|||\u00a0\u00bb][vc_column_text]Les cours de formation avanc\u00e9e PriMED \u00ab\u00a0L&rsquo;espace transm\u00e9diterran\u00e9en et le monde islamique\u00a0\u00bb, organis\u00e9s par le d\u00e9partement des \u00e9tudes humanistes et le d\u00e9partement des sciences de l&rsquo;\u00e9ducation de l&rsquo;universit\u00e9 de Roma Tre, commencent.<br \/>\nUn \u00e9v\u00e9nement inaugural qui voit l&rsquo;intervention des diff\u00e9rentes \u00e2mes qui caract\u00e9risent les cours et les t\u00e9moignages d&rsquo;\u00e9minents repr\u00e9sentants religieux. L&rsquo;orateur invit\u00e9 sera Marco Ventura, auteur du livre \u00ab\u00a0La super-religione del mondo che verr\u00e0\u00a0\u00bb (La super-religion du monde \u00e0 venir).<\/p>\n<p><span style=\"color: #f79d1c;\"><strong>Programme<\/strong><\/span><br \/>\n<strong>15.00 : Ouverture et salutations institutionnelles<\/strong>.<br \/>\nManfredi Merluzzi, Universit\u00e9 RomaTre<br \/>\nMassimiliano Fiorucci, Universit\u00e9 RomaTre<br \/>\nPaola Perucchini, Universit\u00e9 RomaTre<br \/>\n<strong>15.20 : Pr\u00e9sentation du livre \u00ab\u00a0Dans les mains de Dieu. La super-religione del mondo che verr\u00e0\u00a0\u00bb (Dans les mains de Dieu. La super-religion du monde \u00e0 venir) par M. Ventura<\/strong>.<br \/>\nMaria Chiara Giorda,Universit\u00e9 RomaTre<br \/>\nGennaro Gervasio,Universit\u00e9 RomaTre<br \/>\n<strong>15h30 : Discours<\/strong>.<br \/>\nMarco Ventura, Universit\u00e9 de Sienne<br \/>\nRoberto Mazzola, Universit\u00e9 du Pi\u00e9mont oriental<br \/>\nAlessandro Saggioro, Universit\u00e9 La Sapienza<br \/>\nIrene Becci, Universit\u00e9 de Lausanne<br \/>\nSumaya Abdel Qader, municipalit\u00e9 de Milan<br \/>\nrupture<br \/>\n<strong>17.20 : T\u00e9moignages d&rsquo;autorit\u00e9s religieuses:<\/strong> Pallavicini Yahya, Coreis, Italie<br \/>\nPallavicini Yahya, Coreis<br \/>\nNadia Bouzekri, UCOII<br \/>\nMassimo Cozzolino, Conf\u00e9d\u00e9ration islamique italienne<br \/>\nAbdellah Redouane, Grande Mosqu\u00e9e de Rome<br \/>\n<strong>18.00 Pr\u00e9sentation des cours par Isabella De Paolis, Camilla Hautant, Larissa Raymundo<\/strong>.<\/p>\n<p><span style=\"color: #f79d1c;\">Tous les inscrits et toutes les personnes inscrites aux cours de formation avanc\u00e9e recevront les informations n\u00e9cessaires pour se connecter \u00e0 l&rsquo;\u00e9v\u00e9nement<\/span>.[\/vc_column_text][vc_single_image image=\u00a0\u00bb9000&Prime; img_size=\u00a0\u00bbfull\u00a0\u00bb alignment=\u00a0\u00bbcenter\u00a0\u00bb][vc_single_image image=\u00a0\u00bb9070&Prime; img_size=\u00a0\u00bbfull\u00a0\u00bb alignment=\u00a0\u00bbcenter\u00a0\u00bb][\/vc_column_inner][\/vc_row_inner][\/vc_column][vc_column width=\u00a0\u00bb1\/4&Prime;][vc_widget_sidebar sidebar_id=\u00a0\u00bbblog-sidebar\u00a0\u00bb][\/vc_column][\/vc_row]<\/p>\n<\/section>","protected":false},"excerpt":{"rendered":"<p>[vc_row full_width=\u00a0\u00bbstretch_row_content_no_spaces\u00a0\u00bb css=\u00a0\u00bb.vc_custom_1568037232861{margin-top: -50px !important;}\u00a0\u00bb][vc_column][rev_slider_vc alias=\u00a0\u00bbINSEGNANTI-2021-fr\u00a0\u00bb][\/vc_column][\/vc_row][vc_row][vc_column width=\u00a0\u00bb3\/4&Prime;][vc_row_inner disable_element=\u00a0\u00bbyes\u00a0\u00bb][vc_column_inner][vc_empty_space height=\u00a0\u00bb12px\u00a0\u00bb][vc_cta h2=\u00a0\u00bbCours en ligne pour dirigeants et enseignants\u00a0\u00bb el_width=\u00a0\u00bblg\u00a0\u00bb add_button=\u00a0\u00bbbottom\u00a0\u00bb btn_title=\u00a0\u00bbFormulaire d&rsquo;inscription\u00a0\u00bb btn_color=\u00a0\u00bbprimary\u00a0\u00bb btn_size=\u00a0\u00bbsm\u00a0\u00bb btn_align=\u00a0\u00bbcenter\u00a0\u00bb btn_i_icon_fontawesome=\u00a0\u00bbfa fa-file-pdf-o\u00a0\u00bb btn_add_icon=\u00a0\u00bbtrue\u00a0\u00bb btn_link=\u00a0\u00bburl:https%3A%2F%2FPRIMED-MIUR.IT%2Ffiles%2FPrimed_form_iscrizioni_ONLINE.pdf|target:%20_blank|\u00a0\u00bb] L&rsquo;espace trans-m\u00e9diterran\u00e9en et le monde islamique : \u00ab\u00a0l&rsquo;int\u00e9gration dans le contexte scolaire\u00a0\u00bb Date limite de participation le 22\/12\/2019 L&rsquo;Universit\u00e9 catholique de Milan [\/vc_cta][\/vc_column_inner][\/vc_row_inner][vc_row_inner][vc_column_inner width=\u00a0\u00bb5\/6&Prime;][vc_empty_space height=\u00a0\u00bb12px\u00a0\u00bb][vc_custom_heading text=\u00a0\u00bbCours de formation [&hellip;]<\/p>\n","protected":false},"author":2,"featured_media":0,"parent":0,"menu_order":0,"comment_status":"closed","ping_status":"closed","template":"","meta":{"inline_featured_image":false,"footnotes":""},"yst_prominent_words":[],"class_list":["post-9471","page","type-page","status-publish","hentry"],"yoast_head":"<!-- This site is optimized with the Yoast SEO Premium plugin v14.1 - https:\/\/yoast.com\/wordpress\/plugins\/seo\/ -->\n<title>COURS DE FORMATION AVANC\u00c9E POUR LES DIRIGEANTS SCOLAIRES ET LES ENSEIGNANTS<\/title>\n<meta name=\"robots\" content=\"index, follow\" \/>\n<meta name=\"googlebot\" content=\"index, follow, max-snippet:-1, max-image-preview:large, max-video-preview:-1\" \/>\n<meta name=\"bingbot\" content=\"index, follow, max-snippet:-1, max-image-preview:large, max-video-preview:-1\" \/>\n<link rel=\"canonical\" href=\"https:\/\/primed-miur.it\/fr\/cours-de-formation-avancee-pour-les-dirigeants-scolaires-et-les-enseignantsv\/\" \/>\n<meta property=\"og:locale\" content=\"fr_FR\" \/>\n<meta property=\"og:type\" content=\"article\" \/>\n<meta property=\"og:title\" content=\"COURS DE FORMATION AVANC\u00c9E POUR LES DIRIGEANTS SCOLAIRES ET LES ENSEIGNANTS\" \/>\n<meta property=\"og:description\" content=\"[vc_row full_width=\u00a0\u00bbstretch_row_content_no_spaces\u00a0\u00bb css=\u00a0\u00bb.vc_custom_1568037232861{margin-top: -50px !important;}\u00a0\u00bb][vc_column][rev_slider_vc alias=\u00a0\u00bbINSEGNANTI-2021-fr\u00a0\u00bb][\/vc_column][\/vc_row][vc_row][vc_column width=\u00a0\u00bb3\/4&Prime;][vc_row_inner disable_element=\u00a0\u00bbyes\u00a0\u00bb][vc_column_inner][vc_empty_space height=\u00a0\u00bb12px\u00a0\u00bb][vc_cta h2=\u00a0\u00bbCours en ligne pour dirigeants et enseignants\u00a0\u00bb el_width=\u00a0\u00bblg\u00a0\u00bb add_button=\u00a0\u00bbbottom\u00a0\u00bb btn_title=\u00a0\u00bbFormulaire d&rsquo;inscription\u00a0\u00bb btn_color=\u00a0\u00bbprimary\u00a0\u00bb btn_size=\u00a0\u00bbsm\u00a0\u00bb btn_align=\u00a0\u00bbcenter\u00a0\u00bb btn_i_icon_fontawesome=\u00a0\u00bbfa fa-file-pdf-o\u00a0\u00bb btn_add_icon=\u00a0\u00bbtrue\u00a0\u00bb btn_link=\u00a0\u00bburl:https%3A%2F%2FPRIMED-MIUR.IT%2Ffiles%2FPrimed_form_iscrizioni_ONLINE.pdf|target:%20_blank|\u00a0\u00bb] L&rsquo;espace trans-m\u00e9diterran\u00e9en et le monde islamique : \u00ab\u00a0l&rsquo;int\u00e9gration dans le contexte scolaire\u00a0\u00bb Date limite de participation le 22\/12\/2019 L&rsquo;Universit\u00e9 catholique de Milan [\/vc_cta][\/vc_column_inner][\/vc_row_inner][vc_row_inner][vc_column_inner width=\u00a0\u00bb5\/6&Prime;][vc_empty_space height=\u00a0\u00bb12px\u00a0\u00bb][vc_custom_heading text=\u00a0\u00bbCours de formation [&hellip;]\" \/>\n<meta property=\"og:url\" content=\"https:\/\/primed-miur.it\/fr\/cours-de-formation-avancee-pour-les-dirigeants-scolaires-et-les-enseignantsv\/\" \/>\n<meta property=\"og:site_name\" content=\"PriMED\" \/>\n<meta property=\"article:publisher\" content=\"https:\/\/www.facebook.com\/fidr.primed\" \/>\n<meta property=\"article:modified_time\" content=\"2021-11-08T22:29:02+00:00\" \/>\n<meta property=\"og:image\" content=\"https:\/\/primed-miur.it\/wp-content\/uploads\/2021\/05\/dirigenti2021.jpg\" \/>\n<meta name=\"twitter:card\" content=\"summary_large_image\" \/>\n<script type=\"application\/ld+json\" class=\"yoast-schema-graph\">{\"@context\":\"https:\/\/schema.org\",\"@graph\":[{\"@type\":\"Organization\",\"@id\":\"https:\/\/primed-miur.it\/fr\/#organization\",\"name\":\"PriMED\",\"url\":\"https:\/\/primed-miur.it\/fr\/\",\"sameAs\":[\"https:\/\/www.facebook.com\/fidr.primed\",\"https:\/\/instagram.com\/primed2019?igshid=1piy2qg58ea5g\"],\"logo\":{\"@type\":\"ImageObject\",\"@id\":\"https:\/\/primed-miur.it\/fr\/#logo\",\"inLanguage\":\"fr-FR\",\"url\":\"https:\/\/primed-miur.it\/wp-content\/uploads\/2017\/11\/testata-Header-PRIMED-1-2.png\",\"width\":876,\"height\":250,\"caption\":\"PriMED\"},\"image\":{\"@id\":\"https:\/\/primed-miur.it\/fr\/#logo\"}},{\"@type\":\"WebSite\",\"@id\":\"https:\/\/primed-miur.it\/fr\/#website\",\"url\":\"https:\/\/primed-miur.it\/fr\/\",\"name\":\"PriMED\",\"description\":\"PriMED - Prevenzione e interazione nello spazio Trans-Mediterraneo\",\"publisher\":{\"@id\":\"https:\/\/primed-miur.it\/fr\/#organization\"},\"potentialAction\":[{\"@type\":\"SearchAction\",\"target\":\"https:\/\/primed-miur.it\/fr\/?s={search_term_string}\",\"query-input\":\"required name=search_term_string\"}],\"inLanguage\":\"fr-FR\"},{\"@type\":\"WebPage\",\"@id\":\"https:\/\/primed-miur.it\/fr\/cours-de-formation-avancee-pour-les-dirigeants-scolaires-et-les-enseignantsv\/#webpage\",\"url\":\"https:\/\/primed-miur.it\/fr\/cours-de-formation-avancee-pour-les-dirigeants-scolaires-et-les-enseignantsv\/\",\"name\":\"COURS DE FORMATION AVANC\\u00c9E POUR LES DIRIGEANTS SCOLAIRES ET LES ENSEIGNANTS\",\"isPartOf\":{\"@id\":\"https:\/\/primed-miur.it\/fr\/#website\"},\"datePublished\":\"2021-11-08T21:58:42+00:00\",\"dateModified\":\"2021-11-08T22:29:02+00:00\",\"inLanguage\":\"fr-FR\",\"potentialAction\":[{\"@type\":\"ReadAction\",\"target\":[\"https:\/\/primed-miur.it\/fr\/cours-de-formation-avancee-pour-les-dirigeants-scolaires-et-les-enseignantsv\/\"]}]}]}<\/script>\n<!-- \/ Yoast SEO Premium plugin. -->","_links":{"self":[{"href":"https:\/\/primed-miur.it\/fr\/wp-json\/wp\/v2\/pages\/9471","targetHints":{"allow":["GET"]}}],"collection":[{"href":"https:\/\/primed-miur.it\/fr\/wp-json\/wp\/v2\/pages"}],"about":[{"href":"https:\/\/primed-miur.it\/fr\/wp-json\/wp\/v2\/types\/page"}],"author":[{"embeddable":true,"href":"https:\/\/primed-miur.it\/fr\/wp-json\/wp\/v2\/users\/2"}],"replies":[{"embeddable":true,"href":"https:\/\/primed-miur.it\/fr\/wp-json\/wp\/v2\/comments?post=9471"}],"version-history":[{"count":3,"href":"https:\/\/primed-miur.it\/fr\/wp-json\/wp\/v2\/pages\/9471\/revisions"}],"predecessor-version":[{"id":9477,"href":"https:\/\/primed-miur.it\/fr\/wp-json\/wp\/v2\/pages\/9471\/revisions\/9477"}],"wp:attachment":[{"href":"https:\/\/primed-miur.it\/fr\/wp-json\/wp\/v2\/media?parent=9471"}],"wp:term":[{"taxonomy":"yst_prominent_words","embeddable":true,"href":"https:\/\/primed-miur.it\/fr\/wp-json\/wp\/v2\/yst_prominent_words?post=9471"}],"curies":[{"name":"wp","href":"https:\/\/api.w.org\/{rel}","templated":true}]}}