{"id":9511,"date":"2021-11-09T14:15:05","date_gmt":"2021-11-09T13:15:05","guid":{"rendered":"https:\/\/primed-miur.it\/chef-de-file\/"},"modified":"2021-11-09T14:15:38","modified_gmt":"2021-11-09T13:15:38","slug":"chef-de-file","status":"publish","type":"page","link":"https:\/\/primed-miur.it\/fr\/chef-de-file\/","title":{"rendered":"CHEF DE FILE"},"content":{"rendered":"<section class=\"wpb-content-wrapper\"><p>[vc_row][vc_column width=\u00a0\u00bb3\/4&Prime;][vc_column_text css=\u00a0\u00bb.vc_custom_1568372435887{margin-bottom: 0px !important;}\u00a0\u00bb]<\/p>\n<div class=\"intro-box1 text-center\">\n<h2 class=\"title30 font-bold rale-font text-uppercase\" style=\"text-align: center;\"><span style=\"color: #f79d1c;\">CHEF DE FILE<\/span><\/h2>\n<\/div>\n<p>[\/vc_column_text][vc_empty_space height=\u00a0\u00bb12px\u00a0\u00bb][vc_single_image image=\u00a0\u00bb2247&Prime; img_size=\u00a0\u00bbmedium\u00a0\u00bb alignment=\u00a0\u00bbcenter\u00a0\u00bb onclick=\u00a0\u00bbcustom_link\u00a0\u00bb img_link_target=\u00a0\u00bb_blank\u00a0\u00bb link=\u00a0\u00bbhttps:%2F%2Fwww.uniupo.it%2F|\u00a0\u00bb][vc_column_text]<\/p>\n<div class=\"page\" title=\"Page 1\">\n<div class=\"section\">\n<div class=\"layoutArea\">\n<div class=\"column\">\n<p align=\"justify\">PriMED implique un r\u00e9seau compos\u00e9 de douze universit\u00e9s italiennes et de dix universit\u00e9s des pays de l&rsquo;OCI- Organisation de la Coop\u00e9ration Islamique, impliquant par la mobilit\u00e9 acad\u00e9mique et \u00e9tudiante, des professeurs d&rsquo;Italie et des pays de l&rsquo;OCI, afin de renforcer le r\u00f4le des universit\u00e9s italiennes dans le contexte de la recherche internationale et de la promotion de l&rsquo;enseignement sup\u00e9rieur italien.<br \/>\nLe chef de projet est L&rsquo;Universit\u00e9 du Pi\u00e9mont oriental \u00ab\u00a0Amedeo Avogadro\u00a0\u00bb (\u00e9galement connue sous le nom d&rsquo;UPO) est une universit\u00e9 d&rsquo;\u00c9tat italienne fond\u00e9e en 1998. Sa structure est tripolaire, puisque les activit\u00e9s d&rsquo;enseignement sont r\u00e9parties entre les villes d&rsquo;Alessandria, Novara et Vercelli. Certaines activit\u00e9s d&rsquo;enseignement sont \u00e9galement propos\u00e9es \u00e0 Alba, Asti, Biella, Fossano, Tortona et Verbania. L&rsquo;UPO a aujourd&rsquo;hui atteint une excellente position dans le classement national des universit\u00e9s ; la collaboration avec les communaut\u00e9s locales a \u00e9t\u00e9 d\u00e9cisive, dans laquelle elle est devenue un point de r\u00e9f\u00e9rence pour la production scientifique, le transfert de technologie, l&rsquo;enseignement et le d\u00e9bat culturel.<\/p>\n<\/div>\n<\/div>\n<div class=\"layoutArea\">\n<div class=\"column\"><\/div>\n<\/div>\n<\/div>\n<\/div>\n<p>[\/vc_column_text][vc_video link=\u00a0\u00bbhttps:\/\/youtu.be\/jUY3t9QCyK8&Prime; align=\u00a0\u00bbcenter\u00a0\u00bb][\/vc_column][vc_column width=\u00a0\u00bb1\/4&Prime;][vc_widget_sidebar sidebar_id=\u00a0\u00bbblog-sidebar\u00a0\u00bb][\/vc_column][\/vc_row]<\/p>\n<\/section>","protected":false},"excerpt":{"rendered":"<p>[vc_row][vc_column width=\u00a0\u00bb3\/4&Prime;][vc_column_text css=\u00a0\u00bb.vc_custom_1568372435887{margin-bottom: 0px !important;}\u00a0\u00bb] CHEF DE FILE [\/vc_column_text][vc_empty_space height=\u00a0\u00bb12px\u00a0\u00bb][vc_single_image image=\u00a0\u00bb2247&Prime; img_size=\u00a0\u00bbmedium\u00a0\u00bb alignment=\u00a0\u00bbcenter\u00a0\u00bb onclick=\u00a0\u00bbcustom_link\u00a0\u00bb img_link_target=\u00a0\u00bb_blank\u00a0\u00bb link=\u00a0\u00bbhttps:%2F%2Fwww.uniupo.it%2F|\u00a0\u00bb][vc_column_text] PriMED implique un r\u00e9seau compos\u00e9 de douze universit\u00e9s italiennes et de dix universit\u00e9s des pays de l&rsquo;OCI- Organisation de la Coop\u00e9ration Islamique, impliquant par la mobilit\u00e9 acad\u00e9mique et \u00e9tudiante, des professeurs d&rsquo;Italie et des pays de l&rsquo;OCI, afin de [&hellip;]<\/p>\n","protected":false},"author":2,"featured_media":0,"parent":0,"menu_order":0,"comment_status":"closed","ping_status":"closed","template":"","meta":{"inline_featured_image":false,"footnotes":""},"yst_prominent_words":[501,371,535,502,493,1971],"class_list":["post-9511","page","type-page","status-publish","hentry"],"yoast_head":"<!-- This site is optimized with the Yoast SEO Premium plugin v14.1 - https:\/\/yoast.com\/wordpress\/plugins\/seo\/ -->\n<title>CHEF DE FILE<\/title>\n<meta name=\"robots\" content=\"index, follow\" \/>\n<meta name=\"googlebot\" content=\"index, follow, max-snippet:-1, max-image-preview:large, max-video-preview:-1\" \/>\n<meta name=\"bingbot\" content=\"index, follow, max-snippet:-1, max-image-preview:large, max-video-preview:-1\" \/>\n<link rel=\"canonical\" href=\"https:\/\/primed-miur.it\/fr\/chef-de-file\/\" \/>\n<meta property=\"og:locale\" content=\"fr_FR\" \/>\n<meta property=\"og:type\" content=\"article\" \/>\n<meta property=\"og:title\" content=\"CHEF DE FILE\" \/>\n<meta property=\"og:description\" content=\"[vc_row][vc_column width=\u00a0\u00bb3\/4&Prime;][vc_column_text css=\u00a0\u00bb.vc_custom_1568372435887{margin-bottom: 0px !important;}\u00a0\u00bb] CHEF DE FILE [\/vc_column_text][vc_empty_space height=\u00a0\u00bb12px\u00a0\u00bb][vc_single_image image=\u00a0\u00bb2247&Prime; img_size=\u00a0\u00bbmedium\u00a0\u00bb alignment=\u00a0\u00bbcenter\u00a0\u00bb onclick=\u00a0\u00bbcustom_link\u00a0\u00bb img_link_target=\u00a0\u00bb_blank\u00a0\u00bb link=\u00a0\u00bbhttps:%2F%2Fwww.uniupo.it%2F|\u00a0\u00bb][vc_column_text] PriMED implique un r\u00e9seau compos\u00e9 de douze universit\u00e9s italiennes et de dix universit\u00e9s des pays de l&rsquo;OCI- Organisation de la Coop\u00e9ration Islamique, impliquant par la mobilit\u00e9 acad\u00e9mique et \u00e9tudiante, des professeurs d&rsquo;Italie et des pays de l&rsquo;OCI, afin de [&hellip;]\" \/>\n<meta property=\"og:url\" content=\"https:\/\/primed-miur.it\/fr\/chef-de-file\/\" \/>\n<meta property=\"og:site_name\" content=\"PriMED\" \/>\n<meta property=\"article:publisher\" content=\"https:\/\/www.facebook.com\/fidr.primed\" \/>\n<meta property=\"article:modified_time\" content=\"2021-11-09T13:15:38+00:00\" \/>\n<meta property=\"og:image\" content=\"https:\/\/primed-miur.it\/wp-content\/uploads\/2017\/11\/logo_video_primed.png\" \/>\n\t<meta property=\"og:image:width\" content=\"300\" \/>\n\t<meta property=\"og:image:height\" content=\"188\" \/>\n<meta name=\"twitter:card\" content=\"summary_large_image\" \/>\n<script type=\"application\/ld+json\" class=\"yoast-schema-graph\">{\"@context\":\"https:\/\/schema.org\",\"@graph\":[{\"@type\":\"Organization\",\"@id\":\"https:\/\/primed-miur.it\/fr\/#organization\",\"name\":\"PriMED\",\"url\":\"https:\/\/primed-miur.it\/fr\/\",\"sameAs\":[\"https:\/\/www.facebook.com\/fidr.primed\",\"https:\/\/instagram.com\/primed2019?igshid=1piy2qg58ea5g\"],\"logo\":{\"@type\":\"ImageObject\",\"@id\":\"https:\/\/primed-miur.it\/fr\/#logo\",\"inLanguage\":\"fr-FR\",\"url\":\"https:\/\/primed-miur.it\/wp-content\/uploads\/2017\/11\/testata-Header-PRIMED-1-2.png\",\"width\":876,\"height\":250,\"caption\":\"PriMED\"},\"image\":{\"@id\":\"https:\/\/primed-miur.it\/fr\/#logo\"}},{\"@type\":\"WebSite\",\"@id\":\"https:\/\/primed-miur.it\/fr\/#website\",\"url\":\"https:\/\/primed-miur.it\/fr\/\",\"name\":\"PriMED\",\"description\":\"PriMED - Prevenzione e interazione nello spazio Trans-Mediterraneo\",\"publisher\":{\"@id\":\"https:\/\/primed-miur.it\/fr\/#organization\"},\"potentialAction\":[{\"@type\":\"SearchAction\",\"target\":\"https:\/\/primed-miur.it\/fr\/?s={search_term_string}\",\"query-input\":\"required name=search_term_string\"}],\"inLanguage\":\"fr-FR\"},{\"@type\":\"WebPage\",\"@id\":\"https:\/\/primed-miur.it\/fr\/chef-de-file\/#webpage\",\"url\":\"https:\/\/primed-miur.it\/fr\/chef-de-file\/\",\"name\":\"CHEF DE FILE\",\"isPartOf\":{\"@id\":\"https:\/\/primed-miur.it\/fr\/#website\"},\"datePublished\":\"2021-11-09T13:15:05+00:00\",\"dateModified\":\"2021-11-09T13:15:38+00:00\",\"inLanguage\":\"fr-FR\",\"potentialAction\":[{\"@type\":\"ReadAction\",\"target\":[\"https:\/\/primed-miur.it\/fr\/chef-de-file\/\"]}]}]}<\/script>\n<!-- \/ Yoast SEO Premium plugin. -->","_links":{"self":[{"href":"https:\/\/primed-miur.it\/fr\/wp-json\/wp\/v2\/pages\/9511","targetHints":{"allow":["GET"]}}],"collection":[{"href":"https:\/\/primed-miur.it\/fr\/wp-json\/wp\/v2\/pages"}],"about":[{"href":"https:\/\/primed-miur.it\/fr\/wp-json\/wp\/v2\/types\/page"}],"author":[{"embeddable":true,"href":"https:\/\/primed-miur.it\/fr\/wp-json\/wp\/v2\/users\/2"}],"replies":[{"embeddable":true,"href":"https:\/\/primed-miur.it\/fr\/wp-json\/wp\/v2\/comments?post=9511"}],"version-history":[{"count":1,"href":"https:\/\/primed-miur.it\/fr\/wp-json\/wp\/v2\/pages\/9511\/revisions"}],"predecessor-version":[{"id":9512,"href":"https:\/\/primed-miur.it\/fr\/wp-json\/wp\/v2\/pages\/9511\/revisions\/9512"}],"wp:attachment":[{"href":"https:\/\/primed-miur.it\/fr\/wp-json\/wp\/v2\/media?parent=9511"}],"wp:term":[{"taxonomy":"yst_prominent_words","embeddable":true,"href":"https:\/\/primed-miur.it\/fr\/wp-json\/wp\/v2\/yst_prominent_words?post=9511"}],"curies":[{"name":"wp","href":"https:\/\/api.w.org\/{rel}","templated":true}]}}