{"id":9598,"date":"2021-11-09T21:13:15","date_gmt":"2021-11-09T20:13:15","guid":{"rendered":"https:\/\/primed-miur.it\/cours-de-formation-avancee-pour-les-professionnels-de-ladministration-publique\/"},"modified":"2021-11-09T21:13:33","modified_gmt":"2021-11-09T20:13:33","slug":"cours-de-formation-avancee-pour-les-professionnels-de-ladministration-publique","status":"publish","type":"page","link":"https:\/\/primed-miur.it\/fr\/cours-de-formation-avancee-pour-les-professionnels-de-ladministration-publique\/","title":{"rendered":"COURS DE FORMATION AVANC\u00c9E POUR LES PROFESSIONNELS DE L&rsquo;ADMINISTRATION PUBLIQUE"},"content":{"rendered":"<section class=\"wpb-content-wrapper\"><p>[vc_row full_width=\u00a0\u00bbstretch_row_content_no_spaces\u00a0\u00bb css=\u00a0\u00bb.vc_custom_1568037232861{margin-top: -50px !important;}\u00a0\u00bb][vc_column][rev_slider_vc alias=\u00a0\u00bbPUBBLICA-AMM-2021-fr\u00a0\u00bb][\/vc_column][\/vc_row][vc_row u_row_style=\u00a0\u00bb0&Prime; u_row_paralax=\u00a0\u00bb0&Prime; u_row_scheme=\u00a0\u00bb0&Prime; css=\u00a0\u00bb.vc_custom_1564252778379{margin-left: 30px !important;}\u00a0\u00bb][vc_column width=\u00a0\u00bb3\/4&Prime;][vc_empty_space height=\u00a0\u00bb12px\u00a0\u00bb][vc_custom_heading text=\u00a0\u00bbPR\u00c9SENTATION\u00a0\u00bb font_container=\u00a0\u00bbtag:h3|text_align:left|color:%23f79d1c\u00a0\u00bb use_theme_fonts=\u00a0\u00bbyes\u00a0\u00bb][vc_column_text]<\/p>\n<p style=\"text-align: justify;\">Le <strong>Cours d&rsquo;enseignement sup\u00e9rieur<\/strong> (17 septembre &#8211; 5 novembre 2021)<\/strong> vise \u00e0 r\u00e9pondre \u00e0 la demande croissante de formation sur les questions et la gestion des probl\u00e8mes qui d\u00e9coulent des flux d&rsquo;immigration, en particulier ceux en provenance du monde islamique, et entend fournir les outils analytiques et op\u00e9rationnels n\u00e9cessaires \u00e0 une <strong>action administrative efficace et inclusive dans les soci\u00e9t\u00e9s multiculturelles et multireligieuses<\/strong>.<br \/>\nLe cours \u00ab\u00a0<strong>L&rsquo;espace transm\u00e9diterran\u00e9en et le monde islamique : l&rsquo;int\u00e9gration dans les espaces publics<\/strong>\u00a0\u00bb vise \u00e0 promouvoir les connaissances et les comp\u00e9tences sur la diversit\u00e9 religieuse et les d\u00e9fis du monde moderne, avec une attention particuli\u00e8re aux pratiques quotidiennes dans les espaces publics, \u00e0 travers un e-learning de 36 heures (6 UFC pour un total de 150 heures de formation et d&rsquo;activit\u00e9s d&rsquo;\u00e9tude)<\/strong>.<br \/>\nUne attention particuli\u00e8re sera accord\u00e9e \u00e0 l&rsquo;Islam, aux st\u00e9r\u00e9otypes qui lui sont li\u00e9s, \u00e0 ses repr\u00e9sentations et \u00e0 ses formes de communication, afin d&rsquo;analyser la mani\u00e8re dont la religion islamique est v\u00e9cue et d&rsquo;identifier les besoins religieux individuels et collectifs, notamment en les comparant aux exp\u00e9riences europ\u00e9ennes.<br \/>\nUne connaissance approfondie et critique de cette religion est utile pour faire des espaces publics un environnement de connaissance et de relations entre travailleurs et usagers, un laboratoire de gestion de la diversit\u00e9.<br \/>\nA l&rsquo;issue du cours, les participants auront acquis des connaissances et des comp\u00e9tences utiles pour favoriser l&rsquo;int\u00e9gration des travailleurs et usagers \u00e9trangers et la collaboration territoriale avec les collectivit\u00e9s locales ; les participants conna\u00eetront et pourront exp\u00e9rimenter des pratiques de <strong>gestion de la diversit\u00e9<\/strong>.<br \/>\nUn test final est pr\u00e9vu, consistant en des activit\u00e9s en ligne li\u00e9es aux unit\u00e9s \u00e0 r\u00e9aliser sur la plateforme du cours.<\/p>\n<p>[\/vc_column_text][vc_custom_heading text=\u00a0\u00bbD\u00c9LAIS\u00a0\u00bb font_container=\u00a0\u00bbtag:h3|text_align:left|color:%23f79d1c\u00a0\u00bb use_theme_fonts=\u00a0\u00bbyes\u00a0\u00bb][vc_column_text]L&rsquo;appel \u00e0 candidatures expire le :<br \/>\n<strong>26 juillet 2021<\/strong>.<\/p>\n<p>Pour participer, veuillez vous rendre sur le site :<br \/>\n<strong><a href=\"https:\/\/www.uniroma3.it\/corsi-post-lauream\/2020-2021\/primed-lo-spazio-trans-mediterraneo-e-il-mondo-islamico-lintegrazione-negli-spazi-pubblici-1001\/?fbclid=IwAR1sowPqqWnq1r8CqG9-PdcMdbsgaNAczp1n4gMu0eHCIRmt9TJY1eExaHU\" target=\"_blank\" rel=\"noopener\">www.uniroma3.it<\/a><\/strong>[\/vc_column_text][vc_empty_space height=\u00a0\u00bb12px\u00a0\u00bb][vc_column_text]<div class=\"ead-preview\"><div class=\"ead-document\" style=\"position:relative;\"><iframe src=\"\/\/docs.google.com\/viewer?url=https%3A%2F%2Fprimed-miur.it%2Fwp-content%2Fuploads%2F2021%2F06%2Fcaf_pa.pdf&#038;embedded=true&#038;hl=en\" title=\"Embedded Document\" style=\"width:100%; height:500px; border: none;\"><\/iframe><\/div><\/div>[\/vc_column_text][\/vc_column][vc_column width=\u00a0\u00bb1\/4&Prime;][vc_widget_sidebar sidebar_id=\u00a0\u00bbblog-sidebar\u00a0\u00bb][\/vc_column][\/vc_row]<\/p>\n<\/section>","protected":false},"excerpt":{"rendered":"<p>[vc_row full_width=\u00a0\u00bbstretch_row_content_no_spaces\u00a0\u00bb css=\u00a0\u00bb.vc_custom_1568037232861{margin-top: -50px !important;}\u00a0\u00bb][vc_column][rev_slider_vc alias=\u00a0\u00bbPUBBLICA-AMM-2021-fr\u00a0\u00bb][\/vc_column][\/vc_row][vc_row u_row_style=\u00a0\u00bb0&Prime; u_row_paralax=\u00a0\u00bb0&Prime; u_row_scheme=\u00a0\u00bb0&Prime; css=\u00a0\u00bb.vc_custom_1564252778379{margin-left: 30px !important;}\u00a0\u00bb][vc_column width=\u00a0\u00bb3\/4&Prime;][vc_empty_space height=\u00a0\u00bb12px\u00a0\u00bb][vc_custom_heading text=\u00a0\u00bbPR\u00c9SENTATION\u00a0\u00bb font_container=\u00a0\u00bbtag:h3|text_align:left|color:%23f79d1c\u00a0\u00bb use_theme_fonts=\u00a0\u00bbyes\u00a0\u00bb][vc_column_text] Le Cours d&rsquo;enseignement sup\u00e9rieur (17 septembre &#8211; 5 novembre 2021) vise \u00e0 r\u00e9pondre \u00e0 la demande croissante de formation sur les questions et la gestion des probl\u00e8mes qui d\u00e9coulent des flux d&rsquo;immigration, en particulier ceux en provenance du [&hellip;]<\/p>\n","protected":false},"author":2,"featured_media":0,"parent":0,"menu_order":0,"comment_status":"closed","ping_status":"closed","template":"","meta":{"inline_featured_image":false,"footnotes":""},"yst_prominent_words":[532],"class_list":["post-9598","page","type-page","status-publish","hentry"],"yoast_head":"<!-- This site is optimized with the Yoast SEO Premium plugin v14.1 - https:\/\/yoast.com\/wordpress\/plugins\/seo\/ -->\n<title>COURS DE FORMATION AVANC\u00c9E POUR LES PROFESSIONNELS DE L&#039;ADMINISTRATION PUBLIQUE<\/title>\n<meta name=\"robots\" content=\"index, follow\" \/>\n<meta name=\"googlebot\" content=\"index, follow, max-snippet:-1, max-image-preview:large, max-video-preview:-1\" \/>\n<meta name=\"bingbot\" content=\"index, follow, max-snippet:-1, max-image-preview:large, max-video-preview:-1\" \/>\n<link rel=\"canonical\" href=\"https:\/\/primed-miur.it\/fr\/cours-de-formation-avancee-pour-les-professionnels-de-ladministration-publique\/\" \/>\n<meta property=\"og:locale\" content=\"fr_FR\" \/>\n<meta property=\"og:type\" content=\"article\" \/>\n<meta property=\"og:title\" content=\"COURS DE FORMATION AVANC\u00c9E POUR LES PROFESSIONNELS DE L&#039;ADMINISTRATION PUBLIQUE\" \/>\n<meta property=\"og:description\" content=\"[vc_row full_width=\u00a0\u00bbstretch_row_content_no_spaces\u00a0\u00bb css=\u00a0\u00bb.vc_custom_1568037232861{margin-top: -50px !important;}\u00a0\u00bb][vc_column][rev_slider_vc alias=\u00a0\u00bbPUBBLICA-AMM-2021-fr\u00a0\u00bb][\/vc_column][\/vc_row][vc_row u_row_style=\u00a0\u00bb0&Prime; u_row_paralax=\u00a0\u00bb0&Prime; u_row_scheme=\u00a0\u00bb0&Prime; css=\u00a0\u00bb.vc_custom_1564252778379{margin-left: 30px !important;}\u00a0\u00bb][vc_column width=\u00a0\u00bb3\/4&Prime;][vc_empty_space height=\u00a0\u00bb12px\u00a0\u00bb][vc_custom_heading text=\u00a0\u00bbPR\u00c9SENTATION\u00a0\u00bb font_container=\u00a0\u00bbtag:h3|text_align:left|color:%23f79d1c\u00a0\u00bb use_theme_fonts=\u00a0\u00bbyes\u00a0\u00bb][vc_column_text] Le Cours d&rsquo;enseignement sup\u00e9rieur (17 septembre &#8211; 5 novembre 2021) vise \u00e0 r\u00e9pondre \u00e0 la demande croissante de formation sur les questions et la gestion des probl\u00e8mes qui d\u00e9coulent des flux d&rsquo;immigration, en particulier ceux en provenance du [&hellip;]\" \/>\n<meta property=\"og:url\" content=\"https:\/\/primed-miur.it\/fr\/cours-de-formation-avancee-pour-les-professionnels-de-ladministration-publique\/\" \/>\n<meta property=\"og:site_name\" content=\"PriMED\" \/>\n<meta property=\"article:publisher\" content=\"https:\/\/www.facebook.com\/fidr.primed\" \/>\n<meta property=\"article:modified_time\" content=\"2021-11-09T20:13:33+00:00\" \/>\n<meta property=\"og:image\" content=\"https:\/\/primed-miur.it\/wp-content\/uploads\/2021\/05\/amminis2021.jpg\" \/>\n<meta name=\"twitter:card\" content=\"summary_large_image\" \/>\n<script type=\"application\/ld+json\" class=\"yoast-schema-graph\">{\"@context\":\"https:\/\/schema.org\",\"@graph\":[{\"@type\":\"Organization\",\"@id\":\"https:\/\/primed-miur.it\/fr\/#organization\",\"name\":\"PriMED\",\"url\":\"https:\/\/primed-miur.it\/fr\/\",\"sameAs\":[\"https:\/\/www.facebook.com\/fidr.primed\",\"https:\/\/instagram.com\/primed2019?igshid=1piy2qg58ea5g\"],\"logo\":{\"@type\":\"ImageObject\",\"@id\":\"https:\/\/primed-miur.it\/fr\/#logo\",\"inLanguage\":\"fr-FR\",\"url\":\"https:\/\/primed-miur.it\/wp-content\/uploads\/2017\/11\/testata-Header-PRIMED-1-2.png\",\"width\":876,\"height\":250,\"caption\":\"PriMED\"},\"image\":{\"@id\":\"https:\/\/primed-miur.it\/fr\/#logo\"}},{\"@type\":\"WebSite\",\"@id\":\"https:\/\/primed-miur.it\/fr\/#website\",\"url\":\"https:\/\/primed-miur.it\/fr\/\",\"name\":\"PriMED\",\"description\":\"PriMED - Prevenzione e interazione nello spazio Trans-Mediterraneo\",\"publisher\":{\"@id\":\"https:\/\/primed-miur.it\/fr\/#organization\"},\"potentialAction\":[{\"@type\":\"SearchAction\",\"target\":\"https:\/\/primed-miur.it\/fr\/?s={search_term_string}\",\"query-input\":\"required name=search_term_string\"}],\"inLanguage\":\"fr-FR\"},{\"@type\":\"WebPage\",\"@id\":\"https:\/\/primed-miur.it\/fr\/cours-de-formation-avancee-pour-les-professionnels-de-ladministration-publique\/#webpage\",\"url\":\"https:\/\/primed-miur.it\/fr\/cours-de-formation-avancee-pour-les-professionnels-de-ladministration-publique\/\",\"name\":\"COURS DE FORMATION AVANC\\u00c9E POUR LES PROFESSIONNELS DE L'ADMINISTRATION PUBLIQUE\",\"isPartOf\":{\"@id\":\"https:\/\/primed-miur.it\/fr\/#website\"},\"datePublished\":\"2021-11-09T20:13:15+00:00\",\"dateModified\":\"2021-11-09T20:13:33+00:00\",\"inLanguage\":\"fr-FR\",\"potentialAction\":[{\"@type\":\"ReadAction\",\"target\":[\"https:\/\/primed-miur.it\/fr\/cours-de-formation-avancee-pour-les-professionnels-de-ladministration-publique\/\"]}]}]}<\/script>\n<!-- \/ Yoast SEO Premium plugin. -->","_links":{"self":[{"href":"https:\/\/primed-miur.it\/fr\/wp-json\/wp\/v2\/pages\/9598","targetHints":{"allow":["GET"]}}],"collection":[{"href":"https:\/\/primed-miur.it\/fr\/wp-json\/wp\/v2\/pages"}],"about":[{"href":"https:\/\/primed-miur.it\/fr\/wp-json\/wp\/v2\/types\/page"}],"author":[{"embeddable":true,"href":"https:\/\/primed-miur.it\/fr\/wp-json\/wp\/v2\/users\/2"}],"replies":[{"embeddable":true,"href":"https:\/\/primed-miur.it\/fr\/wp-json\/wp\/v2\/comments?post=9598"}],"version-history":[{"count":2,"href":"https:\/\/primed-miur.it\/fr\/wp-json\/wp\/v2\/pages\/9598\/revisions"}],"predecessor-version":[{"id":9600,"href":"https:\/\/primed-miur.it\/fr\/wp-json\/wp\/v2\/pages\/9598\/revisions\/9600"}],"wp:attachment":[{"href":"https:\/\/primed-miur.it\/fr\/wp-json\/wp\/v2\/media?parent=9598"}],"wp:term":[{"taxonomy":"yst_prominent_words","embeddable":true,"href":"https:\/\/primed-miur.it\/fr\/wp-json\/wp\/v2\/yst_prominent_words?post=9598"}],"curies":[{"name":"wp","href":"https:\/\/api.w.org\/{rel}","templated":true}]}}