{"id":9608,"date":"2021-11-10T11:48:49","date_gmt":"2021-11-10T10:48:49","guid":{"rendered":"https:\/\/primed-miur.it\/cours-de-formation-avancee-pour-les-professionnels-de-ladministration-publique-et-de-la-securite-publique\/"},"modified":"2021-11-10T11:56:19","modified_gmt":"2021-11-10T10:56:19","slug":"cours-de-formation-avancee-pour-les-professionnels-de-ladministration-publique-et-de-la-securite-publique","status":"publish","type":"page","link":"https:\/\/primed-miur.it\/fr\/cours-de-formation-avancee-pour-les-professionnels-de-ladministration-publique-et-de-la-securite-publique\/","title":{"rendered":"COURS DE FORMATION AVANC\u00c9E POUR LES PROFESSIONNELS DE L&rsquo;ADMINISTRATION PUBLIQUE ET DE LA S\u00c9CURIT\u00c9 PUBLIQUE"},"content":{"rendered":"<section class=\"wpb-content-wrapper\"><p>[vc_row full_width=\u00a0\u00bbstretch_row_content_no_spaces\u00a0\u00bb css=\u00a0\u00bb.vc_custom_1568037232861{margin-top: -50px !important;}\u00a0\u00bb][vc_column][rev_slider_vc alias=\u00a0\u00bbPUBBLICA-SICUREZZA-2021-fr\u00a0\u00bb][\/vc_column][\/vc_row][vc_row u_row_style=\u00a0\u00bb0&Prime; u_row_paralax=\u00a0\u00bb0&Prime; u_row_scheme=\u00a0\u00bb0&Prime; css=\u00a0\u00bb.vc_custom_1564252778379{margin-left: 30px !important;}\u00a0\u00bb][vc_column width=\u00a0\u00bb3\/4&Prime;][vc_column_text]<div class=\"ead-preview\"><div class=\"ead-document\" style=\"position:relative;\"><iframe src=\"\/\/docs.google.com\/viewer?url=https%3A%2F%2Fprimed-miur.it%2Fwp-content%2Fuploads%2F2021%2F04%2FLocandina-Corso-Alta-Formazione-PriMED-2021-Bari.pdf&#038;embedded=true&#038;hl=en\" title=\"Embedded Document\" style=\"width:100%; height:700px; border: none;\"><\/iframe><\/div><\/div>[\/vc_column_text][vc_empty_space height=\u00a0\u00bb12px\u00a0\u00bb][vc_custom_heading text=\u00a0\u00bbLIENS UTILES\u00a0\u00bb font_container=\u00a0\u00bbtag:h3|text_align:left|color:%23f79d1c\u00a0\u00bb use_theme_fonts=\u00a0\u00bbyes\u00a0\u00bb][vc_column_text]<a href=\"https:\/\/www.confessioni-elvetiche.ch\/2021\/04\/26\/university-in-the-fight-against-islamic-terrorism-panorama-it-24-04-2021\/\" target=\"_blank\" rel=\"noopener\">https:\/\/www.confessioni-elvetiche.ch<\/a><br \/>\n<a href=\"https:\/\/lirec.net\/comunicati\/2021\/4\/23\/agenzia-direcorso-formazione-su-radicalizzazione-gender-e-minori\" target=\"_blank\" rel=\"noopener\">https:\/\/lirec.net<\/a><br \/>\n<a href=\"https:\/\/www.coreis.it\/antiradicalismo\/notizia\/consapevolezza-della-radicalizzazione-gender-minori-e-processi-di-deradicalizzazione\" target=\"_blank\" rel=\"noopener\">https:\/\/www.coreis.it<\/a><br \/>\n<a href=\"https:\/\/www.panorama.it\/news\/cronaca\/lotta-terrorismo-islamico-italia\" target=\"_blank\" rel=\"noopener\">https:\/\/www.panorama.it<\/a>[\/vc_column_text][vc_empty_space][\/vc_column][vc_column width=\u00a0\u00bb1\/4&Prime;][vc_widget_sidebar sidebar_id=\u00a0\u00bbblog-sidebar\u00a0\u00bb][\/vc_column][\/vc_row]<\/p>\n<\/section>","protected":false},"excerpt":{"rendered":"<p>[vc_row full_width=\u00a0\u00bbstretch_row_content_no_spaces\u00a0\u00bb css=\u00a0\u00bb.vc_custom_1568037232861{margin-top: -50px !important;}\u00a0\u00bb][vc_column][rev_slider_vc alias=\u00a0\u00bbPUBBLICA-SICUREZZA-2021-fr\u00a0\u00bb][\/vc_column][\/vc_row][vc_row u_row_style=\u00a0\u00bb0&Prime; u_row_paralax=\u00a0\u00bb0&Prime; u_row_scheme=\u00a0\u00bb0&Prime; css=\u00a0\u00bb.vc_custom_1564252778379{margin-left: 30px !important;}\u00a0\u00bb][vc_column width=\u00a0\u00bb3\/4&Prime;][vc_column_text][\/vc_column_text][vc_empty_space height=\u00a0\u00bb12px\u00a0\u00bb][vc_custom_heading text=\u00a0\u00bbLIENS UTILES\u00a0\u00bb font_container=\u00a0\u00bbtag:h3|text_align:left|color:%23f79d1c\u00a0\u00bb use_theme_fonts=\u00a0\u00bbyes\u00a0\u00bb][vc_column_text]https:\/\/www.confessioni-elvetiche.ch https:\/\/lirec.net https:\/\/www.coreis.it https:\/\/www.panorama.it[\/vc_column_text][vc_empty_space][\/vc_column][vc_column width=\u00a0\u00bb1\/4&Prime;][vc_widget_sidebar sidebar_id=\u00a0\u00bbblog-sidebar\u00a0\u00bb][\/vc_column][\/vc_row]<\/p>\n","protected":false},"author":2,"featured_media":0,"parent":0,"menu_order":0,"comment_status":"closed","ping_status":"closed","template":"","meta":{"inline_featured_image":false,"footnotes":""},"yst_prominent_words":[],"class_list":["post-9608","page","type-page","status-publish","hentry"],"yoast_head":"<!-- This site is optimized with the Yoast SEO Premium plugin v14.1 - https:\/\/yoast.com\/wordpress\/plugins\/seo\/ -->\n<title>COURS DE FORMATION AVANC\u00c9E POUR LES PROFESSIONNELS DE L&#039;ADMINISTRATION PUBLIQUE ET DE LA S\u00c9CURIT\u00c9 PUBLIQUE<\/title>\n<meta name=\"robots\" content=\"index, follow\" \/>\n<meta name=\"googlebot\" content=\"index, follow, max-snippet:-1, max-image-preview:large, max-video-preview:-1\" \/>\n<meta name=\"bingbot\" content=\"index, follow, max-snippet:-1, max-image-preview:large, max-video-preview:-1\" \/>\n<link rel=\"canonical\" href=\"https:\/\/primed-miur.it\/fr\/cours-de-formation-avancee-pour-les-professionnels-de-ladministration-publique-et-de-la-securite-publique\/\" \/>\n<meta property=\"og:locale\" content=\"fr_FR\" \/>\n<meta property=\"og:type\" content=\"article\" \/>\n<meta property=\"og:title\" content=\"COURS DE FORMATION AVANC\u00c9E POUR LES PROFESSIONNELS DE L&#039;ADMINISTRATION PUBLIQUE ET DE LA S\u00c9CURIT\u00c9 PUBLIQUE\" \/>\n<meta property=\"og:description\" content=\"[vc_row full_width=\u00a0\u00bbstretch_row_content_no_spaces\u00a0\u00bb css=\u00a0\u00bb.vc_custom_1568037232861{margin-top: -50px !important;}\u00a0\u00bb][vc_column][rev_slider_vc alias=\u00a0\u00bbPUBBLICA-SICUREZZA-2021-fr\u00a0\u00bb][\/vc_column][\/vc_row][vc_row u_row_style=\u00a0\u00bb0&Prime; u_row_paralax=\u00a0\u00bb0&Prime; u_row_scheme=\u00a0\u00bb0&Prime; css=\u00a0\u00bb.vc_custom_1564252778379{margin-left: 30px !important;}\u00a0\u00bb][vc_column width=\u00a0\u00bb3\/4&Prime;][vc_column_text][\/vc_column_text][vc_empty_space height=\u00a0\u00bb12px\u00a0\u00bb][vc_custom_heading text=\u00a0\u00bbLIENS UTILES\u00a0\u00bb font_container=\u00a0\u00bbtag:h3|text_align:left|color:%23f79d1c\u00a0\u00bb use_theme_fonts=\u00a0\u00bbyes\u00a0\u00bb][vc_column_text]https:\/\/www.confessioni-elvetiche.ch https:\/\/lirec.net https:\/\/www.coreis.it https:\/\/www.panorama.it[\/vc_column_text][vc_empty_space][\/vc_column][vc_column width=\u00a0\u00bb1\/4&Prime;][vc_widget_sidebar sidebar_id=\u00a0\u00bbblog-sidebar\u00a0\u00bb][\/vc_column][\/vc_row]\" \/>\n<meta property=\"og:url\" content=\"https:\/\/primed-miur.it\/fr\/cours-de-formation-avancee-pour-les-professionnels-de-ladministration-publique-et-de-la-securite-publique\/\" \/>\n<meta property=\"og:site_name\" content=\"PriMED\" \/>\n<meta property=\"article:publisher\" content=\"https:\/\/www.facebook.com\/fidr.primed\" \/>\n<meta property=\"article:modified_time\" content=\"2021-11-10T10:56:19+00:00\" \/>\n<meta property=\"og:image\" content=\"https:\/\/primed-miur.it\/wp-content\/uploads\/2021\/05\/operat2021.jpg\" \/>\n<meta name=\"twitter:card\" content=\"summary_large_image\" \/>\n<script type=\"application\/ld+json\" class=\"yoast-schema-graph\">{\"@context\":\"https:\/\/schema.org\",\"@graph\":[{\"@type\":\"Organization\",\"@id\":\"https:\/\/primed-miur.it\/fr\/#organization\",\"name\":\"PriMED\",\"url\":\"https:\/\/primed-miur.it\/fr\/\",\"sameAs\":[\"https:\/\/www.facebook.com\/fidr.primed\",\"https:\/\/instagram.com\/primed2019?igshid=1piy2qg58ea5g\"],\"logo\":{\"@type\":\"ImageObject\",\"@id\":\"https:\/\/primed-miur.it\/fr\/#logo\",\"inLanguage\":\"fr-FR\",\"url\":\"https:\/\/primed-miur.it\/wp-content\/uploads\/2017\/11\/testata-Header-PRIMED-1-2.png\",\"width\":876,\"height\":250,\"caption\":\"PriMED\"},\"image\":{\"@id\":\"https:\/\/primed-miur.it\/fr\/#logo\"}},{\"@type\":\"WebSite\",\"@id\":\"https:\/\/primed-miur.it\/fr\/#website\",\"url\":\"https:\/\/primed-miur.it\/fr\/\",\"name\":\"PriMED\",\"description\":\"PriMED - Prevenzione e interazione nello spazio Trans-Mediterraneo\",\"publisher\":{\"@id\":\"https:\/\/primed-miur.it\/fr\/#organization\"},\"potentialAction\":[{\"@type\":\"SearchAction\",\"target\":\"https:\/\/primed-miur.it\/fr\/?s={search_term_string}\",\"query-input\":\"required name=search_term_string\"}],\"inLanguage\":\"fr-FR\"},{\"@type\":\"WebPage\",\"@id\":\"https:\/\/primed-miur.it\/fr\/cours-de-formation-avancee-pour-les-professionnels-de-ladministration-publique-et-de-la-securite-publique\/#webpage\",\"url\":\"https:\/\/primed-miur.it\/fr\/cours-de-formation-avancee-pour-les-professionnels-de-ladministration-publique-et-de-la-securite-publique\/\",\"name\":\"COURS DE FORMATION AVANC\\u00c9E POUR LES PROFESSIONNELS DE L'ADMINISTRATION PUBLIQUE ET DE LA S\\u00c9CURIT\\u00c9 PUBLIQUE\",\"isPartOf\":{\"@id\":\"https:\/\/primed-miur.it\/fr\/#website\"},\"datePublished\":\"2021-11-10T10:48:49+00:00\",\"dateModified\":\"2021-11-10T10:56:19+00:00\",\"inLanguage\":\"fr-FR\",\"potentialAction\":[{\"@type\":\"ReadAction\",\"target\":[\"https:\/\/primed-miur.it\/fr\/cours-de-formation-avancee-pour-les-professionnels-de-ladministration-publique-et-de-la-securite-publique\/\"]}]}]}<\/script>\n<!-- \/ Yoast SEO Premium plugin. -->","_links":{"self":[{"href":"https:\/\/primed-miur.it\/fr\/wp-json\/wp\/v2\/pages\/9608","targetHints":{"allow":["GET"]}}],"collection":[{"href":"https:\/\/primed-miur.it\/fr\/wp-json\/wp\/v2\/pages"}],"about":[{"href":"https:\/\/primed-miur.it\/fr\/wp-json\/wp\/v2\/types\/page"}],"author":[{"embeddable":true,"href":"https:\/\/primed-miur.it\/fr\/wp-json\/wp\/v2\/users\/2"}],"replies":[{"embeddable":true,"href":"https:\/\/primed-miur.it\/fr\/wp-json\/wp\/v2\/comments?post=9608"}],"version-history":[{"count":2,"href":"https:\/\/primed-miur.it\/fr\/wp-json\/wp\/v2\/pages\/9608\/revisions"}],"predecessor-version":[{"id":9610,"href":"https:\/\/primed-miur.it\/fr\/wp-json\/wp\/v2\/pages\/9608\/revisions\/9610"}],"wp:attachment":[{"href":"https:\/\/primed-miur.it\/fr\/wp-json\/wp\/v2\/media?parent=9608"}],"wp:term":[{"taxonomy":"yst_prominent_words","embeddable":true,"href":"https:\/\/primed-miur.it\/fr\/wp-json\/wp\/v2\/yst_prominent_words?post=9608"}],"curies":[{"name":"wp","href":"https:\/\/api.w.org\/{rel}","templated":true}]}}