{"id":9617,"date":"2021-11-10T13:07:26","date_gmt":"2021-11-10T12:07:26","guid":{"rendered":"https:\/\/primed-miur.it\/centre-detudes-de-recherche-et-de-formation-sur-lislam-italien\/"},"modified":"2021-11-10T13:08:02","modified_gmt":"2021-11-10T12:08:02","slug":"centre-detudes-de-recherche-et-de-formation-sur-lislam-italien","status":"publish","type":"page","link":"https:\/\/primed-miur.it\/fr\/centre-detudes-de-recherche-et-de-formation-sur-lislam-italien\/","title":{"rendered":"CENTRE D&rsquo;\u00c9TUDES, DE RECHERCHE ET DE FORMATION SUR L&rsquo;ISLAM ITALIEN"},"content":{"rendered":"<section class=\"wpb-content-wrapper\"><p>[vc_row full_width=\u00a0\u00bbstretch_row_content_no_spaces\u00a0\u00bb css=\u00a0\u00bb.vc_custom_1568037232861{margin-top: -50px !important;}\u00a0\u00bb][vc_column][rev_slider_vc alias=\u00a0\u00bbCENTRO-STUDI-2021-fr\u00a0\u00bb][\/vc_column][\/vc_row][vc_row u_row_style=\u00a0\u00bb0&Prime; u_row_paralax=\u00a0\u00bb0&Prime; u_row_scheme=\u00a0\u00bb0&Prime; css=\u00a0\u00bb.vc_custom_1564252778379{margin-left: 30px !important;}\u00a0\u00bb][vc_column width=\u00a0\u00bb3\/4&Prime;][vc_custom_heading text=\u00a0\u00bbPR\u00c9SENTATION\u00a0\u00bb font_container=\u00a0\u00bbtag:h3|text_align:left|color:%23f79d1c\u00a0\u00bb use_theme_fonts=\u00a0\u00bbyes\u00a0\u00bb][vc_empty_space height=\u00a0\u00bb12px\u00a0\u00bb][vc_column_text]<\/p>\n<div class=\"page\" title=\"Page 1\">\n<div class=\"layoutArea\">\n<div class=\"column\" style=\"text-align: justify;\">\n<p>L&rsquo;id\u00e9e de proposer la cr\u00e9ation d&rsquo;un \u00ab\u00a0Centre d&rsquo;\u00e9tudes, de recherche et de formation sur l&rsquo;Islam italien\u00a0\u00bb est l&rsquo;aboutissement de nombreuses ann\u00e9es d&rsquo;exp\u00e9rience de recherche et de formation sur l&rsquo;Islam italien, europ\u00e9en et international, r\u00e9alis\u00e9es au sein du d\u00e9partement Fi.S.P.A..<br \/>\nD\u00e9j\u00e0 dans l&rsquo;ann\u00e9e acad\u00e9mique 2012\/2013 la premi\u00e8re \u00e9dition <strong>du Master de premier niveau en \u00e9tudes europ\u00e9ennes sur l&rsquo;Islam<\/strong> a \u00e9t\u00e9 r\u00e9alis\u00e9e, \u00e0 travers une planification concert\u00e9e avec les principales organisations musulmanes en Italie, qui ont \u00e9galement \u00e9t\u00e9 impliqu\u00e9es dans le processus de formation, avec d&rsquo;autres acteurs des institutions civiles. Cette proposition de formation a \u00e9t\u00e9 propos\u00e9e dans deux autres \u00e9ditions, pour \u00eatre ensuite reformul\u00e9e, dans le cadre du <strong>projet interuniversitaire \u00ab\u00a0PriMED, Pr\u00e9vention et Interaction dans l&rsquo;Espace Trans-M\u00e9diterran\u00e9en\u00a0\u00bb (<a href=\"https:\/\/primed-miur.it\/en\/\" target=\"_blank\" rel=\"noopener\">https:\/\/primed-miur.it<\/a>)<\/strong>, comme un Master de premier niveau en \u00ab\u00a0\u00c9tudes sur l&rsquo;Islam en Europe. Connaissances et pratiques pour la m\u00e9diation religieuse et interculturelle\u00a0\u00bb, qui s&rsquo;adresse sp\u00e9cifiquement aux responsables et au personnel des communaut\u00e9s musulmanes et des associations de la soci\u00e9t\u00e9 civile dont les membres proviennent des pays de l&rsquo;O.C.I. (Organisation de la Coop\u00e9ration Islamique). Le projet PriMED, financ\u00e9 par le minist\u00e8re de l&rsquo;\u00e9ducation, de l&rsquo;universit\u00e9 et de la recherche, direction g\u00e9n\u00e9rale des \u00e9tudiants, du d\u00e9veloppement et de l&rsquo;internationalisation de l&rsquo;enseignement sup\u00e9rieur, par le biais de l&rsquo;appel \u00e0 propositions pour la coop\u00e9ration islamique \u00ab\u00a0Cr\u00e9ation de r\u00e9seaux universitaires italiens dans le cadre de la mise en \u0153uvre d&rsquo;accords de coop\u00e9ration entre les universit\u00e9s italiennes et celles des pays appartenant \u00e0 l&rsquo;Organisation de la coop\u00e9ration islamique\u00a0\u00bb, pr\u00e9voit la participation d&rsquo;un r\u00e9seau de douze universit\u00e9s italiennes et de dix universit\u00e9s des pays de l&rsquo;O.C.I.. Ce partenariat a permis d&rsquo;offrir une formation originale et innovante dans le panorama national et international. L&rsquo;unicit\u00e9 du contexte italien est \u00e9galement li\u00e9e au protagonisme du Minist\u00e8re de l&rsquo;Education, de l&rsquo;Universit\u00e9 et de la Recherche en tant que promoteur et garant de la formation, lib\u00e9rant ainsi la question de l&rsquo;Islam europ\u00e9en et italien d&rsquo;une connotation principalement li\u00e9e aux politiques de s\u00e9curit\u00e9 et de contr\u00f4le.<\/p>\n<p>L&rsquo;Universit\u00e9 de Padoue est \u00e9galement impliqu\u00e9e en tant que promoteur et si\u00e8ge scientifique d&rsquo;une autre offre de formation, en partenariat avec l&rsquo;Universit\u00e9 du Pi\u00e9mont oriental (si\u00e8ge administratif) : le Master en Religions, Politique et Citoyennet\u00e9, qui en est \u00e0 sa troisi\u00e8me \u00e9dition, premier cours italien propos\u00e9 en anglais et en arabe. Ces derni\u00e8res ann\u00e9es, le Master a vu la participation d&rsquo;\u00e9tudiants du monde entier, en plus de l&rsquo;Italie, et en particulier de pays de la zone du Maghreb et de l&rsquo;Afrique du Nord et centrale (Maroc, Tunisie, Alg\u00e9rie, \u00c9gypte, Soudan), du Moyen-Orient (Syrie, Jordanie et Liban) et du Golfe (\u00c9mirats arabes unis, Arabie saoudite, Kowe\u00eft, Qatar).<br \/>\nUn troisi\u00e8me domaine de formation dans lequel l&rsquo;Universit\u00e9 de Padoue a \u00e9t\u00e9 impliqu\u00e9e concerne les leaders communautaires et les ministres du culte musulmans. La premi\u00e8re exp\u00e9rience a \u00e9t\u00e9 acquise dans le cadre des activit\u00e9s du Centre interuniversitaire Forum international d\u00e9mocratie &#038;amp ; religions F.I.D.R. (<a href=\"https:\/\/irc-fidr.it\" target=\"_blank\" rel=\"noopener\">https:\/\/irc-fidr.it<\/a>), avec le cours <strong>\u00ab\u00a0Nouvelles pr\u00e9sences religieuses en Italie. Un chemin d&rsquo;int\u00e9gration\u00a0\u00bb<\/strong>, financ\u00e9 par le minist\u00e8re de l&rsquo;Int\u00e9rieur, D\u00e9partement des libert\u00e9s civiles et de l&rsquo;immigration, repropos\u00e9 en trois \u00e9ditions de 2010 \u00e0 2012, et visant la formation civique-politique des dirigeants des communaut\u00e9s religieuses en Italie et le d\u00e9veloppement de nouvelles perspectives de dialogue entre les communaut\u00e9s musulmanes et les institutions nationales et internationales et le travail sur les questions critiques affectant l&rsquo;Islam italien, y compris la reconnaissance et la formation des ministres du culte. Plus r\u00e9cemment, dans le cadre des activit\u00e9s du projet PriMED, le d\u00e9partement Fi.S.P.P.A. a propos\u00e9, con\u00e7u et r\u00e9alis\u00e9 le premier \u00ab\u00a0Cours de perfectionnement pour Imams et Murshidat\u00a0\u00bb, visant \u00e0 former des op\u00e9rateurs religieux capables d&rsquo;agir comme guides des communaut\u00e9s religieuses et comme facilitateurs et m\u00e9diateurs dans les relations entre les croyants et dans l&rsquo;espace des organisations sociales, des organismes institutionnels et des agences priv\u00e9es et publiques fournissant des services (\u00e9coles, h\u00f4pitaux, prisons, etc.).<br \/>\nEnfin, le groupe de chercheurs proposants est toujours engag\u00e9 dans un ambitieux projet Erasmus+, <strong>\u00ab\u00a0Arriver en Europe, partir d&rsquo;Europe : trajectoires marocaines et turques\u00a0\u00bb<\/strong>, qui implique cinq universit\u00e9s europ\u00e9ennes et internationales (Belgique, Italie, France, Maroc et Turquie), afin de soutenir le travail de recherche et, par cons\u00e9quent, de qualifier et d&rsquo;enrichir l&rsquo;enseignement, sur le th\u00e8me de la pr\u00e9sence de la population dite de deuxi\u00e8me et troisi\u00e8me g\u00e9n\u00e9ration de la migration en provenance, notamment, du Maroc et de la Turquie, avec une attention particuli\u00e8re aux questions de construction identitaire, \u00e9galement en relation avec l&rsquo;appartenance religieuse.<br \/>\n Tradotto con www.DeepL.com\/translator (versione gratuita)\n<\/div>\n<\/div>\n<\/div>\n<p>[\/vc_column_text][vc_custom_heading text=\u00a0\u00bbOBJECTIFS\u00a0\u00bb font_container=\u00a0\u00bbtag:h3|text_align:left|color:%23f79d1c\u00a0\u00bb use_theme_fonts=\u00a0\u00bbyes\u00a0\u00bb][vc_column_text uniqid=\u00a0\u00bb608812cc97fbb\u00a0\u00bb]<\/p>\n<div class=\"page\" title=\"Page 1\">\n<div class=\"layoutArea\">\n<div class=\"column\" style=\"text-align: justify;\">\n<p>Le \u00ab\u00a0Centre d&rsquo;\u00e9tude, de recherche et de formation sur l&rsquo;Islam italien\u00a0\u00bb se situe dans la continuit\u00e9 des exp\u00e9riences de formation exp\u00e9rimentales men\u00e9es \u00e0 l&rsquo;Universit\u00e9 de Padoue, en particulier dans le cadre du projet PriMED, <strong>recherche-action<\/strong> sur l&rsquo;\u00e9volution et les changements du paysage religieux et social italien par rapport \u00e0 la pr\u00e9sence musulmane et, en particulier, sur les besoins de formation des communaut\u00e9s et des institutions musulmanes qui op\u00e8rent quotidiennement dans des contextes caract\u00e9ris\u00e9s par la pluralit\u00e9 culturelle et religieuse.<\/p>\n<p>Le Centre d&rsquo;\u00e9tudes vise \u00e9galement \u00e0 proposer des parcours de formation et didactiques qui r\u00e9pondent \u00e0 ces demandes implicites et explicites, tout en menant une r\u00e9flexion sur les pratiques m\u00eames mises en \u0153uvre et leurs r\u00e9percussions dans le champ religieux, social et institutionnel.<br \/>\ndans le champ religieux, social et institutionnel. \u00c0 cette fin, l&rsquo;engagement \u00e0 r\u00e9server \u00e0 la promotion d&rsquo;une collaboration fructueuse et active avec le r\u00e9seau de partenaires, en particulier avec les universit\u00e9s d\u00e9j\u00e0 adh\u00e9rentes aux r\u00e9seaux PriMED et Projet Erasmus+, mais aussi avec les institutions nationales et locales et les organismes religieux, sera d&rsquo;une grande importance.<br \/>\nL&rsquo;une des activit\u00e9s du Centre d&rsquo;\u00e9tudes et de recherche sera \u00e9galement l&rsquo;\u00e9dition de <strong>propositions \u00e9ditoriales scientifiques de haut niveau<\/strong> au niveau national et international, visant \u00e0 favoriser la connaissance des questions critiques, des changements et des perspectives d&rsquo;avenir dans le d\u00e9veloppement de l&rsquo;Islam italien et europ\u00e9en.<br \/>\nEnfin, l&rsquo;objectif du Centre d&rsquo;\u00e9tudes est d&rsquo;\u00e9laborer <strong>un projet de fondation d&rsquo;un consortium interinstitutionnel<\/strong> d\u00e9di\u00e9 \u00e0 ces th\u00e8mes qui, d\u00e9passant la logique de la planification et de l&rsquo;exp\u00e9rimentation, pourrait permettre la prise en charge structurelle et institutionnelle d&rsquo;un th\u00e8me cl\u00e9 comme la formation des ministres du culte musulmans, \u00e0 travers la participation active des institutions \u00e9tatiques, des universit\u00e9s et des m\u00eames acteurs sociaux impliqu\u00e9s, comme cela se passe dans de nombreux pays europ\u00e9ens.\n<\/div>\n<\/div>\n<\/div>\n<p>[\/vc_column_text][vc_custom_heading text=\u00a0\u00bbPRINCIPES\u00a0\u00bb font_container=\u00a0\u00bbtag:h3|text_align:left|color:%23f79d1c\u00a0\u00bb use_theme_fonts=\u00a0\u00bbyes\u00a0\u00bb][vc_column_text uniqid=\u00a0\u00bb5eff1b5349f8a\u00a0\u00bb css=\u00a0\u00bb{}\u00a0\u00bb]<\/p>\n<div class=\"page\" title=\"Page 3\">\n<div class=\"layoutArea\">\n<div class=\"column\">\n<p>Les principes qui inspirent la conception et les activit\u00e9s du centre d&rsquo;\u00e9tudes peuvent \u00eatre r\u00e9sum\u00e9s comme suit :<\/p>\n<ul>\n<li><strong> Approche interculturelle et interdisciplinaire<\/strong><\/li>\n<li><strong> Collaborative and inter-institutional planning<\/strong><\/li>\n<li><strong> Planification collaborative et interinstitutionnelle<\/strong><\/li>\n<\/ul>\n<\/div>\n<\/div>\n<\/div>\n<p>[\/vc_column_text][vc_custom_heading text=\u00a0\u00bbPARTENAIRE\u00a0\u00bb font_container=\u00a0\u00bbtag:h3|text_align:left|color:%23f79d1c\u00a0\u00bb use_theme_fonts=\u00a0\u00bbyes\u00a0\u00bb][vc_column_text uniqid=\u00a0\u00bb5eff2015044d1&Prime;]<\/p>\n<div class=\"page\" title=\"Page 3\">\n<p>&nbsp;<\/p>\n<div class=\"layoutArea\">\n<div class=\"column\">\n<div class=\"page\" title=\"Page 4\">\n<div class=\"layoutArea\">\n<div class=\"column\">\n<div class=\"page\" title=\"Page 4\">\n<div class=\"layoutArea\">\n<div class=\"column\">\n<p>Le Centre d&rsquo;\u00e9tudes entend consolider et \u00e9largir les connexions avec le r\u00e9seau d&rsquo;Universit\u00e9s italiennes et \u00e9trang\u00e8res avec lesquelles une collaboration fructueuse a d\u00e9j\u00e0 \u00e9t\u00e9 \u00e9tablie, en particulier avec les Universit\u00e9s adh\u00e9rant au Projet \u00ab\u00a0PriMED, Pr\u00e9vention et Interaction dans l&rsquo;Espace Trans-M\u00e9diterran\u00e9en\u00a0\u00bb et Erasmus+ \u00ab\u00a0Arriver en Europe, partir d&rsquo;Europe : trajectoires marocaines et turques\u00a0\u00bb.<\/p>\n<p><strong>R\u00e9seau \u00ab\u00a0PriMED, pr\u00e9vention et interaction dans l&rsquo;espace transm\u00e9diterran\u00e9en\u00a0\u00bb:<\/strong>.<\/p>\n<p style=\"padding-left : 40px ;\">Universit\u00e9 du Pi\u00e9mont oriental.<br \/>\nUniversit\u00e9 d&rsquo;Insubria Varese-Como<br \/>\nUniversit\u00e9 de Milan-Bicocca<br \/>\nUniversit\u00e9 de Milan<br \/>\nUniversit\u00e9 catholique du Sacr\u00e9-C\u0153ur<br \/>\nUniversit\u00e9 de Padoue<br \/>\nUniversit\u00e9 de Ferrara<br \/>\nUniversit\u00e9 de Bari \u00ab\u00a0Aldo Moro\u00a0\u00bb.<br \/>\nUniversit\u00e9 LUM \u00ab\u00a0Jean Monnet<br \/>\nUniversit\u00e9 de Rome Trois<br \/>\nUniversit\u00e9 de Turin<br \/>\nUniversit\u00e9 du Campus LINK<br \/>\nUniversit\u00e9 du Caire (\u00c9gypte)<br \/>\nUniversit\u00e9 Mohammed V de Rabat (Maroc)<br \/>\nUniversit\u00e9 de Tunis-Carthage (Tunisie)<br \/>\nUniversit\u00e9 Internationale de Rabat (Maroc)<br \/>\nUniversit\u00e9 Hassan II de Casablanca (Maroc)<br \/>\nUniversit\u00e9 Sultan Moulay Slimane de Beni Mellal (Maroc)<br \/>\nUniversit\u00e9 Saint Joseph de Beyrouth (Libano)<br \/>\nUniversit\u00e9 Adam Barka d&rsquo;Ab\u00e9ch\u00e9 (Ciad)<br \/>\nUniversit\u00e9 Ziane Achour de Djelfa (Alg\u00e9rie)<br \/>\nAbdou Moumouni Universit\u00e9 de Niamey (Niger)<\/p>\n<p>.<br \/>\n<strong>R\u00e9seau Erasmus+ \u00ab\u00a0Arriver en Europe, partir d&rsquo;Europe : trajectoires marocaines et turques\u00a0\u00bb :<\/strong><\/p>\n<p style=\"padding-left : 40px ;\">Universit\u00e9 Saint-Louis de Bruxelles (Belgique).<br \/>\nInstitut de recherche pour le d\u00e9veloppement (France)<br \/>\nUniversit\u00e9 internationale de Rabat (Maroc)<br \/>\nNecmettin Erbakan \u00dcniversitesi (Turquie)<\/p>\n<\/div>\n<\/div>\n<\/div>\n<\/div>\n<\/div>\n<\/div>\n<\/div>\n<\/div>\n<\/div>\n<p>[\/vc_column_text][\/vc_column][vc_column width=\u00a0\u00bb1\/4&Prime;][vc_widget_sidebar sidebar_id=\u00a0\u00bbblog-sidebar\u00a0\u00bb][\/vc_column][\/vc_row]<\/p>\n<\/section>","protected":false},"excerpt":{"rendered":"<p>[vc_row full_width=\u00a0\u00bbstretch_row_content_no_spaces\u00a0\u00bb css=\u00a0\u00bb.vc_custom_1568037232861{margin-top: -50px !important;}\u00a0\u00bb][vc_column][rev_slider_vc alias=\u00a0\u00bbCENTRO-STUDI-2021-fr\u00a0\u00bb][\/vc_column][\/vc_row][vc_row u_row_style=\u00a0\u00bb0&Prime; u_row_paralax=\u00a0\u00bb0&Prime; u_row_scheme=\u00a0\u00bb0&Prime; css=\u00a0\u00bb.vc_custom_1564252778379{margin-left: 30px !important;}\u00a0\u00bb][vc_column width=\u00a0\u00bb3\/4&Prime;][vc_custom_heading text=\u00a0\u00bbPR\u00c9SENTATION\u00a0\u00bb font_container=\u00a0\u00bbtag:h3|text_align:left|color:%23f79d1c\u00a0\u00bb use_theme_fonts=\u00a0\u00bbyes\u00a0\u00bb][vc_empty_space height=\u00a0\u00bb12px\u00a0\u00bb][vc_column_text] L&rsquo;id\u00e9e de proposer la cr\u00e9ation d&rsquo;un \u00ab\u00a0Centre d&rsquo;\u00e9tudes, de recherche et de formation sur l&rsquo;Islam italien\u00a0\u00bb est l&rsquo;aboutissement de nombreuses ann\u00e9es d&rsquo;exp\u00e9rience de recherche et de formation sur l&rsquo;Islam italien, europ\u00e9en et international, r\u00e9alis\u00e9es au sein du d\u00e9partement [&hellip;]<\/p>\n","protected":false},"author":2,"featured_media":0,"parent":0,"menu_order":0,"comment_status":"closed","ping_status":"closed","template":"","meta":{"inline_featured_image":false,"footnotes":""},"yst_prominent_words":[493,481,510],"class_list":["post-9617","page","type-page","status-publish","hentry"],"yoast_head":"<!-- This site is optimized with the Yoast SEO Premium plugin v14.1 - https:\/\/yoast.com\/wordpress\/plugins\/seo\/ -->\n<title>CENTRE D&#039;\u00c9TUDES, DE RECHERCHE ET DE FORMATION SUR L&#039;ISLAM ITALIEN<\/title>\n<meta name=\"robots\" content=\"index, follow\" \/>\n<meta name=\"googlebot\" content=\"index, follow, max-snippet:-1, max-image-preview:large, max-video-preview:-1\" \/>\n<meta name=\"bingbot\" content=\"index, follow, max-snippet:-1, max-image-preview:large, max-video-preview:-1\" \/>\n<link rel=\"canonical\" href=\"https:\/\/primed-miur.it\/fr\/centre-detudes-de-recherche-et-de-formation-sur-lislam-italien\/\" \/>\n<meta property=\"og:locale\" content=\"fr_FR\" \/>\n<meta property=\"og:type\" content=\"article\" \/>\n<meta property=\"og:title\" content=\"CENTRE D&#039;\u00c9TUDES, DE RECHERCHE ET DE FORMATION SUR L&#039;ISLAM ITALIEN\" \/>\n<meta property=\"og:description\" content=\"[vc_row full_width=\u00a0\u00bbstretch_row_content_no_spaces\u00a0\u00bb css=\u00a0\u00bb.vc_custom_1568037232861{margin-top: -50px !important;}\u00a0\u00bb][vc_column][rev_slider_vc alias=\u00a0\u00bbCENTRO-STUDI-2021-fr\u00a0\u00bb][\/vc_column][\/vc_row][vc_row u_row_style=\u00a0\u00bb0&Prime; u_row_paralax=\u00a0\u00bb0&Prime; u_row_scheme=\u00a0\u00bb0&Prime; css=\u00a0\u00bb.vc_custom_1564252778379{margin-left: 30px !important;}\u00a0\u00bb][vc_column width=\u00a0\u00bb3\/4&Prime;][vc_custom_heading text=\u00a0\u00bbPR\u00c9SENTATION\u00a0\u00bb font_container=\u00a0\u00bbtag:h3|text_align:left|color:%23f79d1c\u00a0\u00bb use_theme_fonts=\u00a0\u00bbyes\u00a0\u00bb][vc_empty_space height=\u00a0\u00bb12px\u00a0\u00bb][vc_column_text] L&rsquo;id\u00e9e de proposer la cr\u00e9ation d&rsquo;un \u00ab\u00a0Centre d&rsquo;\u00e9tudes, de recherche et de formation sur l&rsquo;Islam italien\u00a0\u00bb est l&rsquo;aboutissement de nombreuses ann\u00e9es d&rsquo;exp\u00e9rience de recherche et de formation sur l&rsquo;Islam italien, europ\u00e9en et international, r\u00e9alis\u00e9es au sein du d\u00e9partement [&hellip;]\" \/>\n<meta property=\"og:url\" content=\"https:\/\/primed-miur.it\/fr\/centre-detudes-de-recherche-et-de-formation-sur-lislam-italien\/\" \/>\n<meta property=\"og:site_name\" content=\"PriMED\" \/>\n<meta property=\"article:publisher\" content=\"https:\/\/www.facebook.com\/fidr.primed\" \/>\n<meta property=\"article:modified_time\" content=\"2021-11-10T12:08:02+00:00\" \/>\n<meta property=\"og:image\" content=\"https:\/\/primed-miur.it\/wp-content\/uploads\/2021\/05\/centro001.jpg\" \/>\n<meta name=\"twitter:card\" content=\"summary_large_image\" \/>\n<script type=\"application\/ld+json\" class=\"yoast-schema-graph\">{\"@context\":\"https:\/\/schema.org\",\"@graph\":[{\"@type\":\"Organization\",\"@id\":\"https:\/\/primed-miur.it\/fr\/#organization\",\"name\":\"PriMED\",\"url\":\"https:\/\/primed-miur.it\/fr\/\",\"sameAs\":[\"https:\/\/www.facebook.com\/fidr.primed\",\"https:\/\/instagram.com\/primed2019?igshid=1piy2qg58ea5g\"],\"logo\":{\"@type\":\"ImageObject\",\"@id\":\"https:\/\/primed-miur.it\/fr\/#logo\",\"inLanguage\":\"fr-FR\",\"url\":\"https:\/\/primed-miur.it\/wp-content\/uploads\/2017\/11\/testata-Header-PRIMED-1-2.png\",\"width\":876,\"height\":250,\"caption\":\"PriMED\"},\"image\":{\"@id\":\"https:\/\/primed-miur.it\/fr\/#logo\"}},{\"@type\":\"WebSite\",\"@id\":\"https:\/\/primed-miur.it\/fr\/#website\",\"url\":\"https:\/\/primed-miur.it\/fr\/\",\"name\":\"PriMED\",\"description\":\"PriMED - Prevenzione e interazione nello spazio Trans-Mediterraneo\",\"publisher\":{\"@id\":\"https:\/\/primed-miur.it\/fr\/#organization\"},\"potentialAction\":[{\"@type\":\"SearchAction\",\"target\":\"https:\/\/primed-miur.it\/fr\/?s={search_term_string}\",\"query-input\":\"required name=search_term_string\"}],\"inLanguage\":\"fr-FR\"},{\"@type\":\"WebPage\",\"@id\":\"https:\/\/primed-miur.it\/fr\/centre-detudes-de-recherche-et-de-formation-sur-lislam-italien\/#webpage\",\"url\":\"https:\/\/primed-miur.it\/fr\/centre-detudes-de-recherche-et-de-formation-sur-lislam-italien\/\",\"name\":\"CENTRE D'\\u00c9TUDES, DE RECHERCHE ET DE FORMATION SUR L'ISLAM ITALIEN\",\"isPartOf\":{\"@id\":\"https:\/\/primed-miur.it\/fr\/#website\"},\"datePublished\":\"2021-11-10T12:07:26+00:00\",\"dateModified\":\"2021-11-10T12:08:02+00:00\",\"inLanguage\":\"fr-FR\",\"potentialAction\":[{\"@type\":\"ReadAction\",\"target\":[\"https:\/\/primed-miur.it\/fr\/centre-detudes-de-recherche-et-de-formation-sur-lislam-italien\/\"]}]}]}<\/script>\n<!-- \/ Yoast SEO Premium plugin. -->","_links":{"self":[{"href":"https:\/\/primed-miur.it\/fr\/wp-json\/wp\/v2\/pages\/9617","targetHints":{"allow":["GET"]}}],"collection":[{"href":"https:\/\/primed-miur.it\/fr\/wp-json\/wp\/v2\/pages"}],"about":[{"href":"https:\/\/primed-miur.it\/fr\/wp-json\/wp\/v2\/types\/page"}],"author":[{"embeddable":true,"href":"https:\/\/primed-miur.it\/fr\/wp-json\/wp\/v2\/users\/2"}],"replies":[{"embeddable":true,"href":"https:\/\/primed-miur.it\/fr\/wp-json\/wp\/v2\/comments?post=9617"}],"version-history":[{"count":3,"href":"https:\/\/primed-miur.it\/fr\/wp-json\/wp\/v2\/pages\/9617\/revisions"}],"predecessor-version":[{"id":9733,"href":"https:\/\/primed-miur.it\/fr\/wp-json\/wp\/v2\/pages\/9617\/revisions\/9733"}],"wp:attachment":[{"href":"https:\/\/primed-miur.it\/fr\/wp-json\/wp\/v2\/media?parent=9617"}],"wp:term":[{"taxonomy":"yst_prominent_words","embeddable":true,"href":"https:\/\/primed-miur.it\/fr\/wp-json\/wp\/v2\/yst_prominent_words?post=9617"}],"curies":[{"name":"wp","href":"https:\/\/api.w.org\/{rel}","templated":true}]}}