{"id":9625,"date":"2021-11-10T14:19:30","date_gmt":"2021-11-10T13:19:30","guid":{"rendered":"https:\/\/primed-miur.it\/master-international-en-religion-politique-et-societe-globale\/"},"modified":"2021-11-10T14:19:55","modified_gmt":"2021-11-10T13:19:55","slug":"master-international-en-religion-politique-et-societe-globale","status":"publish","type":"page","link":"https:\/\/primed-miur.it\/fr\/master-international-en-religion-politique-et-societe-globale\/","title":{"rendered":"MASTER INTERNATIONAL EN RELIGION, POLITIQUE ET SOCI\u00c9T\u00c9 GLOBALE"},"content":{"rendered":"<section class=\"wpb-content-wrapper\"><p>[vc_row full_width=\u00a0\u00bbstretch_row_content_no_spaces\u00a0\u00bb css=\u00a0\u00bb.vc_custom_1567531346627{margin-top: -50px !important;}\u00a0\u00bb][vc_column css=\u00a0\u00bb.vc_custom_1567530820972{margin-top: -50px !important;}\u00a0\u00bb][rev_slider_vc alias=\u00a0\u00bbPolitics-and-Global-Society-fr\u00a0\u00bb][\/vc_column][\/vc_row][vc_row u_row_style=\u00a0\u00bb0&Prime; u_row_paralax=\u00a0\u00bb0&Prime; u_row_scheme=\u00a0\u00bb0&Prime; css=\u00a0\u00bb.vc_custom_1564252778379{margin-left: 30px !important;}\u00a0\u00bb][vc_column width=\u00a0\u00bb3\/4&Prime;][vc_custom_heading text=\u00a0\u00bbPR\u00c9SENTATION\u00a0\u00bb font_container=\u00a0\u00bbtag:h3|text_align:left|color:%23f79d1c\u00a0\u00bb use_theme_fonts=\u00a0\u00bbyes\u00a0\u00bb][vc_column_text]Il est institu\u00e9, pour l&rsquo;ann\u00e9e universitaire 2021\/2022, le \u00ab\u00a0Master international en religion, politique et soci\u00e9t\u00e9 globale-IMRPGS\u00a0\u00bb \u00e0 l&rsquo;Universit\u00e9 du Pi\u00e9mont oriental et \u00e0 l&rsquo;Universit\u00e9 de Padoue, avec la collaboration de l&rsquo;Universit\u00e9 internationale de Rabat, organis\u00e9 dans le cadre d&rsquo;une convention sign\u00e9e entre les trois universit\u00e9s susmentionn\u00e9es.<\/p>\n<p>Le cours est id\u00e9alement un d\u00e9veloppement du projet \u00ab\u00a0PriMED &#8211; Pr\u00e9vention et interaction dans l&rsquo;espace transm\u00e9diterran\u00e9en\u00a0\u00bb, financ\u00e9 par le MUR et mis en \u0153uvre par l&rsquo;Universit\u00e9 du Pi\u00e9mont (en tant qu'\u00a0\u00bbUniversit\u00e9 internationale de Rabat\u00a0\u00bb).<\/p>\n<p>Le cours est id\u00e9alement un d\u00e9veloppement du projet \u00ab\u00a0PriMED &#8211; Pr\u00e9vention et interaction dans l&rsquo;espace transm\u00e9diterran\u00e9en\u00a0\u00bb, financ\u00e9 par le MUR et mis en \u0153uvre par l&rsquo;Universit\u00e9 du Pi\u00e9mont (en tant que \u00ab\u00a0leader\u00a0\u00bb), l&rsquo;Universit\u00e9 de Padoue, l&rsquo;Universit\u00e9 internationale de Rabat et de nombreuses autres institutions italiennes et internationales.[\/vc_column_text][vc_empty_space height=\u00a0\u00bb15px\u00a0\u00bb][vc_custom_heading text=\u00a0\u00bbINFORMATIONS\u00a0\u00bb font_container=\u00a0\u00bbtag:h3|text_align:left|color:%23f79d1c\u00a0\u00bb use_theme_fonts=\u00a0\u00bbyes\u00a0\u00bb][vc_column_text]<\/strong><br \/>[\/vc_column_text][vc_btn title=\u00a0\u00bbLire plus&#8230;\u00a0\u00bb style=\u00a0\u00bbclassic\u00a0\u00bb shape=\u00a0\u00bbsquare\u00a0\u00bb color=\u00a0\u00bbprimary\u00a0\u00bb i_icon_fontawesome=\u00a0\u00bbfa fa-link\u00a0\u00bb add_icon=\u00a0\u00bbtrue\u00a0\u00bb link=\u00a0\u00bburl:https%3A%2F%2Fwww.uniupo.it%2Fen%2Fnode%2F6840|target:%20_blank|\u00a0\u00bb][vc_empty_space height=\u00a0\u00bb15px\u00a0\u00bb][vc_custom_heading text=\u00a0\u00bbBOURSES\u00a0\u00bb font_container=\u00a0\u00bbtag:h3|text_align:left|color:%23f79d1c\u00a0\u00bb use_theme_fonts=\u00a0\u00bbyes\u00a0\u00bb][vc_column_text]Selon l&rsquo;art. 10 et l&rsquo;art. 11 de la convention entre les trois universit\u00e9s partenaires de ce Master, c&rsquo;est l&rsquo;Universit\u00e9 Internationale de Rabat qui g\u00e8re les aspects li\u00e9s aux frais d&rsquo;inscription et aux bourses d&rsquo;\u00e9tudes avec un plan d&rsquo;action sp\u00e9cifique.<\/p>\n<p>Des bourses d&rsquo;\u00e9tudes sont pr\u00e9vues.\n<\/p>\n<p>Des bourses sont accord\u00e9es \u00e0 certains \u00e9tudiants sur la base du m\u00e9rite et des conditions \u00e9conomiques, pour couvrir tout ou partie des frais d&rsquo;inscription.<\/p>\n<p><p>Les candidats doivent produire des preuves d&rsquo;excellence acad\u00e9mique et des preuves de besoins socio-\u00e9conomiques. Les programmes d&rsquo;aide financi\u00e8re seront de deux types : A) Couverture compl\u00e8te des frais d&rsquo;inscription \u00e0 l&rsquo;universit\u00e9 : (6 000,00 \u20ac) ; B) Couverture partielle de 50 % des frais de scolarit\u00e9 (3 000,00 \u20ac) ; une bourse d&rsquo;\u00e9tudes de 1 000,00 \u20ac pour l&rsquo;\u00e9tudiant ayant obtenu la meilleure note.[\/vc_column_text][vc_empty_space height=\u00a0\u00bb15px\u00a0\u00bb][vc_custom_heading text=\u00a0\u00bbAFFICHE\u00a0\u00bb font_container=\u00a0\u00bbtag:h3|text_align:left|color:%23f79d1c\u00a0\u00bb use_theme_fonts=\u00a0\u00bbyes\u00a0\u00bb][vc_btn title=\u00a0\u00bbIMRPGS ENG\u00a0\u00bb style=\u00a0\u00bbclassic\u00a0\u00bb shape=\u00a0\u00bbsquare\u00a0\u00bb color=\u00a0\u00bbprimary\u00a0\u00bb i_icon_fontawesome=\u00a0\u00bbfa fa-file-pdf-o\u00a0\u00bb add_icon=\u00a0\u00bbtrue\u00a0\u00bb link=\u00a0\u00bburl:https%3A%2F%2Fprimed-miur.it%2Fwp-content%2Fuploads%2F2017%2F12%2FIMRPGS.ENG_update.pdf|title:IMRPGS%20ENG|target:%20_blank|\u00a0\u00bb][vc_btn title=\u00a0\u00bbIMRPGS FR\u00a0\u00bb style=\u00a0\u00bbclassic\u00a0\u00bb shape=\u00a0\u00bbsquare\u00a0\u00bb color=\u00a0\u00bbprimary\u00a0\u00bb i_icon_fontawesome=\u00a0\u00bbfa fa-file-pdf-o\u00a0\u00bb add_icon=\u00a0\u00bbtrue\u00a0\u00bb link=\u00a0\u00bburl:https%3A%2F%2Fprimed-miur.it%2Fwp-content%2Fuploads%2F2017%2F12%2FIMRPGS.FR-update.pdf|title:IMRPGS%20FR|target:%20_blank|\u00a0\u00bb][vc_btn title=\u00a0\u00bbIMRPGS AR\u00a0\u00bb style=\u00a0\u00bbclassic\u00a0\u00bb shape=\u00a0\u00bbsquare\u00a0\u00bb color=\u00a0\u00bbprimary\u00a0\u00bb i_icon_fontawesome=\u00a0\u00bbfa fa-file-pdf-o\u00a0\u00bb add_icon=\u00a0\u00bbtrue\u00a0\u00bb link=\u00a0\u00bburl:https%3A%2F%2Fprimed-miur.it%2Fwp-content%2Fuploads%2F2017%2F12%2FIMRPGS.AR_update.pdf|target:%20_blank|\u00a0\u00bb][\/vc_column][vc_column width=\u00a0\u00bb1\/4&Prime;][vc_widget_sidebar sidebar_id=\u00a0\u00bbblog-sidebar\u00a0\u00bb][\/vc_column][\/vc_row]<\/p>\n<\/section>","protected":false},"excerpt":{"rendered":"<p>[vc_row full_width=\u00a0\u00bbstretch_row_content_no_spaces\u00a0\u00bb css=\u00a0\u00bb.vc_custom_1567531346627{margin-top: -50px !important;}\u00a0\u00bb][vc_column css=\u00a0\u00bb.vc_custom_1567530820972{margin-top: -50px !important;}\u00a0\u00bb][rev_slider_vc alias=\u00a0\u00bbPolitics-and-Global-Society-fr\u00a0\u00bb][\/vc_column][\/vc_row][vc_row u_row_style=\u00a0\u00bb0&Prime; u_row_paralax=\u00a0\u00bb0&Prime; u_row_scheme=\u00a0\u00bb0&Prime; css=\u00a0\u00bb.vc_custom_1564252778379{margin-left: 30px !important;}\u00a0\u00bb][vc_column width=\u00a0\u00bb3\/4&Prime;][vc_custom_heading text=\u00a0\u00bbPR\u00c9SENTATION\u00a0\u00bb font_container=\u00a0\u00bbtag:h3|text_align:left|color:%23f79d1c\u00a0\u00bb use_theme_fonts=\u00a0\u00bbyes\u00a0\u00bb][vc_column_text]Il est institu\u00e9, pour l&rsquo;ann\u00e9e universitaire 2021\/2022, le \u00ab\u00a0Master international en religion, politique et soci\u00e9t\u00e9 globale-IMRPGS\u00a0\u00bb \u00e0 l&rsquo;Universit\u00e9 du Pi\u00e9mont oriental et \u00e0 l&rsquo;Universit\u00e9 de Padoue, avec la collaboration de l&rsquo;Universit\u00e9 internationale de Rabat, organis\u00e9 dans le [&hellip;]<\/p>\n","protected":false},"author":2,"featured_media":0,"parent":0,"menu_order":0,"comment_status":"closed","ping_status":"closed","template":"","meta":{"inline_featured_image":false,"footnotes":""},"yst_prominent_words":[],"class_list":["post-9625","page","type-page","status-publish","hentry"],"yoast_head":"<!-- This site is optimized with the Yoast SEO Premium plugin v14.1 - https:\/\/yoast.com\/wordpress\/plugins\/seo\/ -->\n<title>MASTER INTERNATIONAL EN RELIGION, POLITIQUE ET SOCI\u00c9T\u00c9 GLOBALE<\/title>\n<meta name=\"robots\" content=\"index, follow\" \/>\n<meta name=\"googlebot\" content=\"index, follow, max-snippet:-1, max-image-preview:large, max-video-preview:-1\" \/>\n<meta name=\"bingbot\" content=\"index, follow, max-snippet:-1, max-image-preview:large, max-video-preview:-1\" \/>\n<link rel=\"canonical\" href=\"https:\/\/primed-miur.it\/fr\/master-international-en-religion-politique-et-societe-globale\/\" \/>\n<meta property=\"og:locale\" content=\"fr_FR\" \/>\n<meta property=\"og:type\" content=\"article\" \/>\n<meta property=\"og:title\" content=\"MASTER INTERNATIONAL EN RELIGION, POLITIQUE ET SOCI\u00c9T\u00c9 GLOBALE\" \/>\n<meta property=\"og:description\" content=\"[vc_row full_width=\u00a0\u00bbstretch_row_content_no_spaces\u00a0\u00bb css=\u00a0\u00bb.vc_custom_1567531346627{margin-top: -50px !important;}\u00a0\u00bb][vc_column css=\u00a0\u00bb.vc_custom_1567530820972{margin-top: -50px !important;}\u00a0\u00bb][rev_slider_vc alias=\u00a0\u00bbPolitics-and-Global-Society-fr\u00a0\u00bb][\/vc_column][\/vc_row][vc_row u_row_style=\u00a0\u00bb0&Prime; u_row_paralax=\u00a0\u00bb0&Prime; u_row_scheme=\u00a0\u00bb0&Prime; css=\u00a0\u00bb.vc_custom_1564252778379{margin-left: 30px !important;}\u00a0\u00bb][vc_column width=\u00a0\u00bb3\/4&Prime;][vc_custom_heading text=\u00a0\u00bbPR\u00c9SENTATION\u00a0\u00bb font_container=\u00a0\u00bbtag:h3|text_align:left|color:%23f79d1c\u00a0\u00bb use_theme_fonts=\u00a0\u00bbyes\u00a0\u00bb][vc_column_text]Il est institu\u00e9, pour l&rsquo;ann\u00e9e universitaire 2021\/2022, le \u00ab\u00a0Master international en religion, politique et soci\u00e9t\u00e9 globale-IMRPGS\u00a0\u00bb \u00e0 l&rsquo;Universit\u00e9 du Pi\u00e9mont oriental et \u00e0 l&rsquo;Universit\u00e9 de Padoue, avec la collaboration de l&rsquo;Universit\u00e9 internationale de Rabat, organis\u00e9 dans le [&hellip;]\" \/>\n<meta property=\"og:url\" content=\"https:\/\/primed-miur.it\/fr\/master-international-en-religion-politique-et-societe-globale\/\" \/>\n<meta property=\"og:site_name\" content=\"PriMED\" \/>\n<meta property=\"article:publisher\" content=\"https:\/\/www.facebook.com\/fidr.primed\" \/>\n<meta property=\"article:modified_time\" content=\"2021-11-10T13:19:55+00:00\" \/>\n<meta property=\"og:image\" content=\"https:\/\/primed-miur.it\/wp-content\/uploads\/2017\/11\/logo_video_primed.png\" \/>\n\t<meta property=\"og:image:width\" content=\"300\" \/>\n\t<meta property=\"og:image:height\" content=\"188\" \/>\n<meta name=\"twitter:card\" content=\"summary_large_image\" \/>\n<script type=\"application\/ld+json\" class=\"yoast-schema-graph\">{\"@context\":\"https:\/\/schema.org\",\"@graph\":[{\"@type\":\"Organization\",\"@id\":\"https:\/\/primed-miur.it\/fr\/#organization\",\"name\":\"PriMED\",\"url\":\"https:\/\/primed-miur.it\/fr\/\",\"sameAs\":[\"https:\/\/www.facebook.com\/fidr.primed\",\"https:\/\/instagram.com\/primed2019?igshid=1piy2qg58ea5g\"],\"logo\":{\"@type\":\"ImageObject\",\"@id\":\"https:\/\/primed-miur.it\/fr\/#logo\",\"inLanguage\":\"fr-FR\",\"url\":\"https:\/\/primed-miur.it\/wp-content\/uploads\/2017\/11\/testata-Header-PRIMED-1-2.png\",\"width\":876,\"height\":250,\"caption\":\"PriMED\"},\"image\":{\"@id\":\"https:\/\/primed-miur.it\/fr\/#logo\"}},{\"@type\":\"WebSite\",\"@id\":\"https:\/\/primed-miur.it\/fr\/#website\",\"url\":\"https:\/\/primed-miur.it\/fr\/\",\"name\":\"PriMED\",\"description\":\"PriMED - Prevenzione e interazione nello spazio Trans-Mediterraneo\",\"publisher\":{\"@id\":\"https:\/\/primed-miur.it\/fr\/#organization\"},\"potentialAction\":[{\"@type\":\"SearchAction\",\"target\":\"https:\/\/primed-miur.it\/fr\/?s={search_term_string}\",\"query-input\":\"required name=search_term_string\"}],\"inLanguage\":\"fr-FR\"},{\"@type\":\"WebPage\",\"@id\":\"https:\/\/primed-miur.it\/fr\/master-international-en-religion-politique-et-societe-globale\/#webpage\",\"url\":\"https:\/\/primed-miur.it\/fr\/master-international-en-religion-politique-et-societe-globale\/\",\"name\":\"MASTER INTERNATIONAL EN RELIGION, POLITIQUE ET SOCI\\u00c9T\\u00c9 GLOBALE\",\"isPartOf\":{\"@id\":\"https:\/\/primed-miur.it\/fr\/#website\"},\"datePublished\":\"2021-11-10T13:19:30+00:00\",\"dateModified\":\"2021-11-10T13:19:55+00:00\",\"inLanguage\":\"fr-FR\",\"potentialAction\":[{\"@type\":\"ReadAction\",\"target\":[\"https:\/\/primed-miur.it\/fr\/master-international-en-religion-politique-et-societe-globale\/\"]}]}]}<\/script>\n<!-- \/ Yoast SEO Premium plugin. -->","_links":{"self":[{"href":"https:\/\/primed-miur.it\/fr\/wp-json\/wp\/v2\/pages\/9625","targetHints":{"allow":["GET"]}}],"collection":[{"href":"https:\/\/primed-miur.it\/fr\/wp-json\/wp\/v2\/pages"}],"about":[{"href":"https:\/\/primed-miur.it\/fr\/wp-json\/wp\/v2\/types\/page"}],"author":[{"embeddable":true,"href":"https:\/\/primed-miur.it\/fr\/wp-json\/wp\/v2\/users\/2"}],"replies":[{"embeddable":true,"href":"https:\/\/primed-miur.it\/fr\/wp-json\/wp\/v2\/comments?post=9625"}],"version-history":[{"count":2,"href":"https:\/\/primed-miur.it\/fr\/wp-json\/wp\/v2\/pages\/9625\/revisions"}],"predecessor-version":[{"id":9627,"href":"https:\/\/primed-miur.it\/fr\/wp-json\/wp\/v2\/pages\/9625\/revisions\/9627"}],"wp:attachment":[{"href":"https:\/\/primed-miur.it\/fr\/wp-json\/wp\/v2\/media?parent=9625"}],"wp:term":[{"taxonomy":"yst_prominent_words","embeddable":true,"href":"https:\/\/primed-miur.it\/fr\/wp-json\/wp\/v2\/yst_prominent_words?post=9625"}],"curies":[{"name":"wp","href":"https:\/\/api.w.org\/{rel}","templated":true}]}}