{"id":9727,"date":"2021-11-11T10:42:50","date_gmt":"2021-11-11T09:42:50","guid":{"rendered":"https:\/\/primed-miur.it\/formation-avancee-pour-le-personnel-de-ladministration-penitentiaire-regionale\/"},"modified":"2021-11-11T10:45:37","modified_gmt":"2021-11-11T09:45:37","slug":"formation-avancee-pour-le-personnel-de-ladministration-penitentiaire-regionale","status":"publish","type":"page","link":"https:\/\/primed-miur.it\/fr\/formation-avancee-pour-le-personnel-de-ladministration-penitentiaire-regionale\/","title":{"rendered":"COURS DE FORMATION AVANC\u00c9E POUR LE PERSONNEL DE L&rsquo;ADMINISTRATION P\u00c9NITENTIAIRE R\u00c9GIONALE"},"content":{"rendered":"<section class=\"wpb-content-wrapper\"><p>[vc_row full_width=\u00a0\u00bbstretch_row_content_no_spaces\u00a0\u00bb css=\u00a0\u00bb.vc_custom_1568279189416{margin-top: -50px !important;}\u00a0\u00bb][vc_column][rev_slider_vc alias=\u00a0\u00bbAMM-PENITENZIARIA-2021-fr\u00a0\u00bb][\/vc_column][\/vc_row][vc_row][vc_column width=\u00a0\u00bb3\/4&Prime;][vc_row_inner][vc_column_inner width=\u00a0\u00bb5\/6&Prime;][vc_empty_space height=\u00a0\u00bb12px\u00a0\u00bb][vc_custom_heading text=\u00a0\u00bbCours de formation avanc\u00e9e pour\u00a0\u00bb font_container=\u00a0\u00bbtag:h2|text_align:left|color:%23f79d1c\u00a0\u00bb use_theme_fonts=\u00a0\u00bbyes\u00a0\u00bb][vc_custom_heading text=\u00a0\u00bb<strong>LE PERSONNEL DE L&rsquo;ADMINISTRATION P\u00c9NITENTIAIRE R\u00c9GIONALE<\/strong>\u00a0\u00bb font_container=\u00a0\u00bbtag:h2|text_align:left|color:%23233255&Prime; use_theme_fonts=\u00a0\u00bbyes\u00a0\u00bb][vc_column_text]<\/p>\n<div class=\"page\" title=\"Page 1\">\n<div class=\"layoutArea\">\n<div class=\"column\">\n<p>Universit\u00e9 d&rsquo;\u00c9tat de Milan<\/p><\/div>\n<\/div>\n<\/div>\n<p>[\/vc_column_text][\/vc_column_inner][vc_column_inner width=\u00a0\u00bb1\/6&Prime;][\/vc_column_inner][\/vc_row_inner][vc_row_inner css=\u00a0\u00bb.vc_custom_1621632145073{background-color: #233255 !important;}\u00a0\u00bb][vc_column_inner width=\u00a0\u00bb5\/6&Prime;][vc_custom_heading text=\u00a0\u00bbPremi\u00e8re le\u00e7on ISLAM ET MIGRATIONS <b>04\/06\/2021<\/b>\u00a0\u00bb font_container=\u00a0\u00bbtag:p|text_align:left|color:%23f79d1c\u00a0\u00bb use_theme_fonts=\u00a0\u00bbyes\u00a0\u00bb][vc_custom_heading text=\u00a0\u00bb<b>Cours destin\u00e9 aux fonctionnaires et employ\u00e9s des PRAP (\u00c9tablissements p\u00e9nitentiaires) et des UIEPE (Office Interdistrict d&rsquo;Ex\u00e9cution P\u00e9nale Ext\u00e9rieure)<\/b>.\u00a0\u00bb font_container=\u00a0\u00bbtag:h4|text_align:left|color:%23ffffff\u00a0\u00bb use_theme_fonts=\u00a0\u00bbyes\u00a0\u00bb][vc_btn title=\u00a0\u00bbCalendrier des cours\u00a0\u00bb style=\u00a0\u00bbclassic\u00a0\u00bb shape=\u00a0\u00bbsquare\u00a0\u00bb color=\u00a0\u00bbprimary\u00a0\u00bb i_icon_fontawesome=\u00a0\u00bbfa fa-file-pdf-o\u00a0\u00bb add_icon=\u00a0\u00bbtrue\u00a0\u00bb link=\u00a0\u00bburl:https%3A%2F%2Fprimed-miur.it%2Ffiles%2FPieghevole_PRAP_2021.pdf|title:rapport|target:%20_blank|\u00a0\u00bb][\/vc_column_inner][vc_column_inner width=\u00a0\u00bb1\/6&Prime;][\/vc_column_inner][\/vc_row_inner][vc_empty_space height=\u00a0\u00bb22px\u00a0\u00bb][vc_row_inner css=\u00a0\u00bb.vc_custom_1621632145073{background-color: #233255 !important;}\u00a0\u00bb][vc_column_inner width=\u00a0\u00bb5\/6&Prime;][vc_custom_heading text=\u00a0\u00bbPrima lezione ISLAM E MIGRAZIONI <b>21\/06\/2021<\/b>\u00a0\u00bb font_container=\u00a0\u00bbtag:p|text_align:left|color:%23f79d1c\u00a0\u00bb use_theme_fonts=\u00a0\u00bbyes\u00a0\u00bb][vc_custom_heading text=\u00a0\u00bb<b>Cours pour les fonctionnaires et les employ\u00e9s de la pr\u00e9fecture de police de Milan<\/b>.\u00a0\u00bb font_container=\u00a0\u00bbtag:h4|text_align:left|color:%23ffffff\u00a0\u00bb use_theme_fonts=\u00a0\u00bbyes\u00a0\u00bb][vc_btn title=\u00a0\u00bbCalendrier des cours\u00a0\u00bb style=\u00a0\u00bbclassic\u00a0\u00bb shape=\u00a0\u00bbsquare\u00a0\u00bb color=\u00a0\u00bbprimary\u00a0\u00bb i_icon_fontawesome=\u00a0\u00bbfa fa-file-pdf-o\u00a0\u00bb add_icon=\u00a0\u00bbtrue\u00a0\u00bb link=\u00a0\u00bburl:https%3A%2F%2Fprimed-miur.it%2Ffiles%2FPieghevole_Questura_2021.pdf|title:rapport|target:%20_blank|\u00a0\u00bb][\/vc_column_inner][vc_column_inner width=\u00a0\u00bb1\/6&Prime;][\/vc_column_inner][\/vc_row_inner][vc_row_inner css=\u00a0\u00bb.vc_custom_1604525724337{margin-top: 20px !important;}\u00a0\u00bb][vc_column_inner width=\u00a0\u00bb5\/6&Prime;][vc_empty_space height=\u00a0\u00bb12px\u00a0\u00bb][vc_custom_heading text=\u00a0\u00bbOBJECTIFS\u00a0\u00bb font_container=\u00a0\u00bbtag:h3|text_align:left|color:%23f79d1c\u00a0\u00bb use_theme_fonts=\u00a0\u00bbyes\u00a0\u00bb][vc_column_text]<\/p>\n<div class=\"page\" title=\"Page 1\">\n<div class=\"section\">\n<div class=\"layoutArea\">\n<div class=\"column\">\n<div class=\"page\" title=\"Page 2\">\n<div class=\"layoutArea\">\n<div class=\"column\">\n<p><strong>L&rsquo;objectif du cours de formation avanc\u00e9e \u00ab\u00a0Introduction \u00e0 la connaissance de l&rsquo;Islam en Italie\u00a0\u00bb<\/strong> est de fournir aux participants les cat\u00e9gories culturelles et les outils juridiques utiles pour aborder la question de la diversit\u00e9 religieuse et culturelle dans une soci\u00e9t\u00e9 plurielle, avec une attention particuli\u00e8re pour les immigrants de tradition islamique. Les th\u00e8mes indiqu\u00e9s dans le programme combineront une perspective th\u00e9orique avec l&rsquo;examen de cas pratiques identifi\u00e9s sur la base des int\u00e9r\u00eats des participants \u00e0 la formation.<\/p>\n<p><strong>La structure du cours de formation avanc\u00e9e<\/strong> consiste, en plus de l&rsquo;\u00e9v\u00e9nement de pr\u00e9sentation, en 8 le\u00e7ons de 4 heures chacune, dispens\u00e9es de mani\u00e8re synchrone et asynchrone via le logiciel Microsoft Teams et soutenues par des supports (vid\u00e9os, textes, documents, diapositives) mis \u00e0 disposition via une plateforme \u00e9lectronique d\u00e9di\u00e9e.<\/div>\n<\/div>\n<\/div>\n<\/div>\n<\/div>\n<\/div>\n<\/div>\n<p>[\/vc_column_text][\/vc_column_inner][vc_column_inner width=\u00a0\u00bb1\/6&Prime;][\/vc_column_inner][\/vc_row_inner][vc_row_inner][vc_column_inner width=\u00a0\u00bb1\/2&Prime;][vc_custom_heading text=\u00a0\u00bbCOMIT\u00c9 SCIENTIFIQUE\u00a0\u00bb font_container=\u00a0\u00bbtag:h3|text_align:left|color:%23f79d1c\u00a0\u00bb use_theme_fonts=\u00a0\u00bbyes\u00a0\u00bb][vc_column_text]<\/p>\n<div class=\"page\" title=\"Page 1\">\n<div class=\"layoutArea\">\n<div class=\"column\">\n<p>Natascia MARCHEI<br \/>\nDaniela MILAN<br \/>\nCristiana CIANITTO<br \/>\nAlessandro CESERANI<\/div>\n<\/div>\n<\/div>\n<p>[\/vc_column_text][vc_custom_heading text=\u00a0\u00bbCONTACTS\u00a0\u00bb font_container=\u00a0\u00bbtag:h3|text_align:left|color:%23f79d1c\u00a0\u00bb use_theme_fonts=\u00a0\u00bbyes\u00a0\u00bb][vc_column_text]<\/p>\n<div class=\"page\" title=\"Page 1\">\n<div class=\"layoutArea\">\n<div class=\"column\">\n<p><a href=\"mailto:primedmilano@gmail.com\">primedmilano@gmail.com<\/a><\/div>\n<\/div>\n<\/div>\n<p>[\/vc_column_text][\/vc_column_inner][vc_column_inner width=\u00a0\u00bb1\/2&Prime;][vc_custom_heading text=\u00a0\u00bbSECRETARIAT\u00a0\u00bb font_container=\u00a0\u00bbtag:h3|text_align:left|color:%23f79d1c\u00a0\u00bb use_theme_fonts=\u00a0\u00bbyes\u00a0\u00bb][vc_column_text]<\/p>\n<div class=\"page\" title=\"Page 1\">\n<div class=\"layoutArea\">\n<div class=\"column\">\n<div class=\"page\" title=\"Page 1\">\n<div class=\"layoutArea\">\n<div class=\"column\">\n<p>Andrea CESARINI<br \/>\nUniversit\u00e9 de Milan Bicocca<\/p>\n<p>Federico COLOMBO<br \/>\nUniversit\u00e9 de Milan<\/div>\n<\/div>\n<\/div>\n<\/div>\n<\/div>\n<\/div>\n<p>[\/vc_column_text][vc_custom_heading text=\u00a0\u00bbLIEU DU COURS\u00a0\u00bb font_container=\u00a0\u00bbtag:h3|text_align:left|color:%23f79d1c\u00a0\u00bb use_theme_fonts=\u00a0\u00bbyes\u00a0\u00bb][vc_column_text]<\/p>\n<div class=\"page\" title=\"Page 1\">\n<div class=\"layoutArea\">\n<div class=\"column\">\n<div class=\"page\" title=\"Page 1\">\n<div class=\"layoutArea\">\n<div class=\"column\">\n<div class=\"page\" title=\"Page 1\">\n<div class=\"layoutArea\">\n<div class=\"column\">\n<p>Universit\u00e9 de Milan<br \/>\nVia Festa del Perdono, 7, MILANO<\/div>\n<\/div>\n<\/div>\n<\/div>\n<\/div>\n<\/div>\n<\/div>\n<\/div>\n<\/div>\n<p>[\/vc_column_text][\/vc_column_inner][\/vc_row_inner][\/vc_column][vc_column width=\u00a0\u00bb1\/4&Prime;][vc_widget_sidebar sidebar_id=\u00a0\u00bbblog-sidebar\u00a0\u00bb][\/vc_column][\/vc_row][vc_row disable_element=\u00a0\u00bbyes\u00a0\u00bb][vc_column][vc_single_image image=\u00a0\u00bb8588&Prime;][\/vc_column][\/vc_row]<\/p>\n<\/section>","protected":false},"excerpt":{"rendered":"<p>[vc_row full_width=\u00a0\u00bbstretch_row_content_no_spaces\u00a0\u00bb css=\u00a0\u00bb.vc_custom_1568279189416{margin-top: -50px !important;}\u00a0\u00bb][vc_column][rev_slider_vc alias=\u00a0\u00bbAMM-PENITENZIARIA-2021-fr\u00a0\u00bb][\/vc_column][\/vc_row][vc_row][vc_column width=\u00a0\u00bb3\/4&Prime;][vc_row_inner][vc_column_inner width=\u00a0\u00bb5\/6&Prime;][vc_empty_space height=\u00a0\u00bb12px\u00a0\u00bb][vc_custom_heading text=\u00a0\u00bbCours de formation avanc\u00e9e pour\u00a0\u00bb font_container=\u00a0\u00bbtag:h2|text_align:left|color:%23f79d1c\u00a0\u00bb use_theme_fonts=\u00a0\u00bbyes\u00a0\u00bb][vc_custom_heading text=\u00a0\u00bbLE PERSONNEL DE L&rsquo;ADMINISTRATION P\u00c9NITENTIAIRE R\u00c9GIONALE\u00a0\u00bb font_container=\u00a0\u00bbtag:h2|text_align:left|color:%23233255&Prime; use_theme_fonts=\u00a0\u00bbyes\u00a0\u00bb][vc_column_text] Universit\u00e9 d&rsquo;\u00c9tat de Milan [\/vc_column_text][\/vc_column_inner][vc_column_inner width=\u00a0\u00bb1\/6&Prime;][\/vc_column_inner][\/vc_row_inner][vc_row_inner css=\u00a0\u00bb.vc_custom_1621632145073{background-color: #233255 !important;}\u00a0\u00bb][vc_column_inner width=\u00a0\u00bb5\/6&Prime;][vc_custom_heading text=\u00a0\u00bbPremi\u00e8re le\u00e7on ISLAM ET MIGRATIONS 04\/06\/2021\u00a0\u00bb font_container=\u00a0\u00bbtag:p|text_align:left|color:%23f79d1c\u00a0\u00bb use_theme_fonts=\u00a0\u00bbyes\u00a0\u00bb][vc_custom_heading text=\u00a0\u00bbCours destin\u00e9 aux fonctionnaires et employ\u00e9s des PRAP (\u00c9tablissements p\u00e9nitentiaires) et des UIEPE [&hellip;]<\/p>\n","protected":false},"author":2,"featured_media":1982,"parent":0,"menu_order":0,"comment_status":"closed","ping_status":"closed","template":"","meta":{"inline_featured_image":false,"footnotes":""},"yst_prominent_words":[371,502,1971,370,480],"class_list":["post-9727","page","type-page","status-publish","has-post-thumbnail","hentry"],"yoast_head":"<!-- This site is optimized with the Yoast SEO Premium plugin v14.1 - https:\/\/yoast.com\/wordpress\/plugins\/seo\/ -->\n<title>COURS DE FORMATION AVANC\u00c9E POUR LE PERSONNEL DE L&#039;ADMINISTRATION P\u00c9NITENTIAIRE R\u00c9GIONALE<\/title>\n<meta name=\"robots\" content=\"index, follow\" \/>\n<meta name=\"googlebot\" content=\"index, follow, max-snippet:-1, max-image-preview:large, max-video-preview:-1\" \/>\n<meta name=\"bingbot\" content=\"index, follow, max-snippet:-1, max-image-preview:large, max-video-preview:-1\" \/>\n<link rel=\"canonical\" href=\"https:\/\/primed-miur.it\/fr\/formation-avancee-pour-le-personnel-de-ladministration-penitentiaire-regionale\/\" \/>\n<meta property=\"og:locale\" content=\"fr_FR\" \/>\n<meta property=\"og:type\" content=\"article\" \/>\n<meta property=\"og:title\" content=\"COURS DE FORMATION AVANC\u00c9E POUR LE PERSONNEL DE L&#039;ADMINISTRATION P\u00c9NITENTIAIRE R\u00c9GIONALE\" \/>\n<meta property=\"og:description\" content=\"[vc_row full_width=\u00a0\u00bbstretch_row_content_no_spaces\u00a0\u00bb css=\u00a0\u00bb.vc_custom_1568279189416{margin-top: -50px !important;}\u00a0\u00bb][vc_column][rev_slider_vc alias=\u00a0\u00bbAMM-PENITENZIARIA-2021-fr\u00a0\u00bb][\/vc_column][\/vc_row][vc_row][vc_column width=\u00a0\u00bb3\/4&Prime;][vc_row_inner][vc_column_inner width=\u00a0\u00bb5\/6&Prime;][vc_empty_space height=\u00a0\u00bb12px\u00a0\u00bb][vc_custom_heading text=\u00a0\u00bbCours de formation avanc\u00e9e pour\u00a0\u00bb font_container=\u00a0\u00bbtag:h2|text_align:left|color:%23f79d1c\u00a0\u00bb use_theme_fonts=\u00a0\u00bbyes\u00a0\u00bb][vc_custom_heading text=\u00a0\u00bbLE PERSONNEL DE L&rsquo;ADMINISTRATION P\u00c9NITENTIAIRE R\u00c9GIONALE\u00a0\u00bb font_container=\u00a0\u00bbtag:h2|text_align:left|color:%23233255&Prime; use_theme_fonts=\u00a0\u00bbyes\u00a0\u00bb][vc_column_text] Universit\u00e9 d&rsquo;\u00c9tat de Milan [\/vc_column_text][\/vc_column_inner][vc_column_inner width=\u00a0\u00bb1\/6&Prime;][\/vc_column_inner][\/vc_row_inner][vc_row_inner css=\u00a0\u00bb.vc_custom_1621632145073{background-color: #233255 !important;}\u00a0\u00bb][vc_column_inner width=\u00a0\u00bb5\/6&Prime;][vc_custom_heading text=\u00a0\u00bbPremi\u00e8re le\u00e7on ISLAM ET MIGRATIONS 04\/06\/2021\u00a0\u00bb font_container=\u00a0\u00bbtag:p|text_align:left|color:%23f79d1c\u00a0\u00bb use_theme_fonts=\u00a0\u00bbyes\u00a0\u00bb][vc_custom_heading text=\u00a0\u00bbCours destin\u00e9 aux fonctionnaires et employ\u00e9s des PRAP (\u00c9tablissements p\u00e9nitentiaires) et des UIEPE [&hellip;]\" \/>\n<meta property=\"og:url\" content=\"https:\/\/primed-miur.it\/fr\/formation-avancee-pour-le-personnel-de-ladministration-penitentiaire-regionale\/\" \/>\n<meta property=\"og:site_name\" content=\"PriMED\" \/>\n<meta property=\"article:publisher\" content=\"https:\/\/www.facebook.com\/fidr.primed\" \/>\n<meta property=\"article:modified_time\" content=\"2021-11-11T09:45:37+00:00\" \/>\n<meta property=\"og:image\" content=\"https:\/\/primed-miur.it\/wp-content\/uploads\/2017\/11\/logo_video_primed.png\" \/>\n\t<meta property=\"og:image:width\" content=\"300\" \/>\n\t<meta property=\"og:image:height\" content=\"188\" \/>\n<meta name=\"twitter:card\" content=\"summary_large_image\" \/>\n<script type=\"application\/ld+json\" class=\"yoast-schema-graph\">{\"@context\":\"https:\/\/schema.org\",\"@graph\":[{\"@type\":\"Organization\",\"@id\":\"https:\/\/primed-miur.it\/fr\/#organization\",\"name\":\"PriMED\",\"url\":\"https:\/\/primed-miur.it\/fr\/\",\"sameAs\":[\"https:\/\/www.facebook.com\/fidr.primed\",\"https:\/\/instagram.com\/primed2019?igshid=1piy2qg58ea5g\"],\"logo\":{\"@type\":\"ImageObject\",\"@id\":\"https:\/\/primed-miur.it\/fr\/#logo\",\"inLanguage\":\"fr-FR\",\"url\":\"https:\/\/primed-miur.it\/wp-content\/uploads\/2017\/11\/testata-Header-PRIMED-1-2.png\",\"width\":876,\"height\":250,\"caption\":\"PriMED\"},\"image\":{\"@id\":\"https:\/\/primed-miur.it\/fr\/#logo\"}},{\"@type\":\"WebSite\",\"@id\":\"https:\/\/primed-miur.it\/fr\/#website\",\"url\":\"https:\/\/primed-miur.it\/fr\/\",\"name\":\"PriMED\",\"description\":\"PriMED - Prevenzione e interazione nello spazio Trans-Mediterraneo\",\"publisher\":{\"@id\":\"https:\/\/primed-miur.it\/fr\/#organization\"},\"potentialAction\":[{\"@type\":\"SearchAction\",\"target\":\"https:\/\/primed-miur.it\/fr\/?s={search_term_string}\",\"query-input\":\"required name=search_term_string\"}],\"inLanguage\":\"fr-FR\"},{\"@type\":\"ImageObject\",\"@id\":\"https:\/\/primed-miur.it\/fr\/formation-avancee-pour-le-personnel-de-ladministration-penitentiaire-regionale\/#primaryimage\",\"inLanguage\":\"fr-FR\",\"url\":\"https:\/\/primed-miur.it\/wp-content\/uploads\/2017\/11\/logo_video_primed.png\",\"width\":300,\"height\":188},{\"@type\":\"WebPage\",\"@id\":\"https:\/\/primed-miur.it\/fr\/formation-avancee-pour-le-personnel-de-ladministration-penitentiaire-regionale\/#webpage\",\"url\":\"https:\/\/primed-miur.it\/fr\/formation-avancee-pour-le-personnel-de-ladministration-penitentiaire-regionale\/\",\"name\":\"COURS DE FORMATION AVANC\\u00c9E POUR LE PERSONNEL DE L'ADMINISTRATION P\\u00c9NITENTIAIRE R\\u00c9GIONALE\",\"isPartOf\":{\"@id\":\"https:\/\/primed-miur.it\/fr\/#website\"},\"primaryImageOfPage\":{\"@id\":\"https:\/\/primed-miur.it\/fr\/formation-avancee-pour-le-personnel-de-ladministration-penitentiaire-regionale\/#primaryimage\"},\"datePublished\":\"2021-11-11T09:42:50+00:00\",\"dateModified\":\"2021-11-11T09:45:37+00:00\",\"inLanguage\":\"fr-FR\",\"potentialAction\":[{\"@type\":\"ReadAction\",\"target\":[\"https:\/\/primed-miur.it\/fr\/formation-avancee-pour-le-personnel-de-ladministration-penitentiaire-regionale\/\"]}]}]}<\/script>\n<!-- \/ Yoast SEO Premium plugin. -->","_links":{"self":[{"href":"https:\/\/primed-miur.it\/fr\/wp-json\/wp\/v2\/pages\/9727","targetHints":{"allow":["GET"]}}],"collection":[{"href":"https:\/\/primed-miur.it\/fr\/wp-json\/wp\/v2\/pages"}],"about":[{"href":"https:\/\/primed-miur.it\/fr\/wp-json\/wp\/v2\/types\/page"}],"author":[{"embeddable":true,"href":"https:\/\/primed-miur.it\/fr\/wp-json\/wp\/v2\/users\/2"}],"replies":[{"embeddable":true,"href":"https:\/\/primed-miur.it\/fr\/wp-json\/wp\/v2\/comments?post=9727"}],"version-history":[{"count":4,"href":"https:\/\/primed-miur.it\/fr\/wp-json\/wp\/v2\/pages\/9727\/revisions"}],"predecessor-version":[{"id":9730,"href":"https:\/\/primed-miur.it\/fr\/wp-json\/wp\/v2\/pages\/9727\/revisions\/9730"}],"wp:featuredmedia":[{"embeddable":true,"href":"https:\/\/primed-miur.it\/fr\/wp-json\/wp\/v2\/media\/1982"}],"wp:attachment":[{"href":"https:\/\/primed-miur.it\/fr\/wp-json\/wp\/v2\/media?parent=9727"}],"wp:term":[{"taxonomy":"yst_prominent_words","embeddable":true,"href":"https:\/\/primed-miur.it\/fr\/wp-json\/wp\/v2\/yst_prominent_words?post=9727"}],"curies":[{"name":"wp","href":"https:\/\/api.w.org\/{rel}","templated":true}]}}