{"id":9740,"date":"2021-11-11T11:27:08","date_gmt":"2021-11-11T10:27:08","guid":{"rendered":"https:\/\/primed-miur.it\/cours-pour-les-imams-et-ministres-du-culte-musulmans-operant-dans-le-contexte-carceral\/"},"modified":"2021-11-11T11:27:49","modified_gmt":"2021-11-11T10:27:49","slug":"cours-pour-les-imams-et-ministres-du-culte-musulmans-operant-dans-le-contexte-carceral","status":"publish","type":"page","link":"https:\/\/primed-miur.it\/fr\/cours-pour-les-imams-et-ministres-du-culte-musulmans-operant-dans-le-contexte-carceral\/","title":{"rendered":"COURS POUR LES IMAMS ET MINISTRES DU CULTE MUSULMANS OP\u00c9RANT DANS LE CONTEXTE CARC\u00c9RAL"},"content":{"rendered":"<section class=\"wpb-content-wrapper\"><p>[vc_row full_width=\u00a0\u00bbstretch_row_content_no_spaces\u00a0\u00bb css=\u00a0\u00bb.vc_custom_1619526430058{margin-top: -50px !important;}\u00a0\u00bb][vc_column css=\u00a0\u00bb.vc_custom_1567530820972{margin-top: -50px !important;}\u00a0\u00bb][rev_slider_vc alias=\u00a0\u00bbCONTESTO-PENITENZIARIO-2021-fr\u00a0\u00bb][\/vc_column][\/vc_row][vc_row u_row_style=\u00a0\u00bb0&Prime; u_row_paralax=\u00a0\u00bb0&Prime; u_row_scheme=\u00a0\u00bb0&Prime; css=\u00a0\u00bb.vc_custom_1564252778379{margin-left: 30px !important;}\u00a0\u00bb][vc_column width=\u00a0\u00bb3\/4&Prime;][vc_row_inner][vc_column_inner width=\u00a0\u00bb1\/2&Prime;][\/vc_column_inner][vc_column_inner width=\u00a0\u00bb1\/2&Prime;][\/vc_column_inner][\/vc_row_inner][vc_custom_heading text=\u00a0\u00bbCOMMUNICATION\u00a0\u00bb font_container=\u00a0\u00bbtag:h3|text_align:left|color:%23f79d1c\u00a0\u00bb use_theme_fonts=\u00a0\u00bbyes\u00a0\u00bb][vc_btn title=\u00a0\u00bbCLASSEMENT\u00a0\u00bb shape=\u00a0\u00bbsquare\u00a0\u00bb color=\u00a0\u00bbprimary\u00a0\u00bb i_icon_fontawesome=\u00a0\u00bbfa fa-file-pdf-o\u00a0\u00bb add_icon=\u00a0\u00bbtrue\u00a0\u00bb link=\u00a0\u00bburl:https%3A%2F%2Fprimed-miur.it%2Fwp-content%2Fuploads%2F2017%2F12%2FGraduatoria_Corso_per_imam_operanti_nel_contesto_penitenziario_Seconda_Edizione.pdf|target:%20_blank|\u00a0\u00bb][vc_btn title=\u00a0\u00bbLISTE D&rsquo;ATTENTE\u00a0\u00bb shape=\u00a0\u00bbsquare\u00a0\u00bb color=\u00a0\u00bbprimary\u00a0\u00bb i_icon_fontawesome=\u00a0\u00bbfa fa-file-pdf-o\u00a0\u00bb add_icon=\u00a0\u00bbtrue\u00a0\u00bb link=\u00a0\u00bburl:https%3A%2F%2Fprimed-miur.it%2Fwp-content%2Fuploads%2F2017%2F12%2FLista_attesa_Corso-per_imam_operanti_nel_contesto_penitenziario_Seconda_Edizione.pdf|target:%20_blank|\u00a0\u00bb][vc_custom_heading text=\u00a0\u00bbOBJECTIFS\u00a0\u00bb font_container=\u00a0\u00bbtag:h3|text_align:left|color:%23f79d1c\u00a0\u00bb use_theme_fonts=\u00a0\u00bbyes\u00a0\u00bb][vc_column_text]<\/p>\n<ul>\n<li>Offrir aux op\u00e9rateurs religieux musulmans travaillant dans le milieu carc\u00e9ral une formation leur permettant d&rsquo;agir en tant que ministres du culte dans le milieu carc\u00e9ral.\n<li>Pour offrir aux op\u00e9rateurs religieux musulmans une connaissance du contexte carc\u00e9ral italien.<\/li>\n<p>.<\/p>\n<li>Pour offrir aux op\u00e9rateurs religieux musulmans, \u00e9galement form\u00e9s dans des contextes internationaux, un regard analytique sur les sp\u00e9cificit\u00e9s de l&rsquo;Islam en Italie.<\/li>\n<\/li>\n<li>Pour offrir aux op\u00e9rateurs religieux musulmans une connaissance du contexte carc\u00e9ral italien.\n<li>Promouvoir les processus de d\u00e9veloppement de la conscience de soi cognitive et relationnelle et l&rsquo;autonomisation personnelle et professionnelle des op\u00e9rateurs religieux musulmans.<\/li>\n<\/ul>\n<p>[\/vc_column_text][vc_custom_heading text=\u00a0\u00bbCONTRIBUTION D&rsquo;INSCRIPTION\u00a0\u00bb font_container=\u00a0\u00bbtag:h3|text_align:left|color:%23f79d1c\u00a0\u00bb use_theme_fonts=\u00a0\u00bbyes\u00a0\u00bb][vc_column_text]Les personnes inscrites \u00e0 cette \u00e9dition seront exempt\u00e9es du paiement de tous les frais d&rsquo;inscription, enti\u00e8rement couverts par le projet PriMED \u00ab\u00a0Pr\u00e9vention et interaction dans l&rsquo;espace transm\u00e9diterran\u00e9en\u00a0\u00bb, financ\u00e9 par le M.U.R., comme pr\u00e9vu par l&rsquo;appel \u00e0 propositions pour la coop\u00e9ration islamique \u00ab\u00a0Cr\u00e9ation de r\u00e9seaux universitaires italiens dans le cadre de la mise en \u0153uvre d&rsquo;accords de coop\u00e9ration entre les universit\u00e9s italiennes et celles des \u00c9tats appartenant \u00e0 l&rsquo;Organisation de la coop\u00e9ration islamique\u00a0\u00bb.[\/vc_column_text][vc_custom_heading text=\u00a0\u00bbB\u00c9N\u00c9FICIAIRES\u00a0\u00bb font_container=\u00a0\u00bbtag:h3|text_align:left|color:%23f79d1c\u00a0\u00bb use_theme_fonts=\u00a0\u00bbyes\u00a0\u00bb][vc_column_text]Les personnes op\u00e9rateurs comme imams ou chefs religieux et acc\u00e9dant ou ayant l&rsquo;intention d&rsquo;acc\u00e9der \u00e0 une intervention dans le contexte carc\u00e9ral.[\/vc_column_text][vc_row_inner][vc_column_inner][vc_custom_heading text=\u00a0\u00bbDIRECTION SCIENTIFIQUE\u00a0\u00bb font_container=\u00a0\u00bbtag:h3|text_align:left|color:%23f79d1c\u00a0\u00bb use_theme_fonts=\u00a0\u00bbyes\u00a0\u00bb][vc_column_text]<\/p>\n<ul>\n<li><a href=\"#\">Prof. Mohammed Khalid Rhazzali<\/a><\/li>\n<\/ul>\n<p>[\/vc_column_text][vc_custom_heading text=\u00a0\u00bbCOORDINATION\u00a0\u00bb font_container=\u00a0\u00bbtag:h3|text_align:left|color:%23f79d1c\u00a0\u00bb use_theme_fonts=\u00a0\u00bbyes\u00a0\u00bb][vc_column_text]<\/p>\n<ul>\n<li><a href=\"https:\/\/primed-miur.it\/resume\/valentina-schiavinato\/\">Dr Valentina Schiavinato<\/a><\/li>\n<li><a href=\"https:\/\/primed-miur.it\/resume\/mouniya-allali\/\">Dr Mounya Allali<\/a><\/li>\n<li><a href=\"https:\/\/primed-miur.it\/resume\/youssef-sbai\/\">Dr Youssef Sbai<\/a><\/li>\n<\/ul>\n<p>[\/vc_column_text][\/vc_column_inner][\/vc_row_inner][vc_row_inner][vc_column_inner][vc_custom_heading text=\u00a0\u00bbENSEIGNANTS\u00a0\u00bb font_container=\u00a0\u00bbtag:h3|text_align:left|color:%23f79d1c\u00a0\u00bb use_theme_fonts=\u00a0\u00bbyes\u00a0\u00bb][\/vc_column_inner][\/vc_row_inner][vc_row_inner][vc_column_inner width=\u00a0\u00bb1\/2&Prime; offset=\u00a0\u00bbvc_hidden-sm vc_hidden-xs\u00a0\u00bb][vc_column_text]<\/p>\n<ul>\n<li><a href=\"https:\/\/primed-miur.it\/resume\/stefano-allievi\/\">Stefano Allievi<\/a><\/li>\n<li><a href=\"https:\/\/primed-miur.it\/resume\/hassan-al-amri\/\">Hassan Al Amri<\/a><\/li>\n<li>Farid El Asri<\/li>\n<li>Adone Brandalise<\/li>\n<li>Alessandra Gaetani<\/li>\n<li>Renzo Guolo<\/li>\n<li>Khalid Mayar Elidrissi<\/li>\n<li><a href=\"https:\/\/primed-miur.it\/resume\/roberto-mazzola\/\">Roberto Mazzola<\/a><\/li>\n<li>Enzo Pace<\/li>\n<li><a href=\"https:\/\/primed-miur.it\/resume\/mohammed-khalid-rhazzali\/\">M. Khalid Rhazzali<\/a><\/li>\n<li>Vincenzo Romania<\/li>\n<\/ul>\n<p>[\/vc_column_text][\/vc_column_inner][vc_column_inner width=\u00a0\u00bb1\/2&Prime; offset=\u00a0\u00bbvc_hidden-sm vc_hidden-xs\u00a0\u00bb][vc_column_text]<\/p>\n<ul>\n<li><a href=\"https:\/\/primed-miur.it\/resume\/youssef-sbai\/\">Youssef Sbai<\/a><\/li>\n<li><a href=\"https:\/\/primed-miur.it\/resume\/valentina-schiavinato\/\">Valentina Schiavinato<\/a><\/li>\n<li>Alessio Surian<\/li>\n<li>Luca Trappolin<\/li>\n<li>Francesca Vianello<\/li>\n<li>Docenti della rete PriMED<\/li>\n<li>Docenti provenienti da paesi OCI<\/li>\n<li>Esperti esterni afferenti alle principali Organizzazioni Islamiche italiane e al contesto carcerario (Dipartimento Amministrazione Penitenziaria)<\/li>\n<\/ul>\n<p>[\/vc_column_text][\/vc_column_inner][\/vc_row_inner][vc_row_inner][vc_column_inner offset=\u00a0\u00bbvc_hidden-lg vc_hidden-md\u00a0\u00bb][vc_column_text]<\/p>\n<ul>\n<li><a href=\"https:\/\/primed-miur.it\/resume\/stefano-allievi\/\">Stefano Allievi<\/a><\/li>\n<li><a href=\"https:\/\/primed-miur.it\/resume\/hassan-al-amri\/\">Hassan Al Amri<\/a><\/li>\n<li>Farid El Asri<\/li>\n<li>Adone Brandalise<\/li>\n<li>Alessandra Gaetani<\/li>\n<li>Renzo Guolo<\/li>\n<li>Khalid Mayar Elidrissi<\/li>\n<li><a href=\"https:\/\/primed-miur.it\/resume\/roberto-mazzola\/\">Roberto Mazzola<\/a><\/li>\n<li>Enzo Pace<\/li>\n<li><a href=\"https:\/\/primed-miur.it\/resume\/mohammed-khalid-rhazzali\/\">M. Khalid Rhazzali<\/a><\/li>\n<li>Vincenzo Romania<\/li>\n<li><a href=\"https:\/\/primed-miur.it\/resume\/youssef-sbai\/\">Youssef Sbai<\/a><\/li>\n<li><a href=\"https:\/\/primed-miur.it\/resume\/valentina-schiavinato\/\">Valentina Schiavinato<\/a><\/li>\n<li>Alessio Surian<\/li>\n<li>Luca Trappolin<\/li>\n<li>Francesca Vianello<\/li>\n<li>Docenti della rete PriMED<\/li>\n<li>Docenti provenienti da paesi OCI<\/li>\n<li>Esperti esterni afferenti alle principali Organizzazioni Islamiche italiane e al contesto carcerario (Dipartimento Amministrazione Penitenziaria)<\/li>\n<\/ul>\n<p>[\/vc_column_text][\/vc_column_inner][\/vc_row_inner][vc_row_inner][vc_column_inner][vc_custom_heading text=\u00a0\u00bbUNIT\u00c9 ASSISTANT OCI\u00a0\u00bb font_container=\u00a0\u00bbtag:h3|text_align:left|color:%23f79d1c\u00a0\u00bb use_theme_fonts=\u00a0\u00bbyes\u00a0\u00bb][vc_column_text]<\/p>\n<ul>\n<li>Universit\u00e9 Internationale de Rabat<br \/>\nResponsabile dell&rsquo;Unit\u00e0: Prof. Farid El Asri<\/li>\n<\/ul>\n<p>[\/vc_column_text][vc_custom_heading text=\u00a0\u00bbM\u00c9THODOLOGIES DE FORMATION\u00a0\u00bb font_container=\u00a0\u00bbtag:h3|text_align:left|color:%23f79d1c\u00a0\u00bb use_theme_fonts=\u00a0\u00bbyes\u00a0\u00bb][vc_column_text]<\/p>\n<ul>\n<li><strong>Enseignement \u00e0 distance via la plateforme Moodle et le syst\u00e8me de vid\u00e9oconf\u00e9rence Zoom<br \/>\n<\/strong><\/li>\n<li>Conf\u00e9rences et s\u00e9minaires<\/li>\n<li>Pratique r\u00e9flexive<\/li>\n<li>Communaut\u00e9s d&rsquo;apprentissage<\/li>\n<li>Valorisation de l&rsquo;exp\u00e9rience et de l&rsquo;expertise des participants<\/li>\n<\/ul>\n<p>[\/vc_column_text][\/vc_column_inner][\/vc_row_inner][vc_custom_heading text=\u00a0\u00bbJOURN\u00c9E D&rsquo;OUVERTURE\u00a0\u00bb font_container=\u00a0\u00bbtag:h3|text_align:left|color:%23f79d1c\u00a0\u00bb use_theme_fonts=\u00a0\u00bbyes\u00a0\u00bb][vc_column_text]02 juillet 2021 &#8211; 14h30.[\/vc_column_text][vc_btn title=\u00a0\u00bbAFFICHE\u00a0\u00bb shape=\u00a0\u00bbsquare\u00a0\u00bb color=\u00a0\u00bbprimary\u00a0\u00bb i_icon_fontawesome=\u00a0\u00bbfa fa-file-pdf-o\u00a0\u00bb add_icon=\u00a0\u00bbtrue\u00a0\u00bb link=\u00a0\u00bburl:https%3A%2F%2Fprimed-miur.it%2Fwp-content%2Fuploads%2F2021%2F07%2Flocandina_Corso_Imam-contesto-penitenziario_2021_INAUGURAZIONE.pdf|target:%20_blank|\u00a0\u00bb][vc_custom_heading text=\u00a0\u00bbDATE LIMITE DE PR\u00c9-ENREGISTREMENT\u00a0\u00bb font_container=\u00a0\u00bbtag:h3|text_align:left|color:%23f79d1c\u00a0\u00bb use_theme_fonts=\u00a0\u00bbyes\u00a0\u00bb][vc_column_text]24 juin 2021[\/vc_column_text][vc_custom_heading text=\u00a0\u00bbPR\u00c9-ENREGISTREMENT\u00a0\u00bb font_container=\u00a0\u00bbtag:h3|text_align:left|color:%23f79d1c\u00a0\u00bb use_theme_fonts=\u00a0\u00bbyes\u00a0\u00bb][vc_btn title=\u00a0\u00bbFORMULAIRE DE PR\u00c9-ENREGISTREMENT\u00a0\u00bb shape=\u00a0\u00bbsquare\u00a0\u00bb color=\u00a0\u00bbprimary\u00a0\u00bb i_icon_fontawesome=\u00a0\u00bbfa fa-file-pdf-o\u00a0\u00bb add_icon=\u00a0\u00bbtrue\u00a0\u00bb link=\u00a0\u00bburl:https%3A%2F%2Fprimed-miur.it%2Fwp-content%2Fuploads%2F2017%2F12%2Fpreisc_penitenziario_2021.pdf|target:%20_blank|\u00a0\u00bb][vc_custom_heading text=\u00a0\u00bbDATE LIMITE POUR CONFIRMER LES INSCRIPTIONS\u00a0\u00bb font_container=\u00a0\u00bbtag:h3|text_align:left|color:%23f79d1c\u00a0\u00bb use_theme_fonts=\u00a0\u00bbyes\u00a0\u00bb][vc_column_text]29 juin 2021[\/vc_column_text][vc_custom_heading text=\u00a0\u00bbPOUR PLUS D&rsquo;INFORMATIONS\u00a0\u00bb font_container=\u00a0\u00bbtag:h3|text_align:left|color:%23f79d1c\u00a0\u00bb use_theme_fonts=\u00a0\u00bbyes\u00a0\u00bb][vc_column_text]mail: <a href=\"mailto:altaformazione.imam@unipd.it\">altaformazione.imam@unipd.it<\/a>[\/vc_column_text][vc_custom_heading text=\u00a0\u00bbLANGAGE DE COURS\u00a0\u00bb font_container=\u00a0\u00bbtag:h3|text_align:left|color:%23f79d1c\u00a0\u00bb use_theme_fonts=\u00a0\u00bbyes\u00a0\u00bb][vc_column_text]Italien, arabe, anglais et fran\u00e7ais.[\/vc_column_text][vc_custom_heading text=\u00a0\u00bbDUR\u00c9E\u00a0\u00bb font_container=\u00a0\u00bbtag:h3|text_align:left|color:%23f79d1c\u00a0\u00bb use_theme_fonts=\u00a0\u00bbyes\u00a0\u00bb][vc_column_text]30 heures[\/vc_column_text][vc_custom_heading text=\u00a0\u00bbR\u00c9ALISATION\u00a0\u00bb font_container=\u00a0\u00bbtag:h3|text_align:left|color:%23f79d1c\u00a0\u00bb use_theme_fonts=\u00a0\u00bbyes\u00a0\u00bb][vc_column_text]Juillet 2021[\/vc_column_text][vc_custom_heading text=\u00a0\u00bbAFFICHE\u00a0\u00bb font_container=\u00a0\u00bbtag:h3|text_align:left|color:%23f79d1c\u00a0\u00bb use_theme_fonts=\u00a0\u00bbyes\u00a0\u00bb][vc_btn title=\u00a0\u00bbANNEXE ITA\u00a0\u00bb shape=\u00a0\u00bbsquare\u00a0\u00bb color=\u00a0\u00bbprimary\u00a0\u00bb i_icon_fontawesome=\u00a0\u00bbfa fa-file-pdf-o\u00a0\u00bb add_icon=\u00a0\u00bbtrue\u00a0\u00bb link=\u00a0\u00bburl:https%3A%2F%2Fprimed-miur.it%2Fwp-content%2Fuploads%2F2017%2F12%2FLocandina_it_Corso_Imam-carcere_2021-2.pdf|target:%20_blank|\u00a0\u00bb][vc_btn title=\u00a0\u00bbANNEXE AR\u00a0\u00bb shape=\u00a0\u00bbsquare\u00a0\u00bb color=\u00a0\u00bbprimary\u00a0\u00bb i_icon_fontawesome=\u00a0\u00bbfa fa-file-pdf-o\u00a0\u00bb add_icon=\u00a0\u00bbtrue\u00a0\u00bb link=\u00a0\u00bburl:https%3A%2F%2Fprimed-miur.it%2Fwp-content%2Fuploads%2F2017%2F12%2FLocandina_Ar_Corso_Imam-carcere_2021-2.pdf|target:%20_blank|\u00a0\u00bb][\/vc_column][vc_column width=\u00a0\u00bb1\/4&Prime;][vc_widget_sidebar sidebar_id=\u00a0\u00bbblog-sidebar\u00a0\u00bb][vc_empty_space height=\u00a0\u00bb12px\u00a0\u00bb][vc_custom_heading text=\u00a0\u00bbPROGRAMME\u00a0\u00bb font_container=\u00a0\u00bbtag:h3|text_align:left|color:%23f79d1c\u00a0\u00bb use_theme_fonts=\u00a0\u00bbyes\u00a0\u00bb][vc_btn title=\u00a0\u00bb31-07-2021&Prime; shape=\u00a0\u00bbsquare\u00a0\u00bb color=\u00a0\u00bbprimary\u00a0\u00bb i_icon_fontawesome=\u00a0\u00bbfa fa-file-pdf-o\u00a0\u00bb add_icon=\u00a0\u00bbtrue\u00a0\u00bb link=\u00a0\u00bburl:https%3A%2F%2Fprimed-miur.it%2Fwp-content%2Fuploads%2F2021%2F07%2FProgramma_31-07-21_Corso_Imam-contesto-penitenziario_2021.pdf|target:%20_blank|\u00a0\u00bb][vc_btn title=\u00a0\u00bb24-07-2021&Prime; shape=\u00a0\u00bbsquare\u00a0\u00bb color=\u00a0\u00bbprimary\u00a0\u00bb i_icon_fontawesome=\u00a0\u00bbfa fa-file-pdf-o\u00a0\u00bb add_icon=\u00a0\u00bbtrue\u00a0\u00bb link=\u00a0\u00bburl:https%3A%2F%2Fprimed-miur.it%2Fwp-content%2Fuploads%2F2017%2F12%2FProgramma_24-07-21_Corso_Imam-contesto-penitenziario_2021.pdf|target:%20_blank|\u00a0\u00bb][vc_btn title=\u00a0\u00bb17-07-2021&Prime; shape=\u00a0\u00bbsquare\u00a0\u00bb color=\u00a0\u00bbprimary\u00a0\u00bb i_icon_fontawesome=\u00a0\u00bbfa fa-file-pdf-o\u00a0\u00bb add_icon=\u00a0\u00bbtrue\u00a0\u00bb link=\u00a0\u00bburl:https%3A%2F%2Fprimed-miur.it%2Fwp-content%2Fuploads%2F2021%2F07%2FProgramma_17-07-21_Corso_Imam-contesto-penitenziario_2021_c.pdf|target:%20_blank|\u00a0\u00bb][vc_btn title=\u00a0\u00bb10-07-2021&Prime; shape=\u00a0\u00bbsquare\u00a0\u00bb color=\u00a0\u00bbprimary\u00a0\u00bb i_icon_fontawesome=\u00a0\u00bbfa fa-file-pdf-o\u00a0\u00bb add_icon=\u00a0\u00bbtrue\u00a0\u00bb link=\u00a0\u00bburl:https%3A%2F%2Fprimed-miur.it%2Fwp-content%2Fuploads%2F2021%2F07%2FProgramma_10-07-21_Corso_Imam-contesto-penitenziario_2021.pdf|target:%20_blank|\u00a0\u00bb][\/vc_column][\/vc_row][vc_row u_row_style=\u00a0\u00bb0&Prime; u_row_paralax=\u00a0\u00bb0&Prime; u_row_scheme=\u00a0\u00bb0&Prime; css=\u00a0\u00bb.vc_custom_1564252778379{margin-left: 30px !important;}\u00a0\u00bb][vc_column][vc_row_inner][vc_column_inner][\/vc_column_inner][\/vc_row_inner][\/vc_column][\/vc_row]<\/p>\n<\/section>","protected":false},"excerpt":{"rendered":"<p>[vc_row full_width=\u00a0\u00bbstretch_row_content_no_spaces\u00a0\u00bb css=\u00a0\u00bb.vc_custom_1619526430058{margin-top: -50px !important;}\u00a0\u00bb][vc_column css=\u00a0\u00bb.vc_custom_1567530820972{margin-top: -50px !important;}\u00a0\u00bb][rev_slider_vc alias=\u00a0\u00bbCONTESTO-PENITENZIARIO-2021-fr\u00a0\u00bb][\/vc_column][\/vc_row][vc_row u_row_style=\u00a0\u00bb0&Prime; u_row_paralax=\u00a0\u00bb0&Prime; u_row_scheme=\u00a0\u00bb0&Prime; css=\u00a0\u00bb.vc_custom_1564252778379{margin-left: 30px !important;}\u00a0\u00bb][vc_column width=\u00a0\u00bb3\/4&Prime;][vc_row_inner][vc_column_inner width=\u00a0\u00bb1\/2&Prime;][\/vc_column_inner][vc_column_inner width=\u00a0\u00bb1\/2&Prime;][\/vc_column_inner][\/vc_row_inner][vc_custom_heading text=\u00a0\u00bbCOMMUNICATION\u00a0\u00bb font_container=\u00a0\u00bbtag:h3|text_align:left|color:%23f79d1c\u00a0\u00bb use_theme_fonts=\u00a0\u00bbyes\u00a0\u00bb][vc_btn title=\u00a0\u00bbCLASSEMENT\u00a0\u00bb shape=\u00a0\u00bbsquare\u00a0\u00bb color=\u00a0\u00bbprimary\u00a0\u00bb i_icon_fontawesome=\u00a0\u00bbfa fa-file-pdf-o\u00a0\u00bb add_icon=\u00a0\u00bbtrue\u00a0\u00bb link=\u00a0\u00bburl:https%3A%2F%2Fprimed-miur.it%2Fwp-content%2Fuploads%2F2017%2F12%2FGraduatoria_Corso_per_imam_operanti_nel_contesto_penitenziario_Seconda_Edizione.pdf|target:%20_blank|\u00a0\u00bb][vc_btn title=\u00a0\u00bbLISTE D&rsquo;ATTENTE\u00a0\u00bb shape=\u00a0\u00bbsquare\u00a0\u00bb color=\u00a0\u00bbprimary\u00a0\u00bb i_icon_fontawesome=\u00a0\u00bbfa fa-file-pdf-o\u00a0\u00bb add_icon=\u00a0\u00bbtrue\u00a0\u00bb link=\u00a0\u00bburl:https%3A%2F%2Fprimed-miur.it%2Fwp-content%2Fuploads%2F2017%2F12%2FLista_attesa_Corso-per_imam_operanti_nel_contesto_penitenziario_Seconda_Edizione.pdf|target:%20_blank|\u00a0\u00bb][vc_custom_heading text=\u00a0\u00bbOBJECTIFS\u00a0\u00bb font_container=\u00a0\u00bbtag:h3|text_align:left|color:%23f79d1c\u00a0\u00bb use_theme_fonts=\u00a0\u00bbyes\u00a0\u00bb][vc_column_text] Offrir aux op\u00e9rateurs religieux musulmans travaillant dans le milieu carc\u00e9ral une formation leur permettant d&rsquo;agir en [&hellip;]<\/p>\n","protected":false},"author":2,"featured_media":0,"parent":0,"menu_order":0,"comment_status":"closed","ping_status":"closed","template":"","meta":{"inline_featured_image":false,"footnotes":""},"yst_prominent_words":[2381,2389,2378,2379,2380],"class_list":["post-9740","page","type-page","status-publish","hentry"],"yoast_head":"<!-- This site is optimized with the Yoast SEO Premium plugin v14.1 - https:\/\/yoast.com\/wordpress\/plugins\/seo\/ -->\n<title>COURS POUR LES IMAMS ET MINISTRES DU CULTE MUSULMANS OP\u00c9RANT DANS LE CONTEXTE CARC\u00c9RAL<\/title>\n<meta name=\"robots\" content=\"index, follow\" \/>\n<meta name=\"googlebot\" content=\"index, follow, max-snippet:-1, max-image-preview:large, max-video-preview:-1\" \/>\n<meta name=\"bingbot\" content=\"index, follow, max-snippet:-1, max-image-preview:large, max-video-preview:-1\" \/>\n<link rel=\"canonical\" href=\"https:\/\/primed-miur.it\/fr\/cours-pour-les-imams-et-ministres-du-culte-musulmans-operant-dans-le-contexte-carceral\/\" \/>\n<meta property=\"og:locale\" content=\"fr_FR\" \/>\n<meta property=\"og:type\" content=\"article\" \/>\n<meta property=\"og:title\" content=\"COURS POUR LES IMAMS ET MINISTRES DU CULTE MUSULMANS OP\u00c9RANT DANS LE CONTEXTE CARC\u00c9RAL\" \/>\n<meta property=\"og:description\" content=\"[vc_row full_width=\u00a0\u00bbstretch_row_content_no_spaces\u00a0\u00bb css=\u00a0\u00bb.vc_custom_1619526430058{margin-top: -50px !important;}\u00a0\u00bb][vc_column css=\u00a0\u00bb.vc_custom_1567530820972{margin-top: -50px !important;}\u00a0\u00bb][rev_slider_vc alias=\u00a0\u00bbCONTESTO-PENITENZIARIO-2021-fr\u00a0\u00bb][\/vc_column][\/vc_row][vc_row u_row_style=\u00a0\u00bb0&Prime; u_row_paralax=\u00a0\u00bb0&Prime; u_row_scheme=\u00a0\u00bb0&Prime; css=\u00a0\u00bb.vc_custom_1564252778379{margin-left: 30px !important;}\u00a0\u00bb][vc_column width=\u00a0\u00bb3\/4&Prime;][vc_row_inner][vc_column_inner width=\u00a0\u00bb1\/2&Prime;][\/vc_column_inner][vc_column_inner width=\u00a0\u00bb1\/2&Prime;][\/vc_column_inner][\/vc_row_inner][vc_custom_heading text=\u00a0\u00bbCOMMUNICATION\u00a0\u00bb font_container=\u00a0\u00bbtag:h3|text_align:left|color:%23f79d1c\u00a0\u00bb use_theme_fonts=\u00a0\u00bbyes\u00a0\u00bb][vc_btn title=\u00a0\u00bbCLASSEMENT\u00a0\u00bb shape=\u00a0\u00bbsquare\u00a0\u00bb color=\u00a0\u00bbprimary\u00a0\u00bb i_icon_fontawesome=\u00a0\u00bbfa fa-file-pdf-o\u00a0\u00bb add_icon=\u00a0\u00bbtrue\u00a0\u00bb link=\u00a0\u00bburl:https%3A%2F%2Fprimed-miur.it%2Fwp-content%2Fuploads%2F2017%2F12%2FGraduatoria_Corso_per_imam_operanti_nel_contesto_penitenziario_Seconda_Edizione.pdf|target:%20_blank|\u00a0\u00bb][vc_btn title=\u00a0\u00bbLISTE D&rsquo;ATTENTE\u00a0\u00bb shape=\u00a0\u00bbsquare\u00a0\u00bb color=\u00a0\u00bbprimary\u00a0\u00bb i_icon_fontawesome=\u00a0\u00bbfa fa-file-pdf-o\u00a0\u00bb add_icon=\u00a0\u00bbtrue\u00a0\u00bb link=\u00a0\u00bburl:https%3A%2F%2Fprimed-miur.it%2Fwp-content%2Fuploads%2F2017%2F12%2FLista_attesa_Corso-per_imam_operanti_nel_contesto_penitenziario_Seconda_Edizione.pdf|target:%20_blank|\u00a0\u00bb][vc_custom_heading text=\u00a0\u00bbOBJECTIFS\u00a0\u00bb font_container=\u00a0\u00bbtag:h3|text_align:left|color:%23f79d1c\u00a0\u00bb use_theme_fonts=\u00a0\u00bbyes\u00a0\u00bb][vc_column_text] Offrir aux op\u00e9rateurs religieux musulmans travaillant dans le milieu carc\u00e9ral une formation leur permettant d&rsquo;agir en [&hellip;]\" \/>\n<meta property=\"og:url\" content=\"https:\/\/primed-miur.it\/fr\/cours-pour-les-imams-et-ministres-du-culte-musulmans-operant-dans-le-contexte-carceral\/\" \/>\n<meta property=\"og:site_name\" content=\"PriMED\" \/>\n<meta property=\"article:publisher\" content=\"https:\/\/www.facebook.com\/fidr.primed\" \/>\n<meta property=\"article:modified_time\" content=\"2021-11-11T10:27:49+00:00\" \/>\n<meta property=\"og:image\" content=\"https:\/\/primed-miur.it\/wp-content\/uploads\/2021\/05\/penitenziario2021.jpg\" \/>\n<meta name=\"twitter:card\" content=\"summary_large_image\" \/>\n<script type=\"application\/ld+json\" class=\"yoast-schema-graph\">{\"@context\":\"https:\/\/schema.org\",\"@graph\":[{\"@type\":\"Organization\",\"@id\":\"https:\/\/primed-miur.it\/fr\/#organization\",\"name\":\"PriMED\",\"url\":\"https:\/\/primed-miur.it\/fr\/\",\"sameAs\":[\"https:\/\/www.facebook.com\/fidr.primed\",\"https:\/\/instagram.com\/primed2019?igshid=1piy2qg58ea5g\"],\"logo\":{\"@type\":\"ImageObject\",\"@id\":\"https:\/\/primed-miur.it\/fr\/#logo\",\"inLanguage\":\"fr-FR\",\"url\":\"https:\/\/primed-miur.it\/wp-content\/uploads\/2017\/11\/testata-Header-PRIMED-1-2.png\",\"width\":876,\"height\":250,\"caption\":\"PriMED\"},\"image\":{\"@id\":\"https:\/\/primed-miur.it\/fr\/#logo\"}},{\"@type\":\"WebSite\",\"@id\":\"https:\/\/primed-miur.it\/fr\/#website\",\"url\":\"https:\/\/primed-miur.it\/fr\/\",\"name\":\"PriMED\",\"description\":\"PriMED - Prevenzione e interazione nello spazio Trans-Mediterraneo\",\"publisher\":{\"@id\":\"https:\/\/primed-miur.it\/fr\/#organization\"},\"potentialAction\":[{\"@type\":\"SearchAction\",\"target\":\"https:\/\/primed-miur.it\/fr\/?s={search_term_string}\",\"query-input\":\"required name=search_term_string\"}],\"inLanguage\":\"fr-FR\"},{\"@type\":\"WebPage\",\"@id\":\"https:\/\/primed-miur.it\/fr\/cours-pour-les-imams-et-ministres-du-culte-musulmans-operant-dans-le-contexte-carceral\/#webpage\",\"url\":\"https:\/\/primed-miur.it\/fr\/cours-pour-les-imams-et-ministres-du-culte-musulmans-operant-dans-le-contexte-carceral\/\",\"name\":\"COURS POUR LES IMAMS ET MINISTRES DU CULTE MUSULMANS OP\\u00c9RANT DANS LE CONTEXTE CARC\\u00c9RAL\",\"isPartOf\":{\"@id\":\"https:\/\/primed-miur.it\/fr\/#website\"},\"datePublished\":\"2021-11-11T10:27:08+00:00\",\"dateModified\":\"2021-11-11T10:27:49+00:00\",\"inLanguage\":\"fr-FR\",\"potentialAction\":[{\"@type\":\"ReadAction\",\"target\":[\"https:\/\/primed-miur.it\/fr\/cours-pour-les-imams-et-ministres-du-culte-musulmans-operant-dans-le-contexte-carceral\/\"]}]}]}<\/script>\n<!-- \/ Yoast SEO Premium plugin. -->","_links":{"self":[{"href":"https:\/\/primed-miur.it\/fr\/wp-json\/wp\/v2\/pages\/9740","targetHints":{"allow":["GET"]}}],"collection":[{"href":"https:\/\/primed-miur.it\/fr\/wp-json\/wp\/v2\/pages"}],"about":[{"href":"https:\/\/primed-miur.it\/fr\/wp-json\/wp\/v2\/types\/page"}],"author":[{"embeddable":true,"href":"https:\/\/primed-miur.it\/fr\/wp-json\/wp\/v2\/users\/2"}],"replies":[{"embeddable":true,"href":"https:\/\/primed-miur.it\/fr\/wp-json\/wp\/v2\/comments?post=9740"}],"version-history":[{"count":3,"href":"https:\/\/primed-miur.it\/fr\/wp-json\/wp\/v2\/pages\/9740\/revisions"}],"predecessor-version":[{"id":9768,"href":"https:\/\/primed-miur.it\/fr\/wp-json\/wp\/v2\/pages\/9740\/revisions\/9768"}],"wp:attachment":[{"href":"https:\/\/primed-miur.it\/fr\/wp-json\/wp\/v2\/media?parent=9740"}],"wp:term":[{"taxonomy":"yst_prominent_words","embeddable":true,"href":"https:\/\/primed-miur.it\/fr\/wp-json\/wp\/v2\/yst_prominent_words?post=9740"}],"curies":[{"name":"wp","href":"https:\/\/api.w.org\/{rel}","templated":true}]}}