{"id":9769,"date":"2021-11-11T12:44:24","date_gmt":"2021-11-11T11:44:24","guid":{"rendered":"https:\/\/primed-miur.it\/cours-pour-les-imams-et-ministres-du-culte-musulmans-operant-dans-le-contexte-carceral-2\/"},"modified":"2021-11-11T12:49:38","modified_gmt":"2021-11-11T11:49:38","slug":"cours-pour-les-imams-et-ministres-du-culte-musulmans-operant-dans-le-contexte-carceral-2","status":"publish","type":"page","link":"https:\/\/primed-miur.it\/fr\/cours-pour-les-imams-et-ministres-du-culte-musulmans-operant-dans-le-contexte-carceral-2\/","title":{"rendered":"COURS POUR LES IMAMS ET MINISTRES DU CULTE MUSULMANS OP\u00c9RANT DANS LE CONTEXTE CARC\u00c9RAL"},"content":{"rendered":"<section class=\"wpb-content-wrapper\"><p>[vc_row full_width=\u00a0\u00bbstretch_row_content_no_spaces\u00a0\u00bb css=\u00a0\u00bb.vc_custom_1567531346627{margin-top: -50px !important;}\u00a0\u00bb][vc_column css=\u00a0\u00bb.vc_custom_1567530820972{margin-top: -50px !important;}\u00a0\u00bb][rev_slider_vc alias=\u00a0\u00bbIMAM-CARCERE-2020-FR\u00a0\u00bb][\/vc_column][\/vc_row][vc_row u_row_style=\u00a0\u00bb0&Prime; u_row_paralax=\u00a0\u00bb0&Prime; u_row_scheme=\u00a0\u00bb0&Prime; css=\u00a0\u00bb.vc_custom_1564252778379{margin-left: 30px !important;}\u00a0\u00bb][vc_column width=\u00a0\u00bb3\/4&Prime;][vc_row_inner][vc_column_inner width=\u00a0\u00bb1\/2&Prime;][\/vc_column_inner][vc_column_inner width=\u00a0\u00bb1\/2&Prime;][\/vc_column_inner][\/vc_row_inner][vc_custom_heading text=\u00a0\u00bbOBJECTIFS\u00a0\u00bb font_container=\u00a0\u00bbtag:h3|text_align:left|color:%23f79d1c\u00a0\u00bb use_theme_fonts=\u00a0\u00bbyes\u00a0\u00bb][vc_column_text]<\/p>\n<ul>\n<li>Offrir aux op\u00e9rateurs religieux musulmans travaillant dans le milieu carc\u00e9ral une formation leur permettant d&rsquo;agir en tant que ministres du culte dans le milieu carc\u00e9ral.<\/li>\n<li>Pour offrir aux op\u00e9rateurs religieux musulmans une connaissance du contexte carc\u00e9ral italien.<\/li>\n<li>Pour offrir aux op\u00e9rateurs religieux musulmans, \u00e9galement form\u00e9s dans des contextes internationaux, un regard analytique sur les sp\u00e9cificit\u00e9s de l&rsquo;Islam en Italie.<\/li>\n<li>Pour offrir aux op\u00e9rateurs religieux musulmans une connaissance du contexte carc\u00e9ral italien.<\/li>\n<li>Promouvoir les processus de d\u00e9veloppement de la conscience de soi cognitive et relationnelle et l&rsquo;autonomisation personnelle et professionnelle des op\u00e9rateurs religieux musulmans.<\/li>\n<\/ul>\n<p>[\/vc_column_text][vc_empty_space height=\u00a0\u00bb15px\u00a0\u00bb][vc_custom_heading text=\u00a0\u00bbCONTRIBUTION D&rsquo;INSCRIPTION\u00a0\u00bb font_container=\u00a0\u00bbtag:h3|text_align:left|color:%23f79d1c\u00a0\u00bb use_theme_fonts=\u00a0\u00bbyes\u00a0\u00bb][vc_column_text]Les membres de cette \u00e9dition seront dispens\u00e9s du paiement de toutes les contributions d&rsquo;enregistrement, enti\u00e8rement couvertes par le \u00ab\u00a0projet de pr\u00e9vention et d&rsquo;interaction appr\u00eat\u00e9e dans l&rsquo;espace trans-m\u00e9diterran\u00e9en\u00a0\u00bb, financ\u00e9 par le MIUR, comme \u00e9tant \u00e9tabli par la Constitution de coop\u00e9ration islamique \u00ab\u00a0Constitution de l&rsquo;universit\u00e9 R\u00e9seaux dans la mise en \u0153uvre d&rsquo;accords de coop\u00e9ration entre les universit\u00e9s italiennes et celles des \u00c9tats appartenant \u00e0 l&rsquo;organisation de la coop\u00e9ration islamique \u00bb.[\/vc_column_text][vc_empty_space height=\u00a0\u00bb15px\u00a0\u00bb][vc_custom_heading text=\u00a0\u00bbB\u00c9N\u00c9FICIAIRES\u00a0\u00bb font_container=\u00a0\u00bbtag:h3|text_align:left|color:%23f79d1c\u00a0\u00bb use_theme_fonts=\u00a0\u00bbyes\u00a0\u00bb][vc_column_text]Les personnes op\u00e9rateurs comme imams ou chefs religieux et acc\u00e9dant ou ayant l&rsquo;intention d&rsquo;acc\u00e9der \u00e0 une intervention dans le contexte carc\u00e9ral.[\/vc_column_text][vc_row_inner][vc_column_inner][vc_empty_space height=\u00a0\u00bb15px\u00a0\u00bb][vc_custom_heading text=\u00a0\u00bbDIRECTION SCIENTIFIQUE\u00a0\u00bb font_container=\u00a0\u00bbtag:h3|text_align:left|color:%23f79d1c\u00a0\u00bb use_theme_fonts=\u00a0\u00bbyes\u00a0\u00bb][vc_column_text]<\/p>\n<ul>\n<li><a href=\"#\">Prof. Mohammed Khalid Rhazzali<\/a><\/li>\n<\/ul>\n<p>[\/vc_column_text][vc_custom_heading text=\u00a0\u00bbCOORDINATION\u00a0\u00bb font_container=\u00a0\u00bbtag:h3|text_align:left|color:%23f79d1c\u00a0\u00bb use_theme_fonts=\u00a0\u00bbyes\u00a0\u00bb][vc_column_text]<\/p>\n<ul>\n<li><a href=\"https:\/\/primed-miur.it\/resume\/valentina-schiavinato\/\">Dr Valentina Schiavinato<\/a><\/li>\n<li><a href=\"https:\/\/primed-miur.it\/resume\/mouniya-allali\/\">Dr Mounya Allali<\/a><\/li>\n<\/ul>\n<p>[\/vc_column_text][\/vc_column_inner][\/vc_row_inner][vc_row_inner][vc_column_inner][vc_empty_space height=\u00a0\u00bb15px\u00a0\u00bb][vc_custom_heading text=\u00a0\u00bbENSEIGNANTS\u00a0\u00bb font_container=\u00a0\u00bbtag:h3|text_align:left|color:%23f79d1c\u00a0\u00bb use_theme_fonts=\u00a0\u00bbyes\u00a0\u00bb][\/vc_column_inner][\/vc_row_inner][vc_row_inner][vc_column_inner width=\u00a0\u00bb1\/2&Prime; offset=\u00a0\u00bbvc_hidden-sm vc_hidden-xs\u00a0\u00bb][vc_column_text]<\/p>\n<ul>\n<li><a href=\"https:\/\/primed-miur.it\/resume\/stefano-allievi\/\">Stefano Allievi<\/a><\/li>\n<li><a href=\"https:\/\/primed-miur.it\/resume\/hassan-al-amri\/\">Hassan Al Amri<\/a><\/li>\n<li>Adone Brandalise<\/li>\n<li>Farid El Asri<\/li>\n<li>Renzo Guolo<\/li>\n<li>Khalid Mayar Elidrissi<\/li>\n<li><a href=\"https:\/\/primed-miur.it\/resume\/roberto-mazzola\/\">Roberto Mazzola<\/a><\/li>\n<li>Enzo Pace<\/li>\n<li><a href=\"https:\/\/primed-miur.it\/resume\/mohammed-khalid-rhazzali\/\">M. Khalid Rhazzali<\/a><\/li>\n<li>Vincenzo Romania<\/li>\n<\/ul>\n<p>[\/vc_column_text][\/vc_column_inner][vc_column_inner width=\u00a0\u00bb1\/2&Prime; offset=\u00a0\u00bbvc_hidden-sm vc_hidden-xs\u00a0\u00bb][vc_column_text]<\/p>\n<ul>\n<li><a href=\"https:\/\/primed-miur.it\/resume\/youssef-sbai\/\">Youssef Sbai<\/a><\/li>\n<li><a href=\"https:\/\/primed-miur.it\/resume\/valentina-schiavinato\/\">Valentina Schiavinato<\/a><\/li>\n<li>Alessio Surian<\/li>\n<li>Luca Trappolin<\/li>\n<li>Docenti della rete PriMED<\/li>\n<li>Docenti provenienti da paesi OCI<\/li>\n<li>Esperti esterni afferenti alle principali Organizzazioni Islamiche italiane e al contesto carcerario (Dipartimento Amministrazione Penitenziaria)<\/li>\n<\/ul>\n<p>[\/vc_column_text][\/vc_column_inner][\/vc_row_inner][vc_row_inner][vc_column_inner offset=\u00a0\u00bbvc_hidden-lg vc_hidden-md\u00a0\u00bb][vc_column_text]<\/p>\n<ul>\n<li><a href=\"https:\/\/primed-miur.it\/resume\/stefano-allievi\/\">Stefano Allievi<\/a><\/li>\n<li><a href=\"https:\/\/primed-miur.it\/resume\/hassan-al-amri\/\">Hassan Al Amri<\/a><\/li>\n<li>Adone Brandalise<\/li>\n<li>Farid El Asri<\/li>\n<li>Renzo Guolo<\/li>\n<li>Khalid Mayar Elidrissi<\/li>\n<li><a href=\"https:\/\/primed-miur.it\/resume\/roberto-mazzola\/\">Roberto Mazzola<\/a><\/li>\n<li>Enzo Pace<\/li>\n<li><a href=\"https:\/\/primed-miur.it\/resume\/mohammed-khalid-rhazzali\/\">M. Khalid Rhazzali<\/a><\/li>\n<li>Vincenzo Romania<\/li>\n<li><a href=\"https:\/\/primed-miur.it\/resume\/youssef-sbai\/\">Youssef Sbai<\/a><\/li>\n<li><a href=\"https:\/\/primed-miur.it\/resume\/valentina-schiavinato\/\">Valentina Schiavinato<\/a><\/li>\n<li>Alessio Surian<\/li>\n<li>Luca Trappolin<\/li>\n<li>Docenti della rete PriMED<\/li>\n<li>Docenti provenienti da paesi OCI<\/li>\n<li>Esperti esterni afferenti alle principali Organizzazioni Islamiche italiane e al contesto carcerario (Dipartimento Amministrazione Penitenziaria)<\/li>\n<\/ul>\n<p>[\/vc_column_text][\/vc_column_inner][\/vc_row_inner][vc_row_inner][vc_column_inner][vc_empty_space height=\u00a0\u00bb15px\u00a0\u00bb][vc_custom_heading text=\u00a0\u00bbUNIT\u00c9 ASSISTANT OCI\u00a0\u00bb font_container=\u00a0\u00bbtag:h3|text_align:left|color:%23f79d1c\u00a0\u00bb use_theme_fonts=\u00a0\u00bbyes\u00a0\u00bb][vc_column_text]<\/p>\n<ul>\n<li>Universit\u00e9 Internationale de Rabat<br \/>\nChef d&rsquo;unit\u00e9: Prof. Farid El Asri<\/li>\n<\/ul>\n<p>[\/vc_column_text][\/vc_column_inner][\/vc_row_inner][vc_row_inner][vc_column_inner][vc_empty_space height=\u00a0\u00bb15px\u00a0\u00bb][vc_custom_heading text=\u00a0\u00bbM\u00c9THODOLOGIES DE FORMATION\u00a0\u00bb font_container=\u00a0\u00bbtag:h3|text_align:left|color:%23f79d1c\u00a0\u00bb use_theme_fonts=\u00a0\u00bbyes\u00a0\u00bb][vc_column_text]<\/p>\n<ul>\n<li><strong>Enseignement \u00e0 distance via la plateforme Moodle et le syst\u00e8me de vid\u00e9oconf\u00e9rence Zoom<br \/>\n<\/strong><\/li>\n<li>Conf\u00e9rences et s\u00e9minaires<\/li>\n<li>Pratique r\u00e9flexive<\/li>\n<li>Communaut\u00e9s d&rsquo;apprentissage<\/li>\n<li>Valorisation de l&rsquo;exp\u00e9rience et de l&rsquo;expertise des participants<\/li>\n<\/ul>\n<p>[\/vc_column_text][vc_empty_space height=\u00a0\u00bb15px\u00a0\u00bb][vc_custom_heading text=\u00a0\u00bbJOURN\u00c9E D&rsquo;OUVERTURE\u00a0\u00bb font_container=\u00a0\u00bbtag:h3|text_align:left|color:%23f79d1c\u00a0\u00bb use_theme_fonts=\u00a0\u00bbyes\u00a0\u00bb][vc_btn title=\u00a0\u00bbAFFICHE\u00a0\u00bb style=\u00a0\u00bbflat\u00a0\u00bb shape=\u00a0\u00bbsquare\u00a0\u00bb color=\u00a0\u00bbprimary\u00a0\u00bb size=\u00a0\u00bblg\u00a0\u00bb i_icon_fontawesome=\u00a0\u00bbfar fa-file-pdf\u00a0\u00bb add_icon=\u00a0\u00bbtrue\u00a0\u00bb link=\u00a0\u00bburl:https%3A%2F%2Fprimed-miur.it%2Ffiles%2FCorso-IMCM-CP___locandina-inaugurazione_12-09-20_def.pdf|title:AFFICHE|target:%20_blank|\u00a0\u00bb][vc_empty_space height=\u00a0\u00bb15px\u00a0\u00bb][vc_custom_heading text=\u00a0\u00bbINSCR\u00c9CEPTION ET INFORMATIONS\u00a0\u00bb font_container=\u00a0\u00bbtag:h3|text_align:left|color:%23f79d1c\u00a0\u00bb use_theme_fonts=\u00a0\u00bbyes\u00a0\u00bb][vc_column_text]Pour vous abonner au cours Envoyer \u00e0 un e-mail <a href=\"mailto:altaforazione.imam@unipd.it\"> Highformation.imam@unipd.it <\/a> Les documents suivants:<\/p>\n<p><strong>1) <a href=\"https:\/\/primed-miur.it\/files\/domanda-duriscrizione_ima%20m_ministri%20%20.pdf\" rel=\"noopener noreferrerrer\">demande de pr\u00e9-inscription <\/a> (T\u00e9l\u00e9chargez le formulaire ci-dessous, remplissez-le, signer-le et num\u00e9risez-le).<br \/>\n<strong> 2) curriculum vitae.<br \/>\n<strong> 3) Br\u00e8ve lettre de motivation (indiquant les raisons pour lesquelles il a \u00e9t\u00e9 d\u00e9cid\u00e9 de s&rsquo;inscrire au cours).<br \/>\n<strong> 4) une copie d&rsquo;un document d&rsquo;identit\u00e9.\u00a0<\/strong><\/strong><\/strong><\/strong><\/p>\n<p><strong><strong><strong><strong> Un classement sera \u00e9tabli et ceux qui ont l&rsquo;intention de s&rsquo;inscrire et de l&rsquo;assister devront envoyer un courrier \u00e9lectronique (\u00e0 l&rsquo;adresse haute vitesse.imam@unipd.it) pour confirmer l&rsquo;enregistrement.<br \/>\nSi quelqu&rsquo;un entre les 40 premiers du classement, il ne devrait pas am\u00e9liorer l&rsquo;enregistrement, le suivant dans le classement peut avoir lieu.<br \/>\nTout sera publi\u00e9 sur cette page.<\/strong><\/strong><\/strong><\/strong>[\/vc_column_text][vc_btn title=\u00a0\u00bbCLASSEMENT\u00a0\u00bb style=\u00a0\u00bbflat\u00a0\u00bb shape=\u00a0\u00bbsquare\u00a0\u00bb color=\u00a0\u00bbprimary\u00a0\u00bb size=\u00a0\u00bblg\u00a0\u00bb i_icon_fontawesome=\u00a0\u00bbfar fa-file-pdf\u00a0\u00bb add_icon=\u00a0\u00bbtrue\u00a0\u00bb link=\u00a0\u00bburl:https%3A%2F%2Fprimed-miur.it%2Ffiles%2FGraduatoria_CORSO_IMAM_CARCERE_Prof__Rhazzali__2020.pdf|title:CLASSEMENT|target:%20_blank|\u00a0\u00bb][\/vc_column_inner][\/vc_row_inner][vc_row_inner][vc_column_inner][vc_btn title=\u00a0\u00bbLISTE D&rsquo;ATTENTE\u00a0\u00bb style=\u00a0\u00bbflat\u00a0\u00bb shape=\u00a0\u00bbsquare\u00a0\u00bb color=\u00a0\u00bbprimary\u00a0\u00bb size=\u00a0\u00bblg\u00a0\u00bb i_icon_fontawesome=\u00a0\u00bbfar fa-file-pdf\u00a0\u00bb add_icon=\u00a0\u00bbtrue\u00a0\u00bb link=\u00a0\u00bburl:https%3A%2F%2Fprimed-miur.it%2Ffiles%2FLista_d_attesa_CORSO_IMAM_CARCERE_Prof_Rhazzali_2020.pdf|title:LISTE%20D%27ATTENTE|target:%20_blank|\u00a0\u00bb][\/vc_column_inner][\/vc_row_inner][vc_custom_heading text=\u00a0\u00bbPR\u00c9-INSCRIPTION DATE LIMITE\u00a0\u00bb font_container=\u00a0\u00bbtag:h3|text_align:left|color:%23f79d1c\u00a0\u00bb use_theme_fonts=\u00a0\u00bbyes\u00a0\u00bb][vc_column_text]28 ao\u00fbt 2020<\/p>\n<p><span style=\"color: #000000;\">Veuillez noter que la date limite d&rsquo;envoi des demandes de pr\u00e9inscription a \u00e9t\u00e9 report\u00e9e \u00e0 ce jour :<br \/>\n<span style=\"color: #0288cc;\"><strong>6 septembre 2020 (23h59)<\/strong><\/span><\/span>[\/vc_column_text][vc_custom_heading text=\u00a0\u00bbPOUR PLUS D&rsquo;INFORMATIONS\u00a0\u00bb font_container=\u00a0\u00bbtag:h3|text_align:left|color:%23f79d1c\u00a0\u00bb use_theme_fonts=\u00a0\u00bbyes\u00a0\u00bb][vc_column_text]mail: <a href=\"mailto:altaformazione.imam@unipd.it\">altaformazione.imam@unipd.it<\/a>[\/vc_column_text][vc_custom_heading text=\u00a0\u00bbLANGAGE DE COURS\u00a0\u00bb font_container=\u00a0\u00bbtag:h3|text_align:left|color:%23f79d1c\u00a0\u00bb use_theme_fonts=\u00a0\u00bbyes\u00a0\u00bb][vc_column_text]Italien, arabe, anglais et fran\u00e7ais.[\/vc_column_text][vc_custom_heading text=\u00a0\u00bbDUR\u00c9E\u00a0\u00bb font_container=\u00a0\u00bbtag:h3|text_align:left|color:%23f79d1c\u00a0\u00bb use_theme_fonts=\u00a0\u00bbyes\u00a0\u00bb][vc_column_text]30 heures[\/vc_column_text][vc_custom_heading text=\u00a0\u00bbR\u00c9ALISATION\u00a0\u00bb font_container=\u00a0\u00bbtag:h3|text_align:left|color:%23f79d1c\u00a0\u00bb use_theme_fonts=\u00a0\u00bbyes\u00a0\u00bb][vc_column_text]1 septembre 2020 &#8211; 31 octobre 2021[\/vc_column_text][vc_row_inner][vc_column_inner][\/vc_column_inner][\/vc_row_inner][vc_custom_heading text=\u00a0\u00bbPR\u00c9-ENREGISTREMENT\u00a0\u00bb font_container=\u00a0\u00bbtag:h3|text_align:left|color:%23f79d1c\u00a0\u00bb use_theme_fonts=\u00a0\u00bbyes\u00a0\u00bb][vc_empty_space][vc_btn title=\u00a0\u00bbPR\u00c9-ENREGISTREMENT\u00a0\u00bb style=\u00a0\u00bbflat\u00a0\u00bb shape=\u00a0\u00bbsquare\u00a0\u00bb color=\u00a0\u00bbprimary\u00a0\u00bb size=\u00a0\u00bblg\u00a0\u00bb i_icon_fontawesome=\u00a0\u00bb\u00a0\u00bb add_icon=\u00a0\u00bbtrue\u00a0\u00bb link=\u00a0\u00bburl:http%3A%2F%2FDomanda-preiscrizione_IMAM-carcere.pdf|title:PR%C3%89-ENREGISTREMENT|target:%20_blank|\u00a0\u00bb][vc_custom_heading text=\u00a0\u00bbAFFICHE\u00a0\u00bb font_container=\u00a0\u00bbtag:h3|text_align:left|color:%23f79d1c\u00a0\u00bb use_theme_fonts=\u00a0\u00bbyes\u00a0\u00bb][vc_btn title=\u00a0\u00bbAFFICHE\u00a0\u00bb style=\u00a0\u00bbflat\u00a0\u00bb shape=\u00a0\u00bbsquare\u00a0\u00bb color=\u00a0\u00bbprimary\u00a0\u00bb size=\u00a0\u00bblg\u00a0\u00bb i_icon_fontawesome=\u00a0\u00bbfar fa-file-pdf\u00a0\u00bb add_icon=\u00a0\u00bbtrue\u00a0\u00bb link=\u00a0\u00bburl:https%3A%2F%2Fprimed-miur.it%2Ffiles%2Fdef-LOCANDINA_CORSO-CARCERE_2020.pdf|title:AFFICHE|target:%20_blank|\u00a0\u00bb][vc_row_inner][vc_column_inner][vc_btn title=\u00a0\u00bb\u0645\u0644\u0635\u0642\u00a0\u00bb style=\u00a0\u00bbflat\u00a0\u00bb shape=\u00a0\u00bbsquare\u00a0\u00bb color=\u00a0\u00bbprimary\u00a0\u00bb size=\u00a0\u00bblg\u00a0\u00bb i_icon_fontawesome=\u00a0\u00bbfar fa-file-pdf\u00a0\u00bb add_icon=\u00a0\u00bbtrue\u00a0\u00bb link=\u00a0\u00bburl:https%3A%2F%2Fprimed-miur.it%2Ffiles%2FLOCANDINA_CORSO-CARCERE_Prima%20Edizione-2020_arabo.pdf|title:%D9%85%D9%84%D8%B5%D9%82|target:%20_blank|\u00a0\u00bb][\/vc_column_inner][\/vc_row_inner][\/vc_column][vc_column width=\u00a0\u00bb1\/4&Prime;][vc_btn title=\u00a0\u00bbCOURS\u00a0\u00bb style=\u00a0\u00bbflat\u00a0\u00bb shape=\u00a0\u00bbsquare\u00a0\u00bb color=\u00a0\u00bbprimary\u00a0\u00bb align=\u00a0\u00bbleft\u00a0\u00bb i_icon_fontawesome=\u00a0\u00bbfas fa-external-link-alt\u00a0\u00bb button_block=\u00a0\u00bbtrue\u00a0\u00bb add_icon=\u00a0\u00bbtrue\u00a0\u00bb link=\u00a0\u00bburl:https%3A%2F%2Fprimed-miur.it%2Fdata-delle-lezioni-per-corso-di-formazione-per-imama-e-ministri-di-culto-musulmani-contesto-penitenziario%2F|\u00a0\u00bb][vc_widget_sidebar sidebar_id=\u00a0\u00bbblog-sidebar\u00a0\u00bb][\/vc_column][\/vc_row][vc_row u_row_style=\u00a0\u00bb0&Prime; u_row_paralax=\u00a0\u00bb0&Prime; u_row_scheme=\u00a0\u00bb0&Prime; css=\u00a0\u00bb.vc_custom_1564252778379{margin-left: 30px !important;}\u00a0\u00bb][vc_column][vc_row_inner][vc_column_inner][\/vc_column_inner][\/vc_row_inner][\/vc_column][\/vc_row]<\/p>\n<\/section>","protected":false},"excerpt":{"rendered":"<p>[vc_row full_width=\u00a0\u00bbstretch_row_content_no_spaces\u00a0\u00bb css=\u00a0\u00bb.vc_custom_1567531346627{margin-top: -50px !important;}\u00a0\u00bb][vc_column css=\u00a0\u00bb.vc_custom_1567530820972{margin-top: -50px !important;}\u00a0\u00bb][rev_slider_vc alias=\u00a0\u00bbIMAM-CARCERE-2020-FR\u00a0\u00bb][\/vc_column][\/vc_row][vc_row u_row_style=\u00a0\u00bb0&Prime; u_row_paralax=\u00a0\u00bb0&Prime; u_row_scheme=\u00a0\u00bb0&Prime; css=\u00a0\u00bb.vc_custom_1564252778379{margin-left: 30px !important;}\u00a0\u00bb][vc_column width=\u00a0\u00bb3\/4&Prime;][vc_row_inner][vc_column_inner width=\u00a0\u00bb1\/2&Prime;][\/vc_column_inner][vc_column_inner width=\u00a0\u00bb1\/2&Prime;][\/vc_column_inner][\/vc_row_inner][vc_custom_heading text=\u00a0\u00bbOBJECTIFS\u00a0\u00bb font_container=\u00a0\u00bbtag:h3|text_align:left|color:%23f79d1c\u00a0\u00bb use_theme_fonts=\u00a0\u00bbyes\u00a0\u00bb][vc_column_text] Offrir aux op\u00e9rateurs religieux musulmans travaillant dans le milieu carc\u00e9ral une formation leur permettant d&rsquo;agir en tant que ministres du culte dans le milieu carc\u00e9ral. Pour offrir aux op\u00e9rateurs religieux musulmans une connaissance du [&hellip;]<\/p>\n","protected":false},"author":2,"featured_media":0,"parent":0,"menu_order":0,"comment_status":"closed","ping_status":"closed","template":"","meta":{"inline_featured_image":false,"footnotes":""},"yst_prominent_words":[2381,2389,2378,2379,2380],"class_list":["post-9769","page","type-page","status-publish","hentry"],"yoast_head":"<!-- This site is optimized with the Yoast SEO Premium plugin v14.1 - https:\/\/yoast.com\/wordpress\/plugins\/seo\/ -->\n<title>COURS POUR LES IMAMS ET MINISTRES DU CULTE MUSULMANS OP\u00c9RANT DANS LE CONTEXTE CARC\u00c9RAL<\/title>\n<meta name=\"robots\" content=\"index, follow\" \/>\n<meta name=\"googlebot\" content=\"index, follow, max-snippet:-1, max-image-preview:large, max-video-preview:-1\" \/>\n<meta name=\"bingbot\" content=\"index, follow, max-snippet:-1, max-image-preview:large, max-video-preview:-1\" \/>\n<link rel=\"canonical\" href=\"https:\/\/primed-miur.it\/fr\/cours-pour-les-imams-et-ministres-du-culte-musulmans-operant-dans-le-contexte-carceral-2\/\" \/>\n<meta property=\"og:locale\" content=\"fr_FR\" \/>\n<meta property=\"og:type\" content=\"article\" \/>\n<meta property=\"og:title\" content=\"COURS POUR LES IMAMS ET MINISTRES DU CULTE MUSULMANS OP\u00c9RANT DANS LE CONTEXTE CARC\u00c9RAL\" \/>\n<meta property=\"og:description\" content=\"[vc_row full_width=\u00a0\u00bbstretch_row_content_no_spaces\u00a0\u00bb css=\u00a0\u00bb.vc_custom_1567531346627{margin-top: -50px !important;}\u00a0\u00bb][vc_column css=\u00a0\u00bb.vc_custom_1567530820972{margin-top: -50px !important;}\u00a0\u00bb][rev_slider_vc alias=\u00a0\u00bbIMAM-CARCERE-2020-FR\u00a0\u00bb][\/vc_column][\/vc_row][vc_row u_row_style=\u00a0\u00bb0&Prime; u_row_paralax=\u00a0\u00bb0&Prime; u_row_scheme=\u00a0\u00bb0&Prime; css=\u00a0\u00bb.vc_custom_1564252778379{margin-left: 30px !important;}\u00a0\u00bb][vc_column width=\u00a0\u00bb3\/4&Prime;][vc_row_inner][vc_column_inner width=\u00a0\u00bb1\/2&Prime;][\/vc_column_inner][vc_column_inner width=\u00a0\u00bb1\/2&Prime;][\/vc_column_inner][\/vc_row_inner][vc_custom_heading text=\u00a0\u00bbOBJECTIFS\u00a0\u00bb font_container=\u00a0\u00bbtag:h3|text_align:left|color:%23f79d1c\u00a0\u00bb use_theme_fonts=\u00a0\u00bbyes\u00a0\u00bb][vc_column_text] Offrir aux op\u00e9rateurs religieux musulmans travaillant dans le milieu carc\u00e9ral une formation leur permettant d&rsquo;agir en tant que ministres du culte dans le milieu carc\u00e9ral. Pour offrir aux op\u00e9rateurs religieux musulmans une connaissance du [&hellip;]\" \/>\n<meta property=\"og:url\" content=\"https:\/\/primed-miur.it\/fr\/cours-pour-les-imams-et-ministres-du-culte-musulmans-operant-dans-le-contexte-carceral-2\/\" \/>\n<meta property=\"og:site_name\" content=\"PriMED\" \/>\n<meta property=\"article:publisher\" content=\"https:\/\/www.facebook.com\/fidr.primed\" \/>\n<meta property=\"article:modified_time\" content=\"2021-11-11T11:49:38+00:00\" \/>\n<meta property=\"og:image\" content=\"https:\/\/primed-miur.it\/wp-content\/uploads\/2017\/11\/logo_video_primed.png\" \/>\n\t<meta property=\"og:image:width\" content=\"300\" \/>\n\t<meta property=\"og:image:height\" content=\"188\" \/>\n<meta name=\"twitter:card\" content=\"summary_large_image\" \/>\n<script type=\"application\/ld+json\" class=\"yoast-schema-graph\">{\"@context\":\"https:\/\/schema.org\",\"@graph\":[{\"@type\":\"Organization\",\"@id\":\"https:\/\/primed-miur.it\/fr\/#organization\",\"name\":\"PriMED\",\"url\":\"https:\/\/primed-miur.it\/fr\/\",\"sameAs\":[\"https:\/\/www.facebook.com\/fidr.primed\",\"https:\/\/instagram.com\/primed2019?igshid=1piy2qg58ea5g\"],\"logo\":{\"@type\":\"ImageObject\",\"@id\":\"https:\/\/primed-miur.it\/fr\/#logo\",\"inLanguage\":\"fr-FR\",\"url\":\"https:\/\/primed-miur.it\/wp-content\/uploads\/2017\/11\/testata-Header-PRIMED-1-2.png\",\"width\":876,\"height\":250,\"caption\":\"PriMED\"},\"image\":{\"@id\":\"https:\/\/primed-miur.it\/fr\/#logo\"}},{\"@type\":\"WebSite\",\"@id\":\"https:\/\/primed-miur.it\/fr\/#website\",\"url\":\"https:\/\/primed-miur.it\/fr\/\",\"name\":\"PriMED\",\"description\":\"PriMED - Prevenzione e interazione nello spazio Trans-Mediterraneo\",\"publisher\":{\"@id\":\"https:\/\/primed-miur.it\/fr\/#organization\"},\"potentialAction\":[{\"@type\":\"SearchAction\",\"target\":\"https:\/\/primed-miur.it\/fr\/?s={search_term_string}\",\"query-input\":\"required name=search_term_string\"}],\"inLanguage\":\"fr-FR\"},{\"@type\":\"WebPage\",\"@id\":\"https:\/\/primed-miur.it\/fr\/cours-pour-les-imams-et-ministres-du-culte-musulmans-operant-dans-le-contexte-carceral-2\/#webpage\",\"url\":\"https:\/\/primed-miur.it\/fr\/cours-pour-les-imams-et-ministres-du-culte-musulmans-operant-dans-le-contexte-carceral-2\/\",\"name\":\"COURS POUR LES IMAMS ET MINISTRES DU CULTE MUSULMANS OP\\u00c9RANT DANS LE CONTEXTE CARC\\u00c9RAL\",\"isPartOf\":{\"@id\":\"https:\/\/primed-miur.it\/fr\/#website\"},\"datePublished\":\"2021-11-11T11:44:24+00:00\",\"dateModified\":\"2021-11-11T11:49:38+00:00\",\"inLanguage\":\"fr-FR\",\"potentialAction\":[{\"@type\":\"ReadAction\",\"target\":[\"https:\/\/primed-miur.it\/fr\/cours-pour-les-imams-et-ministres-du-culte-musulmans-operant-dans-le-contexte-carceral-2\/\"]}]}]}<\/script>\n<!-- \/ Yoast SEO Premium plugin. -->","_links":{"self":[{"href":"https:\/\/primed-miur.it\/fr\/wp-json\/wp\/v2\/pages\/9769","targetHints":{"allow":["GET"]}}],"collection":[{"href":"https:\/\/primed-miur.it\/fr\/wp-json\/wp\/v2\/pages"}],"about":[{"href":"https:\/\/primed-miur.it\/fr\/wp-json\/wp\/v2\/types\/page"}],"author":[{"embeddable":true,"href":"https:\/\/primed-miur.it\/fr\/wp-json\/wp\/v2\/users\/2"}],"replies":[{"embeddable":true,"href":"https:\/\/primed-miur.it\/fr\/wp-json\/wp\/v2\/comments?post=9769"}],"version-history":[{"count":4,"href":"https:\/\/primed-miur.it\/fr\/wp-json\/wp\/v2\/pages\/9769\/revisions"}],"predecessor-version":[{"id":9775,"href":"https:\/\/primed-miur.it\/fr\/wp-json\/wp\/v2\/pages\/9769\/revisions\/9775"}],"wp:attachment":[{"href":"https:\/\/primed-miur.it\/fr\/wp-json\/wp\/v2\/media?parent=9769"}],"wp:term":[{"taxonomy":"yst_prominent_words","embeddable":true,"href":"https:\/\/primed-miur.it\/fr\/wp-json\/wp\/v2\/yst_prominent_words?post=9769"}],"curies":[{"name":"wp","href":"https:\/\/api.w.org\/{rel}","templated":true}]}}